{"id":10971,"date":"2025-11-06T10:37:46","date_gmt":"2025-11-06T10:37:46","guid":{"rendered":"https:\/\/jinhuaceramic.com\/?post_type=product&#038;p=10971"},"modified":"2025-11-06T10:37:50","modified_gmt":"2025-11-06T10:37:50","slug":"custom-ceramic-kitchen-baking-pans","status":"publish","type":"product","link":"https:\/\/jinhuaceramic.com\/pt\/product\/custom-ceramic-kitchen-baking-pans\/","title":{"rendered":"Tabuleiros de cer\u00e2mica personalizados para cozinha, tabuleiros antiaderentes a granel"},"content":{"rendered":"<div class=\"wp-block-columns is-layout-flex wp-container-core-columns-is-layout-9d6595d7 wp-block-columns-is-layout-flex\">\n<div class=\"wp-block-column is-layout-flow wp-block-column-is-layout-flow\">\n<h3 class=\"wp-block-heading\">Panelas de cozinha de cer\u00e2mica personalizadas Premium Carater\u00edsticas:<\/h3>\n\n\n\n<ul class=\"wp-block-list\">\n<li><strong>Design elegante:<\/strong> Estas formas de cozinha em cer\u00e2mica personalizada bege oferecem uma paleta de cores quente e vers\u00e1til que complementa uma variedade de estilos e utens\u00edlios de cozinha. A parede exterior da assadeira tem um design de textura inclinada para criar camadas visuais e um pormenor art\u00edstico, dando assim um toque elegante \u00e0 cozinha.<\/li>\n\n\n\n<li><strong>Capacidade confort\u00e1vel: <\/strong>A forma retangular cl\u00e1ssica e o tamanho moderado das formas de cozinha em cer\u00e2mica personalizadas oferecem um grande espa\u00e7o interior e uma altura ideal para cozer diferentes coisas, como lasanha, legumes, carnes, pastelaria, etc., para ajudar na cozinha di\u00e1ria ou em pequenas reuni\u00f5es em casa.<\/li>\n\n\n\n<li><strong>Aquecimento uniforme:<\/strong> Estas assadeiras por atacado incluem um material cer\u00e2mico de alta qualidade e possuem uma boa condutividade, o que significa que podem aquecer os alimentos uniformemente enquanto os colocam no forno, de modo a evitar que um s\u00edtio fique queimado e outros pontos fiquem mal cozinhados, o que pode estragar o sabor dos alimentos.<\/li>\n\n\n\n<li><strong>F\u00e1cil de limpar:<\/strong> Estes pratos para assar por atacado s\u00e3o feitos de cer\u00e2mica personalizada e t\u00eam superf\u00edcies de esmalte muito lisas e n\u00e3o se colam facilmente aos peda\u00e7os de comida. Muito f\u00e1ceis de limpar, podem ser enxaguadas apenas com detergente normal e uma esponja, poupando-lhe tempo e energia na limpeza.<\/li>\n<\/ul>\n<\/div>\n\n\n\n<div class=\"wp-block-column is-layout-flow wp-block-column-is-layout-flow\">\n<figure class=\"wp-block-image size-full\"><img fetchpriority=\"high\" decoding=\"async\" width=\"1600\" height=\"1600\" src=\"https:\/\/jinhuaceramic.com\/wp-content\/uploads\/2025\/11\/Nonstick-Custom-Baking-Dishes-Ceramic-Kitchen-Food-Service-Baking-Pans-Wholesale-5.webp\" alt=\"frigideiras de cozinha em cer\u00e2mica personalizada - frigideiras antiaderentes - volume 5\" class=\"wp-image-10975\" srcset=\"https:\/\/jinhuaceramic.com\/wp-content\/uploads\/2025\/11\/Nonstick-Custom-Baking-Dishes-Ceramic-Kitchen-Food-Service-Baking-Pans-Wholesale-5.webp 1600w, https:\/\/jinhuaceramic.com\/wp-content\/uploads\/2025\/11\/Nonstick-Custom-Baking-Dishes-Ceramic-Kitchen-Food-Service-Baking-Pans-Wholesale-5-300x300.webp 300w, https:\/\/jinhuaceramic.com\/wp-content\/uploads\/2025\/11\/Nonstick-Custom-Baking-Dishes-Ceramic-Kitchen-Food-Service-Baking-Pans-Wholesale-5-150x150.webp 150w, https:\/\/jinhuaceramic.com\/wp-content\/uploads\/2025\/11\/Nonstick-Custom-Baking-Dishes-Ceramic-Kitchen-Food-Service-Baking-Pans-Wholesale-5-768x768.webp 768w, https:\/\/jinhuaceramic.com\/wp-content\/uploads\/2025\/11\/Nonstick-Custom-Baking-Dishes-Ceramic-Kitchen-Food-Service-Baking-Pans-Wholesale-5-12x12.webp 12w, https:\/\/jinhuaceramic.com\/wp-content\/uploads\/2025\/11\/Nonstick-Custom-Baking-Dishes-Ceramic-Kitchen-Food-Service-Baking-Pans-Wholesale-5-285x285.webp 285w, https:\/\/jinhuaceramic.com\/wp-content\/uploads\/2025\/11\/Nonstick-Custom-Baking-Dishes-Ceramic-Kitchen-Food-Service-Baking-Pans-Wholesale-5-270x270.webp 270w, https:\/\/jinhuaceramic.com\/wp-content\/uploads\/2025\/11\/Nonstick-Custom-Baking-Dishes-Ceramic-Kitchen-Food-Service-Baking-Pans-Wholesale-5-540x540.webp 540w, https:\/\/jinhuaceramic.com\/wp-content\/uploads\/2025\/11\/Nonstick-Custom-Baking-Dishes-Ceramic-Kitchen-Food-Service-Baking-Pans-Wholesale-5-660x660.webp 660w\" sizes=\"(max-width: 1600px) 100vw, 1600px\" \/><\/figure>\n<\/div>\n<\/div>","protected":false},"excerpt":{"rendered":"<p>Bem-vindo ao comprar estes tabuleiros de cozinha em cer\u00e2mica personalizados, concebidos para uma cozedura profissional e utiliza\u00e7\u00e3o comercial. Com o seu revestimento antiaderente e cer\u00e2mica duradoura de alta temperatura, foi concebida para distribuir o calor uniformemente e \u00e9 f\u00e1cil de limpar. Ideal para restaurantes, fontes para encomendas a granel, e a marca de utens\u00edlios de cozinha, pode ser apoiada pela personaliza\u00e7\u00e3o OEM\/ODM para mercadorias de marca.<\/p>","protected":false},"featured_media":10977,"comment_status":"closed","ping_status":"closed","template":"","meta":{"_acf_changed":false},"product_brand":[],"product_cat":[53],"product_tag":[71],"class_list":{"0":"post-10971","1":"product","2":"type-product","3":"status-publish","4":"has-post-thumbnail","6":"product_cat-bakeware-in-bulk","7":"product_tag-wholesale-baking-pans","9":"first","10":"instock","11":"shipping-taxable","12":"product-type-simple"},"acf":[],"_links":{"self":[{"href":"https:\/\/jinhuaceramic.com\/pt\/wp-json\/wp\/v2\/product\/10971","targetHints":{"allow":["GET"]}}],"collection":[{"href":"https:\/\/jinhuaceramic.com\/pt\/wp-json\/wp\/v2\/product"}],"about":[{"href":"https:\/\/jinhuaceramic.com\/pt\/wp-json\/wp\/v2\/types\/product"}],"replies":[{"embeddable":true,"href":"https:\/\/jinhuaceramic.com\/pt\/wp-json\/wp\/v2\/comments?post=10971"}],"version-history":[{"count":0,"href":"https:\/\/jinhuaceramic.com\/pt\/wp-json\/wp\/v2\/product\/10971\/revisions"}],"wp:featuredmedia":[{"embeddable":true,"href":"https:\/\/jinhuaceramic.com\/pt\/wp-json\/wp\/v2\/media\/10977"}],"wp:attachment":[{"href":"https:\/\/jinhuaceramic.com\/pt\/wp-json\/wp\/v2\/media?parent=10971"}],"wp:term":[{"taxonomy":"product_brand","embeddable":true,"href":"https:\/\/jinhuaceramic.com\/pt\/wp-json\/wp\/v2\/product_brand?post=10971"},{"taxonomy":"product_cat","embeddable":true,"href":"https:\/\/jinhuaceramic.com\/pt\/wp-json\/wp\/v2\/product_cat?post=10971"},{"taxonomy":"product_tag","embeddable":true,"href":"https:\/\/jinhuaceramic.com\/pt\/wp-json\/wp\/v2\/product_tag?post=10971"}],"curies":[{"name":"wp","href":"https:\/\/api.w.org\/{rel}","templated":true}]}}