{"id":11012,"date":"2025-11-12T08:54:12","date_gmt":"2025-11-12T08:54:12","guid":{"rendered":"https:\/\/jinhuaceramic.com\/?post_type=product&#038;p=11012"},"modified":"2025-11-12T08:54:19","modified_gmt":"2025-11-12T08:54:19","slug":"bulk-ceramic-baking-dish-set","status":"publish","type":"product","link":"https:\/\/jinhuaceramic.com\/pt\/product\/bulk-ceramic-baking-dish-set\/","title":{"rendered":"Conjunto de 3 pe\u00e7as de tabuleiros de cer\u00e2mica para assar, tabuleiros personalizados"},"content":{"rendered":"<div class=\"wp-block-columns is-layout-flex wp-container-core-columns-is-layout-9d6595d7 wp-block-columns-is-layout-flex\">\n<div class=\"wp-block-column is-layout-flow wp-block-column-is-layout-flow\">\n<h3 class=\"wp-block-heading\">Conjunto de pratos de cer\u00e2mica para assar Premium Bulk Carater\u00edsticas:<\/h3>\n\n\n\n<ul class=\"wp-block-list\">\n<li><strong>Design em dois tons:<\/strong> Este conjunto de assadeiras de cer\u00e2mica a granel utiliza uma combina\u00e7\u00e3o de esmalte exterior esbranqui\u00e7ado e esmalte interior verde para criar um efeito visual suave e em camadas, que \u00e9 simultaneamente fresco e elegante, e pode combinar bem com v\u00e1rios estilos de cozinha.<\/li>\n\n\n\n<li><strong>Textura requintada: <\/strong>Este conjunto de assadeiras de cer\u00e2mica a granel foi concebido com texturas onduladas no exterior, conferindo uma sensa\u00e7\u00e3o visual de tridimensionalidade e sofistica\u00e7\u00e3o, acrescentando um pormenor delicado \u00e0 forma simples e evitando a monotonia.<\/li>\n\n\n\n<li><strong>Material de alta qualidade: <\/strong>As nossas formas personalizadas de alta qualidade t\u00eam boa resist\u00eancia ao calor e condutividade t\u00e9rmica e podem suportar a temperatura elevada do forno para garantir a efic\u00e1cia da cozedura. Entretanto, os materiais cer\u00e2micos naturais s\u00e3o n\u00e3o t\u00f3xicos e inofensivos, garantindo um contacto seguro com os alimentos.<\/li>\n\n\n\n<li><strong>V\u00e1rios tamanhos: <\/strong>Estes tabuleiros personalizados est\u00e3o dispon\u00edveis em 3 tamanhos, desde pratos pequenos para uma s\u00f3 dose, passando por pratos m\u00e9dios para partilhar com a fam\u00edlia, at\u00e9 tabuleiros grandes para refei\u00e7\u00f5es para v\u00e1rias pessoas, que podem ser utilizados para grelhar legumes, carne grelhada e cozer ca\u00e7arolas, entre outros.<\/li>\n<\/ul>\n<\/div>\n\n\n\n<div class=\"wp-block-column is-layout-flow wp-block-column-is-layout-flow\">\n<figure class=\"wp-block-image size-full\"><img fetchpriority=\"high\" decoding=\"async\" width=\"2400\" height=\"2400\" src=\"https:\/\/jinhuaceramic.com\/wp-content\/uploads\/2025\/11\/3-Piece-Wholesale-Bakeware-Set-Ceramic-Kitchen-Custom-Baking-Dishes-Pans-6.webp\" alt=\"Conjunto de 3 pe\u00e7as de tabuleiros de cer\u00e2mica para cozedura a granel - tabuleiros de cozedura personalizados - 6\" class=\"wp-image-11017\" srcset=\"https:\/\/jinhuaceramic.com\/wp-content\/uploads\/2025\/11\/3-Piece-Wholesale-Bakeware-Set-Ceramic-Kitchen-Custom-Baking-Dishes-Pans-6.webp 2400w, https:\/\/jinhuaceramic.com\/wp-content\/uploads\/2025\/11\/3-Piece-Wholesale-Bakeware-Set-Ceramic-Kitchen-Custom-Baking-Dishes-Pans-6-300x300.webp 300w, https:\/\/jinhuaceramic.com\/wp-content\/uploads\/2025\/11\/3-Piece-Wholesale-Bakeware-Set-Ceramic-Kitchen-Custom-Baking-Dishes-Pans-6-150x150.webp 150w, https:\/\/jinhuaceramic.com\/wp-content\/uploads\/2025\/11\/3-Piece-Wholesale-Bakeware-Set-Ceramic-Kitchen-Custom-Baking-Dishes-Pans-6-768x768.webp 768w, https:\/\/jinhuaceramic.com\/wp-content\/uploads\/2025\/11\/3-Piece-Wholesale-Bakeware-Set-Ceramic-Kitchen-Custom-Baking-Dishes-Pans-6-12x12.webp 12w, https:\/\/jinhuaceramic.com\/wp-content\/uploads\/2025\/11\/3-Piece-Wholesale-Bakeware-Set-Ceramic-Kitchen-Custom-Baking-Dishes-Pans-6-285x285.webp 285w, https:\/\/jinhuaceramic.com\/wp-content\/uploads\/2025\/11\/3-Piece-Wholesale-Bakeware-Set-Ceramic-Kitchen-Custom-Baking-Dishes-Pans-6-1600x1600.webp 1600w, https:\/\/jinhuaceramic.com\/wp-content\/uploads\/2025\/11\/3-Piece-Wholesale-Bakeware-Set-Ceramic-Kitchen-Custom-Baking-Dishes-Pans-6-270x270.webp 270w, https:\/\/jinhuaceramic.com\/wp-content\/uploads\/2025\/11\/3-Piece-Wholesale-Bakeware-Set-Ceramic-Kitchen-Custom-Baking-Dishes-Pans-6-540x540.webp 540w, https:\/\/jinhuaceramic.com\/wp-content\/uploads\/2025\/11\/3-Piece-Wholesale-Bakeware-Set-Ceramic-Kitchen-Custom-Baking-Dishes-Pans-6-660x660.webp 660w\" sizes=\"(max-width: 2400px) 100vw, 2400px\" \/><\/figure>\n<\/div>\n<\/div>","protected":false},"excerpt":{"rendered":"<p>Bem-vindo ao comprar este conjunto de assadeiras de cer\u00e2mica a granel \u00e9 feito de cer\u00e2mica de alta qualidade, sem chumbo e \u00e9 seguro para o forno. Estes conjuntos rectangulares de assadeiras de cer\u00e2mica, com o seu belo aspeto e v\u00e1rios tamanhos, s\u00e3o perfeitos para a cozinha di\u00e1ria e para uso profissional.<\/p>","protected":false},"featured_media":11016,"comment_status":"closed","ping_status":"closed","template":"","meta":{"_acf_changed":false},"product_brand":[],"product_cat":[53],"product_tag":[71],"class_list":{"0":"post-11012","1":"product","2":"type-product","3":"status-publish","4":"has-post-thumbnail","6":"product_cat-bakeware-in-bulk","7":"product_tag-wholesale-baking-pans","9":"first","10":"instock","11":"shipping-taxable","12":"product-type-simple"},"acf":[],"_links":{"self":[{"href":"https:\/\/jinhuaceramic.com\/pt\/wp-json\/wp\/v2\/product\/11012","targetHints":{"allow":["GET"]}}],"collection":[{"href":"https:\/\/jinhuaceramic.com\/pt\/wp-json\/wp\/v2\/product"}],"about":[{"href":"https:\/\/jinhuaceramic.com\/pt\/wp-json\/wp\/v2\/types\/product"}],"replies":[{"embeddable":true,"href":"https:\/\/jinhuaceramic.com\/pt\/wp-json\/wp\/v2\/comments?post=11012"}],"version-history":[{"count":0,"href":"https:\/\/jinhuaceramic.com\/pt\/wp-json\/wp\/v2\/product\/11012\/revisions"}],"wp:featuredmedia":[{"embeddable":true,"href":"https:\/\/jinhuaceramic.com\/pt\/wp-json\/wp\/v2\/media\/11016"}],"wp:attachment":[{"href":"https:\/\/jinhuaceramic.com\/pt\/wp-json\/wp\/v2\/media?parent=11012"}],"wp:term":[{"taxonomy":"product_brand","embeddable":true,"href":"https:\/\/jinhuaceramic.com\/pt\/wp-json\/wp\/v2\/product_brand?post=11012"},{"taxonomy":"product_cat","embeddable":true,"href":"https:\/\/jinhuaceramic.com\/pt\/wp-json\/wp\/v2\/product_cat?post=11012"},{"taxonomy":"product_tag","embeddable":true,"href":"https:\/\/jinhuaceramic.com\/pt\/wp-json\/wp\/v2\/product_tag?post=11012"}],"curies":[{"name":"wp","href":"https:\/\/api.w.org\/{rel}","templated":true}]}}