{"id":11144,"date":"2025-11-20T03:15:04","date_gmt":"2025-11-20T03:15:04","guid":{"rendered":"https:\/\/jinhuaceramic.com\/?post_type=product&#038;p=11144"},"modified":"2025-11-20T03:15:06","modified_gmt":"2025-11-20T03:15:06","slug":"matte-black-bathroom-accessory-set-bulk","status":"publish","type":"product","link":"https:\/\/jinhuaceramic.com\/pt\/product\/matte-black-bathroom-accessory-set-bulk\/","title":{"rendered":"Conjunto de acess\u00f3rios para casa de banho em preto mate, conjunto de casa de banho em cer\u00e2mica"},"content":{"rendered":"<div class=\"wp-block-columns is-layout-flex wp-container-core-columns-is-layout-9d6595d7 wp-block-columns-is-layout-flex\">\n<div class=\"wp-block-column is-layout-flow wp-block-column-is-layout-flow\">\n<h3 class=\"wp-block-heading\">Conjunto de acess\u00f3rios de casa de banho em preto mate Premium Carater\u00edsticas a granel:<\/h3>\n\n\n\n<ul class=\"wp-block-list\">\n<li><strong>Design moderno: <\/strong>Este conjunto de acess\u00f3rios de casa de banho em preto mate foi concebido com um tom preto puro mate e uma textura vertical, com um estilo simples e moderno que combina a nitidez do estilo industrial com a delicadeza do estilo de luxo leve. Podem integrar facilmente v\u00e1rios estilos de decora\u00e7\u00e3o de casa de banho, como o minimalismo, o n\u00f3rdico e o luxo leve.<\/li>\n\n\n\n<li><strong>Conjunto completo:<\/strong> Este conjunto de acess\u00f3rios de casa de banho em preto mate inclui um dispensador de sabonete, um porta-escovas de dentes, um frasco de algod\u00e3o, um tabuleiro e uma saboneteira para guardar desinfetante para as m\u00e3os, escovas de dentes, cotonetes\/bolas de algod\u00e3o, sabonete, bem como para organizar pequenos artigos para uma arruma\u00e7\u00e3o separada \u201cone-stop\u201d dos produtos de higiene pessoal da casa de banho e um balc\u00e3o desorganizado.<\/li>\n\n\n\n<li><strong>Material duradouro: <\/strong>Estes conjuntos de casa de banho personalizados s\u00e3o feitos de cer\u00e2mica de alta qualidade, que \u00e9 dura, resistente ao desgaste, n\u00e3o se parte facilmente e tem uma longa vida \u00fatil. A cer\u00e2mica \u00e9 um material natural que n\u00e3o cont\u00e9m qu\u00edmicos e \u00e9 inofensivo para a sa\u00fade humana.<\/li>\n\n\n\n<li><strong>F\u00e1cil de cuidar: <\/strong>Estes acess\u00f3rios de casa de banho em cer\u00e2mica personalizada podem ser limpos na superf\u00edcie, n\u00e3o sendo necess\u00e1rio um cuidado especial. A cor preta n\u00e3o \u00e9 \u00f3bvia quando fica suja, o que significa que n\u00e3o precisa de a limpar frequentemente.<\/li>\n<\/ul>\n<\/div>\n\n\n\n<div class=\"wp-block-column is-layout-flow wp-block-column-is-layout-flow\">\n<figure class=\"wp-block-image size-full\"><img fetchpriority=\"high\" decoding=\"async\" width=\"1600\" height=\"1600\" src=\"https:\/\/jinhuaceramic.com\/wp-content\/uploads\/2025\/11\/Black-Design-Bathroom-Set-Wholesale-Custom-Bathroom-Kitchen-Supplies-3.webp\" alt=\"conjunto de acess\u00f3rios para casa de banho preto mate conjunto de banho em cer\u00e2mica a granel - 3\" class=\"wp-image-11146\" srcset=\"https:\/\/jinhuaceramic.com\/wp-content\/uploads\/2025\/11\/Black-Design-Bathroom-Set-Wholesale-Custom-Bathroom-Kitchen-Supplies-3.webp 1600w, https:\/\/jinhuaceramic.com\/wp-content\/uploads\/2025\/11\/Black-Design-Bathroom-Set-Wholesale-Custom-Bathroom-Kitchen-Supplies-3-300x300.webp 300w, https:\/\/jinhuaceramic.com\/wp-content\/uploads\/2025\/11\/Black-Design-Bathroom-Set-Wholesale-Custom-Bathroom-Kitchen-Supplies-3-150x150.webp 150w, https:\/\/jinhuaceramic.com\/wp-content\/uploads\/2025\/11\/Black-Design-Bathroom-Set-Wholesale-Custom-Bathroom-Kitchen-Supplies-3-768x768.webp 768w, https:\/\/jinhuaceramic.com\/wp-content\/uploads\/2025\/11\/Black-Design-Bathroom-Set-Wholesale-Custom-Bathroom-Kitchen-Supplies-3-12x12.webp 12w, https:\/\/jinhuaceramic.com\/wp-content\/uploads\/2025\/11\/Black-Design-Bathroom-Set-Wholesale-Custom-Bathroom-Kitchen-Supplies-3-285x285.webp 285w, https:\/\/jinhuaceramic.com\/wp-content\/uploads\/2025\/11\/Black-Design-Bathroom-Set-Wholesale-Custom-Bathroom-Kitchen-Supplies-3-270x270.webp 270w, https:\/\/jinhuaceramic.com\/wp-content\/uploads\/2025\/11\/Black-Design-Bathroom-Set-Wholesale-Custom-Bathroom-Kitchen-Supplies-3-540x540.webp 540w, https:\/\/jinhuaceramic.com\/wp-content\/uploads\/2025\/11\/Black-Design-Bathroom-Set-Wholesale-Custom-Bathroom-Kitchen-Supplies-3-660x660.webp 660w\" sizes=\"(max-width: 1600px) 100vw, 1600px\" \/><\/figure>\n<\/div>\n<\/div>","protected":false},"excerpt":{"rendered":"<p>Bem-vindo ao comprar o nosso conjunto de acess\u00f3rios de casa de banho em preto mate a granel. Estes conjuntos de casa de banho personalizados atingem um valor duplo de beleza e praticidade com um design moderno, acess\u00f3rios completos e materiais cer\u00e2micos dur\u00e1veis e f\u00e1ceis de limpar. N\u00e3o s\u00f3 real\u00e7am o estilo geral da casa de banho, como tamb\u00e9m fazem o design cient\u00edfico da arruma\u00e7\u00e3o, tornando-os uma escolha de alta qualidade para criar espa\u00e7os de banho requintados. Perfeito para hot\u00e9is, casas de banho e colec\u00e7\u00f5es de casas de banho de marca.<\/p>","protected":false},"featured_media":11148,"comment_status":"closed","ping_status":"closed","template":"","meta":{"_acf_changed":false},"product_brand":[],"product_cat":[51],"product_tag":[74],"class_list":{"0":"post-11144","1":"product","2":"type-product","3":"status-publish","4":"has-post-thumbnail","6":"product_cat-bathroom-accessories-wholesale","7":"product_tag-ceramic-bath-accessories-wholesale","9":"first","10":"instock","11":"shipping-taxable","12":"product-type-simple"},"acf":[],"_links":{"self":[{"href":"https:\/\/jinhuaceramic.com\/pt\/wp-json\/wp\/v2\/product\/11144","targetHints":{"allow":["GET"]}}],"collection":[{"href":"https:\/\/jinhuaceramic.com\/pt\/wp-json\/wp\/v2\/product"}],"about":[{"href":"https:\/\/jinhuaceramic.com\/pt\/wp-json\/wp\/v2\/types\/product"}],"replies":[{"embeddable":true,"href":"https:\/\/jinhuaceramic.com\/pt\/wp-json\/wp\/v2\/comments?post=11144"}],"version-history":[{"count":0,"href":"https:\/\/jinhuaceramic.com\/pt\/wp-json\/wp\/v2\/product\/11144\/revisions"}],"wp:featuredmedia":[{"embeddable":true,"href":"https:\/\/jinhuaceramic.com\/pt\/wp-json\/wp\/v2\/media\/11148"}],"wp:attachment":[{"href":"https:\/\/jinhuaceramic.com\/pt\/wp-json\/wp\/v2\/media?parent=11144"}],"wp:term":[{"taxonomy":"product_brand","embeddable":true,"href":"https:\/\/jinhuaceramic.com\/pt\/wp-json\/wp\/v2\/product_brand?post=11144"},{"taxonomy":"product_cat","embeddable":true,"href":"https:\/\/jinhuaceramic.com\/pt\/wp-json\/wp\/v2\/product_cat?post=11144"},{"taxonomy":"product_tag","embeddable":true,"href":"https:\/\/jinhuaceramic.com\/pt\/wp-json\/wp\/v2\/product_tag?post=11144"}],"curies":[{"name":"wp","href":"https:\/\/api.w.org\/{rel}","templated":true}]}}