{"id":11183,"date":"2025-11-20T07:07:51","date_gmt":"2025-11-20T07:07:51","guid":{"rendered":"https:\/\/jinhuaceramic.com\/?post_type=product&#038;p=11183"},"modified":"2025-11-20T07:07:54","modified_gmt":"2025-11-20T07:07:54","slug":"custom-ceramic-bathroom-accessories","status":"publish","type":"product","link":"https:\/\/jinhuaceramic.com\/pt\/product\/custom-ceramic-bathroom-accessories\/","title":{"rendered":"Acess\u00f3rios de casa de banho em cer\u00e2mica personalizados a granel, conjunto de casa de banho por grosso"},"content":{"rendered":"<div class=\"wp-block-columns is-layout-flex wp-container-core-columns-is-layout-9d6595d7 wp-block-columns-is-layout-flex\">\n<div class=\"wp-block-column is-layout-flow wp-block-column-is-layout-flow\">\n<h3 class=\"wp-block-heading\">Acess\u00f3rios de casa de banho em cer\u00e2mica personalizados premium Caracter\u00edstica:<\/h3>\n\n\n\n<ul class=\"wp-block-list\">\n<li><strong>Cor elegante: <\/strong>Estes acess\u00f3rios de casa de banho em cer\u00e2mica personalizados t\u00eam, em geral, uma cor bege suave e neutra, apresentando uma textura mate suave, evitando a sensa\u00e7\u00e3o de baixo custo provocada pelo reflexo, e s\u00e3o adequados para criar um ambiente acolhedor e relaxante na casa de banho.<\/li>\n\n\n\n<li><strong>Textura \u00fanica:<\/strong> Estes acess\u00f3rios de casa de banho em cer\u00e2mica personalizados foram concebidos com uma textura de riscas verticais na superf\u00edcie, com uma ligeira sensa\u00e7\u00e3o tridimensional c\u00f4ncava-convexa. Ao toque, \u00e9 poss\u00edvel sentir delicadas ondula\u00e7\u00f5es e, visualmente, s\u00e3o apresentadas suaves mudan\u00e7as de luz e sombra, adicionando camadas ricas ao tom de cor bege simples.<\/li>\n\n\n\n<li><strong>Material duradouro:<\/strong> O nosso conjunto de casa de banho por grosso \u00e9 fabricado com materiais cer\u00e2micos de alta qualidade produzidos a altas temperaturas, que garantem elevada dureza, menor desgaste e uma longa vida \u00fatil quando comparado com resina ou pl\u00e1sticos.<\/li>\n\n\n\n<li><strong>Conjunto completo:<\/strong> Este conjunto de casa de banho por grosso inclui frascos de sabonete, suportes para escovas de dentes, saboneteiras e um suporte para escovas de sanita, que podem ser usados para guardar sabonete l\u00edquido, escovas de dentes, sabonete e limpar sanitas, respetivamente, conseguindo um armazenamento \u201cone-stop\u201d dividido de produtos de higiene pessoal e produtos de limpeza para casa de banho, permitindo que a bancada diga adeus \u00e0 desorganiza\u00e7\u00e3o.<\/li>\n<\/ul>\n<\/div>\n\n\n\n<div class=\"wp-block-column is-layout-flow wp-block-column-is-layout-flow\">\n<figure class=\"wp-block-image size-full\"><img fetchpriority=\"high\" decoding=\"async\" width=\"1600\" height=\"1600\" src=\"https:\/\/jinhuaceramic.com\/wp-content\/uploads\/2025\/11\/Ceramic-Custom-Made-Bathroom-Accessories-Soap-Dispenser-and-Toothbrush-Holder-Set.webp\" alt=\"acess\u00f3rios-de-cer\u00e2mica-personalizados-para-casa-de-banho-conjunto-para-casa-de-banho-por-atacado-1\" class=\"wp-image-11189\" srcset=\"https:\/\/jinhuaceramic.com\/wp-content\/uploads\/2025\/11\/Ceramic-Custom-Made-Bathroom-Accessories-Soap-Dispenser-and-Toothbrush-Holder-Set.webp 1600w, https:\/\/jinhuaceramic.com\/wp-content\/uploads\/2025\/11\/Ceramic-Custom-Made-Bathroom-Accessories-Soap-Dispenser-and-Toothbrush-Holder-Set-300x300.webp 300w, https:\/\/jinhuaceramic.com\/wp-content\/uploads\/2025\/11\/Ceramic-Custom-Made-Bathroom-Accessories-Soap-Dispenser-and-Toothbrush-Holder-Set-150x150.webp 150w, https:\/\/jinhuaceramic.com\/wp-content\/uploads\/2025\/11\/Ceramic-Custom-Made-Bathroom-Accessories-Soap-Dispenser-and-Toothbrush-Holder-Set-768x768.webp 768w, https:\/\/jinhuaceramic.com\/wp-content\/uploads\/2025\/11\/Ceramic-Custom-Made-Bathroom-Accessories-Soap-Dispenser-and-Toothbrush-Holder-Set-12x12.webp 12w, https:\/\/jinhuaceramic.com\/wp-content\/uploads\/2025\/11\/Ceramic-Custom-Made-Bathroom-Accessories-Soap-Dispenser-and-Toothbrush-Holder-Set-285x285.webp 285w, https:\/\/jinhuaceramic.com\/wp-content\/uploads\/2025\/11\/Ceramic-Custom-Made-Bathroom-Accessories-Soap-Dispenser-and-Toothbrush-Holder-Set-270x270.webp 270w, https:\/\/jinhuaceramic.com\/wp-content\/uploads\/2025\/11\/Ceramic-Custom-Made-Bathroom-Accessories-Soap-Dispenser-and-Toothbrush-Holder-Set-540x540.webp 540w, https:\/\/jinhuaceramic.com\/wp-content\/uploads\/2025\/11\/Ceramic-Custom-Made-Bathroom-Accessories-Soap-Dispenser-and-Toothbrush-Holder-Set-660x660.webp 660w\" sizes=\"(max-width: 1600px) 100vw, 1600px\" \/><\/figure>\n<\/div>\n<\/div>","protected":false},"excerpt":{"rendered":"<p>Bem-vindo a adquirir os nossos acess\u00f3rios de casa de banho em cer\u00e2mica personalizados, que combinam est\u00e9tica e praticidade atrav\u00e9s de cores elegantes, texturas \u00fanicas, funcionalidade completa e materiais cer\u00e2micos de alta qualidade. O conjunto de casa de banho \u00e9 ideal para compradores grossistas. Dur\u00e1vel, elegante, personaliz\u00e1vel e perfeito para hot\u00e9is, resid\u00eancias e linhas de casa de banho de marca.<\/p>","protected":false},"featured_media":11188,"comment_status":"closed","ping_status":"closed","template":"","meta":{"_acf_changed":false},"product_brand":[],"product_cat":[51],"product_tag":[74],"class_list":{"0":"post-11183","1":"product","2":"type-product","3":"status-publish","4":"has-post-thumbnail","6":"product_cat-bathroom-accessories-wholesale","7":"product_tag-ceramic-bath-accessories-wholesale","9":"first","10":"instock","11":"shipping-taxable","12":"product-type-simple"},"acf":[],"_links":{"self":[{"href":"https:\/\/jinhuaceramic.com\/pt\/wp-json\/wp\/v2\/product\/11183","targetHints":{"allow":["GET"]}}],"collection":[{"href":"https:\/\/jinhuaceramic.com\/pt\/wp-json\/wp\/v2\/product"}],"about":[{"href":"https:\/\/jinhuaceramic.com\/pt\/wp-json\/wp\/v2\/types\/product"}],"replies":[{"embeddable":true,"href":"https:\/\/jinhuaceramic.com\/pt\/wp-json\/wp\/v2\/comments?post=11183"}],"version-history":[{"count":0,"href":"https:\/\/jinhuaceramic.com\/pt\/wp-json\/wp\/v2\/product\/11183\/revisions"}],"wp:featuredmedia":[{"embeddable":true,"href":"https:\/\/jinhuaceramic.com\/pt\/wp-json\/wp\/v2\/media\/11188"}],"wp:attachment":[{"href":"https:\/\/jinhuaceramic.com\/pt\/wp-json\/wp\/v2\/media?parent=11183"}],"wp:term":[{"taxonomy":"product_brand","embeddable":true,"href":"https:\/\/jinhuaceramic.com\/pt\/wp-json\/wp\/v2\/product_brand?post=11183"},{"taxonomy":"product_cat","embeddable":true,"href":"https:\/\/jinhuaceramic.com\/pt\/wp-json\/wp\/v2\/product_cat?post=11183"},{"taxonomy":"product_tag","embeddable":true,"href":"https:\/\/jinhuaceramic.com\/pt\/wp-json\/wp\/v2\/product_tag?post=11183"}],"curies":[{"name":"wp","href":"https:\/\/api.w.org\/{rel}","templated":true}]}}