{"id":11208,"date":"2025-11-27T03:12:56","date_gmt":"2025-11-27T03:12:56","guid":{"rendered":"https:\/\/jinhuaceramic.com\/?post_type=product&#038;p=11208"},"modified":"2025-11-27T03:12:58","modified_gmt":"2025-11-27T03:12:58","slug":"ceramic-bathroom-accessories-in-bulk","status":"publish","type":"product","link":"https:\/\/jinhuaceramic.com\/pt\/product\/ceramic-bathroom-accessories-in-bulk\/","title":{"rendered":"Acess\u00f3rios de casa de banho em cer\u00e2mica branca a granel com textura em relevo"},"content":{"rendered":"<div class=\"wp-block-columns is-layout-flex wp-container-core-columns-is-layout-9d6595d7 wp-block-columns-is-layout-flex\">\n<div class=\"wp-block-column is-layout-flow wp-block-column-is-layout-flow\">\n<h3 class=\"wp-block-heading\">Conjunto de acess\u00f3rios de casa de banho em cer\u00e2mica a granel Carater\u00edsticas:<\/h3>\n\n\n\n<ul class=\"wp-block-list\">\n<li><strong>Design elegante:<\/strong> Estes acess\u00f3rios de casa de banho em cer\u00e2mica a granel apresentam um design combinado de cer\u00e2mica branca e bombas douradas, apresentando um estilo de luxo elegante e leve. A superf\u00edcie de cada acess\u00f3rio apresenta padr\u00f5es tridimensionais em relevo, quebrando a monotonia do branco puro e acrescentando uma sensa\u00e7\u00e3o de camadas visuais e requinte.<\/li>\n\n\n\n<li><strong>Material de alta qualidade:<\/strong> Estes conjuntos de casa de banho de cer\u00e2mica por atacado s\u00e3o feitos de material de alta qualidade com alta dureza, resist\u00eancia ao desgaste e longa vida \u00fatil. O esmalte \u00e9 liso e denso, e as manchas ou marcas de \u00e1gua n\u00e3o aderem facilmente a ele; assim, a limpeza e a manuten\u00e7\u00e3o s\u00e3o muito f\u00e1ceis.<\/li>\n\n\n\n<li><strong>Conjunto completo: <\/strong>Os nossos acess\u00f3rios de casa de banho em cer\u00e2mica a granel incluem acess\u00f3rios de casa de banho como dispensadores de sab\u00e3o, suportes para escovas de dentes, copos para elixir bucal e saboneteiras que est\u00e3o claramente divididos e s\u00e3o pr\u00e1ticos. O dispensador de sab\u00e3o \u00e9 f\u00e1cil de premir e a sa\u00edda de l\u00edquido \u00e9 est\u00e1vel. O suporte para escovas de dentes \u00e9 separado e pode conter v\u00e1rias escovas de dentes.<\/li>\n\n\n\n<li><strong>Ideal para oferta: <\/strong>Os materiais de alta qualidade e os designs sofisticados dos nossos conjuntos de casa de banho personalizados ser\u00e3o um excelente presente para uma festa de inaugura\u00e7\u00e3o, casamento ou qualquer outra ocasi\u00e3o em que os valores pr\u00e1ticos e est\u00e9ticos sejam importantes.<\/li>\n\n\n\n<li><strong>Adequado para v\u00e1rios cen\u00e1rios: <\/strong>Os nossos acess\u00f3rios de casa de banho em cer\u00e2mica a granel est\u00e3o dispon\u00edveis para projectos de hot\u00e9is, casas de h\u00f3spedes, casas de banho comerciais, casas de banho residenciais de alta qualidade e conjuntos de oferta por grosso. Como temos uma cadeia de abastecimento madura, podemos acomodar grandes encomendas e projectos a longo prazo e facilitar a compra por grandes clientes grossistas.<\/li>\n<\/ul>\n<\/div>\n\n\n\n<div class=\"wp-block-column is-layout-flow wp-block-column-is-layout-flow\">\n<figure class=\"wp-block-image size-full\"><img fetchpriority=\"high\" decoding=\"async\" width=\"1600\" height=\"1600\" src=\"https:\/\/jinhuaceramic.com\/wp-content\/uploads\/2025\/11\/White-Bathroom-Set-with-Embossed-Texture-Ceramic-Bathroom-Accessories-Wholesale-2.webp\" alt=\"cer\u00e2mica branca-acess\u00f3rios-de-banheiro-em-bulk-com-textura-embossada-2\" class=\"wp-image-11209\" srcset=\"https:\/\/jinhuaceramic.com\/wp-content\/uploads\/2025\/11\/White-Bathroom-Set-with-Embossed-Texture-Ceramic-Bathroom-Accessories-Wholesale-2.webp 1600w, https:\/\/jinhuaceramic.com\/wp-content\/uploads\/2025\/11\/White-Bathroom-Set-with-Embossed-Texture-Ceramic-Bathroom-Accessories-Wholesale-2-300x300.webp 300w, https:\/\/jinhuaceramic.com\/wp-content\/uploads\/2025\/11\/White-Bathroom-Set-with-Embossed-Texture-Ceramic-Bathroom-Accessories-Wholesale-2-150x150.webp 150w, https:\/\/jinhuaceramic.com\/wp-content\/uploads\/2025\/11\/White-Bathroom-Set-with-Embossed-Texture-Ceramic-Bathroom-Accessories-Wholesale-2-768x768.webp 768w, https:\/\/jinhuaceramic.com\/wp-content\/uploads\/2025\/11\/White-Bathroom-Set-with-Embossed-Texture-Ceramic-Bathroom-Accessories-Wholesale-2-12x12.webp 12w, https:\/\/jinhuaceramic.com\/wp-content\/uploads\/2025\/11\/White-Bathroom-Set-with-Embossed-Texture-Ceramic-Bathroom-Accessories-Wholesale-2-285x285.webp 285w, https:\/\/jinhuaceramic.com\/wp-content\/uploads\/2025\/11\/White-Bathroom-Set-with-Embossed-Texture-Ceramic-Bathroom-Accessories-Wholesale-2-270x270.webp 270w, https:\/\/jinhuaceramic.com\/wp-content\/uploads\/2025\/11\/White-Bathroom-Set-with-Embossed-Texture-Ceramic-Bathroom-Accessories-Wholesale-2-540x540.webp 540w, https:\/\/jinhuaceramic.com\/wp-content\/uploads\/2025\/11\/White-Bathroom-Set-with-Embossed-Texture-Ceramic-Bathroom-Accessories-Wholesale-2-660x660.webp 660w\" sizes=\"(max-width: 1600px) 100vw, 1600px\" \/><\/figure>\n<\/div>\n<\/div>","protected":false},"excerpt":{"rendered":"<p>Bem-vindo ao comprar estes acess\u00f3rios de casa de banho em cer\u00e2mica branca a granel, com texturas elegantes em relevo e fabrico artesanal de porcelana de alta qualidade, oferecendo uma est\u00e9tica limpa e moderna, ideal para hot\u00e9is, casas de banho e casas de banho comerciais. Com foco na funcionalidade e na est\u00e9tica, todos podem experimentar o mais alto n\u00edvel de desempenho de custo de sua experi\u00eancia sanit\u00e1ria. A Jinhua oferece uma solu\u00e7\u00e3o pr\u00e1tica e de qualidade para o fornecimento de acess\u00f3rios de casa de banho a granel.<\/p>","protected":false},"featured_media":11210,"comment_status":"closed","ping_status":"closed","template":"","meta":{"_acf_changed":false},"product_brand":[],"product_cat":[51],"product_tag":[74],"class_list":{"0":"post-11208","1":"product","2":"type-product","3":"status-publish","4":"has-post-thumbnail","6":"product_cat-bathroom-accessories-wholesale","7":"product_tag-ceramic-bath-accessories-wholesale","9":"first","10":"instock","11":"shipping-taxable","12":"product-type-simple"},"acf":[],"_links":{"self":[{"href":"https:\/\/jinhuaceramic.com\/pt\/wp-json\/wp\/v2\/product\/11208","targetHints":{"allow":["GET"]}}],"collection":[{"href":"https:\/\/jinhuaceramic.com\/pt\/wp-json\/wp\/v2\/product"}],"about":[{"href":"https:\/\/jinhuaceramic.com\/pt\/wp-json\/wp\/v2\/types\/product"}],"replies":[{"embeddable":true,"href":"https:\/\/jinhuaceramic.com\/pt\/wp-json\/wp\/v2\/comments?post=11208"}],"version-history":[{"count":0,"href":"https:\/\/jinhuaceramic.com\/pt\/wp-json\/wp\/v2\/product\/11208\/revisions"}],"wp:featuredmedia":[{"embeddable":true,"href":"https:\/\/jinhuaceramic.com\/pt\/wp-json\/wp\/v2\/media\/11210"}],"wp:attachment":[{"href":"https:\/\/jinhuaceramic.com\/pt\/wp-json\/wp\/v2\/media?parent=11208"}],"wp:term":[{"taxonomy":"product_brand","embeddable":true,"href":"https:\/\/jinhuaceramic.com\/pt\/wp-json\/wp\/v2\/product_brand?post=11208"},{"taxonomy":"product_cat","embeddable":true,"href":"https:\/\/jinhuaceramic.com\/pt\/wp-json\/wp\/v2\/product_cat?post=11208"},{"taxonomy":"product_tag","embeddable":true,"href":"https:\/\/jinhuaceramic.com\/pt\/wp-json\/wp\/v2\/product_tag?post=11208"}],"curies":[{"name":"wp","href":"https:\/\/api.w.org\/{rel}","templated":true}]}}