{"id":11228,"date":"2025-11-27T03:49:36","date_gmt":"2025-11-27T03:49:36","guid":{"rendered":"https:\/\/jinhuaceramic.com\/?post_type=product&#038;p=11228"},"modified":"2025-11-27T03:49:48","modified_gmt":"2025-11-27T03:49:48","slug":"square-ceramic-baking-dish-wholesale","status":"publish","type":"product","link":"https:\/\/jinhuaceramic.com\/pt\/product\/square-ceramic-baking-dish-wholesale\/","title":{"rendered":"Venda por grosso de tabuleiros de cer\u00e2mica quadrados azuis, fornecimento de utens\u00edlios de cozinha para cozinhar"},"content":{"rendered":"<div class=\"wp-block-columns is-layout-flex wp-container-core-columns-is-layout-9d6595d7 wp-block-columns-is-layout-flex\">\n<div class=\"wp-block-column is-layout-flow wp-block-column-is-layout-flow\">\n<h3 class=\"wp-block-heading\">Prato de cer\u00e2mica quadrado azul premium para assar por atacado Carater\u00edsticas:<\/h3>\n\n\n\n<ul class=\"wp-block-list\">\n<li><strong>Cores frescas:<\/strong> Esta assadeira quadrada de cer\u00e2mica por atacado adopta um esquema de cores de gradiente azul e esmalte interior branco. O azul torna-se gradualmente mais claro do fundo para a borda, com uma transi\u00e7\u00e3o natural e em camadas, visualmente refrescante e elegante, adicionando um toque de cor din\u00e2mica \u00e0 cozinha e \u00e0 mesa de jantar.<\/li>\n\n\n\n<li><strong>Material cer\u00e2mico de alta temperatura:<\/strong> A nossa assadeira de cer\u00e2mica quadrada azul \u00e9 feita de cer\u00e2mica especial resistente a altas temperaturas que pode suportar o calor elevado do ciclo de cozedura do forno sem que o material rache ou se deforme facilmente. Cada prato tem um acabamento de esmalte brilhante que resiste a \u00f3leo e arranh\u00f5es e pode ser facilmente limpo e n\u00e3o tem nenhum res\u00edduo de comida.<\/li>\n\n\n\n<li><strong>Muito pr\u00e1tico:<\/strong> Estas formas quadradas para cozer est\u00e3o dispon\u00edveis em dois tamanhos, normal e extra grande, para maximizar o espa\u00e7o do forno. Estas formas t\u00eam uma profundidade moderada, o que significa que podemos cozer nelas uma variedade de pratos, como lasanha, frango assado, bife, brownies e muito mais. As pegas de ambos os lados proporcionam uma ader\u00eancia conveniente.<\/li>\n\n\n\n<li><strong>Vers\u00e1til e adapt\u00e1vel a v\u00e1rios dispositivos:<\/strong> A assadeira personalizada possui uma estrutura cer\u00e2mica robusta que assegura um aquecimento uniforme dos alimentos, tornando-a adequada para fornos, micro-ondas, m\u00e1quinas de lavar lou\u00e7a e frigor\u00edficos, satisfazendo as necessidades de todo o processo, desde a cozedura e o aquecimento at\u00e9 ao armazenamento.<\/li>\n<\/ul>\n<\/div>\n\n\n\n<div class=\"wp-block-column is-layout-flow wp-block-column-is-layout-flow\">\n<figure class=\"wp-block-image size-full\"><img fetchpriority=\"high\" decoding=\"async\" width=\"1600\" height=\"1600\" src=\"https:\/\/jinhuaceramic.com\/wp-content\/uploads\/2025\/11\/Blue-Square-Baking-Dishes-Kitchen-Ceramic-Custom-Baking-Pans-Wholesale-6.webp\" alt=\"blue-square-ceramic-baking-dish-wholesale-kitchen-bakeware-6\" class=\"wp-image-11229\" srcset=\"https:\/\/jinhuaceramic.com\/wp-content\/uploads\/2025\/11\/Blue-Square-Baking-Dishes-Kitchen-Ceramic-Custom-Baking-Pans-Wholesale-6.webp 1600w, https:\/\/jinhuaceramic.com\/wp-content\/uploads\/2025\/11\/Blue-Square-Baking-Dishes-Kitchen-Ceramic-Custom-Baking-Pans-Wholesale-6-300x300.webp 300w, https:\/\/jinhuaceramic.com\/wp-content\/uploads\/2025\/11\/Blue-Square-Baking-Dishes-Kitchen-Ceramic-Custom-Baking-Pans-Wholesale-6-150x150.webp 150w, https:\/\/jinhuaceramic.com\/wp-content\/uploads\/2025\/11\/Blue-Square-Baking-Dishes-Kitchen-Ceramic-Custom-Baking-Pans-Wholesale-6-768x768.webp 768w, https:\/\/jinhuaceramic.com\/wp-content\/uploads\/2025\/11\/Blue-Square-Baking-Dishes-Kitchen-Ceramic-Custom-Baking-Pans-Wholesale-6-12x12.webp 12w, https:\/\/jinhuaceramic.com\/wp-content\/uploads\/2025\/11\/Blue-Square-Baking-Dishes-Kitchen-Ceramic-Custom-Baking-Pans-Wholesale-6-285x285.webp 285w, https:\/\/jinhuaceramic.com\/wp-content\/uploads\/2025\/11\/Blue-Square-Baking-Dishes-Kitchen-Ceramic-Custom-Baking-Pans-Wholesale-6-270x270.webp 270w, https:\/\/jinhuaceramic.com\/wp-content\/uploads\/2025\/11\/Blue-Square-Baking-Dishes-Kitchen-Ceramic-Custom-Baking-Pans-Wholesale-6-540x540.webp 540w, https:\/\/jinhuaceramic.com\/wp-content\/uploads\/2025\/11\/Blue-Square-Baking-Dishes-Kitchen-Ceramic-Custom-Baking-Pans-Wholesale-6-660x660.webp 660w\" sizes=\"(max-width: 1600px) 100vw, 1600px\" \/><\/figure>\n<\/div>\n<\/div>","protected":false},"excerpt":{"rendered":"<p>Bem-vindo ao comprar esta assadeira de cer\u00e2mica quadrada azul por atacado \u00e9 feita de porcelana de alta temperatura, especificamente feita para uso na cozinha. Est\u00e1 dispon\u00edvel em tamanhos normais e maiores do que o normal, e pode ser utilizada no forno, no micro-ondas, na m\u00e1quina de lavar lou\u00e7a e no frigor\u00edfico. A distribui\u00e7\u00e3o do calor \u00e9 radial e \u00e9 lisa para facilitar a limpeza. Perfeita para cozer, assar, servir e at\u00e9 armazenar. Totalmente personaliz\u00e1vel para encomendas a granel.<\/p>\n<p>&nbsp;<\/p>","protected":false},"featured_media":11230,"comment_status":"closed","ping_status":"closed","template":"","meta":{"_acf_changed":false},"product_brand":[],"product_cat":[53],"product_tag":[70,71],"class_list":{"0":"post-11228","1":"product","2":"type-product","3":"status-publish","4":"has-post-thumbnail","6":"product_cat-bakeware-in-bulk","7":"product_tag-custom-pie-pans","8":"product_tag-wholesale-baking-pans","10":"first","11":"instock","12":"shipping-taxable","13":"product-type-simple"},"acf":[],"_links":{"self":[{"href":"https:\/\/jinhuaceramic.com\/pt\/wp-json\/wp\/v2\/product\/11228","targetHints":{"allow":["GET"]}}],"collection":[{"href":"https:\/\/jinhuaceramic.com\/pt\/wp-json\/wp\/v2\/product"}],"about":[{"href":"https:\/\/jinhuaceramic.com\/pt\/wp-json\/wp\/v2\/types\/product"}],"replies":[{"embeddable":true,"href":"https:\/\/jinhuaceramic.com\/pt\/wp-json\/wp\/v2\/comments?post=11228"}],"version-history":[{"count":0,"href":"https:\/\/jinhuaceramic.com\/pt\/wp-json\/wp\/v2\/product\/11228\/revisions"}],"wp:featuredmedia":[{"embeddable":true,"href":"https:\/\/jinhuaceramic.com\/pt\/wp-json\/wp\/v2\/media\/11230"}],"wp:attachment":[{"href":"https:\/\/jinhuaceramic.com\/pt\/wp-json\/wp\/v2\/media?parent=11228"}],"wp:term":[{"taxonomy":"product_brand","embeddable":true,"href":"https:\/\/jinhuaceramic.com\/pt\/wp-json\/wp\/v2\/product_brand?post=11228"},{"taxonomy":"product_cat","embeddable":true,"href":"https:\/\/jinhuaceramic.com\/pt\/wp-json\/wp\/v2\/product_cat?post=11228"},{"taxonomy":"product_tag","embeddable":true,"href":"https:\/\/jinhuaceramic.com\/pt\/wp-json\/wp\/v2\/product_tag?post=11228"}],"curies":[{"name":"wp","href":"https:\/\/api.w.org\/{rel}","templated":true}]}}