{"id":11265,"date":"2025-11-27T08:07:58","date_gmt":"2025-11-27T08:07:58","guid":{"rendered":"https:\/\/jinhuaceramic.com\/?post_type=product&#038;p=11265"},"modified":"2025-11-27T08:08:01","modified_gmt":"2025-11-27T08:08:01","slug":"oval-ceramic-baking-dish-wholesale","status":"publish","type":"product","link":"https:\/\/jinhuaceramic.com\/pt\/product\/oval-ceramic-baking-dish-wholesale\/","title":{"rendered":"Venda por grosso de tabuleiros de cer\u00e2mica ovais para cozinhar, fornecimento de tabuleiros personalizados para cozinhar"},"content":{"rendered":"<div class=\"wp-block-columns is-layout-flex wp-container-core-columns-is-layout-9d6595d7 wp-block-columns-is-layout-flex\">\n<div class=\"wp-block-column is-layout-flow wp-block-column-is-layout-flow\">\n<h3 class=\"wp-block-heading\">Prato de cer\u00e2mica oval premium para assar por atacado Carater\u00edsticas:<\/h3>\n\n\n\n<ul class=\"wp-block-list\">\n<li><strong>Design retro:<\/strong> Esta assadeira oval de cer\u00e2mica foi concebida numa cor branca com bordos castanhos caramelo, com um toque minimalista mas retro. O exterior da assadeira \u00e9 desenhado com textura listrada vertical, que n\u00e3o s\u00f3 melhora o n\u00edvel visual, mas tamb\u00e9m aumenta o atrito durante a ader\u00eancia.<\/li>\n\n\n\n<li><strong>Materiais de alta qualidade:<\/strong> Esta assadeira oval de cer\u00e2mica por atacado \u00e9 feita de argila natural com um revestimento de superf\u00edcie de esmalte n\u00e3o t\u00f3xico. S\u00e3o isentas de PFOA, chumbo, c\u00e1dmio, etc., e podem ser utilizadas com confian\u00e7a.<\/li>\n\n\n\n<li><strong>Compatibilidade total com a cena: <\/strong>Estes pratos de pastelaria para venda por grosso podem ser utilizados na m\u00e1quina de lavar lou\u00e7a, no frigor\u00edfico, no forno e no micro-ondas, podendo tanto refrigerar ingredientes como aquec\u00ea-los e cozinh\u00e1-los diretamente no forno\/micro-ondas. Ap\u00f3s a utiliza\u00e7\u00e3o, tamb\u00e9m podem ser limpos diretamente na m\u00e1quina de lavar lou\u00e7a, melhorando a efici\u00eancia da opera\u00e7\u00e3o da cozinha.<\/li>\n\n\n\n<li><strong>Do forno \u00e0 mesa:<\/strong> Estas formas personalizadas s\u00e3o esteticamente agrad\u00e1veis e t\u00eam pegas f\u00e1ceis de manobrar. Al\u00e9m de poderem ser utilizadas para confecionar todo o tipo de receitas, podem tamb\u00e9m ser utilizadas como servi\u00e7o de mesa diretamente na mesa de jantar, valorizando visualmente o almo\u00e7o ou o jantar.<\/li>\n\n\n\n<li><strong>Design empilh\u00e1vel:<\/strong> As assadeiras ovais de cer\u00e2mica para venda por grosso s\u00e3o f\u00e1ceis de empilhar e armazenar, poupando espa\u00e7o e tornando-as ideais para compras por grosso e em grande escala no sector da restaura\u00e7\u00e3o. Suportam diferentes capacidades e combina\u00e7\u00f5es de cores, proporcionando uma gama completa de solu\u00e7\u00f5es de loi\u00e7a de mesa.<\/li>\n<\/ul>\n<\/div>\n\n\n\n<div class=\"wp-block-column is-layout-flow wp-block-column-is-layout-flow\">\n<figure class=\"wp-block-image size-full\"><img fetchpriority=\"high\" decoding=\"async\" width=\"1194\" height=\"1103\" src=\"https:\/\/jinhuaceramic.com\/wp-content\/uploads\/2025\/11\/Oval-Custom-Baking-Dish-Ceramic-Bakeware-Wholesale-Baking-Pan-Supplies-2.webp\" alt=\"assadeira oval de cer\u00e2mica - venda por grosso - fornecimento de assadeiras personalizadas - 2\" class=\"wp-image-11266\" srcset=\"https:\/\/jinhuaceramic.com\/wp-content\/uploads\/2025\/11\/Oval-Custom-Baking-Dish-Ceramic-Bakeware-Wholesale-Baking-Pan-Supplies-2.webp 1194w, https:\/\/jinhuaceramic.com\/wp-content\/uploads\/2025\/11\/Oval-Custom-Baking-Dish-Ceramic-Bakeware-Wholesale-Baking-Pan-Supplies-2-300x277.webp 300w, https:\/\/jinhuaceramic.com\/wp-content\/uploads\/2025\/11\/Oval-Custom-Baking-Dish-Ceramic-Bakeware-Wholesale-Baking-Pan-Supplies-2-768x709.webp 768w, https:\/\/jinhuaceramic.com\/wp-content\/uploads\/2025\/11\/Oval-Custom-Baking-Dish-Ceramic-Bakeware-Wholesale-Baking-Pan-Supplies-2-13x12.webp 13w, https:\/\/jinhuaceramic.com\/wp-content\/uploads\/2025\/11\/Oval-Custom-Baking-Dish-Ceramic-Bakeware-Wholesale-Baking-Pan-Supplies-2-285x263.webp 285w, https:\/\/jinhuaceramic.com\/wp-content\/uploads\/2025\/11\/Oval-Custom-Baking-Dish-Ceramic-Bakeware-Wholesale-Baking-Pan-Supplies-2-660x610.webp 660w, https:\/\/jinhuaceramic.com\/wp-content\/uploads\/2025\/11\/Oval-Custom-Baking-Dish-Ceramic-Bakeware-Wholesale-Baking-Pan-Supplies-2-150x139.webp 150w\" sizes=\"(max-width: 1194px) 100vw, 1194px\" \/><\/figure>\n<\/div>\n<\/div>","protected":false},"excerpt":{"rendered":"<p>Bem-vindo ao comprar esta assadeira oval de cer\u00e2mica por atacado, com um design exterior retro, materiais cer\u00e2micos de alta temperatura, e \u00e9 segura para fornos, micro-ondas, que se tornaram ferramentas de cozinha flex\u00edveis e eficientes na cozinha. Eles podem n\u00e3o apenas obter excelentes efeitos de cozimento, mas tamb\u00e9m melhorar a experi\u00eancia gastron\u00f4mica por meio de uma apar\u00eancia requintada, tornando-os um produto de cozinha pr\u00e1tico e bonito para cozimento dom\u00e9stico e servi\u00e7o comercial de alimentos.<\/p>","protected":false},"featured_media":11272,"comment_status":"closed","ping_status":"closed","template":"","meta":{"_acf_changed":false},"product_brand":[],"product_cat":[53],"product_tag":[71],"class_list":{"0":"post-11265","1":"product","2":"type-product","3":"status-publish","4":"has-post-thumbnail","6":"product_cat-bakeware-in-bulk","7":"product_tag-wholesale-baking-pans","9":"first","10":"instock","11":"shipping-taxable","12":"product-type-simple"},"acf":[],"_links":{"self":[{"href":"https:\/\/jinhuaceramic.com\/pt\/wp-json\/wp\/v2\/product\/11265","targetHints":{"allow":["GET"]}}],"collection":[{"href":"https:\/\/jinhuaceramic.com\/pt\/wp-json\/wp\/v2\/product"}],"about":[{"href":"https:\/\/jinhuaceramic.com\/pt\/wp-json\/wp\/v2\/types\/product"}],"replies":[{"embeddable":true,"href":"https:\/\/jinhuaceramic.com\/pt\/wp-json\/wp\/v2\/comments?post=11265"}],"version-history":[{"count":0,"href":"https:\/\/jinhuaceramic.com\/pt\/wp-json\/wp\/v2\/product\/11265\/revisions"}],"wp:featuredmedia":[{"embeddable":true,"href":"https:\/\/jinhuaceramic.com\/pt\/wp-json\/wp\/v2\/media\/11272"}],"wp:attachment":[{"href":"https:\/\/jinhuaceramic.com\/pt\/wp-json\/wp\/v2\/media?parent=11265"}],"wp:term":[{"taxonomy":"product_brand","embeddable":true,"href":"https:\/\/jinhuaceramic.com\/pt\/wp-json\/wp\/v2\/product_brand?post=11265"},{"taxonomy":"product_cat","embeddable":true,"href":"https:\/\/jinhuaceramic.com\/pt\/wp-json\/wp\/v2\/product_cat?post=11265"},{"taxonomy":"product_tag","embeddable":true,"href":"https:\/\/jinhuaceramic.com\/pt\/wp-json\/wp\/v2\/product_tag?post=11265"}],"curies":[{"name":"wp","href":"https:\/\/api.w.org\/{rel}","templated":true}]}}