{"id":11289,"date":"2025-12-04T01:42:02","date_gmt":"2025-12-04T01:42:02","guid":{"rendered":"https:\/\/jinhuaceramic.com\/?post_type=product&#038;p=11289"},"modified":"2025-12-04T01:42:08","modified_gmt":"2025-12-04T01:42:08","slug":"wholesale-small-baking-pans","status":"publish","type":"product","link":"https:\/\/jinhuaceramic.com\/pt\/product\/wholesale-small-baking-pans\/","title":{"rendered":"Venda por grosso de tabuleiros pequenos para cozedura, fornecimento de tabuleiros quadrados de cer\u00e2mica para cozedura"},"content":{"rendered":"<div class=\"wp-block-columns is-layout-flex wp-container-core-columns-is-layout-9d6595d7 wp-block-columns-is-layout-flex\">\n<div class=\"wp-block-column is-layout-flow wp-block-column-is-layout-flow\">\n<h3 class=\"wp-block-heading\">Formas de cozimento pequenas por atacado Premium Carater\u00edsticas:<\/h3>\n\n\n\n<ul class=\"wp-block-list\">\n<li><strong>Design minimalista:<\/strong> Estas pequenas formas para bolos por atacado apresentam um design quadrado limpo, totalmente branco, com um estilo simples e vers\u00e1til. Podem ser servidas diretamente na mesa de jantar como recipientes, melhorando a arruma\u00e7\u00e3o visual da refei\u00e7\u00e3o e s\u00e3o adequadas para cozinhas e salas de jantar de v\u00e1rios estilos de decora\u00e7\u00e3o.<\/li>\n\n\n\n<li><strong>Forma quadrada pequena:<\/strong> Estas pequenas formas para cozer por atacado t\u00eam uma capacidade normal de 14 on\u00e7as, forma quadrada compacta, adequadas para cozer bolos, pudins, pratos de arroz cozido, sobremesas, pequenas por\u00e7\u00f5es e muitos outros pratos.<\/li>\n\n\n\n<li><strong>Robusto e duradouro:<\/strong> Estes bakeware quadrados de cer\u00e2mica por atacado s\u00e3o feitos de material cer\u00e2mico de alta qualidade atrav\u00e9s de cozedura a alta temperatura, resultando num certo grau de dureza que os torna menos propensos ao desgaste e \u00e0 deforma\u00e7\u00e3o, e menos suscept\u00edveis a riscos de utens\u00edlios de cozinha de metal, prolongando assim a sua vida \u00fatil.<\/li>\n\n\n\n<li><strong>F\u00e1cil de limpar: <\/strong>Em compara\u00e7\u00e3o com os tabuleiros de metal ou silicone, estes tabuleiros de cer\u00e2mica t\u00eam uma superf\u00edcie lisa e densa, e \u00e9 menos prov\u00e1vel que os res\u00edduos alimentares adiram. S\u00e3o f\u00e1ceis de lavar \u00e0 m\u00e3o ou \u00e0 m\u00e1quina e s\u00e3o f\u00e1ceis de manter.<\/li>\n<\/ul>\n<\/div>\n\n\n\n<div class=\"wp-block-column is-layout-flow wp-block-column-is-layout-flow\">\n<figure class=\"wp-block-image size-full\"><img fetchpriority=\"high\" decoding=\"async\" width=\"2258\" height=\"2560\" src=\"https:\/\/jinhuaceramic.com\/wp-content\/uploads\/2025\/11\/White-Small-Custom-Baking-Pans-Ceramic-Kitchen-Bakeware-Wholesale-Baking-Dishes.webp\" alt=\"atacado-pequenas-assadeiras-quadradas-cer\u00e2mica-fornecimento-1\" class=\"wp-image-11296\" srcset=\"https:\/\/jinhuaceramic.com\/wp-content\/uploads\/2025\/11\/White-Small-Custom-Baking-Pans-Ceramic-Kitchen-Bakeware-Wholesale-Baking-Dishes.webp 2258w, https:\/\/jinhuaceramic.com\/wp-content\/uploads\/2025\/11\/White-Small-Custom-Baking-Pans-Ceramic-Kitchen-Bakeware-Wholesale-Baking-Dishes-265x300.webp 265w, https:\/\/jinhuaceramic.com\/wp-content\/uploads\/2025\/11\/White-Small-Custom-Baking-Pans-Ceramic-Kitchen-Bakeware-Wholesale-Baking-Dishes-768x871.webp 768w, https:\/\/jinhuaceramic.com\/wp-content\/uploads\/2025\/11\/White-Small-Custom-Baking-Pans-Ceramic-Kitchen-Bakeware-Wholesale-Baking-Dishes-11x12.webp 11w, https:\/\/jinhuaceramic.com\/wp-content\/uploads\/2025\/11\/White-Small-Custom-Baking-Pans-Ceramic-Kitchen-Bakeware-Wholesale-Baking-Dishes-285x323.webp 285w, https:\/\/jinhuaceramic.com\/wp-content\/uploads\/2025\/11\/White-Small-Custom-Baking-Pans-Ceramic-Kitchen-Bakeware-Wholesale-Baking-Dishes-1600x1814.webp 1600w, https:\/\/jinhuaceramic.com\/wp-content\/uploads\/2025\/11\/White-Small-Custom-Baking-Pans-Ceramic-Kitchen-Bakeware-Wholesale-Baking-Dishes-582x660.webp 582w, https:\/\/jinhuaceramic.com\/wp-content\/uploads\/2025\/11\/White-Small-Custom-Baking-Pans-Ceramic-Kitchen-Bakeware-Wholesale-Baking-Dishes-132x150.webp 132w\" sizes=\"(max-width: 2258px) 100vw, 2258px\" \/><\/figure>\n<\/div>\n<\/div>","protected":false},"excerpt":{"rendered":"<p>Bem-vindo ao comprar estas pequenas formas de cozedura por atacado, feitas de porcelana de alta temperatura e concebidas para uma utiliza\u00e7\u00e3o comercial vers\u00e1til. Podem ir ao forno, ao micro-ondas, \u00e0 m\u00e1quina de lavar lou\u00e7a e ao frigor\u00edfico, oferecem um esmalte suave, uma constru\u00e7\u00e3o duradoura e um tamanho ideal para sobremesas, pratos cozinhados e por\u00e7\u00f5es individuais.<\/p>","protected":false},"featured_media":11292,"comment_status":"closed","ping_status":"closed","template":"","meta":{"_acf_changed":false},"product_brand":[],"product_cat":[53],"product_tag":[69,71],"class_list":{"0":"post-11289","1":"product","2":"type-product","3":"status-publish","4":"has-post-thumbnail","6":"product_cat-bakeware-in-bulk","7":"product_tag-bulk-ramekins","8":"product_tag-wholesale-baking-pans","10":"first","11":"instock","12":"shipping-taxable","13":"product-type-simple"},"acf":[],"_links":{"self":[{"href":"https:\/\/jinhuaceramic.com\/pt\/wp-json\/wp\/v2\/product\/11289","targetHints":{"allow":["GET"]}}],"collection":[{"href":"https:\/\/jinhuaceramic.com\/pt\/wp-json\/wp\/v2\/product"}],"about":[{"href":"https:\/\/jinhuaceramic.com\/pt\/wp-json\/wp\/v2\/types\/product"}],"replies":[{"embeddable":true,"href":"https:\/\/jinhuaceramic.com\/pt\/wp-json\/wp\/v2\/comments?post=11289"}],"version-history":[{"count":0,"href":"https:\/\/jinhuaceramic.com\/pt\/wp-json\/wp\/v2\/product\/11289\/revisions"}],"wp:featuredmedia":[{"embeddable":true,"href":"https:\/\/jinhuaceramic.com\/pt\/wp-json\/wp\/v2\/media\/11292"}],"wp:attachment":[{"href":"https:\/\/jinhuaceramic.com\/pt\/wp-json\/wp\/v2\/media?parent=11289"}],"wp:term":[{"taxonomy":"product_brand","embeddable":true,"href":"https:\/\/jinhuaceramic.com\/pt\/wp-json\/wp\/v2\/product_brand?post=11289"},{"taxonomy":"product_cat","embeddable":true,"href":"https:\/\/jinhuaceramic.com\/pt\/wp-json\/wp\/v2\/product_cat?post=11289"},{"taxonomy":"product_tag","embeddable":true,"href":"https:\/\/jinhuaceramic.com\/pt\/wp-json\/wp\/v2\/product_tag?post=11289"}],"curies":[{"name":"wp","href":"https:\/\/api.w.org\/{rel}","templated":true}]}}