{"id":11309,"date":"2025-12-04T03:38:03","date_gmt":"2025-12-04T03:38:03","guid":{"rendered":"https:\/\/jinhuaceramic.com\/?post_type=product&#038;p=11309"},"modified":"2025-12-04T03:38:07","modified_gmt":"2025-12-04T03:38:07","slug":"custom-candle-vessels-wholesale","status":"publish","type":"product","link":"https:\/\/jinhuaceramic.com\/pt\/product\/custom-candle-vessels-wholesale\/","title":{"rendered":"Vendas por grosso de recipientes personalizados para velas em cer\u00e2mica, frascos para velas \u00e0s riscas"},"content":{"rendered":"<div class=\"wp-block-columns is-layout-flex wp-container-core-columns-is-layout-9d6595d7 wp-block-columns-is-layout-flex\">\n<div class=\"wp-block-column is-layout-flow wp-block-column-is-layout-flow\">\n<h3 class=\"wp-block-heading\">Vasos de vela personalizados Premium Carater\u00edsticas por atacado:<\/h3>\n\n\n\n<ul class=\"wp-block-list\">\n<li><strong>Design com riscas:<\/strong> Estes recipientes para velas personalizados por atacado apresentam uma cor de base cremosa com riscas verticais coloridas irregulares desenhadas \u00e0 m\u00e3o, criando um estilo animado e retro que combina a frescura do campo franc\u00eas com o toque art\u00edstico de mobili\u00e1rio moderno, tornando-os um destaque visual no espa\u00e7o.<\/li>\n\n\n\n<li><strong>Forma \u00fanica:<\/strong> Estes recipientes para velas personalizados por atacado s\u00e3o concebidos com uma forma de \u201ctambor que cinge a cintura\u201d, com linhas suaves e macias que quebram a monotonia dos frascos de velas cil\u00edndricos convencionais. Combinados com elementos \u00e0s riscas, t\u00eam mais camadas e podem ser utilizados como artigos decorativos independentes, mesmo sem velas.<\/li>\n\n\n\n<li><strong>V\u00e1rias cores:<\/strong> Estes frascos para velas personalizados est\u00e3o dispon\u00edveis em v\u00e1rias cores \u00e0s riscas, como amarelo, cor-de-rosa, azul, verde e vermelho, que podem ser adaptadas a diferentes estilos de espa\u00e7o e prefer\u00eancias pessoais, satisfazendo diferentes necessidades de correspond\u00eancia de mobili\u00e1rio macio.<\/li>\n\n\n\n<li><strong>Material duradouro: <\/strong>Estes frascos de velas por atacado s\u00e3o feitos de materiais cer\u00e2micos de alta qualidade, que t\u00eam boa resist\u00eancia ao calor e \u00e0 corros\u00e3o. Este material n\u00e3o \u00e9 apenas seguro e ecol\u00f3gico, mas tamb\u00e9m pode manter a beleza e a praticidade dos frascos de velas por um longo tempo.<\/li>\n<\/ul>\n<\/div>\n\n\n\n<div class=\"wp-block-column is-layout-flow wp-block-column-is-layout-flow\">\n<figure class=\"wp-block-image size-full\"><img fetchpriority=\"high\" decoding=\"async\" width=\"1050\" height=\"1050\" src=\"https:\/\/jinhuaceramic.com\/wp-content\/uploads\/2025\/12\/Striped-Candle-Jar-with-Various-Colors-Ceramic-Custom-Candle-Vessels-Wholesale-4.webp\" alt=\"vasos de velas de cer\u00e2mica personalizados - venda por grosso - vasos de velas \u00e0s riscas - 4\" class=\"wp-image-11312\" srcset=\"https:\/\/jinhuaceramic.com\/wp-content\/uploads\/2025\/12\/Striped-Candle-Jar-with-Various-Colors-Ceramic-Custom-Candle-Vessels-Wholesale-4.webp 1050w, https:\/\/jinhuaceramic.com\/wp-content\/uploads\/2025\/12\/Striped-Candle-Jar-with-Various-Colors-Ceramic-Custom-Candle-Vessels-Wholesale-4-300x300.webp 300w, https:\/\/jinhuaceramic.com\/wp-content\/uploads\/2025\/12\/Striped-Candle-Jar-with-Various-Colors-Ceramic-Custom-Candle-Vessels-Wholesale-4-150x150.webp 150w, https:\/\/jinhuaceramic.com\/wp-content\/uploads\/2025\/12\/Striped-Candle-Jar-with-Various-Colors-Ceramic-Custom-Candle-Vessels-Wholesale-4-768x768.webp 768w, https:\/\/jinhuaceramic.com\/wp-content\/uploads\/2025\/12\/Striped-Candle-Jar-with-Various-Colors-Ceramic-Custom-Candle-Vessels-Wholesale-4-12x12.webp 12w, https:\/\/jinhuaceramic.com\/wp-content\/uploads\/2025\/12\/Striped-Candle-Jar-with-Various-Colors-Ceramic-Custom-Candle-Vessels-Wholesale-4-285x285.webp 285w, https:\/\/jinhuaceramic.com\/wp-content\/uploads\/2025\/12\/Striped-Candle-Jar-with-Various-Colors-Ceramic-Custom-Candle-Vessels-Wholesale-4-270x270.webp 270w, https:\/\/jinhuaceramic.com\/wp-content\/uploads\/2025\/12\/Striped-Candle-Jar-with-Various-Colors-Ceramic-Custom-Candle-Vessels-Wholesale-4-540x540.webp 540w, https:\/\/jinhuaceramic.com\/wp-content\/uploads\/2025\/12\/Striped-Candle-Jar-with-Various-Colors-Ceramic-Custom-Candle-Vessels-Wholesale-4-660x660.webp 660w\" sizes=\"(max-width: 1050px) 100vw, 1050px\" \/><\/figure>\n<\/div>\n<\/div>","protected":false},"excerpt":{"rendered":"<p>Bem-vindo ao comprar estes recipientes para velas personalizados por atacado com design retro \u00e0s riscas, forma \u00fanica, diversas op\u00e7\u00f5es de cores e material cer\u00e2mico dur\u00e1vel. Tornam-se mobili\u00e1rio suave que combina valor decorativo e pr\u00e1tico. Podem criar uma atmosfera acolhedora e confort\u00e1vel, e os diversos esquemas de cores tamb\u00e9m podem adaptar-se a diferentes estilos de casa, tornando-os uma escolha de alta qualidade para melhorar a textura do espa\u00e7o.<\/p>","protected":false},"featured_media":11311,"comment_status":"closed","ping_status":"closed","template":"","meta":{"_acf_changed":false},"product_brand":[],"product_cat":[52],"product_tag":[66],"class_list":{"0":"post-11309","1":"product","2":"type-product","3":"status-publish","4":"has-post-thumbnail","6":"product_cat-wholesale-candle-containers","7":"product_tag-candle-jars-wholesale","9":"first","10":"instock","11":"shipping-taxable","12":"product-type-simple"},"acf":[],"_links":{"self":[{"href":"https:\/\/jinhuaceramic.com\/pt\/wp-json\/wp\/v2\/product\/11309","targetHints":{"allow":["GET"]}}],"collection":[{"href":"https:\/\/jinhuaceramic.com\/pt\/wp-json\/wp\/v2\/product"}],"about":[{"href":"https:\/\/jinhuaceramic.com\/pt\/wp-json\/wp\/v2\/types\/product"}],"replies":[{"embeddable":true,"href":"https:\/\/jinhuaceramic.com\/pt\/wp-json\/wp\/v2\/comments?post=11309"}],"version-history":[{"count":0,"href":"https:\/\/jinhuaceramic.com\/pt\/wp-json\/wp\/v2\/product\/11309\/revisions"}],"wp:featuredmedia":[{"embeddable":true,"href":"https:\/\/jinhuaceramic.com\/pt\/wp-json\/wp\/v2\/media\/11311"}],"wp:attachment":[{"href":"https:\/\/jinhuaceramic.com\/pt\/wp-json\/wp\/v2\/media?parent=11309"}],"wp:term":[{"taxonomy":"product_brand","embeddable":true,"href":"https:\/\/jinhuaceramic.com\/pt\/wp-json\/wp\/v2\/product_brand?post=11309"},{"taxonomy":"product_cat","embeddable":true,"href":"https:\/\/jinhuaceramic.com\/pt\/wp-json\/wp\/v2\/product_cat?post=11309"},{"taxonomy":"product_tag","embeddable":true,"href":"https:\/\/jinhuaceramic.com\/pt\/wp-json\/wp\/v2\/product_tag?post=11309"}],"curies":[{"name":"wp","href":"https:\/\/api.w.org\/{rel}","templated":true}]}}