{"id":11344,"date":"2025-12-04T03:23:47","date_gmt":"2025-12-04T03:23:47","guid":{"rendered":"https:\/\/jinhuaceramic.com\/?post_type=product&#038;p=11344"},"modified":"2025-12-04T03:23:51","modified_gmt":"2025-12-04T03:23:51","slug":"ceramic-baking-pan-set-in-bulk","status":"publish","type":"product","link":"https:\/\/jinhuaceramic.com\/pt\/product\/ceramic-baking-pan-set-in-bulk\/","title":{"rendered":"Conjunto personalizado de tabuleiros de cer\u00e2mica vermelha para cozinhar a granel com bordas onduladas"},"content":{"rendered":"<div class=\"wp-block-columns is-layout-flex wp-container-core-columns-is-layout-9d6595d7 wp-block-columns-is-layout-flex\">\n<div class=\"wp-block-column is-layout-flow wp-block-column-is-layout-flow\">\n<h3 class=\"wp-block-heading\">Conjunto de panelas de cer\u00e2mica vermelha premium a granel Carater\u00edsticas:<\/h3>\n\n\n\n<ul class=\"wp-block-list\">\n<li><strong>Materiais de qualidade superior:<\/strong> Este conjunto de assadeiras de cer\u00e2mica a granel \u00e9 feito de material cer\u00e2mico de alta qualidade, possuindo uma excelente resist\u00eancia ao calor e ao frio. Suportam a cozedura a alta temperatura e a refrigera\u00e7\u00e3o a baixa temperatura sem se partirem ou deformarem facilmente, satisfazendo as necessidades da cozedura dom\u00e9stica e profissional em restaurantes.<\/li>\n\n\n\n<li><strong>Design elegante:<\/strong> Estes conjuntos de pastelaria personalizados apresentam um design contrastante de esmalte exterior vermelho e esmalte interior branco, criando um forte contraste visual. Em conjunto com os rebordos ondulados, afastam-se das linhas simples dos tabuleiros convencionais, criando um estilo vivo e din\u00e2mico.<\/li>\n\n\n\n<li><strong>Pormenores bem pensados: <\/strong>O design de orelha dupla deste conjunto de assadeiras de cer\u00e2mica a granel \u00e9 f\u00e1cil de pegar, especialmente quando a assadeira est\u00e1 cheia de comida, proporcionando uma melhor ader\u00eancia e estabilidade. As bordas onduladas n\u00e3o s\u00f3 real\u00e7am o sentido do design, como tamb\u00e9m facilitam as bordas estaladi\u00e7as dos ingredientes cozinhados.<\/li>\n\n\n\n<li><strong>V\u00e1rios tamanhos: <\/strong>Estes conjuntos de utens\u00edlios de cozinha personalizados est\u00e3o dispon\u00edveis em 3 tamanhos. Estes tamanhos pequenos podem ser utilizados para confecionar pratos para uma s\u00f3 pessoa, os tamanhos m\u00e9dios s\u00e3o adequados para asas de frango grelhadas em casa e esparguete com queijo, e os tamanhos grandes acomodam frango assado inteiro ou pratos de por\u00e7\u00f5es grandes, satisfazendo v\u00e1rias necessidades culin\u00e1rias, desde refei\u00e7\u00f5es individuais a refei\u00e7\u00f5es de grupo.<\/li>\n<\/ul>\n<\/div>\n\n\n\n<div class=\"wp-block-column is-layout-flow wp-block-column-is-layout-flow\">\n<figure class=\"wp-block-image size-full\"><img fetchpriority=\"high\" decoding=\"async\" width=\"1001\" height=\"1001\" src=\"https:\/\/jinhuaceramic.com\/wp-content\/uploads\/2025\/12\/Red-Baking-Dish-Set-with-Wavy-Edges-Ceramic-Food-Service-Baking-Pans-Wholesale-4.webp\" alt=\"assadeira de cer\u00e2mica vermelha personalizada em massa com bordas onduladas-4\" class=\"wp-image-11347\" srcset=\"https:\/\/jinhuaceramic.com\/wp-content\/uploads\/2025\/12\/Red-Baking-Dish-Set-with-Wavy-Edges-Ceramic-Food-Service-Baking-Pans-Wholesale-4.webp 1001w, https:\/\/jinhuaceramic.com\/wp-content\/uploads\/2025\/12\/Red-Baking-Dish-Set-with-Wavy-Edges-Ceramic-Food-Service-Baking-Pans-Wholesale-4-300x300.webp 300w, https:\/\/jinhuaceramic.com\/wp-content\/uploads\/2025\/12\/Red-Baking-Dish-Set-with-Wavy-Edges-Ceramic-Food-Service-Baking-Pans-Wholesale-4-150x150.webp 150w, https:\/\/jinhuaceramic.com\/wp-content\/uploads\/2025\/12\/Red-Baking-Dish-Set-with-Wavy-Edges-Ceramic-Food-Service-Baking-Pans-Wholesale-4-768x768.webp 768w, https:\/\/jinhuaceramic.com\/wp-content\/uploads\/2025\/12\/Red-Baking-Dish-Set-with-Wavy-Edges-Ceramic-Food-Service-Baking-Pans-Wholesale-4-12x12.webp 12w, https:\/\/jinhuaceramic.com\/wp-content\/uploads\/2025\/12\/Red-Baking-Dish-Set-with-Wavy-Edges-Ceramic-Food-Service-Baking-Pans-Wholesale-4-285x285.webp 285w, https:\/\/jinhuaceramic.com\/wp-content\/uploads\/2025\/12\/Red-Baking-Dish-Set-with-Wavy-Edges-Ceramic-Food-Service-Baking-Pans-Wholesale-4-270x270.webp 270w, https:\/\/jinhuaceramic.com\/wp-content\/uploads\/2025\/12\/Red-Baking-Dish-Set-with-Wavy-Edges-Ceramic-Food-Service-Baking-Pans-Wholesale-4-540x540.webp 540w, https:\/\/jinhuaceramic.com\/wp-content\/uploads\/2025\/12\/Red-Baking-Dish-Set-with-Wavy-Edges-Ceramic-Food-Service-Baking-Pans-Wholesale-4-660x660.webp 660w\" sizes=\"(max-width: 1001px) 100vw, 1001px\" \/><\/figure>\n<\/div>\n<\/div>","protected":false},"excerpt":{"rendered":"<p>Bem-vindo ao comprar este conjunto de assadeiras de cer\u00e2mica vermelha a granel, com elegantes bordas onduladas, um corpo de cer\u00e2mica dur\u00e1vel de alta temperatura e um design retangular vers\u00e1til. O tamanho m\u00faltiplo e funcional torna-os mais pr\u00e1ticos e adequados para v\u00e1rias tarefas culin\u00e1rias. \u00d3timo para marcas de panifica\u00e7\u00e3o, grossistas de cozinha e personaliza\u00e7\u00e3o OEM\/ODM.<\/p>\n<p>&nbsp;<\/p>","protected":false},"featured_media":11349,"comment_status":"closed","ping_status":"closed","template":"","meta":{"_acf_changed":false},"product_brand":[],"product_cat":[53],"product_tag":[71],"class_list":{"0":"post-11344","1":"product","2":"type-product","3":"status-publish","4":"has-post-thumbnail","6":"product_cat-bakeware-in-bulk","7":"product_tag-wholesale-baking-pans","9":"first","10":"instock","11":"shipping-taxable","12":"product-type-simple"},"acf":[],"_links":{"self":[{"href":"https:\/\/jinhuaceramic.com\/pt\/wp-json\/wp\/v2\/product\/11344","targetHints":{"allow":["GET"]}}],"collection":[{"href":"https:\/\/jinhuaceramic.com\/pt\/wp-json\/wp\/v2\/product"}],"about":[{"href":"https:\/\/jinhuaceramic.com\/pt\/wp-json\/wp\/v2\/types\/product"}],"replies":[{"embeddable":true,"href":"https:\/\/jinhuaceramic.com\/pt\/wp-json\/wp\/v2\/comments?post=11344"}],"version-history":[{"count":0,"href":"https:\/\/jinhuaceramic.com\/pt\/wp-json\/wp\/v2\/product\/11344\/revisions"}],"wp:featuredmedia":[{"embeddable":true,"href":"https:\/\/jinhuaceramic.com\/pt\/wp-json\/wp\/v2\/media\/11349"}],"wp:attachment":[{"href":"https:\/\/jinhuaceramic.com\/pt\/wp-json\/wp\/v2\/media?parent=11344"}],"wp:term":[{"taxonomy":"product_brand","embeddable":true,"href":"https:\/\/jinhuaceramic.com\/pt\/wp-json\/wp\/v2\/product_brand?post=11344"},{"taxonomy":"product_cat","embeddable":true,"href":"https:\/\/jinhuaceramic.com\/pt\/wp-json\/wp\/v2\/product_cat?post=11344"},{"taxonomy":"product_tag","embeddable":true,"href":"https:\/\/jinhuaceramic.com\/pt\/wp-json\/wp\/v2\/product_tag?post=11344"}],"curies":[{"name":"wp","href":"https:\/\/api.w.org\/{rel}","templated":true}]}}