{"id":11360,"date":"2025-12-04T07:22:43","date_gmt":"2025-12-04T07:22:43","guid":{"rendered":"https:\/\/jinhuaceramic.com\/?post_type=product&#038;p=11360"},"modified":"2025-12-04T07:22:48","modified_gmt":"2025-12-04T07:22:48","slug":"green-bathroom-set-wholesale","status":"publish","type":"product","link":"https:\/\/jinhuaceramic.com\/pt\/product\/green-bathroom-set-wholesale\/","title":{"rendered":"Conjunto de casa de banho verde por grosso, acess\u00f3rios de casa de banho em cer\u00e2mica personalizados"},"content":{"rendered":"<div class=\"wp-block-columns is-layout-flex wp-container-core-columns-is-layout-9d6595d7 wp-block-columns-is-layout-flex\">\n<div class=\"wp-block-column is-layout-flow wp-block-column-is-layout-flow\">\n<h3 class=\"wp-block-heading\">Conjunto de casa de banho verde fresco Premium por atacado Carater\u00edsticas:<\/h3>\n\n\n\n<ul class=\"wp-block-list\">\n<li><strong>Estilo fresco:<\/strong> Este conjunto de casa de banho verde por atacado apresenta um esquema de cores verde-claro suave, com um estilo fresco e curativo. A textura que lembra espigas de trigo na superf\u00edcie acrescenta camadas visuais, tornando o conjunto mais requintado e sofisticado.<\/li>\n\n\n\n<li><strong>Material cer\u00e2mico de alta qualidade: <\/strong>Este conjunto de casa de banho verde por atacado \u00e9 feito de cer\u00e2mica de alta temperatura, tem uma estrutura est\u00e1vel, n\u00e3o \u00e9 f\u00e1cil de descolorir, tem um esmalte delicado e brilhante, forte resist\u00eancia a manchas e pode ser mantido limpo com um simples enxaguamento di\u00e1rio.<\/li>\n\n\n\n<li><strong>Elevada praticidade:<\/strong> Estes conjuntos de casa de banho em cer\u00e2mica personalizada incluem dispensadores de sabonete, suportes para escovas de dentes, frascos de armazenamento cobertos, saboneteiras e outros acess\u00f3rios de casa de banho. Podem armazenar separadamente desinfetante para as m\u00e3os\/shampoo, escovas de dentes, cotonetes\/bolas de algod\u00e3o e sabonete, conseguindo uma classifica\u00e7\u00e3o e armazenamento \u201cone-stop\u201d dos artigos de higiene da casa de banho, permitindo que a bancada diga adeus \u00e0 desordem.<\/li>\n\n\n\n<li><strong>Adequado para v\u00e1rios estilos de casa de banho:<\/strong> Este conjunto de casa de banho verde por atacado combina facilmente com azulejos de madeira, brancos e de cor clara, tornando-os adequados para estilos modernos, escandinavos e naturais, entre outros. Tamb\u00e9m adequado para projectos hoteleiros de grande escala, supermercados, com\u00e9rcio eletr\u00f3nico transfronteiri\u00e7o e personaliza\u00e7\u00e3o de marcas.<\/li>\n<\/ul>\n<\/div>\n\n\n\n<div class=\"wp-block-column is-layout-flow wp-block-column-is-layout-flow\">\n<figure class=\"wp-block-image size-full\"><img fetchpriority=\"high\" decoding=\"async\" width=\"2560\" height=\"2560\" src=\"https:\/\/jinhuaceramic.com\/wp-content\/uploads\/2025\/12\/Fresh-Green-Bathroom-Set-Ceramic-Custom-Made-Bathroom-Accessories-Wholesale-4.webp\" alt=\"green-bathroom-set-wholesale-custom-ceramic-bath-accessory-4\" class=\"wp-image-11363\" srcset=\"https:\/\/jinhuaceramic.com\/wp-content\/uploads\/2025\/12\/Fresh-Green-Bathroom-Set-Ceramic-Custom-Made-Bathroom-Accessories-Wholesale-4.webp 2560w, https:\/\/jinhuaceramic.com\/wp-content\/uploads\/2025\/12\/Fresh-Green-Bathroom-Set-Ceramic-Custom-Made-Bathroom-Accessories-Wholesale-4-300x300.webp 300w, https:\/\/jinhuaceramic.com\/wp-content\/uploads\/2025\/12\/Fresh-Green-Bathroom-Set-Ceramic-Custom-Made-Bathroom-Accessories-Wholesale-4-150x150.webp 150w, https:\/\/jinhuaceramic.com\/wp-content\/uploads\/2025\/12\/Fresh-Green-Bathroom-Set-Ceramic-Custom-Made-Bathroom-Accessories-Wholesale-4-768x768.webp 768w, https:\/\/jinhuaceramic.com\/wp-content\/uploads\/2025\/12\/Fresh-Green-Bathroom-Set-Ceramic-Custom-Made-Bathroom-Accessories-Wholesale-4-12x12.webp 12w, https:\/\/jinhuaceramic.com\/wp-content\/uploads\/2025\/12\/Fresh-Green-Bathroom-Set-Ceramic-Custom-Made-Bathroom-Accessories-Wholesale-4-285x285.webp 285w, https:\/\/jinhuaceramic.com\/wp-content\/uploads\/2025\/12\/Fresh-Green-Bathroom-Set-Ceramic-Custom-Made-Bathroom-Accessories-Wholesale-4-1600x1600.webp 1600w, https:\/\/jinhuaceramic.com\/wp-content\/uploads\/2025\/12\/Fresh-Green-Bathroom-Set-Ceramic-Custom-Made-Bathroom-Accessories-Wholesale-4-270x270.webp 270w, https:\/\/jinhuaceramic.com\/wp-content\/uploads\/2025\/12\/Fresh-Green-Bathroom-Set-Ceramic-Custom-Made-Bathroom-Accessories-Wholesale-4-540x540.webp 540w, https:\/\/jinhuaceramic.com\/wp-content\/uploads\/2025\/12\/Fresh-Green-Bathroom-Set-Ceramic-Custom-Made-Bathroom-Accessories-Wholesale-4-660x660.webp 660w\" sizes=\"(max-width: 2560px) 100vw, 2560px\" \/><\/figure>\n<\/div>\n<\/div>","protected":false},"excerpt":{"rendered":"<p>Bem-vindo a comprar o nosso conjunto de casa de banho verde por atacado, combinando praticidade e est\u00e9tica, n\u00e3o s\u00f3 melhorando o estilo da casa de banho com um estilo fresco e suave, mas tamb\u00e9m tornando o processo de lavagem mais conveniente atrav\u00e9s do armazenamento cient\u00edfico. Feito de cer\u00e2mica dur\u00e1vel de alta temperatura, \u00e9 f\u00e1cil de limpar, resistente \u00e0 humidade e ideal para hot\u00e9is, retalhistas e marcas de decora\u00e7\u00e3o para casa.<\/p>","protected":false},"featured_media":11362,"comment_status":"closed","ping_status":"closed","template":"","meta":{"_acf_changed":false},"product_brand":[],"product_cat":[51],"product_tag":[74],"class_list":{"0":"post-11360","1":"product","2":"type-product","3":"status-publish","4":"has-post-thumbnail","6":"product_cat-bathroom-accessories-wholesale","7":"product_tag-ceramic-bath-accessories-wholesale","9":"first","10":"instock","11":"shipping-taxable","12":"product-type-simple"},"acf":[],"_links":{"self":[{"href":"https:\/\/jinhuaceramic.com\/pt\/wp-json\/wp\/v2\/product\/11360","targetHints":{"allow":["GET"]}}],"collection":[{"href":"https:\/\/jinhuaceramic.com\/pt\/wp-json\/wp\/v2\/product"}],"about":[{"href":"https:\/\/jinhuaceramic.com\/pt\/wp-json\/wp\/v2\/types\/product"}],"replies":[{"embeddable":true,"href":"https:\/\/jinhuaceramic.com\/pt\/wp-json\/wp\/v2\/comments?post=11360"}],"version-history":[{"count":0,"href":"https:\/\/jinhuaceramic.com\/pt\/wp-json\/wp\/v2\/product\/11360\/revisions"}],"wp:featuredmedia":[{"embeddable":true,"href":"https:\/\/jinhuaceramic.com\/pt\/wp-json\/wp\/v2\/media\/11362"}],"wp:attachment":[{"href":"https:\/\/jinhuaceramic.com\/pt\/wp-json\/wp\/v2\/media?parent=11360"}],"wp:term":[{"taxonomy":"product_brand","embeddable":true,"href":"https:\/\/jinhuaceramic.com\/pt\/wp-json\/wp\/v2\/product_brand?post=11360"},{"taxonomy":"product_cat","embeddable":true,"href":"https:\/\/jinhuaceramic.com\/pt\/wp-json\/wp\/v2\/product_cat?post=11360"},{"taxonomy":"product_tag","embeddable":true,"href":"https:\/\/jinhuaceramic.com\/pt\/wp-json\/wp\/v2\/product_tag?post=11360"}],"curies":[{"name":"wp","href":"https:\/\/api.w.org\/{rel}","templated":true}]}}