{"id":11426,"date":"2025-12-11T06:12:51","date_gmt":"2025-12-11T06:12:51","guid":{"rendered":"https:\/\/jinhuaceramic.com\/?post_type=product&#038;p=11426"},"modified":"2025-12-11T06:12:55","modified_gmt":"2025-12-11T06:12:55","slug":"mini-ramekins-wholesale","status":"publish","type":"product","link":"https:\/\/jinhuaceramic.com\/pt\/product\/mini-ramekins-wholesale\/","title":{"rendered":"Mini ramequins bicolores por grosso, fornecimento de copos de sufl\u00ea de cer\u00e2mica"},"content":{"rendered":"<div class=\"wp-block-columns is-layout-flex wp-container-core-columns-is-layout-9d6595d7 wp-block-columns-is-layout-flex\">\n<div class=\"wp-block-column is-layout-flow wp-block-column-is-layout-flow\">\n<h3 class=\"wp-block-heading\">Mini Ramequins Premium de dois tons Carater\u00edsticas por atacado:<\/h3>\n\n\n\n<ul class=\"wp-block-list\">\n<li><strong>Design em dois tons:<\/strong> Estes mini ramequins para venda por grosso apresentam um design de duas cores. O corpo principal \u00e9 azul escuro\/branco puro, enquanto a \u00e1rea inferior \u00e9 castanho claro. O efeito de contraste de cores \u00e9 simples e elegante, e o castanho claro acrescenta uma atmosfera natural e r\u00fastica.<\/li>\n\n\n\n<li><strong>O design empilh\u00e1vel poupa espa\u00e7o:<\/strong> Estes mini ramequins s\u00e3o empilhados de forma est\u00e1vel, reduzindo a press\u00e3o de armazenamento na cozinha e nas \u00e1reas de prepara\u00e7\u00e3o de alimentos, facilitando uma gest\u00e3o eficiente da cozinha.<\/li>\n\n\n\n<li><strong>Seguro e f\u00e1cil de limpar: <\/strong>Os nossos mini ramequins para venda por grosso s\u00e3o feitos de gr\u00e9s vidrado, que n\u00e3o \u00e9 poroso e n\u00e3o absorve odores nem descolora, al\u00e9m de poderem ser lavados na m\u00e1quina de lavar lou\u00e7a, promovendo a efici\u00eancia dos restaurantes.<\/li>\n\n\n\n<li><strong>Capacidade moderada: <\/strong>Estas ch\u00e1venas para souffl\u00e9 personalizadas medem 4\u201d de di\u00e2metro e 2,1\u201d de altura, e a capacidade de uma \u00fanica ch\u00e1vena \u00e9 de 1 ch\u00e1vena (cerca de 240 ml), aplic\u00e1vel para cozer tipos de pequenos cremes, como souffl\u00e9s, creme brulee, tartes de ovo, etc. Tamb\u00e9m podem ser utilizadas para guardar molhos, iogurte e muito mais.<\/li>\n\n\n\n<li><strong>Material de qualidade superior:<\/strong> Estes copos para souffl\u00e9 personalizados s\u00e3o feitos de material cer\u00e2mico natural, garantindo a seguran\u00e7a e a sa\u00fade dos alimentos durante a cozedura a alta temperatura ou o armazenamento a baixa temperatura. Foram concebidas para uma utiliza\u00e7\u00e3o frequente.<\/li>\n<\/ul>\n<\/div>\n\n\n\n<div class=\"wp-block-column is-layout-flow wp-block-column-is-layout-flow\">\n<figure class=\"wp-block-image size-full\"><img fetchpriority=\"high\" decoding=\"async\" width=\"1478\" height=\"1500\" src=\"https:\/\/jinhuaceramic.com\/wp-content\/uploads\/2025\/12\/Two-Tone-Bulk-Ramekins-Wholesale-Creme-Brulee-Souffle-Cups-for-Restaurant-3.webp\" alt=\"dois-tons-mini-ramekins-fornecimento-\u00e0-venda-cer\u00e2mica-souffle-cup-supply-3\" class=\"wp-image-11428\" srcset=\"https:\/\/jinhuaceramic.com\/wp-content\/uploads\/2025\/12\/Two-Tone-Bulk-Ramekins-Wholesale-Creme-Brulee-Souffle-Cups-for-Restaurant-3.webp 1478w, https:\/\/jinhuaceramic.com\/wp-content\/uploads\/2025\/12\/Two-Tone-Bulk-Ramekins-Wholesale-Creme-Brulee-Souffle-Cups-for-Restaurant-3-296x300.webp 296w, https:\/\/jinhuaceramic.com\/wp-content\/uploads\/2025\/12\/Two-Tone-Bulk-Ramekins-Wholesale-Creme-Brulee-Souffle-Cups-for-Restaurant-3-768x779.webp 768w, https:\/\/jinhuaceramic.com\/wp-content\/uploads\/2025\/12\/Two-Tone-Bulk-Ramekins-Wholesale-Creme-Brulee-Souffle-Cups-for-Restaurant-3-12x12.webp 12w, https:\/\/jinhuaceramic.com\/wp-content\/uploads\/2025\/12\/Two-Tone-Bulk-Ramekins-Wholesale-Creme-Brulee-Souffle-Cups-for-Restaurant-3-285x289.webp 285w, https:\/\/jinhuaceramic.com\/wp-content\/uploads\/2025\/12\/Two-Tone-Bulk-Ramekins-Wholesale-Creme-Brulee-Souffle-Cups-for-Restaurant-3-650x660.webp 650w, https:\/\/jinhuaceramic.com\/wp-content\/uploads\/2025\/12\/Two-Tone-Bulk-Ramekins-Wholesale-Creme-Brulee-Souffle-Cups-for-Restaurant-3-148x150.webp 148w\" sizes=\"(max-width: 1478px) 100vw, 1478px\" \/><\/figure>\n<\/div>\n<\/div>","protected":false},"excerpt":{"rendered":"<p>Bem-vindo ao comprar estes mini ramequins bicolores por atacado, concebidos para utiliza\u00e7\u00e3o profissional em restaurantes, com porcelana duradoura de alta temperatura, um acabamento moderno de duas cores e um design empilh\u00e1vel e econ\u00f3mico em termos de espa\u00e7o. Quer seja para cozinhar diariamente em casa ou para uso comercial em restaurantes e caf\u00e9s, podem demonstrar o seu valor \u00fanico e apoiar a personaliza\u00e7\u00e3o completa OEM\/ODM para compradores grossistas.<\/p>","protected":false},"featured_media":11427,"comment_status":"closed","ping_status":"closed","template":"","meta":{"_acf_changed":false},"product_brand":[],"product_cat":[53],"product_tag":[71],"class_list":{"0":"post-11426","1":"product","2":"type-product","3":"status-publish","4":"has-post-thumbnail","6":"product_cat-bakeware-in-bulk","7":"product_tag-wholesale-baking-pans","9":"first","10":"instock","11":"shipping-taxable","12":"product-type-simple"},"acf":[],"_links":{"self":[{"href":"https:\/\/jinhuaceramic.com\/pt\/wp-json\/wp\/v2\/product\/11426","targetHints":{"allow":["GET"]}}],"collection":[{"href":"https:\/\/jinhuaceramic.com\/pt\/wp-json\/wp\/v2\/product"}],"about":[{"href":"https:\/\/jinhuaceramic.com\/pt\/wp-json\/wp\/v2\/types\/product"}],"replies":[{"embeddable":true,"href":"https:\/\/jinhuaceramic.com\/pt\/wp-json\/wp\/v2\/comments?post=11426"}],"version-history":[{"count":0,"href":"https:\/\/jinhuaceramic.com\/pt\/wp-json\/wp\/v2\/product\/11426\/revisions"}],"wp:featuredmedia":[{"embeddable":true,"href":"https:\/\/jinhuaceramic.com\/pt\/wp-json\/wp\/v2\/media\/11427"}],"wp:attachment":[{"href":"https:\/\/jinhuaceramic.com\/pt\/wp-json\/wp\/v2\/media?parent=11426"}],"wp:term":[{"taxonomy":"product_brand","embeddable":true,"href":"https:\/\/jinhuaceramic.com\/pt\/wp-json\/wp\/v2\/product_brand?post=11426"},{"taxonomy":"product_cat","embeddable":true,"href":"https:\/\/jinhuaceramic.com\/pt\/wp-json\/wp\/v2\/product_cat?post=11426"},{"taxonomy":"product_tag","embeddable":true,"href":"https:\/\/jinhuaceramic.com\/pt\/wp-json\/wp\/v2\/product_tag?post=11426"}],"curies":[{"name":"wp","href":"https:\/\/api.w.org\/{rel}","templated":true}]}}