{"id":11442,"date":"2025-12-18T06:30:22","date_gmt":"2025-12-18T06:30:22","guid":{"rendered":"https:\/\/jinhuaceramic.com\/?post_type=product&#038;p=11442"},"modified":"2025-12-18T06:38:13","modified_gmt":"2025-12-18T06:38:13","slug":"wholesale-white-bathroom-accessories","status":"publish","type":"product","link":"https:\/\/jinhuaceramic.com\/pt\/product\/wholesale-white-bathroom-accessories\/","title":{"rendered":"Acess\u00f3rios de casa de banho brancos por grosso, conjunto de casa de banho personalizado"},"content":{"rendered":"<div class=\"wp-block-columns is-layout-flex wp-container-core-columns-is-layout-9d6595d7 wp-block-columns-is-layout-flex\">\n<div class=\"wp-block-column is-layout-flow wp-block-column-is-layout-flow\">\n<h3 class=\"wp-block-heading\">Acess\u00f3rios de casa de banho brancos premium para revenda Caracter\u00edsticas:<\/h3>\n\n\n\n<ul class=\"wp-block-list\">\n<li><strong>Elevada praticidade:<\/strong> Estes acess\u00f3rios brancos para casa de banho por grosso incluem dispensadores de sabonete, suportes para escovas de dentes e saboneteiras, satisfazendo as necessidades de arruma\u00e7\u00e3o dos artigos de casa de banho do dia a dia e tornando a bancada mais arrumada e organizada.<\/li>\n\n\n\n<li><strong>Estilo simples e moderno: <\/strong>Todos estes conjuntos de casa de banho personalizados de qualidade s\u00e3o na cor branca s\u00f3lida com texturas serrilhadas tridimensionais, minimalistas e elegantes, adequados para a maioria dos estilos de decora\u00e7\u00e3o de casa de banho, decorando o seu espa\u00e7o com beleza simples.<\/li>\n\n\n\n<li><strong>Material duradouro:<\/strong> Estes acess\u00f3rios brancos para casa de banho, vendidos por grosso, s\u00e3o fabricados em cer\u00e2mica de alta qualidade, um material duro e resistente ao desgaste, dif\u00edcil de destruir e com uma longa vida \u00fatil. Mant\u00eam um excelente desempenho mesmo ap\u00f3s longa exposi\u00e7\u00e3o \u00e0 \u00e1gua e a condi\u00e7\u00f5es h\u00famidas.<\/li>\n\n\n\n<li><strong>F\u00e1cil de limpar: <\/strong>Estes acess\u00f3rios de casa de banho em cer\u00e2mica personalizados t\u00eam um acabamento esmaltado com uma superf\u00edcie lisa e densa e, apesar do acabamento serrilhado ser irregular, n\u00e3o \u00e9 como se fosse poss\u00edvel esconder a sujidade. Podem ser limpos diariamente com um pano h\u00famido e a manuten\u00e7\u00e3o \u00e9 de baixo custo.<\/li>\n\n\n\n<li><strong>Adequado para compras a granel:<\/strong> Estes acess\u00f3rios brancos para casa de banho por grosso t\u00eam uma estrutura de produto madura e s\u00e3o adequados para encomendas por grosso de hot\u00e9is, apartamentos, projetos imobili\u00e1rios e marcas de retalho.<\/li>\n<\/ul>\n<\/div>\n\n\n\n<div class=\"wp-block-column is-layout-flow wp-block-column-is-layout-flow\">\n<figure class=\"wp-block-image size-full\"><img fetchpriority=\"high\" decoding=\"async\" width=\"713\" height=\"713\" src=\"https:\/\/jinhuaceramic.com\/wp-content\/uploads\/2025\/12\/White-Bathroom-Accessories-Wholesale-Soap-Dispenser-and-Toothbrush-Holder-Set-4.webp\" alt=\"acess\u00f3rios-de-banheiro-brancos-por-atacado-conjunto-de-banho-de-cer\u00e2mica-personalizado-4\" class=\"wp-image-11445\" srcset=\"https:\/\/jinhuaceramic.com\/wp-content\/uploads\/2025\/12\/White-Bathroom-Accessories-Wholesale-Soap-Dispenser-and-Toothbrush-Holder-Set-4.webp 713w, https:\/\/jinhuaceramic.com\/wp-content\/uploads\/2025\/12\/White-Bathroom-Accessories-Wholesale-Soap-Dispenser-and-Toothbrush-Holder-Set-4-300x300.webp 300w, https:\/\/jinhuaceramic.com\/wp-content\/uploads\/2025\/12\/White-Bathroom-Accessories-Wholesale-Soap-Dispenser-and-Toothbrush-Holder-Set-4-150x150.webp 150w, https:\/\/jinhuaceramic.com\/wp-content\/uploads\/2025\/12\/White-Bathroom-Accessories-Wholesale-Soap-Dispenser-and-Toothbrush-Holder-Set-4-12x12.webp 12w, https:\/\/jinhuaceramic.com\/wp-content\/uploads\/2025\/12\/White-Bathroom-Accessories-Wholesale-Soap-Dispenser-and-Toothbrush-Holder-Set-4-285x285.webp 285w, https:\/\/jinhuaceramic.com\/wp-content\/uploads\/2025\/12\/White-Bathroom-Accessories-Wholesale-Soap-Dispenser-and-Toothbrush-Holder-Set-4-270x270.webp 270w, https:\/\/jinhuaceramic.com\/wp-content\/uploads\/2025\/12\/White-Bathroom-Accessories-Wholesale-Soap-Dispenser-and-Toothbrush-Holder-Set-4-540x540.webp 540w, https:\/\/jinhuaceramic.com\/wp-content\/uploads\/2025\/12\/White-Bathroom-Accessories-Wholesale-Soap-Dispenser-and-Toothbrush-Holder-Set-4-660x660.webp 660w\" sizes=\"(max-width: 713px) 100vw, 713px\" \/><\/figure>\n<\/div>\n<\/div>","protected":false},"excerpt":{"rendered":"<p>Bem-vindo \u00e0 compra dos nossos acess\u00f3rios de casa de banho brancos por grosso, com um conjunto minimalista de 3 pe\u00e7as em cer\u00e2mica, fabricado em cer\u00e2mica cozida a alta temperatura com um esmalte suave e f\u00e1cil de limpar. Estes conjuntos de casa de banho n\u00e3o s\u00f3 real\u00e7am a beleza geral da casa de banho, como tamb\u00e9m combinam praticidade e durabilidade, tornando-os uma parte indispens\u00e1vel da vida dom\u00e9stica moderna.<\/p>","protected":false},"featured_media":11446,"comment_status":"closed","ping_status":"closed","template":"","meta":{"_acf_changed":false},"product_brand":[],"product_cat":[51],"product_tag":[74],"class_list":{"0":"post-11442","1":"product","2":"type-product","3":"status-publish","4":"has-post-thumbnail","6":"product_cat-bathroom-accessories-wholesale","7":"product_tag-ceramic-bath-accessories-wholesale","9":"first","10":"instock","11":"shipping-taxable","12":"product-type-simple"},"acf":[],"_links":{"self":[{"href":"https:\/\/jinhuaceramic.com\/pt\/wp-json\/wp\/v2\/product\/11442","targetHints":{"allow":["GET"]}}],"collection":[{"href":"https:\/\/jinhuaceramic.com\/pt\/wp-json\/wp\/v2\/product"}],"about":[{"href":"https:\/\/jinhuaceramic.com\/pt\/wp-json\/wp\/v2\/types\/product"}],"replies":[{"embeddable":true,"href":"https:\/\/jinhuaceramic.com\/pt\/wp-json\/wp\/v2\/comments?post=11442"}],"version-history":[{"count":0,"href":"https:\/\/jinhuaceramic.com\/pt\/wp-json\/wp\/v2\/product\/11442\/revisions"}],"wp:featuredmedia":[{"embeddable":true,"href":"https:\/\/jinhuaceramic.com\/pt\/wp-json\/wp\/v2\/media\/11446"}],"wp:attachment":[{"href":"https:\/\/jinhuaceramic.com\/pt\/wp-json\/wp\/v2\/media?parent=11442"}],"wp:term":[{"taxonomy":"product_brand","embeddable":true,"href":"https:\/\/jinhuaceramic.com\/pt\/wp-json\/wp\/v2\/product_brand?post=11442"},{"taxonomy":"product_cat","embeddable":true,"href":"https:\/\/jinhuaceramic.com\/pt\/wp-json\/wp\/v2\/product_cat?post=11442"},{"taxonomy":"product_tag","embeddable":true,"href":"https:\/\/jinhuaceramic.com\/pt\/wp-json\/wp\/v2\/product_tag?post=11442"}],"curies":[{"name":"wp","href":"https:\/\/api.w.org\/{rel}","templated":true}]}}