{"id":11504,"date":"2025-12-18T03:49:14","date_gmt":"2025-12-18T03:49:14","guid":{"rendered":"https:\/\/jinhuaceramic.com\/?post_type=product&#038;p=11504"},"modified":"2025-12-18T03:54:52","modified_gmt":"2025-12-18T03:54:52","slug":"wholesale-casserole-dish-with-lid","status":"publish","type":"product","link":"https:\/\/jinhuaceramic.com\/pt\/product\/wholesale-casserole-dish-with-lid\/","title":{"rendered":"Venda por grosso de ca\u00e7arola com tampa, utens\u00edlios de cozinha em cer\u00e2mica"},"content":{"rendered":"<div class=\"wp-block-columns is-layout-flex wp-container-core-columns-is-layout-9d6595d7 wp-block-columns-is-layout-flex\">\n<div class=\"wp-block-column is-layout-flow wp-block-column-is-layout-flow\">\n<h3 class=\"wp-block-heading\">Premium Turquoise Wholesale Casserole Dish with Lid\u00a0Features:<\/h3>\n\n\n\n<ul class=\"wp-block-list\">\n<li><strong>Design elegante:<\/strong> This wholesale casserole dish with lid comes in a soft turquoise color with raised white floral patterns on the outside wall, bringing an exotic style with artistic elements and creating a special visual impact on the dining table\u2002, which helps enhance the whole dining environment.<\/li>\n\n\n\n<li><strong>Pormenores bem pensados:<\/strong> This wholesale casserole dish with lid can lock in the aroma and moisture of the food, making the baked ingredients more tender and fresh. At the same time, they can also prevent oil stains from splashing out during baking. The handles on both sides facilitate the movement of the baking dish.<\/li>\n\n\n\n<li><strong>Multi-Scenario Adaptation: <\/strong>These custom casserole dishes with lids can be used for baking in an oven, as a stew pot for induction cooker cooking, or directly served on the table to keep warm, achieving an integrated &#8220;cooking &#8211; serving&#8221; process.<\/li>\n\n\n\n<li><strong>Material de alta qualidade:<\/strong> These custom baking dishes are made from ceramic, which has excellent thermal\u2002conductivity and heat resistance. They allow the food to cook evenly and keep\u2002the trays from warping under the heat.<\/li>\n<\/ul>\n<\/div>\n\n\n\n<div class=\"wp-block-column is-layout-flow wp-block-column-is-layout-flow\">\n<figure class=\"wp-block-image size-full\"><img fetchpriority=\"high\" decoding=\"async\" width=\"1404\" height=\"1404\" src=\"https:\/\/jinhuaceramic.com\/wp-content\/uploads\/2025\/12\/Turquoise-Custom-Casserole-Dish-with-Lid-Ceramic-Wholesale-Bakeware-Supplies.webp\" alt=\"turquoise-wholesale-casserole-dish-with-lid-ceramic-bakeware-supplies-1\" class=\"wp-image-11510\" srcset=\"https:\/\/jinhuaceramic.com\/wp-content\/uploads\/2025\/12\/Turquoise-Custom-Casserole-Dish-with-Lid-Ceramic-Wholesale-Bakeware-Supplies.webp 1404w, https:\/\/jinhuaceramic.com\/wp-content\/uploads\/2025\/12\/Turquoise-Custom-Casserole-Dish-with-Lid-Ceramic-Wholesale-Bakeware-Supplies-300x300.webp 300w, https:\/\/jinhuaceramic.com\/wp-content\/uploads\/2025\/12\/Turquoise-Custom-Casserole-Dish-with-Lid-Ceramic-Wholesale-Bakeware-Supplies-150x150.webp 150w, https:\/\/jinhuaceramic.com\/wp-content\/uploads\/2025\/12\/Turquoise-Custom-Casserole-Dish-with-Lid-Ceramic-Wholesale-Bakeware-Supplies-768x768.webp 768w, https:\/\/jinhuaceramic.com\/wp-content\/uploads\/2025\/12\/Turquoise-Custom-Casserole-Dish-with-Lid-Ceramic-Wholesale-Bakeware-Supplies-12x12.webp 12w, https:\/\/jinhuaceramic.com\/wp-content\/uploads\/2025\/12\/Turquoise-Custom-Casserole-Dish-with-Lid-Ceramic-Wholesale-Bakeware-Supplies-285x285.webp 285w, https:\/\/jinhuaceramic.com\/wp-content\/uploads\/2025\/12\/Turquoise-Custom-Casserole-Dish-with-Lid-Ceramic-Wholesale-Bakeware-Supplies-270x270.webp 270w, https:\/\/jinhuaceramic.com\/wp-content\/uploads\/2025\/12\/Turquoise-Custom-Casserole-Dish-with-Lid-Ceramic-Wholesale-Bakeware-Supplies-540x540.webp 540w, https:\/\/jinhuaceramic.com\/wp-content\/uploads\/2025\/12\/Turquoise-Custom-Casserole-Dish-with-Lid-Ceramic-Wholesale-Bakeware-Supplies-660x660.webp 660w\" sizes=\"(max-width: 1404px) 100vw, 1404px\" \/><\/figure>\n<\/div>\n<\/div>","protected":false},"excerpt":{"rendered":"<p>Welcome to purchase our turquoise wholesale casserole dish with lid. Add a bright touch of color to modern kitchens with its elegant design, practical functions, multi-scenario\u00a0adaptability, and excellent materials. Designed for baking and serving, it combines vibrant glaze aesthetics with durable functionality, making it an ideal wholesale ceramic bakeware solution.<\/p>","protected":false},"featured_media":11506,"comment_status":"closed","ping_status":"closed","template":"","meta":{"_acf_changed":false},"product_brand":[],"product_cat":[53],"product_tag":[71],"class_list":{"0":"post-11504","1":"product","2":"type-product","3":"status-publish","4":"has-post-thumbnail","6":"product_cat-bakeware-in-bulk","7":"product_tag-wholesale-baking-pans","9":"first","10":"instock","11":"shipping-taxable","12":"product-type-simple"},"acf":[],"_links":{"self":[{"href":"https:\/\/jinhuaceramic.com\/pt\/wp-json\/wp\/v2\/product\/11504","targetHints":{"allow":["GET"]}}],"collection":[{"href":"https:\/\/jinhuaceramic.com\/pt\/wp-json\/wp\/v2\/product"}],"about":[{"href":"https:\/\/jinhuaceramic.com\/pt\/wp-json\/wp\/v2\/types\/product"}],"replies":[{"embeddable":true,"href":"https:\/\/jinhuaceramic.com\/pt\/wp-json\/wp\/v2\/comments?post=11504"}],"version-history":[{"count":0,"href":"https:\/\/jinhuaceramic.com\/pt\/wp-json\/wp\/v2\/product\/11504\/revisions"}],"wp:featuredmedia":[{"embeddable":true,"href":"https:\/\/jinhuaceramic.com\/pt\/wp-json\/wp\/v2\/media\/11506"}],"wp:attachment":[{"href":"https:\/\/jinhuaceramic.com\/pt\/wp-json\/wp\/v2\/media?parent=11504"}],"wp:term":[{"taxonomy":"product_brand","embeddable":true,"href":"https:\/\/jinhuaceramic.com\/pt\/wp-json\/wp\/v2\/product_brand?post=11504"},{"taxonomy":"product_cat","embeddable":true,"href":"https:\/\/jinhuaceramic.com\/pt\/wp-json\/wp\/v2\/product_cat?post=11504"},{"taxonomy":"product_tag","embeddable":true,"href":"https:\/\/jinhuaceramic.com\/pt\/wp-json\/wp\/v2\/product_tag?post=11504"}],"curies":[{"name":"wp","href":"https:\/\/api.w.org\/{rel}","templated":true}]}}