{"id":11569,"date":"2025-12-30T09:31:47","date_gmt":"2025-12-30T09:31:47","guid":{"rendered":"https:\/\/jinhuaceramic.com\/?post_type=product&#038;p=11569"},"modified":"2025-12-30T09:31:53","modified_gmt":"2025-12-30T09:31:53","slug":"custom-soap-dispenser-bottle","status":"publish","type":"product","link":"https:\/\/jinhuaceramic.com\/pt\/product\/custom-soap-dispenser-bottle\/","title":{"rendered":"Frasco dispensador de sabonete personalizado a granel com formato de flor"},"content":{"rendered":"<div class=\"wp-block-columns is-layout-flex wp-container-core-columns-is-layout-9d6595d7 wp-block-columns-is-layout-flex\">\n<div class=\"wp-block-column is-layout-flow wp-block-column-is-layout-flow\">\n<h3 class=\"wp-block-heading\">Frasco dispensador de sab\u00e3o personalizado Premium Carater\u00edsticas:<\/h3>\n\n\n\n<ul class=\"wp-block-list\">\n<li><strong>Forma \u00fanica: <\/strong>O frasco dispensador de sabonete personalizado apresenta uma forma de flor tridimensional com padr\u00f5es de p\u00e9talas radiantes na superf\u00edcie, combinados com tons suaves de rosa claro\/branco, criando um estilo fresco e doce que acrescenta uma atmosfera rom\u00e2ntica ao espa\u00e7o.<\/li>\n\n\n\n<li><strong>Elevada praticidade:<\/strong> As bombas equipadas com o frasco dispensador de sab\u00e3o personalizado t\u00eam uma press\u00e3o suave, um ressalto r\u00e1pido, uma sa\u00edda de l\u00edquido est\u00e1vel e evitam desperd\u00edcios. A garrafa tem uma capacidade moderada, que pode satisfazer as necessidades de utiliza\u00e7\u00e3o di\u00e1ria sem ocupar espa\u00e7o na bancada devido ao seu grande tamanho.<\/li>\n\n\n\n<li><strong>Material duradouro: <\/strong>Estas garrafas de sab\u00e3o personalizadas s\u00e3o feitas de materiais cer\u00e2micos de alta qualidade, que t\u00eam as carater\u00edsticas de alta dureza, resist\u00eancia ao desgaste, resist\u00eancia \u00e0 corros\u00e3o, etc., e podem manter a apar\u00eancia e o desempenho dos dispensadores de sab\u00e3o por muito tempo.<\/li>\n\n\n\n<li><strong>Artesanato requintado: <\/strong>Estes dispensadores de sab\u00e3o a granel s\u00e3o meticulosamente fabricados atrav\u00e9s de m\u00faltiplos processos. A textura das p\u00e9talas e o efeito tridimensional das formas s\u00e3o todos tratados com grande delicadeza, demonstrando um n\u00edvel requintado de artesanato.<\/li>\n\n\n\n<li><strong>Amplas aplica\u00e7\u00f5es:<\/strong> Estes dispensadores de sab\u00e3o a granel s\u00e3o amplamente utilizados em hot\u00e9is, est\u00e2ncias, pens\u00f5es, retalho de mobili\u00e1rio dom\u00e9stico, conjuntos de oferta, marcas de produtos de casa de banho e canais de com\u00e9rcio eletr\u00f3nico.<\/li>\n<\/ul>\n<\/div>\n\n\n\n<div class=\"wp-block-column is-layout-flow wp-block-column-is-layout-flow\">\n<figure class=\"wp-block-image size-full\"><img fetchpriority=\"high\" decoding=\"async\" width=\"800\" height=\"800\" src=\"https:\/\/jinhuaceramic.com\/wp-content\/uploads\/2025\/12\/Custom-Soap-Dispenser-with-Flower-Shape-Bulk-Liquid-Soap-Bottle-Wholesale-2.webp\" alt=\"garrafa dispensadora de sab\u00e3o a granel personalizada com forma de flor-2\" class=\"wp-image-11570\" srcset=\"https:\/\/jinhuaceramic.com\/wp-content\/uploads\/2025\/12\/Custom-Soap-Dispenser-with-Flower-Shape-Bulk-Liquid-Soap-Bottle-Wholesale-2.webp 800w, https:\/\/jinhuaceramic.com\/wp-content\/uploads\/2025\/12\/Custom-Soap-Dispenser-with-Flower-Shape-Bulk-Liquid-Soap-Bottle-Wholesale-2-300x300.webp 300w, https:\/\/jinhuaceramic.com\/wp-content\/uploads\/2025\/12\/Custom-Soap-Dispenser-with-Flower-Shape-Bulk-Liquid-Soap-Bottle-Wholesale-2-150x150.webp 150w, https:\/\/jinhuaceramic.com\/wp-content\/uploads\/2025\/12\/Custom-Soap-Dispenser-with-Flower-Shape-Bulk-Liquid-Soap-Bottle-Wholesale-2-768x768.webp 768w, https:\/\/jinhuaceramic.com\/wp-content\/uploads\/2025\/12\/Custom-Soap-Dispenser-with-Flower-Shape-Bulk-Liquid-Soap-Bottle-Wholesale-2-12x12.webp 12w, https:\/\/jinhuaceramic.com\/wp-content\/uploads\/2025\/12\/Custom-Soap-Dispenser-with-Flower-Shape-Bulk-Liquid-Soap-Bottle-Wholesale-2-285x285.webp 285w, https:\/\/jinhuaceramic.com\/wp-content\/uploads\/2025\/12\/Custom-Soap-Dispenser-with-Flower-Shape-Bulk-Liquid-Soap-Bottle-Wholesale-2-270x270.webp 270w, https:\/\/jinhuaceramic.com\/wp-content\/uploads\/2025\/12\/Custom-Soap-Dispenser-with-Flower-Shape-Bulk-Liquid-Soap-Bottle-Wholesale-2-540x540.webp 540w, https:\/\/jinhuaceramic.com\/wp-content\/uploads\/2025\/12\/Custom-Soap-Dispenser-with-Flower-Shape-Bulk-Liquid-Soap-Bottle-Wholesale-2-660x660.webp 660w\" sizes=\"(max-width: 800px) 100vw, 800px\" \/><\/figure>\n<\/div>\n<\/div>","protected":false},"excerpt":{"rendered":"<p>Bem-vindo a comprar as nossas garrafas dispensadoras de sab\u00e3o personalizadas com forma de flor, que oferecem um excelente valor decorativo, uma boa experi\u00eancia de utiliza\u00e7\u00e3o e um material de qualidade superior. Eles se tornaram um item dom\u00e9stico pr\u00e1tico e bonito que pode aumentar o prazer psicol\u00f3gico e agregar valor \u00fanico aos espa\u00e7os de vida das pessoas.<\/p>","protected":false},"featured_media":11574,"comment_status":"closed","ping_status":"closed","template":"","meta":{"_acf_changed":false},"product_brand":[],"product_cat":[51],"product_tag":[73],"class_list":{"0":"post-11569","1":"product","2":"type-product","3":"status-publish","4":"has-post-thumbnail","6":"product_cat-bathroom-accessories-wholesale","7":"product_tag-custom-soap-dispensers","9":"first","10":"instock","11":"shipping-taxable","12":"product-type-simple"},"acf":[],"_links":{"self":[{"href":"https:\/\/jinhuaceramic.com\/pt\/wp-json\/wp\/v2\/product\/11569","targetHints":{"allow":["GET"]}}],"collection":[{"href":"https:\/\/jinhuaceramic.com\/pt\/wp-json\/wp\/v2\/product"}],"about":[{"href":"https:\/\/jinhuaceramic.com\/pt\/wp-json\/wp\/v2\/types\/product"}],"replies":[{"embeddable":true,"href":"https:\/\/jinhuaceramic.com\/pt\/wp-json\/wp\/v2\/comments?post=11569"}],"version-history":[{"count":0,"href":"https:\/\/jinhuaceramic.com\/pt\/wp-json\/wp\/v2\/product\/11569\/revisions"}],"wp:featuredmedia":[{"embeddable":true,"href":"https:\/\/jinhuaceramic.com\/pt\/wp-json\/wp\/v2\/media\/11574"}],"wp:attachment":[{"href":"https:\/\/jinhuaceramic.com\/pt\/wp-json\/wp\/v2\/media?parent=11569"}],"wp:term":[{"taxonomy":"product_brand","embeddable":true,"href":"https:\/\/jinhuaceramic.com\/pt\/wp-json\/wp\/v2\/product_brand?post=11569"},{"taxonomy":"product_cat","embeddable":true,"href":"https:\/\/jinhuaceramic.com\/pt\/wp-json\/wp\/v2\/product_cat?post=11569"},{"taxonomy":"product_tag","embeddable":true,"href":"https:\/\/jinhuaceramic.com\/pt\/wp-json\/wp\/v2\/product_tag?post=11569"}],"curies":[{"name":"wp","href":"https:\/\/api.w.org\/{rel}","templated":true}]}}