{"id":11616,"date":"2025-12-31T03:00:51","date_gmt":"2025-12-31T03:00:51","guid":{"rendered":"https:\/\/jinhuaceramic.com\/?post_type=product&#038;p=11616"},"modified":"2025-12-31T03:00:54","modified_gmt":"2025-12-31T03:00:54","slug":"matte-black-bathroom-set-supply","status":"publish","type":"product","link":"https:\/\/jinhuaceramic.com\/pt\/product\/matte-black-bathroom-set-supply\/","title":{"rendered":"Conjunto para casa de banho em preto mate, conjunto de pratos dispensadores personalizados"},"content":{"rendered":"<div class=\"wp-block-columns is-layout-flex wp-container-core-columns-is-layout-9d6595d7 wp-block-columns-is-layout-flex\">\n<div class=\"wp-block-column is-layout-flow wp-block-column-is-layout-flow\">\n<h3 class=\"wp-block-heading\">Conjunto de casa de banho preto mate Premium Carater\u00edsticas de fornecimento:<\/h3>\n\n\n\n<ul class=\"wp-block-list\">\n<li><strong>Design moderno:<\/strong> Este conjunto de casa de banho em preto mate foi concebido com preto mate e textura de riscas verticais, com um estilo simples e moderno. As riscas verticais finas acrescentam camadas visuais e evitam a monotonia do preto puro. O esmalte mate apresenta um efeito mate delicado, que \u00e9 simultaneamente de alta qualidade e menos suscet\u00edvel de deixar impress\u00f5es digitais.<\/li>\n\n\n\n<li><strong>Elevada praticidade: <\/strong>Este conjunto de casa de banho em preto mate fornece uma variedade de essenciais pr\u00e1ticos para a casa de banho: dispensadores de sabonete, suportes para escovas de dentes, frascos de arruma\u00e7\u00e3o, suportes para copos de papel, saboneteiras, conseguindo uma arruma\u00e7\u00e3o limpa \u201cone-stop\u201d e despedindo-se de bancadas desordenadas.<\/li>\n\n\n\n<li><strong>Robusto e duradouro:<\/strong> Estes conjuntos de casa de banho por atacado s\u00e3o feitos de materiais cer\u00e2micos de alta qualidade que foram cozidos a altas temperaturas e t\u00eam um certo grau de dureza. Em compara\u00e7\u00e3o com os materiais de resina ou pl\u00e1stico, os materiais cer\u00e2micos s\u00e3o mais resistentes e dur\u00e1veis, menos propensos a arranh\u00f5es e desgaste, e t\u00eam uma vida \u00fatil mais longa.<\/li>\n\n\n\n<li><strong>F\u00e1cil de limpar: <\/strong>Estes conjuntos de casa de banho em cer\u00e2mica t\u00eam uma superf\u00edcie lisa e n\u00e3o se mancham facilmente, o que os torna muito f\u00e1ceis de limpar. Basta limp\u00e1-los suavemente com um pano h\u00famido para os manter limpos como novos.<\/li>\n\n\n\n<li><strong>Adequado para uma variedade de aplica\u00e7\u00f5es comerciais:<\/strong> Este conjunto de casa de banho em preto mate \u00e9 amplamente utilizado em hot\u00e9is, resorts, projectos de apartamentos, propriedades residenciais de luxo, marcas de retalho e canais de com\u00e9rcio eletr\u00f3nico.<\/li>\n<\/ul>\n<\/div>\n\n\n\n<div class=\"wp-block-column is-layout-flow wp-block-column-is-layout-flow\">\n<figure class=\"wp-block-image size-full\"><img fetchpriority=\"high\" decoding=\"async\" width=\"1600\" height=\"1600\" src=\"https:\/\/jinhuaceramic.com\/wp-content\/uploads\/2025\/12\/Matte-Black-Bathroom-Set-Ceramic-Custom-Soap-Dispenser-and-Soap-Dish-Set-3.webp\" alt=\"conjunto de casa de banho preto mate-fornecimento de doseador personalizado-conjunto de pratos-3\" class=\"wp-image-11618\" srcset=\"https:\/\/jinhuaceramic.com\/wp-content\/uploads\/2025\/12\/Matte-Black-Bathroom-Set-Ceramic-Custom-Soap-Dispenser-and-Soap-Dish-Set-3.webp 1600w, https:\/\/jinhuaceramic.com\/wp-content\/uploads\/2025\/12\/Matte-Black-Bathroom-Set-Ceramic-Custom-Soap-Dispenser-and-Soap-Dish-Set-3-300x300.webp 300w, https:\/\/jinhuaceramic.com\/wp-content\/uploads\/2025\/12\/Matte-Black-Bathroom-Set-Ceramic-Custom-Soap-Dispenser-and-Soap-Dish-Set-3-150x150.webp 150w, https:\/\/jinhuaceramic.com\/wp-content\/uploads\/2025\/12\/Matte-Black-Bathroom-Set-Ceramic-Custom-Soap-Dispenser-and-Soap-Dish-Set-3-768x768.webp 768w, https:\/\/jinhuaceramic.com\/wp-content\/uploads\/2025\/12\/Matte-Black-Bathroom-Set-Ceramic-Custom-Soap-Dispenser-and-Soap-Dish-Set-3-12x12.webp 12w, https:\/\/jinhuaceramic.com\/wp-content\/uploads\/2025\/12\/Matte-Black-Bathroom-Set-Ceramic-Custom-Soap-Dispenser-and-Soap-Dish-Set-3-285x285.webp 285w, https:\/\/jinhuaceramic.com\/wp-content\/uploads\/2025\/12\/Matte-Black-Bathroom-Set-Ceramic-Custom-Soap-Dispenser-and-Soap-Dish-Set-3-270x270.webp 270w, https:\/\/jinhuaceramic.com\/wp-content\/uploads\/2025\/12\/Matte-Black-Bathroom-Set-Ceramic-Custom-Soap-Dispenser-and-Soap-Dish-Set-3-540x540.webp 540w, https:\/\/jinhuaceramic.com\/wp-content\/uploads\/2025\/12\/Matte-Black-Bathroom-Set-Ceramic-Custom-Soap-Dispenser-and-Soap-Dish-Set-3-660x660.webp 660w\" sizes=\"(max-width: 1600px) 100vw, 1600px\" \/><\/figure>\n<\/div>\n<\/div>","protected":false},"excerpt":{"rendered":"<p>Bem-vindo a comprar o nosso conjunto de casa de banho preto mate com um dispensador de sab\u00e3o e saboneteira personalizados, concebidos para projectos grossistas e OEM. Estes conjuntos de casa de banho personalizados demonstram vantagens significativas com o seu design moderno e esteticamente agrad\u00e1vel, funcionalidade pr\u00e1tica e excelentes materiais. Este conjunto personalizado de acess\u00f3rios de casa de banho \u00e9 ideal para hot\u00e9is, projectos imobili\u00e1rios e marcas de retalho, tornando-se uma solu\u00e7\u00e3o fi\u00e1vel para compradores profissionais.<\/p>","protected":false},"featured_media":11619,"comment_status":"closed","ping_status":"closed","template":"","meta":{"_acf_changed":false},"product_brand":[],"product_cat":[51],"product_tag":[74],"class_list":{"0":"post-11616","1":"product","2":"type-product","3":"status-publish","4":"has-post-thumbnail","6":"product_cat-bathroom-accessories-wholesale","7":"product_tag-ceramic-bath-accessories-wholesale","9":"first","10":"instock","11":"shipping-taxable","12":"product-type-simple"},"acf":[],"_links":{"self":[{"href":"https:\/\/jinhuaceramic.com\/pt\/wp-json\/wp\/v2\/product\/11616","targetHints":{"allow":["GET"]}}],"collection":[{"href":"https:\/\/jinhuaceramic.com\/pt\/wp-json\/wp\/v2\/product"}],"about":[{"href":"https:\/\/jinhuaceramic.com\/pt\/wp-json\/wp\/v2\/types\/product"}],"replies":[{"embeddable":true,"href":"https:\/\/jinhuaceramic.com\/pt\/wp-json\/wp\/v2\/comments?post=11616"}],"version-history":[{"count":0,"href":"https:\/\/jinhuaceramic.com\/pt\/wp-json\/wp\/v2\/product\/11616\/revisions"}],"wp:featuredmedia":[{"embeddable":true,"href":"https:\/\/jinhuaceramic.com\/pt\/wp-json\/wp\/v2\/media\/11619"}],"wp:attachment":[{"href":"https:\/\/jinhuaceramic.com\/pt\/wp-json\/wp\/v2\/media?parent=11616"}],"wp:term":[{"taxonomy":"product_brand","embeddable":true,"href":"https:\/\/jinhuaceramic.com\/pt\/wp-json\/wp\/v2\/product_brand?post=11616"},{"taxonomy":"product_cat","embeddable":true,"href":"https:\/\/jinhuaceramic.com\/pt\/wp-json\/wp\/v2\/product_cat?post=11616"},{"taxonomy":"product_tag","embeddable":true,"href":"https:\/\/jinhuaceramic.com\/pt\/wp-json\/wp\/v2\/product_tag?post=11616"}],"curies":[{"name":"wp","href":"https:\/\/api.w.org\/{rel}","templated":true}]}}