{"id":11626,"date":"2025-12-31T03:29:24","date_gmt":"2025-12-31T03:29:24","guid":{"rendered":"https:\/\/jinhuaceramic.com\/?post_type=product&#038;p=11626"},"modified":"2025-12-31T03:29:27","modified_gmt":"2025-12-31T03:29:27","slug":"custom-rectangular-baking-pan","status":"publish","type":"product","link":"https:\/\/jinhuaceramic.com\/pt\/product\/custom-rectangular-baking-pan\/","title":{"rendered":"Tabuleiro retangular personalizado, tabuleiros de cer\u00e2mica por grosso"},"content":{"rendered":"<div class=\"wp-block-columns is-layout-flex wp-container-core-columns-is-layout-9d6595d7 wp-block-columns-is-layout-flex\">\n<div class=\"wp-block-column is-layout-flow wp-block-column-is-layout-flow\">\n<h3 class=\"wp-block-heading\">Carater\u00edsticas da forma retangular personalizada Premium:<\/h3>\n\n\n\n<ul class=\"wp-block-list\">\n<li><strong>Cores elegantes: <\/strong>Esta forma retangular personalizada apresenta um design contrastante com uma parede interior branca e uma parede exterior azul profunda, criando um contraste visual entre a calma do azul profundo e a limpeza do branco. As cores s\u00e3o est\u00e1veis mas frescas, conferindo uma atmosfera elegante \u00e0 cozinha.<\/li>\n\n\n\n<li><strong>Borda ondulada:<\/strong> Esta forma retangular personalizada foi concebida com bordos ondulados \u00fanicos, que n\u00e3o s\u00f3 aumentam a hierarquia visual e a delicadeza da forma, como tamb\u00e9m facilitam a cozedura de tartes estaladi\u00e7as e enroladas, melhorando o efeito de cozedura.<\/li>\n\n\n\n<li><strong>Distribui\u00e7\u00e3o uniforme do calor:<\/strong> A estrutura de cer\u00e2mica espessa desta forma retangular personalizada proporciona uma distribui\u00e7\u00e3o uniforme do calor, reduzindo o sobreaquecimento localizado dos seus produtos de pastelaria, o que resulta numa melhor consist\u00eancia e qualidade dos seus produtos de pastelaria. Isto faz desta forma uma excelente escolha para produ\u00e7\u00e3o a granel e para fins de venda a retalho.<\/li>\n\n\n\n<li><strong>Op\u00e7\u00f5es de conjuntos personalizados:<\/strong> Estes pratos de cer\u00e2mica para assar por atacado suportam conjuntos personalizados de tamanho \u00fanico ou de v\u00e1rios tamanhos, adequados para v\u00e1rias utiliza\u00e7\u00f5es, como lasanha, arroz cozido, bolos e sobremesas cozidas.<\/li>\n\n\n\n<li><strong>Excelente Material:<\/strong> Estes pratos de cer\u00e2mica para assar por atacado t\u00eam uma excelente resist\u00eancia a altas temperaturas e n\u00e3o s\u00e3o propensos a deforma\u00e7\u00f5es ou danos devido a altas temperaturas, garantindo a sua durabilidade. Entretanto, a cer\u00e2mica tem propriedades qu\u00edmicas est\u00e1veis e n\u00e3o liberta subst\u00e2ncias nocivas, o que pode garantir a seguran\u00e7a e a sa\u00fade dos alimentos.<\/li>\n<\/ul>\n<\/div>\n\n\n\n<div class=\"wp-block-column is-layout-flow wp-block-column-is-layout-flow\">\n<figure class=\"wp-block-image size-full\"><img fetchpriority=\"high\" decoding=\"async\" width=\"1001\" height=\"1001\" src=\"https:\/\/jinhuaceramic.com\/wp-content\/uploads\/2025\/12\/Custom-Baking-Pans-with-Wavy-Edge-Wholesale-Ceramic-Casserole-Dishes-Set-3.webp\" alt=\"assadeira retangular personalizada - venda por grosso - assadeiras de cer\u00e2mica - 3\" class=\"wp-image-11628\" srcset=\"https:\/\/jinhuaceramic.com\/wp-content\/uploads\/2025\/12\/Custom-Baking-Pans-with-Wavy-Edge-Wholesale-Ceramic-Casserole-Dishes-Set-3.webp 1001w, https:\/\/jinhuaceramic.com\/wp-content\/uploads\/2025\/12\/Custom-Baking-Pans-with-Wavy-Edge-Wholesale-Ceramic-Casserole-Dishes-Set-3-300x300.webp 300w, https:\/\/jinhuaceramic.com\/wp-content\/uploads\/2025\/12\/Custom-Baking-Pans-with-Wavy-Edge-Wholesale-Ceramic-Casserole-Dishes-Set-3-150x150.webp 150w, https:\/\/jinhuaceramic.com\/wp-content\/uploads\/2025\/12\/Custom-Baking-Pans-with-Wavy-Edge-Wholesale-Ceramic-Casserole-Dishes-Set-3-768x768.webp 768w, https:\/\/jinhuaceramic.com\/wp-content\/uploads\/2025\/12\/Custom-Baking-Pans-with-Wavy-Edge-Wholesale-Ceramic-Casserole-Dishes-Set-3-12x12.webp 12w, https:\/\/jinhuaceramic.com\/wp-content\/uploads\/2025\/12\/Custom-Baking-Pans-with-Wavy-Edge-Wholesale-Ceramic-Casserole-Dishes-Set-3-285x285.webp 285w, https:\/\/jinhuaceramic.com\/wp-content\/uploads\/2025\/12\/Custom-Baking-Pans-with-Wavy-Edge-Wholesale-Ceramic-Casserole-Dishes-Set-3-270x270.webp 270w, https:\/\/jinhuaceramic.com\/wp-content\/uploads\/2025\/12\/Custom-Baking-Pans-with-Wavy-Edge-Wholesale-Ceramic-Casserole-Dishes-Set-3-540x540.webp 540w, https:\/\/jinhuaceramic.com\/wp-content\/uploads\/2025\/12\/Custom-Baking-Pans-with-Wavy-Edge-Wholesale-Ceramic-Casserole-Dishes-Set-3-660x660.webp 660w\" sizes=\"(max-width: 1001px) 100vw, 1001px\" \/><\/figure>\n<\/div>\n<\/div>","protected":false},"excerpt":{"rendered":"<p>Bem-vindo a comprar a nossa assadeira retangular personalizada com design requintado, combina\u00e7\u00f5es pr\u00e1ticas de v\u00e1rios tamanhos e desempenho de material cer\u00e2mico de alta qualidade, que pode atender \u00e0s necessidades de cozimento de diferentes por\u00e7\u00f5es e cen\u00e1rios. Estas assadeiras de cer\u00e2mica por atacado oferecem excelente reten\u00e7\u00e3o de calor, desempenho dur\u00e1vel e est\u00e9tica moderna de esmalte de dois tons. Ideais para encomendas OEM\/ODM, s\u00e3o amplamente utilizadas para cozedura comercial, colec\u00e7\u00f5es de utens\u00edlios de cozinha a retalho e marcas de utens\u00edlios de cozinha de marca pr\u00f3pria.<\/p>","protected":false},"featured_media":11629,"comment_status":"closed","ping_status":"closed","template":"","meta":{"_acf_changed":false},"product_brand":[],"product_cat":[53],"product_tag":[71],"class_list":{"0":"post-11626","1":"product","2":"type-product","3":"status-publish","4":"has-post-thumbnail","6":"product_cat-bakeware-in-bulk","7":"product_tag-wholesale-baking-pans","9":"first","10":"instock","11":"shipping-taxable","12":"product-type-simple"},"acf":[],"_links":{"self":[{"href":"https:\/\/jinhuaceramic.com\/pt\/wp-json\/wp\/v2\/product\/11626","targetHints":{"allow":["GET"]}}],"collection":[{"href":"https:\/\/jinhuaceramic.com\/pt\/wp-json\/wp\/v2\/product"}],"about":[{"href":"https:\/\/jinhuaceramic.com\/pt\/wp-json\/wp\/v2\/types\/product"}],"replies":[{"embeddable":true,"href":"https:\/\/jinhuaceramic.com\/pt\/wp-json\/wp\/v2\/comments?post=11626"}],"version-history":[{"count":0,"href":"https:\/\/jinhuaceramic.com\/pt\/wp-json\/wp\/v2\/product\/11626\/revisions"}],"wp:featuredmedia":[{"embeddable":true,"href":"https:\/\/jinhuaceramic.com\/pt\/wp-json\/wp\/v2\/media\/11629"}],"wp:attachment":[{"href":"https:\/\/jinhuaceramic.com\/pt\/wp-json\/wp\/v2\/media?parent=11626"}],"wp:term":[{"taxonomy":"product_brand","embeddable":true,"href":"https:\/\/jinhuaceramic.com\/pt\/wp-json\/wp\/v2\/product_brand?post=11626"},{"taxonomy":"product_cat","embeddable":true,"href":"https:\/\/jinhuaceramic.com\/pt\/wp-json\/wp\/v2\/product_cat?post=11626"},{"taxonomy":"product_tag","embeddable":true,"href":"https:\/\/jinhuaceramic.com\/pt\/wp-json\/wp\/v2\/product_tag?post=11626"}],"curies":[{"name":"wp","href":"https:\/\/api.w.org\/{rel}","templated":true}]}}