{"id":11634,"date":"2025-12-31T03:51:33","date_gmt":"2025-12-31T03:51:33","guid":{"rendered":"https:\/\/jinhuaceramic.com\/?post_type=product&#038;p=11634"},"modified":"2025-12-31T03:51:35","modified_gmt":"2025-12-31T03:51:35","slug":"bulk-custom-ceramic-bathroom-accessories","status":"publish","type":"product","link":"https:\/\/jinhuaceramic.com\/pt\/product\/bulk-custom-ceramic-bathroom-accessories\/","title":{"rendered":"Acess\u00f3rios de casa de banho em cer\u00e2mica personalizados a granel, conjunto de banho por grosso"},"content":{"rendered":"<div class=\"wp-block-columns is-layout-flex wp-container-core-columns-is-layout-9d6595d7 wp-block-columns-is-layout-flex\">\n<div class=\"wp-block-column is-layout-flow wp-block-column-is-layout-flow\">\n<h3 class=\"wp-block-heading\">Acess\u00f3rios de casa de banho em cer\u00e2mica personalizada Premium Bulk Carater\u00edsticas:<\/h3>\n\n\n\n<ul class=\"wp-block-list\">\n<li><strong>Cores frescas:<\/strong> Estes acess\u00f3rios de casa de banho em cer\u00e2mica personalizados a granel apresentam um design verde gradiente, desde o verde na parte inferior at\u00e9 ao branco. A cor \u00e9 fresca e elegante, dando uma sensa\u00e7\u00e3o natural e confort\u00e1vel, criando uma atmosfera pac\u00edfica e relaxante para a casa de banho.<\/li>\n\n\n\n<li><strong>Textura \u00fanica: <\/strong>Estes acess\u00f3rios de casa de banho em cer\u00e2mica personalizados a granel s\u00e3o acabados com uma superf\u00edcie de textura c\u00f4ncava-convexa de forma irregular que cria um efeito visual de camadas mais art\u00edstico e elegante.<\/li>\n\n\n\n<li><strong>Conjunto completo:<\/strong> Estes conjuntos de casa de banho por atacado est\u00e3o dispon\u00edveis numa variedade de estilos e oferecem in\u00fameras fun\u00e7\u00f5es na casa de banho, incluindo um dispensador de sab\u00e3o para sabonete, um suporte para escova de dentes para a sua escova e pasta de dentes, um copo para elixir bucal e um tabuleiro para guardar o sab\u00e3o, para que possa ter tudo o que precisa na sua casa de banho.<\/li>\n\n\n\n<li><strong>Material de alta qualidade: <\/strong>Estes conjuntos de casa de banho por atacado s\u00e3o feitos de material cer\u00e2mico, que \u00e9 duro na textura, resistente ao desgaste, resistente \u00e0 corros\u00e3o, n\u00e3o \u00e9 f\u00e1cil de quebrar, e tem uma longa vida \u00fatil. A superf\u00edcie \u00e9 lisa, o que dificulta a perman\u00eancia de manchas de \u00e1gua e sujidade e \u00e9 f\u00e1cil de limpar.<\/li>\n<\/ul>\n<\/div>\n\n\n\n<div class=\"wp-block-column is-layout-flow wp-block-column-is-layout-flow\">\n<figure class=\"wp-block-image size-full\"><img fetchpriority=\"high\" decoding=\"async\" width=\"1600\" height=\"1600\" src=\"https:\/\/jinhuaceramic.com\/wp-content\/uploads\/2025\/12\/Gradient-Green-Bathroom-Set-Wholesale-Custom-Ceramic-Bathroom-Accessories.webp\" alt=\"bulk-custom-ceramic-bathroom-accessories-bath-set-wholesale-1\" class=\"wp-image-11640\" srcset=\"https:\/\/jinhuaceramic.com\/wp-content\/uploads\/2025\/12\/Gradient-Green-Bathroom-Set-Wholesale-Custom-Ceramic-Bathroom-Accessories.webp 1600w, https:\/\/jinhuaceramic.com\/wp-content\/uploads\/2025\/12\/Gradient-Green-Bathroom-Set-Wholesale-Custom-Ceramic-Bathroom-Accessories-300x300.webp 300w, https:\/\/jinhuaceramic.com\/wp-content\/uploads\/2025\/12\/Gradient-Green-Bathroom-Set-Wholesale-Custom-Ceramic-Bathroom-Accessories-150x150.webp 150w, https:\/\/jinhuaceramic.com\/wp-content\/uploads\/2025\/12\/Gradient-Green-Bathroom-Set-Wholesale-Custom-Ceramic-Bathroom-Accessories-768x768.webp 768w, https:\/\/jinhuaceramic.com\/wp-content\/uploads\/2025\/12\/Gradient-Green-Bathroom-Set-Wholesale-Custom-Ceramic-Bathroom-Accessories-12x12.webp 12w, https:\/\/jinhuaceramic.com\/wp-content\/uploads\/2025\/12\/Gradient-Green-Bathroom-Set-Wholesale-Custom-Ceramic-Bathroom-Accessories-285x285.webp 285w, https:\/\/jinhuaceramic.com\/wp-content\/uploads\/2025\/12\/Gradient-Green-Bathroom-Set-Wholesale-Custom-Ceramic-Bathroom-Accessories-270x270.webp 270w, https:\/\/jinhuaceramic.com\/wp-content\/uploads\/2025\/12\/Gradient-Green-Bathroom-Set-Wholesale-Custom-Ceramic-Bathroom-Accessories-540x540.webp 540w, https:\/\/jinhuaceramic.com\/wp-content\/uploads\/2025\/12\/Gradient-Green-Bathroom-Set-Wholesale-Custom-Ceramic-Bathroom-Accessories-660x660.webp 660w\" sizes=\"(max-width: 1600px) 100vw, 1600px\" \/><\/figure>\n<\/div>\n<\/div>","protected":false},"excerpt":{"rendered":"<p>Bem-vindo a comprar os nossos acess\u00f3rios de casa de banho em cer\u00e2mica personalizados a granel s\u00e3o a escolha ideal para melhorar a qualidade e o conforto da casa de banho devido ao seu belo design exterior, funcionalidade pr\u00e1tica e materiais dur\u00e1veis e f\u00e1ceis de limpar. Quer procurem a est\u00e9tica ou d\u00eaem \u00eanfase \u00e0 praticidade, os consumidores podem encontrar satisfa\u00e7\u00e3o neste conjunto de casa de banho.<\/p>","protected":false},"featured_media":11635,"comment_status":"closed","ping_status":"closed","template":"","meta":{"_acf_changed":false},"product_brand":[],"product_cat":[51],"product_tag":[74],"class_list":{"0":"post-11634","1":"product","2":"type-product","3":"status-publish","4":"has-post-thumbnail","6":"product_cat-bathroom-accessories-wholesale","7":"product_tag-ceramic-bath-accessories-wholesale","9":"first","10":"instock","11":"shipping-taxable","12":"product-type-simple"},"acf":[],"_links":{"self":[{"href":"https:\/\/jinhuaceramic.com\/pt\/wp-json\/wp\/v2\/product\/11634","targetHints":{"allow":["GET"]}}],"collection":[{"href":"https:\/\/jinhuaceramic.com\/pt\/wp-json\/wp\/v2\/product"}],"about":[{"href":"https:\/\/jinhuaceramic.com\/pt\/wp-json\/wp\/v2\/types\/product"}],"replies":[{"embeddable":true,"href":"https:\/\/jinhuaceramic.com\/pt\/wp-json\/wp\/v2\/comments?post=11634"}],"version-history":[{"count":0,"href":"https:\/\/jinhuaceramic.com\/pt\/wp-json\/wp\/v2\/product\/11634\/revisions"}],"wp:featuredmedia":[{"embeddable":true,"href":"https:\/\/jinhuaceramic.com\/pt\/wp-json\/wp\/v2\/media\/11635"}],"wp:attachment":[{"href":"https:\/\/jinhuaceramic.com\/pt\/wp-json\/wp\/v2\/media?parent=11634"}],"wp:term":[{"taxonomy":"product_brand","embeddable":true,"href":"https:\/\/jinhuaceramic.com\/pt\/wp-json\/wp\/v2\/product_brand?post=11634"},{"taxonomy":"product_cat","embeddable":true,"href":"https:\/\/jinhuaceramic.com\/pt\/wp-json\/wp\/v2\/product_cat?post=11634"},{"taxonomy":"product_tag","embeddable":true,"href":"https:\/\/jinhuaceramic.com\/pt\/wp-json\/wp\/v2\/product_tag?post=11634"}],"curies":[{"name":"wp","href":"https:\/\/api.w.org\/{rel}","templated":true}]}}