{"id":11643,"date":"2025-12-31T07:28:56","date_gmt":"2025-12-31T07:28:56","guid":{"rendered":"https:\/\/jinhuaceramic.com\/?post_type=product&#038;p=11643"},"modified":"2025-12-31T07:30:00","modified_gmt":"2025-12-31T07:30:00","slug":"round-baking-dishes-wholesale","status":"publish","type":"product","link":"https:\/\/jinhuaceramic.com\/pt\/product\/round-baking-dishes-wholesale\/","title":{"rendered":"Pratos redondos de cer\u00e2mica para assar por grosso, pratos pr\u00f3prios para ir ao forno"},"content":{"rendered":"<div class=\"wp-block-columns is-layout-flex wp-container-core-columns-is-layout-9d6595d7 wp-block-columns-is-layout-flex\">\n<div class=\"wp-block-column is-layout-flow wp-block-column-is-layout-flow\">\n<h3 class=\"wp-block-heading\">Pratos redondos de cer\u00e2mica premium para assar por atacado Carater\u00edsticas:<\/h3>\n\n\n\n<ul class=\"wp-block-list\">\n<li><strong>Cor fresca: <\/strong>Estes pratos redondos para assar por atacado s\u00e3o concebidos numa forma redonda com um esmalte azul celeste puro, criando um tom de cor fresco e suave que proporciona uma experi\u00eancia visual tranquila e confort\u00e1vel. S\u00e3o adequadas para estilos de cozinha ou de mesa de jantar, como o estilo n\u00f3rdico e o estilo creme.<\/li>\n\n\n\n<li><strong>Desenho de pormenor:<\/strong> A textura de riscas verticais no interior destas assadeiras redondas n\u00e3o s\u00f3 acrescenta profundidade visual, como tamb\u00e9m ajuda a elevar os alimentos e a evitar que o fundo fique encharcado de gordura, tornando os produtos cozinhados mais secos.<\/li>\n\n\n\n<li><strong>Forma redonda com pega \u00fanica:<\/strong> O atacado dos pratos de cozedura redondos garante um aquecimento uniforme e a pega \u00fanica facilita o levantamento e a remo\u00e7\u00e3o do forno, e o orif\u00edcio circular da pega pode ser pendurado para armazenamento, tornando-o adequado para restaurantes e casas.<\/li>\n\n\n\n<li><strong>Versatilidade:<\/strong> Estas assadeiras personalizadas t\u00eam uma forma compacta e podem ser utilizadas no forno para cozer pratos de dose \u00fanica, como asas de frango grelhadas e pequenos bolos. Tamb\u00e9m podem ser servidas diretamente na mesa, o que as torna adequadas para cen\u00e1rios como refei\u00e7\u00f5es a solo e ch\u00e1 da tarde.<\/li>\n\n\n\n<li><strong>Material de alta qualidade:<\/strong> Estes tabuleiros personalizados s\u00e3o feitos de material cer\u00e2mico de alta qualidade, resistente ao calor e que n\u00e3o se deforma devido \u00e0 cozedura a alta temperatura. Robustas e duradouras, n\u00e3o s\u00e3o suscept\u00edveis de se riscarem ou danificarem e t\u00eam uma longa vida \u00fatil.<\/li>\n<\/ul>\n<\/div>\n\n\n\n<div class=\"wp-block-column is-layout-flow wp-block-column-is-layout-flow\">\n<figure class=\"wp-block-image size-full\"><img fetchpriority=\"high\" decoding=\"async\" width=\"1246\" height=\"1246\" src=\"https:\/\/jinhuaceramic.com\/wp-content\/uploads\/2025\/12\/Round-Small-Baking-Dishes-Wholesale-Custom-Ceramic-Food-Service-Baking-Pans-2.webp\" alt=\"Pratos redondos para ir ao forno em cer\u00e2mica - venda por grosso - pratos seguros para ir ao forno - 2\" class=\"wp-image-11644\" srcset=\"https:\/\/jinhuaceramic.com\/wp-content\/uploads\/2025\/12\/Round-Small-Baking-Dishes-Wholesale-Custom-Ceramic-Food-Service-Baking-Pans-2.webp 1246w, https:\/\/jinhuaceramic.com\/wp-content\/uploads\/2025\/12\/Round-Small-Baking-Dishes-Wholesale-Custom-Ceramic-Food-Service-Baking-Pans-2-300x300.webp 300w, https:\/\/jinhuaceramic.com\/wp-content\/uploads\/2025\/12\/Round-Small-Baking-Dishes-Wholesale-Custom-Ceramic-Food-Service-Baking-Pans-2-150x150.webp 150w, https:\/\/jinhuaceramic.com\/wp-content\/uploads\/2025\/12\/Round-Small-Baking-Dishes-Wholesale-Custom-Ceramic-Food-Service-Baking-Pans-2-768x768.webp 768w, https:\/\/jinhuaceramic.com\/wp-content\/uploads\/2025\/12\/Round-Small-Baking-Dishes-Wholesale-Custom-Ceramic-Food-Service-Baking-Pans-2-12x12.webp 12w, https:\/\/jinhuaceramic.com\/wp-content\/uploads\/2025\/12\/Round-Small-Baking-Dishes-Wholesale-Custom-Ceramic-Food-Service-Baking-Pans-2-285x285.webp 285w, https:\/\/jinhuaceramic.com\/wp-content\/uploads\/2025\/12\/Round-Small-Baking-Dishes-Wholesale-Custom-Ceramic-Food-Service-Baking-Pans-2-270x270.webp 270w, https:\/\/jinhuaceramic.com\/wp-content\/uploads\/2025\/12\/Round-Small-Baking-Dishes-Wholesale-Custom-Ceramic-Food-Service-Baking-Pans-2-540x540.webp 540w, https:\/\/jinhuaceramic.com\/wp-content\/uploads\/2025\/12\/Round-Small-Baking-Dishes-Wholesale-Custom-Ceramic-Food-Service-Baking-Pans-2-660x660.webp 660w\" sizes=\"(max-width: 1246px) 100vw, 1246px\" \/><\/figure>\n<\/div>\n<\/div>","protected":false},"excerpt":{"rendered":"<p>Bem-vindo a comprar os nossos pratos redondos de cer\u00e2mica para assar por atacado, com pratos seguros para o forno com uma \u00fanica pega, concebidos para utiliza\u00e7\u00e3o profissional e a retalho. Fabricados em cer\u00e2mica de alta temperatura para uma distribui\u00e7\u00e3o uniforme do calor e um desempenho fi\u00e1vel no forno, estes pratos para assar suportam encomendas a granel e personaliza\u00e7\u00e3o OEM\/ODM. Ideal para restaurantes, hot\u00e9is, supermercados e marcas de utens\u00edlios de cozinha que procuram utens\u00edlios de cer\u00e2mica duradouros e personaliz\u00e1veis.<\/p>","protected":false},"featured_media":11648,"comment_status":"closed","ping_status":"closed","template":"","meta":{"_acf_changed":false},"product_brand":[],"product_cat":[53],"product_tag":[71],"class_list":{"0":"post-11643","1":"product","2":"type-product","3":"status-publish","4":"has-post-thumbnail","6":"product_cat-bakeware-in-bulk","7":"product_tag-wholesale-baking-pans","9":"first","10":"instock","11":"shipping-taxable","12":"product-type-simple"},"acf":[],"_links":{"self":[{"href":"https:\/\/jinhuaceramic.com\/pt\/wp-json\/wp\/v2\/product\/11643","targetHints":{"allow":["GET"]}}],"collection":[{"href":"https:\/\/jinhuaceramic.com\/pt\/wp-json\/wp\/v2\/product"}],"about":[{"href":"https:\/\/jinhuaceramic.com\/pt\/wp-json\/wp\/v2\/types\/product"}],"replies":[{"embeddable":true,"href":"https:\/\/jinhuaceramic.com\/pt\/wp-json\/wp\/v2\/comments?post=11643"}],"version-history":[{"count":0,"href":"https:\/\/jinhuaceramic.com\/pt\/wp-json\/wp\/v2\/product\/11643\/revisions"}],"wp:featuredmedia":[{"embeddable":true,"href":"https:\/\/jinhuaceramic.com\/pt\/wp-json\/wp\/v2\/media\/11648"}],"wp:attachment":[{"href":"https:\/\/jinhuaceramic.com\/pt\/wp-json\/wp\/v2\/media?parent=11643"}],"wp:term":[{"taxonomy":"product_brand","embeddable":true,"href":"https:\/\/jinhuaceramic.com\/pt\/wp-json\/wp\/v2\/product_brand?post=11643"},{"taxonomy":"product_cat","embeddable":true,"href":"https:\/\/jinhuaceramic.com\/pt\/wp-json\/wp\/v2\/product_cat?post=11643"},{"taxonomy":"product_tag","embeddable":true,"href":"https:\/\/jinhuaceramic.com\/pt\/wp-json\/wp\/v2\/product_tag?post=11643"}],"curies":[{"name":"wp","href":"https:\/\/api.w.org\/{rel}","templated":true}]}}