{"id":11662,"date":"2025-12-31T08:06:28","date_gmt":"2025-12-31T08:06:28","guid":{"rendered":"https:\/\/jinhuaceramic.com\/?post_type=product&#038;p=11662"},"modified":"2025-12-31T08:06:31","modified_gmt":"2025-12-31T08:06:31","slug":"white-ceramic-bathroom-set-wholesale","status":"publish","type":"product","link":"https:\/\/jinhuaceramic.com\/pt\/product\/white-ceramic-bathroom-set-wholesale\/","title":{"rendered":"Conjunto de casa de banho em cer\u00e2mica branca por grosso, acess\u00f3rios de casa de banho personalizados"},"content":{"rendered":"<div class=\"wp-block-columns is-layout-flex wp-container-core-columns-is-layout-9d6595d7 wp-block-columns-is-layout-flex\">\n<div class=\"wp-block-column is-layout-flow wp-block-column-is-layout-flow\">\n<h3 class=\"wp-block-heading\">Conjunto de casa de banho em cer\u00e2mica branca pura Premium Conjunto de casa de banho por atacado Carater\u00edsticas:<\/h3>\n\n\n\n<ul class=\"wp-block-list\">\n<li><strong>Design minimalista:<\/strong> O conjunto de casa de banho em cer\u00e2mica branca por atacado apresenta um design branco puro mate, emparelhado com formas cil\u00edndricas simples, combinando o minimalismo moderno com o estilo wabi-sabi, e pode adaptar-se a v\u00e1rios estilos de decora\u00e7\u00e3o de casa de banho, como o minimalismo, o estilo creme, o estilo n\u00f3rdico, etc<\/li>\n\n\n\n<li><strong>Conjunto completo:<\/strong> O conjunto de casa de banho em cer\u00e2mica branca por atacado inclui todos os elementos essenciais necess\u00e1rios para qualquer casa de banho, incluindo um dispensador de sab\u00e3o, frascos de arruma\u00e7\u00e3o, suportes para escovas de dentes e copos para elixir bucal. Este conjunto ajudar\u00e1 a manter todos os seus artigos bem organizados, como desinfectantes para as m\u00e3os, bolas de algod\u00e3o, escovas de dentes e pasta de dentes, etc.<\/li>\n\n\n\n<li><strong>Material duradouro:<\/strong> Estes acess\u00f3rios de casa de banho personalizados t\u00eam uma elevada dureza e resist\u00eancia ao desgaste, tornando-os menos propensos a riscos ou danos durante a utiliza\u00e7\u00e3o di\u00e1ria. O material cer\u00e2mico \u00e9 imperme\u00e1vel e \u00e0 prova de humidade, o que pode proteger os artigos no interior do recipiente da humidade.<\/li>\n\n\n\n<li><strong>Excelente qualidade:<\/strong> Estes acess\u00f3rios de casa de banho personalizados t\u00eam um certo peso e textura, e s\u00e3o pesados na m\u00e3o, dando \u00e0s pessoas uma sensa\u00e7\u00e3o de alta qualidade. S\u00e3o colocados na bancada da casa de banho, firmes e elegantes, melhorando a qualidade e o estilo geral da casa de banho.<\/li>\n\n\n\n<li><strong>Adequado para compras a granel: <\/strong>Capacidade de produ\u00e7\u00e3o est\u00e1vel, suporta grandes encomendas, normas de qualidade unificadas, adequadas para projectos de hot\u00e9is, cadeias de retalho e compras transfronteiri\u00e7as por grosso.<\/li>\n<\/ul>\n<\/div>\n\n\n\n<div class=\"wp-block-column is-layout-flow wp-block-column-is-layout-flow\">\n<figure class=\"wp-block-image size-full\"><img fetchpriority=\"high\" decoding=\"async\" width=\"2000\" height=\"2000\" src=\"https:\/\/jinhuaceramic.com\/wp-content\/uploads\/2025\/12\/Pure-White-Ceramic-Bathroom-Set-Custom-Bathroom-Accessories-Wholesale-2.webp\" alt=\"conjunto de casa de banho em cer\u00e2mica branca- grossista-acess\u00f3rio de casa de banho personalizado-2\" class=\"wp-image-11663\" srcset=\"https:\/\/jinhuaceramic.com\/wp-content\/uploads\/2025\/12\/Pure-White-Ceramic-Bathroom-Set-Custom-Bathroom-Accessories-Wholesale-2.webp 2000w, https:\/\/jinhuaceramic.com\/wp-content\/uploads\/2025\/12\/Pure-White-Ceramic-Bathroom-Set-Custom-Bathroom-Accessories-Wholesale-2-300x300.webp 300w, https:\/\/jinhuaceramic.com\/wp-content\/uploads\/2025\/12\/Pure-White-Ceramic-Bathroom-Set-Custom-Bathroom-Accessories-Wholesale-2-150x150.webp 150w, https:\/\/jinhuaceramic.com\/wp-content\/uploads\/2025\/12\/Pure-White-Ceramic-Bathroom-Set-Custom-Bathroom-Accessories-Wholesale-2-768x768.webp 768w, https:\/\/jinhuaceramic.com\/wp-content\/uploads\/2025\/12\/Pure-White-Ceramic-Bathroom-Set-Custom-Bathroom-Accessories-Wholesale-2-12x12.webp 12w, https:\/\/jinhuaceramic.com\/wp-content\/uploads\/2025\/12\/Pure-White-Ceramic-Bathroom-Set-Custom-Bathroom-Accessories-Wholesale-2-285x285.webp 285w, https:\/\/jinhuaceramic.com\/wp-content\/uploads\/2025\/12\/Pure-White-Ceramic-Bathroom-Set-Custom-Bathroom-Accessories-Wholesale-2-1600x1600.webp 1600w, https:\/\/jinhuaceramic.com\/wp-content\/uploads\/2025\/12\/Pure-White-Ceramic-Bathroom-Set-Custom-Bathroom-Accessories-Wholesale-2-270x270.webp 270w, https:\/\/jinhuaceramic.com\/wp-content\/uploads\/2025\/12\/Pure-White-Ceramic-Bathroom-Set-Custom-Bathroom-Accessories-Wholesale-2-540x540.webp 540w, https:\/\/jinhuaceramic.com\/wp-content\/uploads\/2025\/12\/Pure-White-Ceramic-Bathroom-Set-Custom-Bathroom-Accessories-Wholesale-2-660x660.webp 660w\" sizes=\"(max-width: 2000px) 100vw, 2000px\" \/><\/figure>\n<\/div>\n<\/div>","protected":false},"excerpt":{"rendered":"<p>Bem-vindo ao comprar o nosso conjunto de casa de banho em cer\u00e2mica branca pura por atacado, concebido para hot\u00e9is, resorts e marcas de retalho. Este conjunto personalizado de acess\u00f3rios de casa de banho em cer\u00e2mica apresenta um acabamento vidrado dur\u00e1vel, um design minimalista e op\u00e7\u00f5es flex\u00edveis de OEM\/ODM. Ideal para compras a granel, proporciona uma qualidade consistente, f\u00e1cil manuten\u00e7\u00e3o e um aspeto limpo e de qualidade superior para projectos de casas de banho comerciais.<\/p>","protected":false},"featured_media":11668,"comment_status":"closed","ping_status":"closed","template":"","meta":{"_acf_changed":false},"product_brand":[],"product_cat":[51],"product_tag":[74],"class_list":{"0":"post-11662","1":"product","2":"type-product","3":"status-publish","4":"has-post-thumbnail","6":"product_cat-bathroom-accessories-wholesale","7":"product_tag-ceramic-bath-accessories-wholesale","9":"first","10":"instock","11":"shipping-taxable","12":"product-type-simple"},"acf":[],"_links":{"self":[{"href":"https:\/\/jinhuaceramic.com\/pt\/wp-json\/wp\/v2\/product\/11662","targetHints":{"allow":["GET"]}}],"collection":[{"href":"https:\/\/jinhuaceramic.com\/pt\/wp-json\/wp\/v2\/product"}],"about":[{"href":"https:\/\/jinhuaceramic.com\/pt\/wp-json\/wp\/v2\/types\/product"}],"replies":[{"embeddable":true,"href":"https:\/\/jinhuaceramic.com\/pt\/wp-json\/wp\/v2\/comments?post=11662"}],"version-history":[{"count":0,"href":"https:\/\/jinhuaceramic.com\/pt\/wp-json\/wp\/v2\/product\/11662\/revisions"}],"wp:featuredmedia":[{"embeddable":true,"href":"https:\/\/jinhuaceramic.com\/pt\/wp-json\/wp\/v2\/media\/11668"}],"wp:attachment":[{"href":"https:\/\/jinhuaceramic.com\/pt\/wp-json\/wp\/v2\/media?parent=11662"}],"wp:term":[{"taxonomy":"product_brand","embeddable":true,"href":"https:\/\/jinhuaceramic.com\/pt\/wp-json\/wp\/v2\/product_brand?post=11662"},{"taxonomy":"product_cat","embeddable":true,"href":"https:\/\/jinhuaceramic.com\/pt\/wp-json\/wp\/v2\/product_cat?post=11662"},{"taxonomy":"product_tag","embeddable":true,"href":"https:\/\/jinhuaceramic.com\/pt\/wp-json\/wp\/v2\/product_tag?post=11662"}],"curies":[{"name":"wp","href":"https:\/\/api.w.org\/{rel}","templated":true}]}}