{"id":11717,"date":"2026-01-06T01:44:01","date_gmt":"2026-01-06T01:44:01","guid":{"rendered":"https:\/\/jinhuaceramic.com\/?post_type=product&#038;p=11717"},"modified":"2026-01-06T01:44:04","modified_gmt":"2026-01-06T01:44:04","slug":"factory-supply-bathroom-set","status":"publish","type":"product","link":"https:\/\/jinhuaceramic.com\/pt\/product\/factory-supply-bathroom-set\/","title":{"rendered":"Conjunto de casa de banho fornecido pela f\u00e1brica, acess\u00f3rios de casa de banho em cer\u00e2mica cinzenta a granel"},"content":{"rendered":"<div class=\"wp-block-columns is-layout-flex wp-container-core-columns-is-layout-9d6595d7 wp-block-columns-is-layout-flex\">\n<div class=\"wp-block-column is-layout-flow wp-block-column-is-layout-flow\">\n<h3 class=\"wp-block-heading\">Conjunto de casa de banho Premium Factory Supply Carater\u00edsticas:<\/h3>\n\n\n\n<ul class=\"wp-block-list\">\n<li><strong>Design moderno: <\/strong>O conjunto de casa de banho fornecido pela f\u00e1brica baseia-se no tom cinzento mate, com um aspeto geom\u00e9trico minimalista. A cor cinzenta clara \u00e9 discreta e adapt\u00e1vel, e o design minimalista contempor\u00e2neo pode dar uma sensa\u00e7\u00e3o de calma e de bem estar \u00e0 sua casa de banho.<\/li>\n\n\n\n<li><strong>Conjunto completo: <\/strong>O conjunto de casa de banho de fornecimento de f\u00e1brica \u00e9 diversificado, uma vez que diferentes necessidades de casa de banho em momentos diferentes, inclui um dispensador de sab\u00e3o, suporte para escova de dentes, copo para elixir bucal, frasco de armazenamento e saboneteira. Normalmente, as necessidades comuns da utiliza\u00e7\u00e3o di\u00e1ria da casa de banho fazem a gest\u00e3o espacial dos artigos de casa de banho.<\/li>\n\n\n\n<li><strong>Pormenores bem pensados:<\/strong> O design detalhado destes acess\u00f3rios de casa de banho por atacado \u00e9 pr\u00e1tico: o design da divis\u00f3ria do suporte da escova de dentes equilibra higiene e conveni\u00eancia; O pequeno tabuleiro do suporte da escova de dentes \u00e9 conveniente para guardar pequenos artigos, como j\u00f3ias e rel\u00f3gios; A tampa do frasco de armazenamento est\u00e1 bem presa ao corpo da lata, com excelente desempenho de veda\u00e7\u00e3o.<\/li>\n\n\n\n<li><strong>Material de alta qualidade:<\/strong> Estes acess\u00f3rios de casa de banho por atacado s\u00e3o feitos de materiais cer\u00e2micos de alta qualidade com elevada dureza e resist\u00eancia ao desgaste, que n\u00e3o s\u00e3o facilmente danificados na utiliza\u00e7\u00e3o di\u00e1ria e podem resistir ao teste do tempo.<\/li>\n\n\n\n<li><strong>Fornecimento direto da f\u00e1brica:<\/strong> Produzido diretamente da f\u00e1brica de cer\u00e2mica de origem, com linhas de produ\u00e7\u00e3o maduras e sistemas de controlo de qualidade, apoiando o fornecimento est\u00e1vel a longo prazo e encomendas de grande volume.<\/li>\n<\/ul>\n<\/div>\n\n\n\n<div class=\"wp-block-column is-layout-flow wp-block-column-is-layout-flow\">\n<figure class=\"wp-block-image size-full\"><img fetchpriority=\"high\" decoding=\"async\" width=\"2560\" height=\"2560\" src=\"https:\/\/jinhuaceramic.com\/wp-content\/uploads\/2026\/01\/Gray-Ceramic-Bathroom-Accessories-Custom-Soap-Dispenser-and-Toothbrush-Holder-Set-4.webp\" alt=\"conjunto de casa de banho de f\u00e1brica-cer\u00e2mica-acess\u00f3rio de casa de banho-bulk-4\" class=\"wp-image-11720\" srcset=\"https:\/\/jinhuaceramic.com\/wp-content\/uploads\/2026\/01\/Gray-Ceramic-Bathroom-Accessories-Custom-Soap-Dispenser-and-Toothbrush-Holder-Set-4.webp 2560w, https:\/\/jinhuaceramic.com\/wp-content\/uploads\/2026\/01\/Gray-Ceramic-Bathroom-Accessories-Custom-Soap-Dispenser-and-Toothbrush-Holder-Set-4-300x300.webp 300w, https:\/\/jinhuaceramic.com\/wp-content\/uploads\/2026\/01\/Gray-Ceramic-Bathroom-Accessories-Custom-Soap-Dispenser-and-Toothbrush-Holder-Set-4-150x150.webp 150w, https:\/\/jinhuaceramic.com\/wp-content\/uploads\/2026\/01\/Gray-Ceramic-Bathroom-Accessories-Custom-Soap-Dispenser-and-Toothbrush-Holder-Set-4-768x768.webp 768w, https:\/\/jinhuaceramic.com\/wp-content\/uploads\/2026\/01\/Gray-Ceramic-Bathroom-Accessories-Custom-Soap-Dispenser-and-Toothbrush-Holder-Set-4-12x12.webp 12w, https:\/\/jinhuaceramic.com\/wp-content\/uploads\/2026\/01\/Gray-Ceramic-Bathroom-Accessories-Custom-Soap-Dispenser-and-Toothbrush-Holder-Set-4-285x285.webp 285w, https:\/\/jinhuaceramic.com\/wp-content\/uploads\/2026\/01\/Gray-Ceramic-Bathroom-Accessories-Custom-Soap-Dispenser-and-Toothbrush-Holder-Set-4-1600x1600.webp 1600w, https:\/\/jinhuaceramic.com\/wp-content\/uploads\/2026\/01\/Gray-Ceramic-Bathroom-Accessories-Custom-Soap-Dispenser-and-Toothbrush-Holder-Set-4-270x270.webp 270w, https:\/\/jinhuaceramic.com\/wp-content\/uploads\/2026\/01\/Gray-Ceramic-Bathroom-Accessories-Custom-Soap-Dispenser-and-Toothbrush-Holder-Set-4-540x540.webp 540w, https:\/\/jinhuaceramic.com\/wp-content\/uploads\/2026\/01\/Gray-Ceramic-Bathroom-Accessories-Custom-Soap-Dispenser-and-Toothbrush-Holder-Set-4-660x660.webp 660w\" sizes=\"(max-width: 2560px) 100vw, 2560px\" \/><\/figure>\n<\/div>\n<\/div>","protected":false},"excerpt":{"rendered":"<p>Bem-vindo a comprar o conjunto de casa de banho de fornecimento de f\u00e1brica, combinando est\u00e9tica e praticidade, concebido para hot\u00e9is, retalhistas e compradores de projectos. A durabilidade destes conjuntos de acess\u00f3rios de casa de banho personalizados cinzentos garante uma boa rela\u00e7\u00e3o custo-benef\u00edcio a longo prazo, tornando-os uma escolha de alta qualidade para a cria\u00e7\u00e3o de espa\u00e7os de casa de banho limpos e sofisticados.<\/p>","protected":false},"featured_media":11722,"comment_status":"closed","ping_status":"closed","template":"","meta":{"_acf_changed":false},"product_brand":[],"product_cat":[51],"product_tag":[74],"class_list":{"0":"post-11717","1":"product","2":"type-product","3":"status-publish","4":"has-post-thumbnail","6":"product_cat-bathroom-accessories-wholesale","7":"product_tag-ceramic-bath-accessories-wholesale","9":"first","10":"instock","11":"shipping-taxable","12":"product-type-simple"},"acf":[],"_links":{"self":[{"href":"https:\/\/jinhuaceramic.com\/pt\/wp-json\/wp\/v2\/product\/11717","targetHints":{"allow":["GET"]}}],"collection":[{"href":"https:\/\/jinhuaceramic.com\/pt\/wp-json\/wp\/v2\/product"}],"about":[{"href":"https:\/\/jinhuaceramic.com\/pt\/wp-json\/wp\/v2\/types\/product"}],"replies":[{"embeddable":true,"href":"https:\/\/jinhuaceramic.com\/pt\/wp-json\/wp\/v2\/comments?post=11717"}],"version-history":[{"count":0,"href":"https:\/\/jinhuaceramic.com\/pt\/wp-json\/wp\/v2\/product\/11717\/revisions"}],"wp:featuredmedia":[{"embeddable":true,"href":"https:\/\/jinhuaceramic.com\/pt\/wp-json\/wp\/v2\/media\/11722"}],"wp:attachment":[{"href":"https:\/\/jinhuaceramic.com\/pt\/wp-json\/wp\/v2\/media?parent=11717"}],"wp:term":[{"taxonomy":"product_brand","embeddable":true,"href":"https:\/\/jinhuaceramic.com\/pt\/wp-json\/wp\/v2\/product_brand?post=11717"},{"taxonomy":"product_cat","embeddable":true,"href":"https:\/\/jinhuaceramic.com\/pt\/wp-json\/wp\/v2\/product_cat?post=11717"},{"taxonomy":"product_tag","embeddable":true,"href":"https:\/\/jinhuaceramic.com\/pt\/wp-json\/wp\/v2\/product_tag?post=11717"}],"curies":[{"name":"wp","href":"https:\/\/api.w.org\/{rel}","templated":true}]}}