{"id":11728,"date":"2026-01-06T02:24:23","date_gmt":"2026-01-06T02:24:23","guid":{"rendered":"https:\/\/jinhuaceramic.com\/?post_type=product&#038;p=11728"},"modified":"2026-01-06T02:24:27","modified_gmt":"2026-01-06T02:24:27","slug":"wholesale-casserole-baking-dishes","status":"publish","type":"product","link":"https:\/\/jinhuaceramic.com\/pt\/product\/wholesale-casserole-baking-dishes\/","title":{"rendered":"Venda por grosso de tabuleiros para assar ca\u00e7arolas, fornecimento de utens\u00edlios de cozinha em cer\u00e2mica"},"content":{"rendered":"<div class=\"wp-block-columns is-layout-flex wp-container-core-columns-is-layout-9d6595d7 wp-block-columns-is-layout-flex\">\n<div class=\"wp-block-column is-layout-flow wp-block-column-is-layout-flow\">\n<h3 class=\"wp-block-heading\">Pratos para assar ca\u00e7arolas por atacado Premium Carater\u00edsticas:<\/h3>\n\n\n\n<ul class=\"wp-block-list\">\n<li><strong>Design elegante:<\/strong> Estas ca\u00e7arolas para assar por atacado apresentam um esquema de cores de macaron de baixa satura\u00e7\u00e3o com um design de bot\u00e3o de tampa preto contrastante, criando um estilo fresco e suave. As palavras em relevo \u201cMINI\u201d e \u201cCOCOTTE\u201d na tampa conferem um ambiente vintage e tornam a ca\u00e7arola mais requintada.<\/li>\n\n\n\n<li><strong>Cores sortidas:<\/strong> Estes conjuntos de pastelaria em cer\u00e2mica personalizados est\u00e3o dispon\u00edveis numa gama de cores pastel, verde menta, cinzento, rosa, branco, preto, etc. Os clientes podem fazer uma escolha que corresponda ao estilo de decora\u00e7\u00e3o da sua cozinha, \u00e0 configura\u00e7\u00e3o da mesa ou \u00e0s suas necessidades pessoais.<\/li>\n\n\n\n<li><strong>Design de ajuste oval:<\/strong> a forma oval tradicional dos utens\u00edlios de cozedura em cer\u00e2mica personalizados proporciona uma capacidade funcional e \u00e9 excelente para pastelaria como peixe inteiro, arroz cozido, legumes cozidos, lasanha cozida, etc. para a apresenta\u00e7\u00e3o da refei\u00e7\u00e3o.<\/li>\n\n\n\n<li><strong>Tampa funcional:<\/strong> Estas ca\u00e7arolas para assar por atacado est\u00e3o equipadas com tampas hermeticamente fechadas que podem reter o aroma e a humidade dos alimentos durante a cozedura, tornando os ingredientes cozinhados mais tenros e suculentos. Ao mesmo tempo, as tampas podem reduzir a perda de calor e manter os alimentos quentes durante muito tempo.<\/li>\n\n\n\n<li><strong>Excelente Material:<\/strong> Estes pratos para assar ca\u00e7arolas por atacado t\u00eam propriedades qu\u00edmicas est\u00e1veis e n\u00e3o libertam subst\u00e2ncias nocivas em ambientes de alta temperatura, garantindo a seguran\u00e7a alimentar e a sa\u00fade. Ao mesmo tempo, a superf\u00edcie cer\u00e2mica \u00e9 lisa e n\u00e3o adere facilmente aos res\u00edduos alimentares, o que facilita a limpeza.<\/li>\n<\/ul>\n<\/div>\n\n\n\n<div class=\"wp-block-column is-layout-flow wp-block-column-is-layout-flow\">\n<figure class=\"wp-block-image size-full\"><img fetchpriority=\"high\" decoding=\"async\" width=\"1002\" height=\"1002\" src=\"https:\/\/jinhuaceramic.com\/wp-content\/uploads\/2026\/01\/Custom-Oval-Casserole-Dish-with-Lid-Wholesale-Ceramic-Kitchen-Bakeware.webp\" alt=\"atacado-casserole-baking-dishes-ceramic-bakeware-supply-1\" class=\"wp-image-11735\" srcset=\"https:\/\/jinhuaceramic.com\/wp-content\/uploads\/2026\/01\/Custom-Oval-Casserole-Dish-with-Lid-Wholesale-Ceramic-Kitchen-Bakeware.webp 1002w, https:\/\/jinhuaceramic.com\/wp-content\/uploads\/2026\/01\/Custom-Oval-Casserole-Dish-with-Lid-Wholesale-Ceramic-Kitchen-Bakeware-300x300.webp 300w, https:\/\/jinhuaceramic.com\/wp-content\/uploads\/2026\/01\/Custom-Oval-Casserole-Dish-with-Lid-Wholesale-Ceramic-Kitchen-Bakeware-150x150.webp 150w, https:\/\/jinhuaceramic.com\/wp-content\/uploads\/2026\/01\/Custom-Oval-Casserole-Dish-with-Lid-Wholesale-Ceramic-Kitchen-Bakeware-768x768.webp 768w, https:\/\/jinhuaceramic.com\/wp-content\/uploads\/2026\/01\/Custom-Oval-Casserole-Dish-with-Lid-Wholesale-Ceramic-Kitchen-Bakeware-12x12.webp 12w, https:\/\/jinhuaceramic.com\/wp-content\/uploads\/2026\/01\/Custom-Oval-Casserole-Dish-with-Lid-Wholesale-Ceramic-Kitchen-Bakeware-285x285.webp 285w, https:\/\/jinhuaceramic.com\/wp-content\/uploads\/2026\/01\/Custom-Oval-Casserole-Dish-with-Lid-Wholesale-Ceramic-Kitchen-Bakeware-270x270.webp 270w, https:\/\/jinhuaceramic.com\/wp-content\/uploads\/2026\/01\/Custom-Oval-Casserole-Dish-with-Lid-Wholesale-Ceramic-Kitchen-Bakeware-540x540.webp 540w, https:\/\/jinhuaceramic.com\/wp-content\/uploads\/2026\/01\/Custom-Oval-Casserole-Dish-with-Lid-Wholesale-Ceramic-Kitchen-Bakeware-660x660.webp 660w\" sizes=\"(max-width: 1002px) 100vw, 1002px\" \/><\/figure>\n<\/div>\n<\/div>","protected":false},"excerpt":{"rendered":"<p>Bem-vindo ao comprar as nossas ca\u00e7arolas com tampa por atacado, feitas de cer\u00e2mica dur\u00e1vel e segura para o forno para uma distribui\u00e7\u00e3o uniforme do calor. Este fornecimento de assadeiras de cer\u00e2mica oval \u00e9 ideal para compradores a granel, oferecendo v\u00e1rios tamanhos, cores personalizadas, impress\u00e3o de log\u00f3tipo e servi\u00e7os OEM\/ODM. Perfeito para supermercados, hot\u00e9is e restaurantes que procuram solu\u00e7\u00f5es fi\u00e1veis de cer\u00e2mica para pastelaria por grosso.<\/p>","protected":false},"featured_media":11734,"comment_status":"closed","ping_status":"closed","template":"","meta":{"_acf_changed":false},"product_brand":[],"product_cat":[53],"product_tag":[71],"class_list":{"0":"post-11728","1":"product","2":"type-product","3":"status-publish","4":"has-post-thumbnail","6":"product_cat-bakeware-in-bulk","7":"product_tag-wholesale-baking-pans","9":"first","10":"instock","11":"shipping-taxable","12":"product-type-simple"},"acf":[],"_links":{"self":[{"href":"https:\/\/jinhuaceramic.com\/pt\/wp-json\/wp\/v2\/product\/11728","targetHints":{"allow":["GET"]}}],"collection":[{"href":"https:\/\/jinhuaceramic.com\/pt\/wp-json\/wp\/v2\/product"}],"about":[{"href":"https:\/\/jinhuaceramic.com\/pt\/wp-json\/wp\/v2\/types\/product"}],"replies":[{"embeddable":true,"href":"https:\/\/jinhuaceramic.com\/pt\/wp-json\/wp\/v2\/comments?post=11728"}],"version-history":[{"count":0,"href":"https:\/\/jinhuaceramic.com\/pt\/wp-json\/wp\/v2\/product\/11728\/revisions"}],"wp:featuredmedia":[{"embeddable":true,"href":"https:\/\/jinhuaceramic.com\/pt\/wp-json\/wp\/v2\/media\/11734"}],"wp:attachment":[{"href":"https:\/\/jinhuaceramic.com\/pt\/wp-json\/wp\/v2\/media?parent=11728"}],"wp:term":[{"taxonomy":"product_brand","embeddable":true,"href":"https:\/\/jinhuaceramic.com\/pt\/wp-json\/wp\/v2\/product_brand?post=11728"},{"taxonomy":"product_cat","embeddable":true,"href":"https:\/\/jinhuaceramic.com\/pt\/wp-json\/wp\/v2\/product_cat?post=11728"},{"taxonomy":"product_tag","embeddable":true,"href":"https:\/\/jinhuaceramic.com\/pt\/wp-json\/wp\/v2\/product_tag?post=11728"}],"curies":[{"name":"wp","href":"https:\/\/api.w.org\/{rel}","templated":true}]}}