{"id":11761,"date":"2026-01-09T03:12:43","date_gmt":"2026-01-09T03:12:43","guid":{"rendered":"https:\/\/jinhuaceramic.com\/?post_type=product&#038;p=11761"},"modified":"2026-01-09T03:12:46","modified_gmt":"2026-01-09T03:12:46","slug":"oval-baking-dish-wholesale","status":"publish","type":"product","link":"https:\/\/jinhuaceramic.com\/pt\/product\/oval-baking-dish-wholesale\/","title":{"rendered":"Assadeira Oval Atacado, Formas de Cer\u00e2mica Suprimentos"},"content":{"rendered":"<div class=\"wp-block-columns is-layout-flex wp-container-core-columns-is-layout-9d6595d7 wp-block-columns-is-layout-flex\">\n<div class=\"wp-block-column is-layout-flow wp-block-column-is-layout-flow\">\n<h3 class=\"wp-block-heading\">Prato oval para assar Premium Carater\u00edsticas por atacado:<\/h3>\n\n\n\n<ul class=\"wp-block-list\">\n<li><strong>Design elegante:<\/strong> Esta assadeira oval por atacado adopta um design contrastante, com uma parede exterior branca com padr\u00f5es de riscas cinzentas e uma parede interior cinzenta pura. O tom cinzento de baixa satura\u00e7\u00e3o \u00e9 est\u00e1vel e atmosf\u00e9rico, e o padr\u00e3o de riscas verticais acrescenta profundidade visual, apresentando um estilo moderno e elegante.<\/li>\n\n\n\n<li><strong>Forma pr\u00e1tica: <\/strong>Esta assadeira oval adapta-se \u00e0 coloca\u00e7\u00e3o de ingredientes compridos, como peixe inteiro e costeletas de borrego grelhadas, e poupa mais espa\u00e7o no forno do que as assadeiras redondas. As pegas integradas em ambos os lados s\u00e3o de f\u00e1cil acesso, evitam queimaduras e aumentam a comodidade e seguran\u00e7a da utiliza\u00e7\u00e3o.<\/li>\n\n\n\n<li><strong>Material de alta qualidade:<\/strong> A assadeira oval por atacado \u00e9 feita de materiais cer\u00e2micos de alta qualidade e tem um certo grau de estabilidade t\u00e9rmica, permitindo que os alimentos sejam aquecidos de forma mais uniforme, evitando a queima local ou a cozedura insuficiente e melhorando a efici\u00eancia da cozedura.<\/li>\n\n\n\n<li><strong>F\u00e1cil de limpar: <\/strong>Estes tabuleiros de cer\u00e2mica para cozer por atacado t\u00eam superf\u00edcies de esmalte lisas e densas, o que dificulta a ader\u00eancia de res\u00edduos alimentares e manchas de \u00f3leo. Ap\u00f3s a cozedura, limpe-as suavemente com \u00e1gua morna e detergente; as manchas podem ser facilmente removidas e as formas manter-se-\u00e3o limpas.<\/li>\n\n\n\n<li><strong>Adequado para compras a granel:<\/strong> Estas assadeiras de cer\u00e2mica por atacado t\u00eam uma estrutura est\u00e1vel, uma baixa taxa de quebra, s\u00e3o adequadas para produ\u00e7\u00e3o e exporta\u00e7\u00e3o em grande escala e suportam encomendas por atacado OEM\/ODM.<\/li>\n<\/ul>\n<\/div>\n\n\n\n<div class=\"wp-block-column is-layout-flow wp-block-column-is-layout-flow\">\n<figure class=\"wp-block-image size-full\"><img fetchpriority=\"high\" decoding=\"async\" width=\"726\" height=\"726\" src=\"https:\/\/jinhuaceramic.com\/wp-content\/uploads\/2026\/01\/Oval-Baking-Dish-with-Striped-Pattern-Wholesale-Ceramic-Baking-Pans-Supplies-7.webp\" alt=\"oval-forno-forno-forno-forno-cer\u00e2mica-fornecimentos-7\" class=\"wp-image-11767\" srcset=\"https:\/\/jinhuaceramic.com\/wp-content\/uploads\/2026\/01\/Oval-Baking-Dish-with-Striped-Pattern-Wholesale-Ceramic-Baking-Pans-Supplies-7.webp 726w, https:\/\/jinhuaceramic.com\/wp-content\/uploads\/2026\/01\/Oval-Baking-Dish-with-Striped-Pattern-Wholesale-Ceramic-Baking-Pans-Supplies-7-300x300.webp 300w, https:\/\/jinhuaceramic.com\/wp-content\/uploads\/2026\/01\/Oval-Baking-Dish-with-Striped-Pattern-Wholesale-Ceramic-Baking-Pans-Supplies-7-150x150.webp 150w, https:\/\/jinhuaceramic.com\/wp-content\/uploads\/2026\/01\/Oval-Baking-Dish-with-Striped-Pattern-Wholesale-Ceramic-Baking-Pans-Supplies-7-12x12.webp 12w, https:\/\/jinhuaceramic.com\/wp-content\/uploads\/2026\/01\/Oval-Baking-Dish-with-Striped-Pattern-Wholesale-Ceramic-Baking-Pans-Supplies-7-285x285.webp 285w, https:\/\/jinhuaceramic.com\/wp-content\/uploads\/2026\/01\/Oval-Baking-Dish-with-Striped-Pattern-Wholesale-Ceramic-Baking-Pans-Supplies-7-270x270.webp 270w, https:\/\/jinhuaceramic.com\/wp-content\/uploads\/2026\/01\/Oval-Baking-Dish-with-Striped-Pattern-Wholesale-Ceramic-Baking-Pans-Supplies-7-540x540.webp 540w, https:\/\/jinhuaceramic.com\/wp-content\/uploads\/2026\/01\/Oval-Baking-Dish-with-Striped-Pattern-Wholesale-Ceramic-Baking-Pans-Supplies-7-660x660.webp 660w\" sizes=\"(max-width: 726px) 100vw, 726px\" \/><\/figure>\n<\/div>\n<\/div>","protected":false},"excerpt":{"rendered":"<p>Bem-vindo ao comprar a nossa assadeira oval por atacado com um padr\u00e3o \u00e0s riscas, concebida para a cozedura profissional e o fornecimento de servi\u00e7os alimentares. Estas assadeiras de cer\u00e2mica s\u00e3o feitas de cer\u00e2mica cozida a alta temperatura com um esmalte dur\u00e1vel de qualidade alimentar, oferecendo uma distribui\u00e7\u00e3o uniforme do calor e uma limpeza f\u00e1cil. Dispon\u00edveis em v\u00e1rios tamanhos com personaliza\u00e7\u00e3o OEM\/ODM, s\u00e3o ideais para compradores a granel, retalhistas e projectos de hotelaria que procuram artigos de pastelaria em cer\u00e2mica fi\u00e1veis.<\/p>","protected":false},"featured_media":11763,"comment_status":"closed","ping_status":"closed","template":"","meta":{"_acf_changed":false},"product_brand":[],"product_cat":[53],"product_tag":[71],"class_list":{"0":"post-11761","1":"product","2":"type-product","3":"status-publish","4":"has-post-thumbnail","6":"product_cat-bakeware-in-bulk","7":"product_tag-wholesale-baking-pans","9":"first","10":"instock","11":"shipping-taxable","12":"product-type-simple"},"acf":[],"_links":{"self":[{"href":"https:\/\/jinhuaceramic.com\/pt\/wp-json\/wp\/v2\/product\/11761","targetHints":{"allow":["GET"]}}],"collection":[{"href":"https:\/\/jinhuaceramic.com\/pt\/wp-json\/wp\/v2\/product"}],"about":[{"href":"https:\/\/jinhuaceramic.com\/pt\/wp-json\/wp\/v2\/types\/product"}],"replies":[{"embeddable":true,"href":"https:\/\/jinhuaceramic.com\/pt\/wp-json\/wp\/v2\/comments?post=11761"}],"version-history":[{"count":0,"href":"https:\/\/jinhuaceramic.com\/pt\/wp-json\/wp\/v2\/product\/11761\/revisions"}],"wp:featuredmedia":[{"embeddable":true,"href":"https:\/\/jinhuaceramic.com\/pt\/wp-json\/wp\/v2\/media\/11763"}],"wp:attachment":[{"href":"https:\/\/jinhuaceramic.com\/pt\/wp-json\/wp\/v2\/media?parent=11761"}],"wp:term":[{"taxonomy":"product_brand","embeddable":true,"href":"https:\/\/jinhuaceramic.com\/pt\/wp-json\/wp\/v2\/product_brand?post=11761"},{"taxonomy":"product_cat","embeddable":true,"href":"https:\/\/jinhuaceramic.com\/pt\/wp-json\/wp\/v2\/product_cat?post=11761"},{"taxonomy":"product_tag","embeddable":true,"href":"https:\/\/jinhuaceramic.com\/pt\/wp-json\/wp\/v2\/product_tag?post=11761"}],"curies":[{"name":"wp","href":"https:\/\/api.w.org\/{rel}","templated":true}]}}