{"id":11798,"date":"2026-01-09T08:26:40","date_gmt":"2026-01-09T08:26:40","guid":{"rendered":"https:\/\/jinhuaceramic.com\/?post_type=product&#038;p=11798"},"modified":"2026-01-09T08:26:46","modified_gmt":"2026-01-09T08:26:46","slug":"wholesale-oven-casserole-dish","status":"publish","type":"product","link":"https:\/\/jinhuaceramic.com\/pt\/product\/wholesale-oven-casserole-dish\/","title":{"rendered":"Prato para ca\u00e7arola de forno por atacado, Bakeware de cer\u00e2mica verde a granel"},"content":{"rendered":"<div class=\"wp-block-columns is-layout-flex wp-container-core-columns-is-layout-9d6595d7 wp-block-columns-is-layout-flex\">\n<div class=\"wp-block-column is-layout-flow wp-block-column-is-layout-flow\">\n<h3 class=\"wp-block-heading\">Prato de ca\u00e7arola para forno Premium Wholesale Carater\u00edsticas:<\/h3>\n\n\n\n<ul class=\"wp-block-list\">\n<li><strong>Design elegante: <\/strong>A ca\u00e7arola de forno grossista com tampa apresenta um design de cores contrastantes com uma parede exterior verde azeitona vintage e uma parede interior branca. Este esquema de cores natural e suave proporciona uma nova energia na cozinha e aquece o cora\u00e7\u00e3o quando se cozinha.<\/li>\n\n\n\n<li><strong>Pormenores bem pensados: <\/strong>Esta ca\u00e7arola de forno por atacado com tampas apresenta texturas de tiras nas paredes interiores para garantir um aquecimento uniforme no fundo e para levantar os alimentos, de modo a que os seus pratos n\u00e3o fiquem encharcados de \u00f3leo e mantenham um sabor mais fresco.<\/li>\n\n\n\n<li><strong>Tampa funcional: <\/strong>O design coberto \u00e9 um dos principais destaques destas ca\u00e7arolas personalizadas. Durante o processo de cozedura, a tampa pode evitar que o calor se dissipe demasiado depressa, melhorar a efici\u00eancia da cozedura e tamb\u00e9m evitar que a superf\u00edcie dos alimentos seque demasiado depressa, mantendo a humidade e a frescura dos alimentos.<\/li>\n\n\n\n<li><strong>Material de alta qualidade: <\/strong>Esta ca\u00e7arola de forno por atacado com tampa \u00e9 feita de materiais cer\u00e2micos naturais, que n\u00e3o libertam produtos qu\u00edmicos nocivos e podem entrar em contacto seguro com os alimentos. A superf\u00edcie de cer\u00e2mica \u00e9 lisa e n\u00e3o adere facilmente aos res\u00edduos alimentares, tornando-a muito f\u00e1cil de limpar.<\/li>\n\n\n\n<li><strong>Vers\u00e1til e seguro para o forno: <\/strong>Estas ca\u00e7arolas personalizadas podem ser utilizadas no forno, no micro-ondas e na m\u00e1quina de lavar loi\u00e7a (a temperatura espec\u00edfica pode ser personalizada), sendo adequadas para cozinhas de casa, hot\u00e9is e restaurantes.<\/li>\n<\/ul>\n<\/div>\n\n\n\n<div class=\"wp-block-column is-layout-flow wp-block-column-is-layout-flow\">\n<figure class=\"wp-block-image size-full\"><img fetchpriority=\"high\" decoding=\"async\" width=\"1472\" height=\"1500\" src=\"https:\/\/jinhuaceramic.com\/wp-content\/uploads\/2026\/01\/Olive-Green-Casserole-Dish-with-Lid-Custom-Ceramic-Kitchen-Bakeware-Wholesale-2.webp\" alt=\"wholesale-oven-casserole-dish\u200b-green-ceramic-bakeware-bulk-2\" class=\"wp-image-11799\" srcset=\"https:\/\/jinhuaceramic.com\/wp-content\/uploads\/2026\/01\/Olive-Green-Casserole-Dish-with-Lid-Custom-Ceramic-Kitchen-Bakeware-Wholesale-2.webp 1472w, https:\/\/jinhuaceramic.com\/wp-content\/uploads\/2026\/01\/Olive-Green-Casserole-Dish-with-Lid-Custom-Ceramic-Kitchen-Bakeware-Wholesale-2-294x300.webp 294w, https:\/\/jinhuaceramic.com\/wp-content\/uploads\/2026\/01\/Olive-Green-Casserole-Dish-with-Lid-Custom-Ceramic-Kitchen-Bakeware-Wholesale-2-768x783.webp 768w, https:\/\/jinhuaceramic.com\/wp-content\/uploads\/2026\/01\/Olive-Green-Casserole-Dish-with-Lid-Custom-Ceramic-Kitchen-Bakeware-Wholesale-2-12x12.webp 12w, https:\/\/jinhuaceramic.com\/wp-content\/uploads\/2026\/01\/Olive-Green-Casserole-Dish-with-Lid-Custom-Ceramic-Kitchen-Bakeware-Wholesale-2-285x290.webp 285w, https:\/\/jinhuaceramic.com\/wp-content\/uploads\/2026\/01\/Olive-Green-Casserole-Dish-with-Lid-Custom-Ceramic-Kitchen-Bakeware-Wholesale-2-648x660.webp 648w, https:\/\/jinhuaceramic.com\/wp-content\/uploads\/2026\/01\/Olive-Green-Casserole-Dish-with-Lid-Custom-Ceramic-Kitchen-Bakeware-Wholesale-2-147x150.webp 147w\" sizes=\"(max-width: 1472px) 100vw, 1472px\" \/><\/figure>\n<\/div>\n<\/div>","protected":false},"excerpt":{"rendered":"<p>Bem-vindo ao comprar nossa ca\u00e7arola de forno por atacado com tampa, que se tornou uma ferramenta de cozimento popular na cozinha devido \u00e0s suas cores frescas, design funcional pr\u00e1tico, excelentes propriedades de material e limpeza e manuten\u00e7\u00e3o convenientes. Perfeito para supermercados, hot\u00e9is, restaurantes e marcas que procuram solu\u00e7\u00f5es fi\u00e1veis de cer\u00e2mica para pastelaria por atacado.<\/p>","protected":false},"featured_media":11803,"comment_status":"closed","ping_status":"closed","template":"","meta":{"_acf_changed":false},"product_brand":[],"product_cat":[53],"product_tag":[71],"class_list":{"0":"post-11798","1":"product","2":"type-product","3":"status-publish","4":"has-post-thumbnail","6":"product_cat-bakeware-in-bulk","7":"product_tag-wholesale-baking-pans","9":"first","10":"instock","11":"shipping-taxable","12":"product-type-simple"},"acf":[],"_links":{"self":[{"href":"https:\/\/jinhuaceramic.com\/pt\/wp-json\/wp\/v2\/product\/11798","targetHints":{"allow":["GET"]}}],"collection":[{"href":"https:\/\/jinhuaceramic.com\/pt\/wp-json\/wp\/v2\/product"}],"about":[{"href":"https:\/\/jinhuaceramic.com\/pt\/wp-json\/wp\/v2\/types\/product"}],"replies":[{"embeddable":true,"href":"https:\/\/jinhuaceramic.com\/pt\/wp-json\/wp\/v2\/comments?post=11798"}],"version-history":[{"count":0,"href":"https:\/\/jinhuaceramic.com\/pt\/wp-json\/wp\/v2\/product\/11798\/revisions"}],"wp:featuredmedia":[{"embeddable":true,"href":"https:\/\/jinhuaceramic.com\/pt\/wp-json\/wp\/v2\/media\/11803"}],"wp:attachment":[{"href":"https:\/\/jinhuaceramic.com\/pt\/wp-json\/wp\/v2\/media?parent=11798"}],"wp:term":[{"taxonomy":"product_brand","embeddable":true,"href":"https:\/\/jinhuaceramic.com\/pt\/wp-json\/wp\/v2\/product_brand?post=11798"},{"taxonomy":"product_cat","embeddable":true,"href":"https:\/\/jinhuaceramic.com\/pt\/wp-json\/wp\/v2\/product_cat?post=11798"},{"taxonomy":"product_tag","embeddable":true,"href":"https:\/\/jinhuaceramic.com\/pt\/wp-json\/wp\/v2\/product_tag?post=11798"}],"curies":[{"name":"wp","href":"https:\/\/api.w.org\/{rel}","templated":true}]}}