{"id":12032,"date":"2026-01-19T10:13:02","date_gmt":"2026-01-19T10:13:02","guid":{"rendered":"https:\/\/jinhuaceramic.com\/?post_type=product&#038;p=12032"},"modified":"2026-01-19T10:13:05","modified_gmt":"2026-01-19T10:13:05","slug":"custom-ramekin","status":"publish","type":"product","link":"https:\/\/jinhuaceramic.com\/pt\/product\/custom-ramekin\/","title":{"rendered":"Ramequim personalizado com v\u00e1rias cores, frigideira para sufl\u00eas em cer\u00e2mica a granel"},"content":{"rendered":"<div class=\"wp-block-columns is-layout-flex wp-container-core-columns-is-layout-9d6595d7 wp-block-columns-is-layout-flex\">\n<div class=\"wp-block-column is-layout-flow wp-block-column-is-layout-flow\">\n<h3 class=\"wp-block-heading\">Carater\u00edsticas do Ramekin personalizado Premium:<\/h3>\n\n\n\n<ul class=\"wp-block-list\">\n<li><strong>Design elegante:<\/strong> Estes ramequins personalizados a granel s\u00e3o apresentados em cores frescas, como o azul claro, o azul profundo e o branco, que podem dar um toque de brilho \u00e0 cozinha ou \u00e0 mesa de jantar e melhorar o ambiente geral. A superf\u00edcie tem texturas horizontais delicadas, que n\u00e3o s\u00f3 aumentam as camadas visuais como tamb\u00e9m tornam a pega mais texturada.<\/li>\n\n\n\n<li><strong>Versatilidade: <\/strong>Estes ramequins personalizados t\u00eam uma capacidade moderada e s\u00e3o adequados para confecionar v\u00e1rias sobremesas, como souffles, creme brulee, muffins, cremes, etc. Tamb\u00e9m podem ser utilizados para servir molhos, frutos secos e outros aperitivos. S\u00e3o muito adequados tanto para a confe\u00e7\u00e3o de bolos em casa como para a utiliza\u00e7\u00e3o em restaurantes.<\/li>\n\n\n\n<li><strong>Material de alta qualidade:<\/strong> Estes ramequins personalizados s\u00e3o seguros para o forno, fabricados com material cer\u00e2mico resistente ao calor de alta qualidade e n\u00e3o se partem ou deformam facilmente a altas temperaturas. Naturalmente n\u00e3o t\u00f3xico, Fresh and pure n\u00e3o reage quimicamente com os alimentos, o que o torna seguro para os seus alimentos e para a sua sa\u00fade.<\/li>\n\n\n\n<li><strong>F\u00e1cil de limpar:<\/strong> Este tabuleiro para souffl\u00e9 em cer\u00e2mica tem uma superf\u00edcie lisa e n\u00e3o adere facilmente aos res\u00edduos alimentares. S\u00e3o muito f\u00e1ceis de limpar, quer \u00e0 m\u00e3o quer na m\u00e1quina de lavar lou\u00e7a, e s\u00e3o muito c\u00f3modas.<\/li>\n<\/ul>\n<\/div>\n\n\n\n<div class=\"wp-block-column is-layout-flow wp-block-column-is-layout-flow\">\n<figure class=\"wp-block-image size-full\"><img fetchpriority=\"high\" decoding=\"async\" width=\"1468\" height=\"1500\" src=\"https:\/\/jinhuaceramic.com\/wp-content\/uploads\/2026\/01\/Restaurant-Supply-Ramekins-with-Various-Colors-Wholesale-Ceramic-Custom-Muffin-Pan.webp\" alt=\"ca\u00e7arola de cer\u00e2mica para guisados de v\u00e1rias cores - 1\" class=\"wp-image-11849\" srcset=\"https:\/\/jinhuaceramic.com\/wp-content\/uploads\/2026\/01\/Restaurant-Supply-Ramekins-with-Various-Colors-Wholesale-Ceramic-Custom-Muffin-Pan.webp 1468w, https:\/\/jinhuaceramic.com\/wp-content\/uploads\/2026\/01\/Restaurant-Supply-Ramekins-with-Various-Colors-Wholesale-Ceramic-Custom-Muffin-Pan-294x300.webp 294w, https:\/\/jinhuaceramic.com\/wp-content\/uploads\/2026\/01\/Restaurant-Supply-Ramekins-with-Various-Colors-Wholesale-Ceramic-Custom-Muffin-Pan-768x785.webp 768w, https:\/\/jinhuaceramic.com\/wp-content\/uploads\/2026\/01\/Restaurant-Supply-Ramekins-with-Various-Colors-Wholesale-Ceramic-Custom-Muffin-Pan-12x12.webp 12w, https:\/\/jinhuaceramic.com\/wp-content\/uploads\/2026\/01\/Restaurant-Supply-Ramekins-with-Various-Colors-Wholesale-Ceramic-Custom-Muffin-Pan-285x291.webp 285w, https:\/\/jinhuaceramic.com\/wp-content\/uploads\/2026\/01\/Restaurant-Supply-Ramekins-with-Various-Colors-Wholesale-Ceramic-Custom-Muffin-Pan-646x660.webp 646w, https:\/\/jinhuaceramic.com\/wp-content\/uploads\/2026\/01\/Restaurant-Supply-Ramekins-with-Various-Colors-Wholesale-Ceramic-Custom-Muffin-Pan-147x150.webp 147w\" sizes=\"(max-width: 1468px) 100vw, 1468px\" \/><\/figure>\n<\/div>\n<\/div>","protected":false},"excerpt":{"rendered":"<p>Bem-vindo ao comprar o nosso ramequim personalizado, que \u00e9 visualmente real\u00e7ado pelas suas cores encantadoras e pelo seu design minimalista, pronto para uso comercial e retalhista. Os materiais cer\u00e2micos de alta qualidade garantem durabilidade e seguran\u00e7a, a capacidade e o tamanho razo\u00e1veis satisfazem diversas necessidades culin\u00e1rias e s\u00e3o f\u00e1ceis de limpar e manter. S\u00e3o um bom artigo de cozinha que combina beleza e praticidade, tornando-os extremamente adequados tanto para uso dom\u00e9stico como em restaurantes.<\/p>\n<p>&nbsp;<\/p>","protected":false},"featured_media":11843,"comment_status":"closed","ping_status":"closed","template":"","meta":{"_acf_changed":false},"product_brand":[],"product_cat":[53],"product_tag":[69],"class_list":{"0":"post-12032","1":"product","2":"type-product","3":"status-publish","4":"has-post-thumbnail","6":"product_cat-bakeware-in-bulk","7":"product_tag-bulk-ramekins","9":"first","10":"instock","11":"shipping-taxable","12":"product-type-simple"},"acf":[],"_links":{"self":[{"href":"https:\/\/jinhuaceramic.com\/pt\/wp-json\/wp\/v2\/product\/12032","targetHints":{"allow":["GET"]}}],"collection":[{"href":"https:\/\/jinhuaceramic.com\/pt\/wp-json\/wp\/v2\/product"}],"about":[{"href":"https:\/\/jinhuaceramic.com\/pt\/wp-json\/wp\/v2\/types\/product"}],"replies":[{"embeddable":true,"href":"https:\/\/jinhuaceramic.com\/pt\/wp-json\/wp\/v2\/comments?post=12032"}],"version-history":[{"count":0,"href":"https:\/\/jinhuaceramic.com\/pt\/wp-json\/wp\/v2\/product\/12032\/revisions"}],"wp:featuredmedia":[{"embeddable":true,"href":"https:\/\/jinhuaceramic.com\/pt\/wp-json\/wp\/v2\/media\/11843"}],"wp:attachment":[{"href":"https:\/\/jinhuaceramic.com\/pt\/wp-json\/wp\/v2\/media?parent=12032"}],"wp:term":[{"taxonomy":"product_brand","embeddable":true,"href":"https:\/\/jinhuaceramic.com\/pt\/wp-json\/wp\/v2\/product_brand?post=12032"},{"taxonomy":"product_cat","embeddable":true,"href":"https:\/\/jinhuaceramic.com\/pt\/wp-json\/wp\/v2\/product_cat?post=12032"},{"taxonomy":"product_tag","embeddable":true,"href":"https:\/\/jinhuaceramic.com\/pt\/wp-json\/wp\/v2\/product_tag?post=12032"}],"curies":[{"name":"wp","href":"https:\/\/api.w.org\/{rel}","templated":true}]}}