{"id":12035,"date":"2026-01-19T10:23:59","date_gmt":"2026-01-19T10:23:59","guid":{"rendered":"https:\/\/jinhuaceramic.com\/?post_type=product&#038;p=12035"},"modified":"2026-01-19T10:24:02","modified_gmt":"2026-01-19T10:24:02","slug":"custom-bathroom-set-accessories","status":"publish","type":"product","link":"https:\/\/jinhuaceramic.com\/pt\/product\/custom-bathroom-set-accessories\/","title":{"rendered":"Conjunto de acess\u00f3rios de casa de banho personalizado, conjunto completo de 5 pe\u00e7as em preto"},"content":{"rendered":"<div class=\"wp-block-columns is-layout-flex wp-container-core-columns-is-layout-9d6595d7 wp-block-columns-is-layout-flex\">\n<div class=\"wp-block-column is-layout-flow wp-block-column-is-layout-flow\">\n<h3 class=\"wp-block-heading\">Conjunto de acess\u00f3rios de casa de banho personalizados Premium Carater\u00edsticas:<\/h3>\n\n\n\n<ul class=\"wp-block-list\">\n<li><strong>Adequado para v\u00e1rios cen\u00e1rios:<\/strong> Estes acess\u00f3rios personalizados para conjuntos de casa de banho s\u00e3o adequados para utiliza\u00e7\u00e3o em casas de banho familiares, hot\u00e9is, pens\u00f5es, casas de banho comerciais e outros fins.<\/li>\n\n\n\n<li><strong>Design requintado:<\/strong> Estes acess\u00f3rios de casa de banho personalizados pretos t\u00eam texturas delicadas na superf\u00edcie, semelhantes a padr\u00f5es tecidos, que aumentam a delicadeza e a sensa\u00e7\u00e3o tridimensional do produto, evitando a monotonia provocada pelo preto puro e proporcionando uma experi\u00eancia t\u00e1til \u00fanica ao toque.<\/li>\n\n\n\n<li><strong>Conjunto completo:<\/strong> Estes acess\u00f3rios personalizados para conjuntos de casa de banho abrangem uma variedade de acess\u00f3rios de utiliza\u00e7\u00e3o comum com diferentes fun\u00e7\u00f5es na casa de banho, como saboneteiras, suportes para escovas de dentes, frascos de arruma\u00e7\u00e3o, saboneteiras, etc., satisfazendo as necessidades b\u00e1sicas de higiene di\u00e1ria e arruma\u00e7\u00e3o.<\/li>\n\n\n\n<li><strong>Pormenores bem pensados:<\/strong> O dispensador de sab\u00e3o pressiona suavemente e controla com precis\u00e3o a quantidade de desinfetante para as m\u00e3os dispensado. O design de grelha dupla do suporte para escovas de dentes permite a coloca\u00e7\u00e3o separada de duas escovas de dentes. A tampa do frasco de armazenamento tem uma boa veda\u00e7\u00e3o e pode guardar cotonetes e bolas de algod\u00e3o \u00e0 prova de p\u00f3 e de humidade.<\/li>\n\n\n\n<li><strong>Material duradouro:<\/strong> Estes acess\u00f3rios personalizados para casa de banho s\u00e3o feitos de materiais cer\u00e2micos, que t\u00eam boa resist\u00eancia ao desgaste e \u00e0 corros\u00e3o, n\u00e3o s\u00e3o facilmente afectados pelo ambiente h\u00famido da casa de banho e podem manter a sua apar\u00eancia e desempenho est\u00e1vel durante muito tempo.<\/li>\n<\/ul>\n<\/div>\n\n\n\n<div class=\"wp-block-column is-layout-flow wp-block-column-is-layout-flow\">\n<figure class=\"wp-block-image size-full\"><img fetchpriority=\"high\" decoding=\"async\" width=\"2560\" height=\"2560\" src=\"https:\/\/jinhuaceramic.com\/wp-content\/uploads\/2026\/01\/Black-Designer-Bathroom-Sets-Custom-Soap-Dispenser-and-Toothbrush-Holder-Set.webp\" alt=\"conjunto de casa de banho personalizado-acess\u00f3rios-5-pe\u00e7as-preto-conjunto-cheio-bulk-1\" class=\"wp-image-11871\" srcset=\"https:\/\/jinhuaceramic.com\/wp-content\/uploads\/2026\/01\/Black-Designer-Bathroom-Sets-Custom-Soap-Dispenser-and-Toothbrush-Holder-Set.webp 2560w, https:\/\/jinhuaceramic.com\/wp-content\/uploads\/2026\/01\/Black-Designer-Bathroom-Sets-Custom-Soap-Dispenser-and-Toothbrush-Holder-Set-300x300.webp 300w, https:\/\/jinhuaceramic.com\/wp-content\/uploads\/2026\/01\/Black-Designer-Bathroom-Sets-Custom-Soap-Dispenser-and-Toothbrush-Holder-Set-150x150.webp 150w, https:\/\/jinhuaceramic.com\/wp-content\/uploads\/2026\/01\/Black-Designer-Bathroom-Sets-Custom-Soap-Dispenser-and-Toothbrush-Holder-Set-768x768.webp 768w, https:\/\/jinhuaceramic.com\/wp-content\/uploads\/2026\/01\/Black-Designer-Bathroom-Sets-Custom-Soap-Dispenser-and-Toothbrush-Holder-Set-12x12.webp 12w, https:\/\/jinhuaceramic.com\/wp-content\/uploads\/2026\/01\/Black-Designer-Bathroom-Sets-Custom-Soap-Dispenser-and-Toothbrush-Holder-Set-285x285.webp 285w, https:\/\/jinhuaceramic.com\/wp-content\/uploads\/2026\/01\/Black-Designer-Bathroom-Sets-Custom-Soap-Dispenser-and-Toothbrush-Holder-Set-1600x1600.webp 1600w, https:\/\/jinhuaceramic.com\/wp-content\/uploads\/2026\/01\/Black-Designer-Bathroom-Sets-Custom-Soap-Dispenser-and-Toothbrush-Holder-Set-270x270.webp 270w, https:\/\/jinhuaceramic.com\/wp-content\/uploads\/2026\/01\/Black-Designer-Bathroom-Sets-Custom-Soap-Dispenser-and-Toothbrush-Holder-Set-540x540.webp 540w, https:\/\/jinhuaceramic.com\/wp-content\/uploads\/2026\/01\/Black-Designer-Bathroom-Sets-Custom-Soap-Dispenser-and-Toothbrush-Holder-Set-660x660.webp 660w\" sizes=\"(max-width: 2560px) 100vw, 2560px\" \/><\/figure>\n<\/div>\n<\/div>","protected":false},"excerpt":{"rendered":"<p>Bem-vindo a comprar os nossos acess\u00f3rios personalizados para conjuntos de casa de banho. Estes conjuntos de casa de banho em cer\u00e2mica preta, com a sua apar\u00eancia requintada, fun\u00e7\u00f5es pr\u00e1ticas e materiais de alta qualidade, tornaram-se produtos de casa de banho excepcionais. N\u00e3o s\u00f3 satisfazem as necessidades di\u00e1rias de lavagem e arruma\u00e7\u00e3o dos utilizadores, como tamb\u00e9m conferem eleg\u00e2ncia e moda \u00e0 casa de banho, tornando-os a escolha ideal para quem procura qualidade de vida.<\/p>","protected":false},"featured_media":11869,"comment_status":"closed","ping_status":"closed","template":"","meta":{"_acf_changed":false},"product_brand":[],"product_cat":[51],"product_tag":[74],"class_list":{"0":"post-12035","1":"product","2":"type-product","3":"status-publish","4":"has-post-thumbnail","6":"product_cat-bathroom-accessories-wholesale","7":"product_tag-ceramic-bath-accessories-wholesale","9":"first","10":"instock","11":"shipping-taxable","12":"product-type-simple"},"acf":[],"_links":{"self":[{"href":"https:\/\/jinhuaceramic.com\/pt\/wp-json\/wp\/v2\/product\/12035","targetHints":{"allow":["GET"]}}],"collection":[{"href":"https:\/\/jinhuaceramic.com\/pt\/wp-json\/wp\/v2\/product"}],"about":[{"href":"https:\/\/jinhuaceramic.com\/pt\/wp-json\/wp\/v2\/types\/product"}],"replies":[{"embeddable":true,"href":"https:\/\/jinhuaceramic.com\/pt\/wp-json\/wp\/v2\/comments?post=12035"}],"version-history":[{"count":0,"href":"https:\/\/jinhuaceramic.com\/pt\/wp-json\/wp\/v2\/product\/12035\/revisions"}],"wp:featuredmedia":[{"embeddable":true,"href":"https:\/\/jinhuaceramic.com\/pt\/wp-json\/wp\/v2\/media\/11869"}],"wp:attachment":[{"href":"https:\/\/jinhuaceramic.com\/pt\/wp-json\/wp\/v2\/media?parent=12035"}],"wp:term":[{"taxonomy":"product_brand","embeddable":true,"href":"https:\/\/jinhuaceramic.com\/pt\/wp-json\/wp\/v2\/product_brand?post=12035"},{"taxonomy":"product_cat","embeddable":true,"href":"https:\/\/jinhuaceramic.com\/pt\/wp-json\/wp\/v2\/product_cat?post=12035"},{"taxonomy":"product_tag","embeddable":true,"href":"https:\/\/jinhuaceramic.com\/pt\/wp-json\/wp\/v2\/product_tag?post=12035"}],"curies":[{"name":"wp","href":"https:\/\/api.w.org\/{rel}","templated":true}]}}