{"id":12038,"date":"2026-01-19T10:42:46","date_gmt":"2026-01-19T10:42:46","guid":{"rendered":"https:\/\/jinhuaceramic.com\/?post_type=product&#038;p=12038"},"modified":"2026-01-19T10:42:48","modified_gmt":"2026-01-19T10:42:48","slug":"oval-casserole-dish-wholesale","status":"publish","type":"product","link":"https:\/\/jinhuaceramic.com\/pt\/product\/oval-casserole-dish-wholesale\/","title":{"rendered":"Prato de ca\u00e7arola oval por atacado, panelas de cer\u00e2mica personalizadas"},"content":{"rendered":"<div class=\"wp-block-columns is-layout-flex wp-container-core-columns-is-layout-9d6595d7 wp-block-columns-is-layout-flex\">\n<div class=\"wp-block-column is-layout-flow wp-block-column-is-layout-flow\">\n<h3 class=\"wp-block-heading\">Prato oval para ca\u00e7arola Premium Carater\u00edsticas por atacado:<\/h3>\n\n\n\n<ul class=\"wp-block-list\">\n<li><strong>Design elegante:<\/strong> Esta ca\u00e7arola oval para venda por grosso foi concebida com padr\u00f5es de relevo delicados e pouco profundos na sua superf\u00edcie. A cor branca simples e limpa, combinada com camadas visuais subtis, n\u00e3o s\u00f3 evita a monotonia visual das cores s\u00f3lidas, como tamb\u00e9m aumenta o valor art\u00edstico e ornamental dos produtos.<\/li>\n\n\n\n<li><strong>Capacidade moderada: <\/strong>Esta ca\u00e7arola oval por atacado pode ser enchida com 320ML, o que pode ser considerado uma capacidade moderada. \u00c9 adequada para indiv\u00edduos ou uma pequena fam\u00edlia cozinharem. Ao mesmo tempo, podem ser utilizadas para preparar v\u00e1rias por\u00e7\u00f5es individuais para festas ou banquetes.<\/li>\n\n\n\n<li><strong>Material de alta qualidade: <\/strong>Esta ca\u00e7arola oval por atacado \u00e9 feita de materiais cer\u00e2micos de alta qualidade com boa condutividade t\u00e9rmica, o que ajuda a aquecer uniformemente os alimentos durante o processo de cozedura, evitando o sobreaquecimento ou queima local, garantindo assim o efeito de cozedura e o sabor dos alimentos.<\/li>\n\n\n\n<li><strong>F\u00e1cil de limpar: <\/strong>Estes tabuleiros de cer\u00e2mica personalizados t\u00eam uma superf\u00edcie lisa, dificultando a ader\u00eancia dos alimentos e sendo f\u00e1ceis de limpar. Basta passar suavemente um pano com \u00e1gua morna e detergente para limpar o \u00f3leo e os res\u00edduos de comida no tabuleiro.<\/li>\n\n\n\n<li><strong>Utens\u00edlio de cozinha multiusos:<\/strong> Estes tabuleiros de cer\u00e2mica personalizados podem ser utilizados para v\u00e1rios cen\u00e1rios de cozedura, como cozer, assar, estufar, etc., adequados para utiliza\u00e7\u00e3o comercial em casas, restaurantes, hot\u00e9is, etc.<\/li>\n<\/ul>\n<\/div>\n\n\n\n<div class=\"wp-block-column is-layout-flow wp-block-column-is-layout-flow\">\n<figure class=\"wp-block-image size-full\"><img fetchpriority=\"high\" decoding=\"async\" width=\"1024\" height=\"1024\" src=\"https:\/\/jinhuaceramic.com\/wp-content\/uploads\/2026\/01\/Oval-White-Casserole-Dish-Custom-Ceramic-Food-Service-Baking-Pans-Wholesale-4.webp\" alt=\"ca\u00e7arola oval - venda por grosso - panelas de cer\u00e2mica personalizadas - 4\" class=\"wp-image-11859\" srcset=\"https:\/\/jinhuaceramic.com\/wp-content\/uploads\/2026\/01\/Oval-White-Casserole-Dish-Custom-Ceramic-Food-Service-Baking-Pans-Wholesale-4.webp 1024w, https:\/\/jinhuaceramic.com\/wp-content\/uploads\/2026\/01\/Oval-White-Casserole-Dish-Custom-Ceramic-Food-Service-Baking-Pans-Wholesale-4-300x300.webp 300w, https:\/\/jinhuaceramic.com\/wp-content\/uploads\/2026\/01\/Oval-White-Casserole-Dish-Custom-Ceramic-Food-Service-Baking-Pans-Wholesale-4-150x150.webp 150w, https:\/\/jinhuaceramic.com\/wp-content\/uploads\/2026\/01\/Oval-White-Casserole-Dish-Custom-Ceramic-Food-Service-Baking-Pans-Wholesale-4-768x768.webp 768w, https:\/\/jinhuaceramic.com\/wp-content\/uploads\/2026\/01\/Oval-White-Casserole-Dish-Custom-Ceramic-Food-Service-Baking-Pans-Wholesale-4-12x12.webp 12w, https:\/\/jinhuaceramic.com\/wp-content\/uploads\/2026\/01\/Oval-White-Casserole-Dish-Custom-Ceramic-Food-Service-Baking-Pans-Wholesale-4-285x285.webp 285w, https:\/\/jinhuaceramic.com\/wp-content\/uploads\/2026\/01\/Oval-White-Casserole-Dish-Custom-Ceramic-Food-Service-Baking-Pans-Wholesale-4-270x270.webp 270w, https:\/\/jinhuaceramic.com\/wp-content\/uploads\/2026\/01\/Oval-White-Casserole-Dish-Custom-Ceramic-Food-Service-Baking-Pans-Wholesale-4-540x540.webp 540w, https:\/\/jinhuaceramic.com\/wp-content\/uploads\/2026\/01\/Oval-White-Casserole-Dish-Custom-Ceramic-Food-Service-Baking-Pans-Wholesale-4-660x660.webp 660w\" sizes=\"(max-width: 1024px) 100vw, 1024px\" \/><\/figure>\n<\/div>\n<\/div>","protected":false},"excerpt":{"rendered":"<p>Bem-vindo a comprar a nossa ca\u00e7arola oval branca por atacado com o seu design exterior elegante, tamanho de capacidade razo\u00e1vel, material de alta qualidade e limpeza f\u00e1cil, que se tornaram utens\u00edlios de cozedura pr\u00e1ticos e bonitos na cozinha. Adequado para fornos, micro-ondas e v\u00e1rios cen\u00e1rios de cozinha, dispon\u00edvel para ajudar nas compras a granel e nas necessidades de personaliza\u00e7\u00e3o da marca.<\/p>","protected":false},"featured_media":11862,"comment_status":"closed","ping_status":"closed","template":"","meta":{"_acf_changed":false},"product_brand":[],"product_cat":[53],"product_tag":[71],"class_list":{"0":"post-12038","1":"product","2":"type-product","3":"status-publish","4":"has-post-thumbnail","6":"product_cat-bakeware-in-bulk","7":"product_tag-wholesale-baking-pans","9":"first","10":"instock","11":"shipping-taxable","12":"product-type-simple"},"acf":[],"_links":{"self":[{"href":"https:\/\/jinhuaceramic.com\/pt\/wp-json\/wp\/v2\/product\/12038","targetHints":{"allow":["GET"]}}],"collection":[{"href":"https:\/\/jinhuaceramic.com\/pt\/wp-json\/wp\/v2\/product"}],"about":[{"href":"https:\/\/jinhuaceramic.com\/pt\/wp-json\/wp\/v2\/types\/product"}],"replies":[{"embeddable":true,"href":"https:\/\/jinhuaceramic.com\/pt\/wp-json\/wp\/v2\/comments?post=12038"}],"version-history":[{"count":0,"href":"https:\/\/jinhuaceramic.com\/pt\/wp-json\/wp\/v2\/product\/12038\/revisions"}],"wp:featuredmedia":[{"embeddable":true,"href":"https:\/\/jinhuaceramic.com\/pt\/wp-json\/wp\/v2\/media\/11862"}],"wp:attachment":[{"href":"https:\/\/jinhuaceramic.com\/pt\/wp-json\/wp\/v2\/media?parent=12038"}],"wp:term":[{"taxonomy":"product_brand","embeddable":true,"href":"https:\/\/jinhuaceramic.com\/pt\/wp-json\/wp\/v2\/product_brand?post=12038"},{"taxonomy":"product_cat","embeddable":true,"href":"https:\/\/jinhuaceramic.com\/pt\/wp-json\/wp\/v2\/product_cat?post=12038"},{"taxonomy":"product_tag","embeddable":true,"href":"https:\/\/jinhuaceramic.com\/pt\/wp-json\/wp\/v2\/product_tag?post=12038"}],"curies":[{"name":"wp","href":"https:\/\/api.w.org\/{rel}","templated":true}]}}