{"id":12041,"date":"2026-01-20T01:58:11","date_gmt":"2026-01-20T01:58:11","guid":{"rendered":"https:\/\/jinhuaceramic.com\/?post_type=product&#038;p=12041"},"modified":"2026-01-20T01:58:15","modified_gmt":"2026-01-20T01:58:15","slug":"bath-accessories-custom","status":"publish","type":"product","link":"https:\/\/jinhuaceramic.com\/pt\/product\/bath-accessories-custom\/","title":{"rendered":"Acess\u00f3rios de banho em cer\u00e2mica e madeira Conjunto de casa de banho personalizado, a granel"},"content":{"rendered":"<div class=\"wp-block-columns is-layout-flex wp-container-core-columns-is-layout-9d6595d7 wp-block-columns-is-layout-flex\">\n<div class=\"wp-block-column is-layout-flow wp-block-column-is-layout-flow\">\n<h3 class=\"wp-block-heading\">Acess\u00f3rios de banho em cer\u00e2mica e madeira de primeira qualidade Carater\u00edsticas personalizadas:<\/h3>\n\n\n\n<ul class=\"wp-block-list\">\n<li><strong>Base de madeira:<\/strong> Estes acess\u00f3rios de banho personalizados apresentam uma combina\u00e7\u00e3o de cer\u00e2mica preta mate e base de gr\u00e3o de madeira natural. A adi\u00e7\u00e3o de elementos de madeira confere uma sensa\u00e7\u00e3o natural e quente a todo o conjunto, evitando a dureza fria do preto puro e melhorando o n\u00edvel visual atrav\u00e9s do contraste de materiais, tornando o conjunto mais art\u00edstico.<\/li>\n\n\n\n<li><strong>Etiqueta branca Enfeite:<\/strong> Estes acess\u00f3rios de banho personalizados s\u00e3o rotulados com etiquetas brancas que indicam o nome e a capacidade dos artigos. Este design minimalista n\u00e3o s\u00f3 facilita o reconhecimento e a utiliza\u00e7\u00e3o por parte do utilizador, como tamb\u00e9m torna o conjunto de casa de banho pr\u00e1tico, mantendo um sentido de moda.<\/li>\n\n\n\n<li><strong>Conjunto completo:<\/strong> Estes conjuntos de casa de banho a granel incluem artigos de casa de banho comuns, como suportes para escovas de dentes, frascos de sabonete, copos para elixir bucal e saboneteiras, satisfazendo as necessidades b\u00e1sicas de higiene di\u00e1ria e arruma\u00e7\u00e3o na casa de banho, mantendo a bancada da casa de banho organizada.<\/li>\n\n\n\n<li><strong>Excelente Material: <\/strong>Estes conjuntos de casa de banho em cer\u00e2mica a granel t\u00eam uma boa resist\u00eancia ao desgaste e \u00e0 corros\u00e3o, podem suportar a humidade do ambiente da casa de banho e a fric\u00e7\u00e3o durante a utiliza\u00e7\u00e3o di\u00e1ria, e n\u00e3o se danificam facilmente.<\/li>\n\n\n\n<li><strong>Fornecimento direto da f\u00e1brica:<\/strong> Somos o fabricante original, garantindo um fornecimento est\u00e1vel, apoiando encomendas por atacado e coopera\u00e7\u00e3o a longo prazo, com tempo de entrega control\u00e1vel e qualidade consistente.<\/li>\n<\/ul>\n<\/div>\n\n\n\n<div class=\"wp-block-column is-layout-flow wp-block-column-is-layout-flow\">\n<figure class=\"wp-block-image size-full\"><img fetchpriority=\"high\" decoding=\"async\" width=\"1500\" height=\"1500\" src=\"https:\/\/jinhuaceramic.com\/wp-content\/uploads\/2026\/01\/High-End-Ceramic-and-Wood-Bathroom-Set-Custom-Wholesale-Bath-Accessories-3.webp\" alt=\"cer\u00e2mica-e-madeira-banho-acess\u00f3rios-banheiro-personalizado-bulk-banheiro-set-3\" class=\"wp-image-11878\" srcset=\"https:\/\/jinhuaceramic.com\/wp-content\/uploads\/2026\/01\/High-End-Ceramic-and-Wood-Bathroom-Set-Custom-Wholesale-Bath-Accessories-3.webp 1500w, https:\/\/jinhuaceramic.com\/wp-content\/uploads\/2026\/01\/High-End-Ceramic-and-Wood-Bathroom-Set-Custom-Wholesale-Bath-Accessories-3-300x300.webp 300w, https:\/\/jinhuaceramic.com\/wp-content\/uploads\/2026\/01\/High-End-Ceramic-and-Wood-Bathroom-Set-Custom-Wholesale-Bath-Accessories-3-150x150.webp 150w, https:\/\/jinhuaceramic.com\/wp-content\/uploads\/2026\/01\/High-End-Ceramic-and-Wood-Bathroom-Set-Custom-Wholesale-Bath-Accessories-3-768x768.webp 768w, https:\/\/jinhuaceramic.com\/wp-content\/uploads\/2026\/01\/High-End-Ceramic-and-Wood-Bathroom-Set-Custom-Wholesale-Bath-Accessories-3-12x12.webp 12w, https:\/\/jinhuaceramic.com\/wp-content\/uploads\/2026\/01\/High-End-Ceramic-and-Wood-Bathroom-Set-Custom-Wholesale-Bath-Accessories-3-285x285.webp 285w, https:\/\/jinhuaceramic.com\/wp-content\/uploads\/2026\/01\/High-End-Ceramic-and-Wood-Bathroom-Set-Custom-Wholesale-Bath-Accessories-3-270x270.webp 270w, https:\/\/jinhuaceramic.com\/wp-content\/uploads\/2026\/01\/High-End-Ceramic-and-Wood-Bathroom-Set-Custom-Wholesale-Bath-Accessories-3-540x540.webp 540w, https:\/\/jinhuaceramic.com\/wp-content\/uploads\/2026\/01\/High-End-Ceramic-and-Wood-Bathroom-Set-Custom-Wholesale-Bath-Accessories-3-660x660.webp 660w\" sizes=\"(max-width: 1500px) 100vw, 1500px\" \/><\/figure>\n<\/div>\n<\/div>","protected":false},"excerpt":{"rendered":"<p>Bem-vindo \u00e0 compra destes acess\u00f3rios de banho em cer\u00e2mica e madeira personalizados para fornecimento a granel a hot\u00e9is, marcas e projectos comerciais. O conjunto de casa de banho preto apresenta m\u00faltiplas vantagens com o seu design exterior \u00fanico, configura\u00e7\u00f5es funcionais pr\u00e1ticas e excelente qualidade de material. N\u00e3o s\u00e3o apenas produtos de casa de banho pr\u00e1ticos, mas tamb\u00e9m itens decorativos que podem melhorar o estilo da casa de banho, proporcionando aos utilizadores uma experi\u00eancia mais confort\u00e1vel e conveniente.<\/p>","protected":false},"featured_media":11883,"comment_status":"closed","ping_status":"closed","template":"","meta":{"_acf_changed":false},"product_brand":[],"product_cat":[51],"product_tag":[74],"class_list":{"0":"post-12041","1":"product","2":"type-product","3":"status-publish","4":"has-post-thumbnail","6":"product_cat-bathroom-accessories-wholesale","7":"product_tag-ceramic-bath-accessories-wholesale","9":"first","10":"instock","11":"shipping-taxable","12":"product-type-simple"},"acf":[],"_links":{"self":[{"href":"https:\/\/jinhuaceramic.com\/pt\/wp-json\/wp\/v2\/product\/12041","targetHints":{"allow":["GET"]}}],"collection":[{"href":"https:\/\/jinhuaceramic.com\/pt\/wp-json\/wp\/v2\/product"}],"about":[{"href":"https:\/\/jinhuaceramic.com\/pt\/wp-json\/wp\/v2\/types\/product"}],"replies":[{"embeddable":true,"href":"https:\/\/jinhuaceramic.com\/pt\/wp-json\/wp\/v2\/comments?post=12041"}],"version-history":[{"count":0,"href":"https:\/\/jinhuaceramic.com\/pt\/wp-json\/wp\/v2\/product\/12041\/revisions"}],"wp:featuredmedia":[{"embeddable":true,"href":"https:\/\/jinhuaceramic.com\/pt\/wp-json\/wp\/v2\/media\/11883"}],"wp:attachment":[{"href":"https:\/\/jinhuaceramic.com\/pt\/wp-json\/wp\/v2\/media?parent=12041"}],"wp:term":[{"taxonomy":"product_brand","embeddable":true,"href":"https:\/\/jinhuaceramic.com\/pt\/wp-json\/wp\/v2\/product_brand?post=12041"},{"taxonomy":"product_cat","embeddable":true,"href":"https:\/\/jinhuaceramic.com\/pt\/wp-json\/wp\/v2\/product_cat?post=12041"},{"taxonomy":"product_tag","embeddable":true,"href":"https:\/\/jinhuaceramic.com\/pt\/wp-json\/wp\/v2\/product_tag?post=12041"}],"curies":[{"name":"wp","href":"https:\/\/api.w.org\/{rel}","templated":true}]}}