{"id":12044,"date":"2026-01-20T02:35:51","date_gmt":"2026-01-20T02:35:51","guid":{"rendered":"https:\/\/jinhuaceramic.com\/?post_type=product&#038;p=12044"},"modified":"2026-03-09T06:47:38","modified_gmt":"2026-03-09T06:47:38","slug":"custom-white-bakeware-set","status":"publish","type":"product","link":"https:\/\/jinhuaceramic.com\/pt\/product\/custom-white-bakeware-set\/","title":{"rendered":"Conjunto de 3 pe\u00e7as para pastelaria branca personalizada, formas de cer\u00e2mica para pastelaria a granel"},"content":{"rendered":"<div class=\"wp-block-columns is-layout-flex wp-container-core-columns-is-layout-9d6595d7 wp-block-columns-is-layout-flex\">\n<div class=\"wp-block-column is-layout-flow wp-block-column-is-layout-flow\">\n<h3 class=\"wp-block-heading\">Conjunto de 3 pe\u00e7as Premium Custom White Bakeware Set Carater\u00edsticas:<\/h3>\n\n\n\n<ul class=\"wp-block-list\">\n<li><strong>Material de qualidade superior:<\/strong> Este conjunto de pastelaria branco personalizado cont\u00e9m materiais cer\u00e2micos de alta qualidade com boa condutividade t\u00e9rmica, que podem ajudar a aquecer os alimentos uniformemente durante a cozedura, evitar o sobreaquecimento local ou a cozedura insuficiente dos alimentos e melhorar o efeito da cozedura.<\/li>\n\n\n\n<li><strong>Design minimalista:<\/strong> Estes tabuleiros de cer\u00e2mica s\u00e3o feitos de branco puro, sem decora\u00e7\u00f5es desnecess\u00e1rias, com cantos arredondados que parecem mais suaves visualmente, dando \u00e0s pessoas uma experi\u00eancia visual simples, limpa e fresca. O branco \u00e9 vers\u00e1til e combina perfeitamente com v\u00e1rios estilos de decora\u00e7\u00e3o de cozinha e loi\u00e7a de mesa.<\/li>\n\n\n\n<li><strong>V\u00e1rios tamanhos: <\/strong>Este conjunto personalizado de utens\u00edlios de cozinha brancos inclui 3 formas de diferentes tamanhos, que podem satisfazer as necessidades de diferentes cen\u00e1rios culin\u00e1rios e comensais. A forma maior \u00e9 adequada para cozer ingredientes grandes, enquanto a forma mais pequena \u00e9 adequada para fazer pequenas sobremesas, aperitivos, etc.<\/li>\n\n\n\n<li><strong>F\u00e1cil de guardar: <\/strong>Estes tabuleiros de cer\u00e2mica de diferentes tamanhos mant\u00eam uma forma consistente e podem ser encaixados e empilhados: os tabuleiros pequenos s\u00e3o encaixados no tabuleiro do meio e depois colocados juntos no tabuleiro grande, poupando imenso espa\u00e7o de armazenamento na cozinha.<\/li>\n\n\n\n<li><strong>Seguro para forno, micro-ondas e m\u00e1quina de lavar lou\u00e7a:<\/strong> Este conjunto de pastelaria branco personalizado foi concebido para ser pr\u00e1tico; as formas s\u00e3o seguras para utiliza\u00e7\u00e3o no forno, no micro-ondas, no frigor\u00edfico e na m\u00e1quina de lavar lou\u00e7a. Esta versatilidade reduz o inc\u00f3modo operacional e melhora a efici\u00eancia em cozinhas movimentadas.<\/li>\n\n\n\n<li><strong>Ideal para encomendas por grosso e a granel:<\/strong> O conjunto para pastelaria por atacado foi concebido para produ\u00e7\u00e3o em grande escala e compras a granel, tornando-o adequado para grossistas, retalhistas, marcas de utens\u00edlios de cozinha e fornecedores de hotelaria que procuram um fornecimento fi\u00e1vel.<\/li>\n<\/ul>\n<\/div>\n\n\n\n<div class=\"wp-block-column is-layout-flow wp-block-column-is-layout-flow\">\n<figure class=\"wp-block-image size-full\"><img fetchpriority=\"high\" decoding=\"async\" width=\"1500\" height=\"1500\" src=\"https:\/\/jinhuaceramic.com\/wp-content\/uploads\/2026\/01\/3-Piece-White-Custom-Bakeware-Set-Ceramic-Kitchen-Baking-Pans-Wholesale-5.webp\" alt=\"Conjunto de 3 pe\u00e7as de panelas de cer\u00e2mica brancas personalizadas para assar - pacote 5\" class=\"wp-image-11875\" srcset=\"https:\/\/jinhuaceramic.com\/wp-content\/uploads\/2026\/01\/3-Piece-White-Custom-Bakeware-Set-Ceramic-Kitchen-Baking-Pans-Wholesale-5.webp 1500w, https:\/\/jinhuaceramic.com\/wp-content\/uploads\/2026\/01\/3-Piece-White-Custom-Bakeware-Set-Ceramic-Kitchen-Baking-Pans-Wholesale-5-300x300.webp 300w, https:\/\/jinhuaceramic.com\/wp-content\/uploads\/2026\/01\/3-Piece-White-Custom-Bakeware-Set-Ceramic-Kitchen-Baking-Pans-Wholesale-5-150x150.webp 150w, https:\/\/jinhuaceramic.com\/wp-content\/uploads\/2026\/01\/3-Piece-White-Custom-Bakeware-Set-Ceramic-Kitchen-Baking-Pans-Wholesale-5-768x768.webp 768w, https:\/\/jinhuaceramic.com\/wp-content\/uploads\/2026\/01\/3-Piece-White-Custom-Bakeware-Set-Ceramic-Kitchen-Baking-Pans-Wholesale-5-12x12.webp 12w, https:\/\/jinhuaceramic.com\/wp-content\/uploads\/2026\/01\/3-Piece-White-Custom-Bakeware-Set-Ceramic-Kitchen-Baking-Pans-Wholesale-5-285x285.webp 285w, https:\/\/jinhuaceramic.com\/wp-content\/uploads\/2026\/01\/3-Piece-White-Custom-Bakeware-Set-Ceramic-Kitchen-Baking-Pans-Wholesale-5-270x270.webp 270w, https:\/\/jinhuaceramic.com\/wp-content\/uploads\/2026\/01\/3-Piece-White-Custom-Bakeware-Set-Ceramic-Kitchen-Baking-Pans-Wholesale-5-540x540.webp 540w, https:\/\/jinhuaceramic.com\/wp-content\/uploads\/2026\/01\/3-Piece-White-Custom-Bakeware-Set-Ceramic-Kitchen-Baking-Pans-Wholesale-5-660x660.webp 660w\" sizes=\"(max-width: 1500px) 100vw, 1500px\" \/><\/figure>\n<\/div>\n<\/div>","protected":false},"excerpt":{"rendered":"<p>Bem-vindo a comprar o nosso conjunto de pastelaria branco personalizado com o seu design exterior minimalista, combina\u00e7\u00f5es de v\u00e1rios tamanhos e materiais cer\u00e2micos de alta qualidade, que se tornaram utens\u00edlios de pastelaria esteticamente agrad\u00e1veis e pr\u00e1ticos na cozinha. Fornecimento direto da f\u00e1brica com servi\u00e7os OEM\/ODM, perfeito para retalhistas, importadores e compradores de servi\u00e7os alimentares que procuram solu\u00e7\u00f5es fi\u00e1veis de pastelaria a granel.<\/p>","protected":false},"featured_media":11874,"comment_status":"closed","ping_status":"closed","template":"","meta":{"_acf_changed":false},"product_brand":[],"product_cat":[53],"product_tag":[71],"class_list":{"0":"post-12044","1":"product","2":"type-product","3":"status-publish","4":"has-post-thumbnail","6":"product_cat-bakeware-in-bulk","7":"product_tag-wholesale-baking-pans","9":"first","10":"instock","11":"shipping-taxable","12":"product-type-simple"},"acf":[],"_links":{"self":[{"href":"https:\/\/jinhuaceramic.com\/pt\/wp-json\/wp\/v2\/product\/12044","targetHints":{"allow":["GET"]}}],"collection":[{"href":"https:\/\/jinhuaceramic.com\/pt\/wp-json\/wp\/v2\/product"}],"about":[{"href":"https:\/\/jinhuaceramic.com\/pt\/wp-json\/wp\/v2\/types\/product"}],"replies":[{"embeddable":true,"href":"https:\/\/jinhuaceramic.com\/pt\/wp-json\/wp\/v2\/comments?post=12044"}],"version-history":[{"count":1,"href":"https:\/\/jinhuaceramic.com\/pt\/wp-json\/wp\/v2\/product\/12044\/revisions"}],"predecessor-version":[{"id":12144,"href":"https:\/\/jinhuaceramic.com\/pt\/wp-json\/wp\/v2\/product\/12044\/revisions\/12144"}],"wp:featuredmedia":[{"embeddable":true,"href":"https:\/\/jinhuaceramic.com\/pt\/wp-json\/wp\/v2\/media\/11874"}],"wp:attachment":[{"href":"https:\/\/jinhuaceramic.com\/pt\/wp-json\/wp\/v2\/media?parent=12044"}],"wp:term":[{"taxonomy":"product_brand","embeddable":true,"href":"https:\/\/jinhuaceramic.com\/pt\/wp-json\/wp\/v2\/product_brand?post=12044"},{"taxonomy":"product_cat","embeddable":true,"href":"https:\/\/jinhuaceramic.com\/pt\/wp-json\/wp\/v2\/product_cat?post=12044"},{"taxonomy":"product_tag","embeddable":true,"href":"https:\/\/jinhuaceramic.com\/pt\/wp-json\/wp\/v2\/product_tag?post=12044"}],"curies":[{"name":"wp","href":"https:\/\/api.w.org\/{rel}","templated":true}]}}