{"id":12047,"date":"2026-01-20T03:13:45","date_gmt":"2026-01-20T03:13:45","guid":{"rendered":"https:\/\/jinhuaceramic.com\/?post_type=product&#038;p=12047"},"modified":"2026-01-20T04:00:32","modified_gmt":"2026-01-20T04:00:32","slug":"3-piece-ceramic-baking-dishes-wholesale","status":"publish","type":"product","link":"https:\/\/jinhuaceramic.com\/pt\/product\/3-piece-ceramic-baking-dishes-wholesale\/","title":{"rendered":"Pratos de cer\u00e2mica para assar de 3 pe\u00e7as por atacado com v\u00e1rios padr\u00f5es"},"content":{"rendered":"<div class=\"wp-block-columns is-layout-flex wp-container-core-columns-is-layout-9d6595d7 wp-block-columns-is-layout-flex\">\n<div class=\"wp-block-column is-layout-flow wp-block-column-is-layout-flow\">\n<h3 class=\"wp-block-heading\">Premium 3-Piece Ceramic Baking Dishes Wholesale Features:<\/h3>\n\n\n\n<ul class=\"wp-block-list\">\n<li><strong>Various Patterns:<\/strong> These 3-piece ceramic baking dishes wholesale are kindly provided with black geometric patterns on the surface, such as regularly adagios arch shaped, triangular grid, and lines with ellipses. These design patterns are very modern art styles and can add a unique visual flavor to\u2002the baking pan.<\/li>\n\n\n\n<li><strong>Different Sizes: <\/strong>These 3-piece ceramic baking dishes wholesale contain the large, medium, and small sizes with 2280ml, 1182ml, and 535ml capacities, respectively. Different size options are available to meet your needs for different scales of cooking, from personal use to family meals.<\/li>\n\n\n\n<li><strong>Material de alta qualidade:<\/strong> Our custom baking pan is produced from high-quality ceramic materials with stable chemical properties. They don&#8217;t release harmful substances in the high-temperature baking process, making food safe and\u2002healthy.<\/li>\n\n\n\n<li><strong>Easy-clean glazed surface:<\/strong> The surface of these wholesale baking pans is smooth and dense, making it less prone to oil stains, improving efficiency and reducing after-sales issues in the catering and retail industries.<\/li>\n\n\n\n<li><strong>Versatilidade:<\/strong> In addition to being used as baking utensils, these 3-piece ceramic baking dishes wholesale can also be directly used as tableware. The unique patterns and exquisite appearance can enhance the dining style and add a sense of ceremony to the dining experience, especially suitable for entertaining guests.<\/li>\n<\/ul>\n<\/div>\n\n\n\n<div class=\"wp-block-column is-layout-flow wp-block-column-is-layout-flow\">\n<figure class=\"wp-block-image size-full\"><img fetchpriority=\"high\" decoding=\"async\" width=\"1000\" height=\"1000\" src=\"https:\/\/jinhuaceramic.com\/wp-content\/uploads\/2026\/01\/3-Piece-Baking-Dish-Set-with-Various-Patterns-Custom-Baking-Pans-Wholesale-5.webp\" alt=\"3-piece-ceramic-baking-dishes-wholesale-with-various-pattern-5\" class=\"wp-image-11887\" srcset=\"https:\/\/jinhuaceramic.com\/wp-content\/uploads\/2026\/01\/3-Piece-Baking-Dish-Set-with-Various-Patterns-Custom-Baking-Pans-Wholesale-5.webp 1000w, https:\/\/jinhuaceramic.com\/wp-content\/uploads\/2026\/01\/3-Piece-Baking-Dish-Set-with-Various-Patterns-Custom-Baking-Pans-Wholesale-5-300x300.webp 300w, https:\/\/jinhuaceramic.com\/wp-content\/uploads\/2026\/01\/3-Piece-Baking-Dish-Set-with-Various-Patterns-Custom-Baking-Pans-Wholesale-5-150x150.webp 150w, https:\/\/jinhuaceramic.com\/wp-content\/uploads\/2026\/01\/3-Piece-Baking-Dish-Set-with-Various-Patterns-Custom-Baking-Pans-Wholesale-5-768x768.webp 768w, https:\/\/jinhuaceramic.com\/wp-content\/uploads\/2026\/01\/3-Piece-Baking-Dish-Set-with-Various-Patterns-Custom-Baking-Pans-Wholesale-5-12x12.webp 12w, https:\/\/jinhuaceramic.com\/wp-content\/uploads\/2026\/01\/3-Piece-Baking-Dish-Set-with-Various-Patterns-Custom-Baking-Pans-Wholesale-5-285x285.webp 285w, https:\/\/jinhuaceramic.com\/wp-content\/uploads\/2026\/01\/3-Piece-Baking-Dish-Set-with-Various-Patterns-Custom-Baking-Pans-Wholesale-5-270x270.webp 270w, https:\/\/jinhuaceramic.com\/wp-content\/uploads\/2026\/01\/3-Piece-Baking-Dish-Set-with-Various-Patterns-Custom-Baking-Pans-Wholesale-5-540x540.webp 540w, https:\/\/jinhuaceramic.com\/wp-content\/uploads\/2026\/01\/3-Piece-Baking-Dish-Set-with-Various-Patterns-Custom-Baking-Pans-Wholesale-5-660x660.webp 660w\" sizes=\"(max-width: 1000px) 100vw, 1000px\" \/><\/figure>\n<\/div>\n<\/div>","protected":false},"excerpt":{"rendered":"<p>Welcome to purchase our 3-piece ceramic baking dishes wholesale, which are made from high-quality ceramic for even heat distribution and long-lasting durability. These ceramic baking pans are oven, microwave, and dishwasher safe, featuring a unique pattern design ideal for brand customization. Direct supply from the ceramic factory, suitable for large-volume orders and long-term cooperation.<\/p>","protected":false},"featured_media":11884,"comment_status":"closed","ping_status":"closed","template":"","meta":{"_acf_changed":false},"product_brand":[],"product_cat":[53],"product_tag":[71],"class_list":{"0":"post-12047","1":"product","2":"type-product","3":"status-publish","4":"has-post-thumbnail","6":"product_cat-bakeware-in-bulk","7":"product_tag-wholesale-baking-pans","9":"first","10":"instock","11":"shipping-taxable","12":"product-type-simple"},"acf":[],"_links":{"self":[{"href":"https:\/\/jinhuaceramic.com\/pt\/wp-json\/wp\/v2\/product\/12047","targetHints":{"allow":["GET"]}}],"collection":[{"href":"https:\/\/jinhuaceramic.com\/pt\/wp-json\/wp\/v2\/product"}],"about":[{"href":"https:\/\/jinhuaceramic.com\/pt\/wp-json\/wp\/v2\/types\/product"}],"replies":[{"embeddable":true,"href":"https:\/\/jinhuaceramic.com\/pt\/wp-json\/wp\/v2\/comments?post=12047"}],"version-history":[{"count":0,"href":"https:\/\/jinhuaceramic.com\/pt\/wp-json\/wp\/v2\/product\/12047\/revisions"}],"wp:featuredmedia":[{"embeddable":true,"href":"https:\/\/jinhuaceramic.com\/pt\/wp-json\/wp\/v2\/media\/11884"}],"wp:attachment":[{"href":"https:\/\/jinhuaceramic.com\/pt\/wp-json\/wp\/v2\/media?parent=12047"}],"wp:term":[{"taxonomy":"product_brand","embeddable":true,"href":"https:\/\/jinhuaceramic.com\/pt\/wp-json\/wp\/v2\/product_brand?post=12047"},{"taxonomy":"product_cat","embeddable":true,"href":"https:\/\/jinhuaceramic.com\/pt\/wp-json\/wp\/v2\/product_cat?post=12047"},{"taxonomy":"product_tag","embeddable":true,"href":"https:\/\/jinhuaceramic.com\/pt\/wp-json\/wp\/v2\/product_tag?post=12047"}],"curies":[{"name":"wp","href":"https:\/\/api.w.org\/{rel}","templated":true}]}}