{"id":3124,"date":"2024-04-08T16:04:48","date_gmt":"2024-04-08T16:04:48","guid":{"rendered":"https:\/\/jinhuaceramic.com\/?post_type=product&#038;p=3124"},"modified":"2026-02-05T01:03:38","modified_gmt":"2026-02-05T01:03:38","slug":"bathroom-accessories-wholesale","status":"publish","type":"product","link":"https:\/\/jinhuaceramic.com\/pt\/product\/bathroom-accessories-wholesale\/","title":{"rendered":"Acess\u00f3rios de casa de banho em cer\u00e2mica por atacado com design moderno"},"content":{"rendered":"<div class=\"wp-block-columns is-layout-flex wp-container-core-columns-is-layout-9d6595d7 wp-block-columns-is-layout-flex\">\n<div class=\"wp-block-column is-layout-flow wp-block-column-is-layout-flow\" style=\"flex-basis:50%\">\n<h3 class=\"wp-block-heading\">Acess\u00f3rios de casa de banho Premium por atacado Carater\u00edsticas:<\/h3>\n\n\n\n<ul class=\"wp-block-list\">\n<li><strong>Design moderno e giro: <\/strong>Este acess\u00f3rio de casa de banho por atacado adopta um conceito de design novo e criativo que capta a est\u00e9tica moderna com elementos bonitos, acrescentando divers\u00e3o e vitalidade \u00e0 sua casa de banho.<\/li>\n\n\n\n<li><strong>Material cer\u00e2mico de alta qualidade: <\/strong>Selecionado a partir das melhores mat\u00e9rias-primas de cer\u00e2mica e fabricado nos nossos acess\u00f3rios de banho por atacado com um artesanato fino, este acess\u00f3rio de casa de banho por atacado tem uma superf\u00edcie de textura mate com estrutura est\u00e1vel e \u00e9 dur\u00e1vel.<\/li>\n\n\n\n<li><strong>Desconto para compras a granel: <\/strong>Como um dos melhores fabricantes de acess\u00f3rios de casa de banho na China, a Jinhua oferece pre\u00e7os muito competitivos para acess\u00f3rios de banho por atacado e permite que o nosso cliente desfrute de mais descontos para compras a granel para satisfazer projectos comerciais ou necessidades de decora\u00e7\u00e3o pessoal.<\/li>\n\n\n\n<li><strong>Linhas de produtos diversificadas: <\/strong>Os nossos acess\u00f3rios de casa de banho por atacado abrangem um vasto leque, desde saboneteiras a copos para escovas de dentes e frascos de arruma\u00e7\u00e3o; est\u00e1 tudo aqui para todas as suas necessidades de decora\u00e7\u00e3o de casa de banho.<\/li>\n<\/ul>\n<\/div>\n\n\n\n<div class=\"wp-block-column is-layout-flow wp-block-column-is-layout-flow\" style=\"flex-basis:50%\">\n<figure class=\"wp-block-image size-full\"><img fetchpriority=\"high\" decoding=\"async\" width=\"1000\" height=\"1000\" src=\"https:\/\/jinhuaceramic.com\/wp-content\/uploads\/2024\/04\/ceramic-manufacturer-wholesale-bathroom-accessories-set-bathrooms-supplies-5.webp\" alt=\"cer\u00e2mica-acess\u00f3rios-de-banheiro-venda-por-grosso-com-design-moderno\" class=\"wp-image-3195\" srcset=\"https:\/\/jinhuaceramic.com\/wp-content\/uploads\/2024\/04\/ceramic-manufacturer-wholesale-bathroom-accessories-set-bathrooms-supplies-5.webp 1000w, https:\/\/jinhuaceramic.com\/wp-content\/uploads\/2024\/04\/ceramic-manufacturer-wholesale-bathroom-accessories-set-bathrooms-supplies-5-300x300.webp 300w, https:\/\/jinhuaceramic.com\/wp-content\/uploads\/2024\/04\/ceramic-manufacturer-wholesale-bathroom-accessories-set-bathrooms-supplies-5-150x150.webp 150w, https:\/\/jinhuaceramic.com\/wp-content\/uploads\/2024\/04\/ceramic-manufacturer-wholesale-bathroom-accessories-set-bathrooms-supplies-5-768x768.webp 768w, https:\/\/jinhuaceramic.com\/wp-content\/uploads\/2024\/04\/ceramic-manufacturer-wholesale-bathroom-accessories-set-bathrooms-supplies-5-285x285.webp 285w, https:\/\/jinhuaceramic.com\/wp-content\/uploads\/2024\/04\/ceramic-manufacturer-wholesale-bathroom-accessories-set-bathrooms-supplies-5-270x270.webp 270w, https:\/\/jinhuaceramic.com\/wp-content\/uploads\/2024\/04\/ceramic-manufacturer-wholesale-bathroom-accessories-set-bathrooms-supplies-5-540x540.webp 540w, https:\/\/jinhuaceramic.com\/wp-content\/uploads\/2024\/04\/ceramic-manufacturer-wholesale-bathroom-accessories-set-bathrooms-supplies-5-660x660.webp 660w\" sizes=\"(max-width: 1000px) 100vw, 1000px\" \/><\/figure>\n<\/div>\n<\/div>","protected":false},"excerpt":{"rendered":"<p>Bem-vindo \u00e0 compra de acess\u00f3rios de banho por grosso. Esta novidade de acess\u00f3rios de casa de banho por atacado combina a est\u00e9tica moderna e a beleza do design. A utiliza\u00e7\u00e3o de material cer\u00e2mico de alta qualidade com um trabalho artesanal requintado garante que cada produto \u00e9 esteticamente agrad\u00e1vel, mas pode suportar o desgaste durante um per\u00edodo mais longo. Damos pre\u00e7os preferenciais \u00e0s grandes compras para uma forma mais econ\u00f3mica de obter uma decora\u00e7\u00e3o de casa de banho de alta qualidade.<\/p>","protected":false},"featured_media":3192,"comment_status":"closed","ping_status":"closed","template":"","meta":{"_acf_changed":false},"product_brand":[],"product_cat":[51],"product_tag":[74],"class_list":{"0":"post-3124","1":"product","2":"type-product","3":"status-publish","4":"has-post-thumbnail","6":"product_cat-bathroom-accessories-wholesale","7":"product_tag-ceramic-bath-accessories-wholesale","9":"first","10":"instock","11":"shipping-taxable","12":"product-type-simple"},"acf":[],"_links":{"self":[{"href":"https:\/\/jinhuaceramic.com\/pt\/wp-json\/wp\/v2\/product\/3124","targetHints":{"allow":["GET"]}}],"collection":[{"href":"https:\/\/jinhuaceramic.com\/pt\/wp-json\/wp\/v2\/product"}],"about":[{"href":"https:\/\/jinhuaceramic.com\/pt\/wp-json\/wp\/v2\/types\/product"}],"replies":[{"embeddable":true,"href":"https:\/\/jinhuaceramic.com\/pt\/wp-json\/wp\/v2\/comments?post=3124"}],"version-history":[{"count":0,"href":"https:\/\/jinhuaceramic.com\/pt\/wp-json\/wp\/v2\/product\/3124\/revisions"}],"wp:featuredmedia":[{"embeddable":true,"href":"https:\/\/jinhuaceramic.com\/pt\/wp-json\/wp\/v2\/media\/3192"}],"wp:attachment":[{"href":"https:\/\/jinhuaceramic.com\/pt\/wp-json\/wp\/v2\/media?parent=3124"}],"wp:term":[{"taxonomy":"product_brand","embeddable":true,"href":"https:\/\/jinhuaceramic.com\/pt\/wp-json\/wp\/v2\/product_brand?post=3124"},{"taxonomy":"product_cat","embeddable":true,"href":"https:\/\/jinhuaceramic.com\/pt\/wp-json\/wp\/v2\/product_cat?post=3124"},{"taxonomy":"product_tag","embeddable":true,"href":"https:\/\/jinhuaceramic.com\/pt\/wp-json\/wp\/v2\/product_tag?post=3124"}],"curies":[{"name":"wp","href":"https:\/\/api.w.org\/{rel}","templated":true}]}}