{"id":3211,"date":"2024-04-10T02:31:40","date_gmt":"2024-04-10T02:31:40","guid":{"rendered":"https:\/\/jinhuaceramic.com\/?post_type=product&#038;p=3211"},"modified":"2026-02-05T01:21:10","modified_gmt":"2026-02-05T01:21:10","slug":"hot-selling-ceramic-bathroom-set-bulk","status":"publish","type":"product","link":"https:\/\/jinhuaceramic.com\/pt\/product\/hot-selling-ceramic-bathroom-set-bulk\/","title":{"rendered":"Conjunto de casa de banho em cer\u00e2mica cinzenta, acess\u00f3rios de banho por atacado"},"content":{"rendered":"<div class=\"wp-block-columns is-layout-flex wp-container-core-columns-is-layout-9d6595d7 wp-block-columns-is-layout-flex\">\n<div class=\"wp-block-column is-layout-flow wp-block-column-is-layout-flow\" style=\"flex-basis:50%\">\n<h3 class=\"wp-block-heading\">Conjunto de casa de banho em cer\u00e2mica premium Carater\u00edsticas a granel:<\/h3>\n\n\n\n<ul class=\"wp-block-list\">\n<li><strong>Design moderno:<\/strong> Este conjunto de casa de banho em cer\u00e2mica de 5 pe\u00e7as utiliza o design moderno na integra\u00e7\u00e3o de estilos simples e modernos. Proporciona uma decora\u00e7\u00e3o elegante \u00e0s casas de banho de hotel.<\/li>\n\n\n\n<li><strong>Material de alta qualidade: <\/strong>Todos os nossos acess\u00f3rios de casa de banho por atacado s\u00e3o feitos de material de alta qualidade na cer\u00e2mica para garantir a durabilidade.<\/li>\n\n\n\n<li><strong>Conjuntos polivalentes: <\/strong>Este conjunto de casa de banho em cer\u00e2mica inclui uma saboneteira, um dispensador de sab\u00e3o, 2 ch\u00e1venas e um suporte para escova de dentes. Cinco itens indispens\u00e1veis para as v\u00e1rias necessidades da casa de banho do hotel podem tornar a decora\u00e7\u00e3o mais completa e unificada.<\/li>\n\n\n\n<li><strong>Personaliza\u00e7\u00e3o: <\/strong>Este conjunto de casa de banho de cer\u00e2mica por atacado pode ser realizado em diferentes cores e estampas para se adaptar a todos os estilos de hotel e necessidades de decora\u00e7\u00e3o, satisfazendo as necessidades personalizadas dos clientes.<\/li>\n<\/ul>\n<\/div>\n\n\n\n<div class=\"wp-block-column is-layout-flow wp-block-column-is-layout-flow\" style=\"flex-basis:50%\">\n<figure class=\"wp-block-image size-full\"><img fetchpriority=\"high\" decoding=\"async\" width=\"1500\" height=\"1500\" src=\"https:\/\/jinhuaceramic.com\/wp-content\/uploads\/2024\/04\/ceramic-manufacturer-wholesale-bathroom-accessories-set-bathroom-supplies-4.webp\" alt=\"Conjunto de casa de banho em cer\u00e2mica cinzenta, acess\u00f3rios de banho por atacado-1\" class=\"wp-image-3215\" srcset=\"https:\/\/jinhuaceramic.com\/wp-content\/uploads\/2024\/04\/ceramic-manufacturer-wholesale-bathroom-accessories-set-bathroom-supplies-4.webp 1500w, https:\/\/jinhuaceramic.com\/wp-content\/uploads\/2024\/04\/ceramic-manufacturer-wholesale-bathroom-accessories-set-bathroom-supplies-4-300x300.webp 300w, https:\/\/jinhuaceramic.com\/wp-content\/uploads\/2024\/04\/ceramic-manufacturer-wholesale-bathroom-accessories-set-bathroom-supplies-4-150x150.webp 150w, https:\/\/jinhuaceramic.com\/wp-content\/uploads\/2024\/04\/ceramic-manufacturer-wholesale-bathroom-accessories-set-bathroom-supplies-4-768x768.webp 768w, https:\/\/jinhuaceramic.com\/wp-content\/uploads\/2024\/04\/ceramic-manufacturer-wholesale-bathroom-accessories-set-bathroom-supplies-4-285x285.webp 285w, https:\/\/jinhuaceramic.com\/wp-content\/uploads\/2024\/04\/ceramic-manufacturer-wholesale-bathroom-accessories-set-bathroom-supplies-4-270x270.webp 270w, https:\/\/jinhuaceramic.com\/wp-content\/uploads\/2024\/04\/ceramic-manufacturer-wholesale-bathroom-accessories-set-bathroom-supplies-4-540x540.webp 540w, https:\/\/jinhuaceramic.com\/wp-content\/uploads\/2024\/04\/ceramic-manufacturer-wholesale-bathroom-accessories-set-bathroom-supplies-4-660x660.webp 660w\" sizes=\"(max-width: 1500px) 100vw, 1500px\" \/><\/figure>\n<\/div>\n<\/div>","protected":false},"excerpt":{"rendered":"<p>Bem-vindo ao comprar acess\u00f3rios de banho por atacado. O nosso conjunto de casa de banho de cer\u00e2mica de 5 pe\u00e7as a granel ser\u00e1 concebido na moda e com material cer\u00e2mico superior. \u00c9 por isso que \u00e9 dur\u00e1vel e bonito. Combina\u00e7\u00e3o de acess\u00f3rios multifuncionais que se adapta a todos os usos di\u00e1rios. Suporta aquisi\u00e7\u00e3o e personaliza\u00e7\u00e3o em massa, adequado para hot\u00e9is e varejistas, uma escolha ideal para melhorar o gosto do banheiro.<\/p>","protected":false},"featured_media":3212,"comment_status":"closed","ping_status":"closed","template":"","meta":{"_acf_changed":false},"product_brand":[],"product_cat":[51],"product_tag":[74],"class_list":{"0":"post-3211","1":"product","2":"type-product","3":"status-publish","4":"has-post-thumbnail","6":"product_cat-bathroom-accessories-wholesale","7":"product_tag-ceramic-bath-accessories-wholesale","9":"first","10":"instock","11":"shipping-taxable","12":"product-type-simple"},"acf":[],"_links":{"self":[{"href":"https:\/\/jinhuaceramic.com\/pt\/wp-json\/wp\/v2\/product\/3211","targetHints":{"allow":["GET"]}}],"collection":[{"href":"https:\/\/jinhuaceramic.com\/pt\/wp-json\/wp\/v2\/product"}],"about":[{"href":"https:\/\/jinhuaceramic.com\/pt\/wp-json\/wp\/v2\/types\/product"}],"replies":[{"embeddable":true,"href":"https:\/\/jinhuaceramic.com\/pt\/wp-json\/wp\/v2\/comments?post=3211"}],"version-history":[{"count":0,"href":"https:\/\/jinhuaceramic.com\/pt\/wp-json\/wp\/v2\/product\/3211\/revisions"}],"wp:featuredmedia":[{"embeddable":true,"href":"https:\/\/jinhuaceramic.com\/pt\/wp-json\/wp\/v2\/media\/3212"}],"wp:attachment":[{"href":"https:\/\/jinhuaceramic.com\/pt\/wp-json\/wp\/v2\/media?parent=3211"}],"wp:term":[{"taxonomy":"product_brand","embeddable":true,"href":"https:\/\/jinhuaceramic.com\/pt\/wp-json\/wp\/v2\/product_brand?post=3211"},{"taxonomy":"product_cat","embeddable":true,"href":"https:\/\/jinhuaceramic.com\/pt\/wp-json\/wp\/v2\/product_cat?post=3211"},{"taxonomy":"product_tag","embeddable":true,"href":"https:\/\/jinhuaceramic.com\/pt\/wp-json\/wp\/v2\/product_tag?post=3211"}],"curies":[{"name":"wp","href":"https:\/\/api.w.org\/{rel}","templated":true}]}}