{"id":3221,"date":"2024-04-10T02:58:44","date_gmt":"2024-04-10T02:58:44","guid":{"rendered":"https:\/\/jinhuaceramic.com\/?post_type=product&#038;p=3221"},"modified":"2025-04-19T09:08:46","modified_gmt":"2025-04-19T09:08:46","slug":"custom-bathroom-accessories-hotel-decor","status":"publish","type":"product","link":"https:\/\/jinhuaceramic.com\/pt\/product\/custom-bathroom-accessories-hotel-decor\/","title":{"rendered":"Acess\u00f3rios de casa de banho personalizados Material de hotelaria Conjunto de casa de banho em cer\u00e2mica com 4 pe\u00e7as"},"content":{"rendered":"<div class=\"wp-block-columns is-layout-flex wp-container-core-columns-is-layout-9d6595d7 wp-block-columns-is-layout-flex\">\n<div class=\"wp-block-column is-layout-flow wp-block-column-is-layout-flow\" style=\"flex-basis:50%\">\n<h3 class=\"wp-block-heading\">Acess\u00f3rios de casa de banho personalizados Premium Carater\u00edsticas:<\/h3>\n\n\n\n<ol class=\"wp-block-list\">\n<li><strong>Design elegante:<\/strong> Cada acess\u00f3rio de cer\u00e2mica \u00e9 cuidadosamente concebido, onde a arte e a funcionalidade se juntam. De linhas elegantes a superf\u00edcies intrincadamente curvas, todos eles falam de aten\u00e7\u00e3o ao pormenor e da procura da beleza.<\/li>\n\n\n\n<li><strong>Personaliza\u00e7\u00e3o personalizada:<\/strong> Numa tentativa de satisfazer as diferentes necessidades dos clientes, a gama de acess\u00f3rios de casa de banho personalizados \u00e9 personalizada de acordo com os requisitos do cliente, como a cor, o design, o log\u00f3tipo, etc.<\/li>\n\n\n\n<li><strong>Material de alta qualidade:<\/strong> Este conjunto personalizado de acess\u00f3rios de casa de banho \u00e9 feito de cer\u00e2mica de alta qualidade para uma utiliza\u00e7\u00e3o duradoura e de qualidade. Pode ser limpo e n\u00e3o deixa manchas.<\/li>\n\n\n\n<li><strong>Equipamento completo:<\/strong> O conjunto de quatro pe\u00e7as inclui acess\u00f3rios habitualmente utilizados nas casas de banho dos hot\u00e9is, como saboneteiras, frascos de sab\u00e3o, copos para elixir bucal e frasco de arruma\u00e7\u00e3o, para satisfazer as necessidades b\u00e1sicas dos h\u00f3spedes.<\/li>\n<\/ol>\n<\/div>\n\n\n\n<div class=\"wp-block-column is-layout-flow wp-block-column-is-layout-flow\" style=\"flex-basis:50%\">\n<figure class=\"wp-block-image size-full\"><img fetchpriority=\"high\" decoding=\"async\" width=\"1500\" height=\"1500\" src=\"https:\/\/jinhuaceramic.com\/wp-content\/uploads\/2024\/04\/ceramic-manufacturer-wholesale-bathroom-accessories-set-hotal-bathroom-supplies-4.webp\" alt=\"cer\u00e2mica-fabricante-venda por grosso-acess\u00f3rios-de-banheiro-conjunto-hotal-fornecimentos-de-banheiro-4\" class=\"wp-image-3225\" srcset=\"https:\/\/jinhuaceramic.com\/wp-content\/uploads\/2024\/04\/ceramic-manufacturer-wholesale-bathroom-accessories-set-hotal-bathroom-supplies-4.webp 1500w, https:\/\/jinhuaceramic.com\/wp-content\/uploads\/2024\/04\/ceramic-manufacturer-wholesale-bathroom-accessories-set-hotal-bathroom-supplies-4-300x300.webp 300w, https:\/\/jinhuaceramic.com\/wp-content\/uploads\/2024\/04\/ceramic-manufacturer-wholesale-bathroom-accessories-set-hotal-bathroom-supplies-4-150x150.webp 150w, https:\/\/jinhuaceramic.com\/wp-content\/uploads\/2024\/04\/ceramic-manufacturer-wholesale-bathroom-accessories-set-hotal-bathroom-supplies-4-768x768.webp 768w, https:\/\/jinhuaceramic.com\/wp-content\/uploads\/2024\/04\/ceramic-manufacturer-wholesale-bathroom-accessories-set-hotal-bathroom-supplies-4-285x285.webp 285w, https:\/\/jinhuaceramic.com\/wp-content\/uploads\/2024\/04\/ceramic-manufacturer-wholesale-bathroom-accessories-set-hotal-bathroom-supplies-4-270x270.webp 270w, https:\/\/jinhuaceramic.com\/wp-content\/uploads\/2024\/04\/ceramic-manufacturer-wholesale-bathroom-accessories-set-hotal-bathroom-supplies-4-540x540.webp 540w, https:\/\/jinhuaceramic.com\/wp-content\/uploads\/2024\/04\/ceramic-manufacturer-wholesale-bathroom-accessories-set-hotal-bathroom-supplies-4-660x660.webp 660w\" sizes=\"(max-width: 1500px) 100vw, 1500px\" \/><\/figure>\n<\/div>\n<\/div>","protected":false},"excerpt":{"rendered":"<p>Os acess\u00f3rios de cer\u00e2mica personalizados s\u00e3o muito bem-vindos. Este conjunto personalizado de quatro pe\u00e7as de cer\u00e2mica para casa de banho \u00e9 a solu\u00e7\u00e3o perfeita para hot\u00e9is com a sua personaliza\u00e7\u00e3o, materiais de qualidade, equipamento completo e design deslumbrante.<\/p>","protected":false},"featured_media":3225,"comment_status":"closed","ping_status":"closed","template":"","meta":{"_acf_changed":false},"product_brand":[],"product_cat":[51],"product_tag":[74],"class_list":{"0":"post-3221","1":"product","2":"type-product","3":"status-publish","4":"has-post-thumbnail","6":"product_cat-bathroom-accessories-wholesale","7":"product_tag-ceramic-bath-accessories-wholesale","9":"first","10":"instock","11":"shipping-taxable","12":"product-type-simple"},"acf":[],"_links":{"self":[{"href":"https:\/\/jinhuaceramic.com\/pt\/wp-json\/wp\/v2\/product\/3221","targetHints":{"allow":["GET"]}}],"collection":[{"href":"https:\/\/jinhuaceramic.com\/pt\/wp-json\/wp\/v2\/product"}],"about":[{"href":"https:\/\/jinhuaceramic.com\/pt\/wp-json\/wp\/v2\/types\/product"}],"replies":[{"embeddable":true,"href":"https:\/\/jinhuaceramic.com\/pt\/wp-json\/wp\/v2\/comments?post=3221"}],"version-history":[{"count":0,"href":"https:\/\/jinhuaceramic.com\/pt\/wp-json\/wp\/v2\/product\/3221\/revisions"}],"wp:featuredmedia":[{"embeddable":true,"href":"https:\/\/jinhuaceramic.com\/pt\/wp-json\/wp\/v2\/media\/3225"}],"wp:attachment":[{"href":"https:\/\/jinhuaceramic.com\/pt\/wp-json\/wp\/v2\/media?parent=3221"}],"wp:term":[{"taxonomy":"product_brand","embeddable":true,"href":"https:\/\/jinhuaceramic.com\/pt\/wp-json\/wp\/v2\/product_brand?post=3221"},{"taxonomy":"product_cat","embeddable":true,"href":"https:\/\/jinhuaceramic.com\/pt\/wp-json\/wp\/v2\/product_cat?post=3221"},{"taxonomy":"product_tag","embeddable":true,"href":"https:\/\/jinhuaceramic.com\/pt\/wp-json\/wp\/v2\/product_tag?post=3221"}],"curies":[{"name":"wp","href":"https:\/\/api.w.org\/{rel}","templated":true}]}}