{"id":3233,"date":"2024-04-10T03:18:00","date_gmt":"2024-04-10T03:18:00","guid":{"rendered":"https:\/\/jinhuaceramic.com\/?post_type=product&#038;p=3233"},"modified":"2025-04-19T09:09:25","modified_gmt":"2025-04-19T09:09:25","slug":"factory-supply-bathroom-accessories","status":"publish","type":"product","link":"https:\/\/jinhuaceramic.com\/pt\/product\/factory-supply-bathroom-accessories\/","title":{"rendered":"Acess\u00f3rios de casa de banho com padr\u00e3o de folha"},"content":{"rendered":"<div class=\"wp-block-columns is-layout-flex wp-container-core-columns-is-layout-9d6595d7 wp-block-columns-is-layout-flex\">\n<div class=\"wp-block-column is-layout-flow wp-block-column-is-layout-flow\" style=\"flex-basis:50%\">\n<h3 class=\"wp-block-heading\">Acess\u00f3rios de casa de banho Premium Factory Supply Carater\u00edsticas:<\/h3>\n\n\n\n<ul class=\"wp-block-list\">\n<li><strong>Fornecimento direto da f\u00e1brica: <\/strong>Cada produto da nossa f\u00e1brica de acess\u00f3rios para casa de banho \u00e9 estritamente controlado pela qualidade, desde a sele\u00e7\u00e3o do material at\u00e9 aos produtos acabados, cada liga\u00e7\u00e3o \u00e9 refinada.<\/li>\n\n\n\n<li><strong>Desenho de padr\u00e3o de folha natural: <\/strong>Estes acess\u00f3rios de casa de banho personalizados a granel s\u00e3o concebidos com um padr\u00e3o de folhas realista e de cores vivas que adiciona ar fresco ao espa\u00e7o de banho, melhorando a disposi\u00e7\u00e3o e a atmosfera art\u00edstica de toda a decora\u00e7\u00e3o.<\/li>\n\n\n\n<li><strong>Material cer\u00e2mico duradouro: <\/strong>A nossa f\u00e1brica de acess\u00f3rios de casa de banho adoptou materiais cer\u00e2micos de alta qualidade resistentes ao desgaste e \u00e0 corros\u00e3o na produ\u00e7\u00e3o para garantir que os produtos n\u00e3o ser\u00e3o facilmente danificados no uso di\u00e1rio e s\u00e3o f\u00e1ceis de limpar e manter.<\/li>\n\n\n\n<li><strong>Solu\u00e7\u00e3o de correspond\u00eancia abrangente:<\/strong> Esta s\u00e9rie de acess\u00f3rios de casa de banho personalizados a granel, incluindo uma saboneteira, um suporte para escova de dentes, um copo para elixir bucal, etc., formam um estilo decorativo unificado e satisfazem v\u00e1rios requisitos de decora\u00e7\u00e3o da casa de banho.<\/li>\n<\/ul>\n<\/div>\n\n\n\n<div class=\"wp-block-column is-layout-flow wp-block-column-is-layout-flow\" style=\"flex-basis:50%\">\n<figure class=\"wp-block-image size-full\"><img fetchpriority=\"high\" decoding=\"async\" width=\"1088\" height=\"1088\" src=\"https:\/\/jinhuaceramic.com\/wp-content\/uploads\/2024\/04\/ceramic-manufacturer-wholesale-bathroom-accessories-set-hotal-bathroom-supplies-soap-dispenser-5-1.webp\" alt=\"fabricante de cer\u00e2mica-f\u00e1brica-fornecimento-acess\u00f3rios-de-banheiro-com-padr\u00e3o-folha\" class=\"wp-image-3238\" srcset=\"https:\/\/jinhuaceramic.com\/wp-content\/uploads\/2024\/04\/ceramic-manufacturer-wholesale-bathroom-accessories-set-hotal-bathroom-supplies-soap-dispenser-5-1.webp 1088w, https:\/\/jinhuaceramic.com\/wp-content\/uploads\/2024\/04\/ceramic-manufacturer-wholesale-bathroom-accessories-set-hotal-bathroom-supplies-soap-dispenser-5-1-300x300.webp 300w, https:\/\/jinhuaceramic.com\/wp-content\/uploads\/2024\/04\/ceramic-manufacturer-wholesale-bathroom-accessories-set-hotal-bathroom-supplies-soap-dispenser-5-1-150x150.webp 150w, https:\/\/jinhuaceramic.com\/wp-content\/uploads\/2024\/04\/ceramic-manufacturer-wholesale-bathroom-accessories-set-hotal-bathroom-supplies-soap-dispenser-5-1-768x768.webp 768w, https:\/\/jinhuaceramic.com\/wp-content\/uploads\/2024\/04\/ceramic-manufacturer-wholesale-bathroom-accessories-set-hotal-bathroom-supplies-soap-dispenser-5-1-285x285.webp 285w, https:\/\/jinhuaceramic.com\/wp-content\/uploads\/2024\/04\/ceramic-manufacturer-wholesale-bathroom-accessories-set-hotal-bathroom-supplies-soap-dispenser-5-1-270x270.webp 270w, https:\/\/jinhuaceramic.com\/wp-content\/uploads\/2024\/04\/ceramic-manufacturer-wholesale-bathroom-accessories-set-hotal-bathroom-supplies-soap-dispenser-5-1-540x540.webp 540w, https:\/\/jinhuaceramic.com\/wp-content\/uploads\/2024\/04\/ceramic-manufacturer-wholesale-bathroom-accessories-set-hotal-bathroom-supplies-soap-dispenser-5-1-660x660.webp 660w\" sizes=\"(max-width: 1088px) 100vw, 1088px\" \/><\/figure>\n<\/div>\n<\/div>","protected":false},"excerpt":{"rendered":"<p>Bem-vindo aos acess\u00f3rios de casa de banho personalizados. Este design de padr\u00e3o de folha natural de acess\u00f3rios de casa de banho de fornecimento de f\u00e1brica combina a frescura do exterior de forma inteligente com a decora\u00e7\u00e3o interior. As cer\u00e2micas selecionadas de alta qualidade n\u00e3o s\u00e3o apenas bonitas, mas tamb\u00e9m pr\u00e1ticas e duradouras.<\/p>","protected":false},"featured_media":3237,"comment_status":"closed","ping_status":"closed","template":"","meta":{"_acf_changed":false},"product_brand":[],"product_cat":[51],"product_tag":[74],"class_list":{"0":"post-3233","1":"product","2":"type-product","3":"status-publish","4":"has-post-thumbnail","6":"product_cat-bathroom-accessories-wholesale","7":"product_tag-ceramic-bath-accessories-wholesale","9":"first","10":"instock","11":"shipping-taxable","12":"product-type-simple"},"acf":[],"_links":{"self":[{"href":"https:\/\/jinhuaceramic.com\/pt\/wp-json\/wp\/v2\/product\/3233","targetHints":{"allow":["GET"]}}],"collection":[{"href":"https:\/\/jinhuaceramic.com\/pt\/wp-json\/wp\/v2\/product"}],"about":[{"href":"https:\/\/jinhuaceramic.com\/pt\/wp-json\/wp\/v2\/types\/product"}],"replies":[{"embeddable":true,"href":"https:\/\/jinhuaceramic.com\/pt\/wp-json\/wp\/v2\/comments?post=3233"}],"version-history":[{"count":0,"href":"https:\/\/jinhuaceramic.com\/pt\/wp-json\/wp\/v2\/product\/3233\/revisions"}],"wp:featuredmedia":[{"embeddable":true,"href":"https:\/\/jinhuaceramic.com\/pt\/wp-json\/wp\/v2\/media\/3237"}],"wp:attachment":[{"href":"https:\/\/jinhuaceramic.com\/pt\/wp-json\/wp\/v2\/media?parent=3233"}],"wp:term":[{"taxonomy":"product_brand","embeddable":true,"href":"https:\/\/jinhuaceramic.com\/pt\/wp-json\/wp\/v2\/product_brand?post=3233"},{"taxonomy":"product_cat","embeddable":true,"href":"https:\/\/jinhuaceramic.com\/pt\/wp-json\/wp\/v2\/product_cat?post=3233"},{"taxonomy":"product_tag","embeddable":true,"href":"https:\/\/jinhuaceramic.com\/pt\/wp-json\/wp\/v2\/product_tag?post=3233"}],"curies":[{"name":"wp","href":"https:\/\/api.w.org\/{rel}","templated":true}]}}