{"id":3243,"date":"2024-04-10T03:42:47","date_gmt":"2024-04-10T03:42:47","guid":{"rendered":"https:\/\/jinhuaceramic.com\/?post_type=product&#038;p=3243"},"modified":"2026-02-05T01:30:24","modified_gmt":"2026-02-05T01:30:24","slug":"wholesale-bathroom-accessories","status":"publish","type":"product","link":"https:\/\/jinhuaceramic.com\/pt\/product\/wholesale-bathroom-accessories\/","title":{"rendered":"Acess\u00f3rios de casa de banho por atacado, Conjunto de banho em cer\u00e2mica com 4 pe\u00e7as"},"content":{"rendered":"<div class=\"wp-block-columns is-layout-flex wp-container-core-columns-is-layout-9d6595d7 wp-block-columns-is-layout-flex\">\n<div class=\"wp-block-column is-layout-flow wp-block-column-is-layout-flow\" style=\"flex-basis:50%\">\n<h3 class=\"wp-block-heading\">Acess\u00f3rios de casa de banho Premium Wholesale Carater\u00edsticas:<\/h3>\n\n\n\n<ul class=\"wp-block-list\">\n<li><strong>Conjunto de 4 pe\u00e7as: <\/strong>O nosso conjunto de banho de cer\u00e2mica a granel inclui uma saboneteira, um dispensador de sab\u00e3o, um copo para elixir bucal e um copo para escova de dentes, que satisfazem plenamente as necessidades di\u00e1rias da casa de banho e proporcionam uma solu\u00e7\u00e3o de acess\u00f3rios de casa de banho organizada e unificada.<\/li>\n\n\n\n<li><strong>Dur\u00e1vel e f\u00e1cil de limpar: <\/strong>Os nossos acess\u00f3rios de casa de banho por atacado s\u00e3o feitos de materiais cer\u00e2micos de alta qualidade para garantir resist\u00eancia a fissuras, resist\u00eancia \u00e0 humidade, f\u00e1cil limpeza e manuten\u00e7\u00e3o, e mant\u00ea-los t\u00e3o brilhantes como novos durante a utiliza\u00e7\u00e3o a longo prazo.<\/li>\n\n\n\n<li><strong>Design elegante: <\/strong>O estilo de design moderno e elegante, combinado com um trabalho artesanal requintado, faz com que cada acess\u00f3rio do nosso conjunto de banho de cer\u00e2mica a granel tenha uma apar\u00eancia elegante e possa melhorar o efeito de decora\u00e7\u00e3o geral da casa de banho.<\/li>\n\n\n\n<li><strong>Suporte \u00e0 personaliza\u00e7\u00e3o:<\/strong> Fornecemos pre\u00e7os por atacado e servi\u00e7os de compra a granel para acess\u00f3rios de casa de banho por atacado, e podem ser personalizados de acordo com as necessidades do cliente, incluindo a sele\u00e7\u00e3o de cores e padr\u00f5es, para satisfazer as diversas necessidades de empresas e indiv\u00edduos.<\/li>\n<\/ul>\n<\/div>\n\n\n\n<div class=\"wp-block-column is-layout-flow wp-block-column-is-layout-flow\" style=\"flex-basis:50%\">\n<figure class=\"wp-block-image size-full\"><img fetchpriority=\"high\" decoding=\"async\" width=\"1500\" height=\"1500\" src=\"https:\/\/jinhuaceramic.com\/wp-content\/uploads\/2024\/04\/ceramic-manufacturer-wholesale-bathroom-accessories-set-bathroom-supplies-3-1.webp\" alt=\"cer\u00e2mica-fabricante-venda por grosso-acess\u00f3rios-de-banheiro-conjunto-fornecimentos-de-banheiro-3\" class=\"wp-image-3247\" srcset=\"https:\/\/jinhuaceramic.com\/wp-content\/uploads\/2024\/04\/ceramic-manufacturer-wholesale-bathroom-accessories-set-bathroom-supplies-3-1.webp 1500w, https:\/\/jinhuaceramic.com\/wp-content\/uploads\/2024\/04\/ceramic-manufacturer-wholesale-bathroom-accessories-set-bathroom-supplies-3-1-300x300.webp 300w, https:\/\/jinhuaceramic.com\/wp-content\/uploads\/2024\/04\/ceramic-manufacturer-wholesale-bathroom-accessories-set-bathroom-supplies-3-1-150x150.webp 150w, https:\/\/jinhuaceramic.com\/wp-content\/uploads\/2024\/04\/ceramic-manufacturer-wholesale-bathroom-accessories-set-bathroom-supplies-3-1-768x768.webp 768w, https:\/\/jinhuaceramic.com\/wp-content\/uploads\/2024\/04\/ceramic-manufacturer-wholesale-bathroom-accessories-set-bathroom-supplies-3-1-285x285.webp 285w, https:\/\/jinhuaceramic.com\/wp-content\/uploads\/2024\/04\/ceramic-manufacturer-wholesale-bathroom-accessories-set-bathroom-supplies-3-1-270x270.webp 270w, https:\/\/jinhuaceramic.com\/wp-content\/uploads\/2024\/04\/ceramic-manufacturer-wholesale-bathroom-accessories-set-bathroom-supplies-3-1-540x540.webp 540w, https:\/\/jinhuaceramic.com\/wp-content\/uploads\/2024\/04\/ceramic-manufacturer-wholesale-bathroom-accessories-set-bathroom-supplies-3-1-660x660.webp 660w\" sizes=\"(max-width: 1500px) 100vw, 1500px\" \/><\/figure>\n<\/div>\n<\/div>","protected":false},"excerpt":{"rendered":"<p>Bem-vindo \u00e0 compra de conjunto de banho de cer\u00e2mica a granel. Os nossos acess\u00f3rios de casa de banho por atacado de quatro pe\u00e7as incluem uma saboneteira, um dispensador de sab\u00e3o, um copo para elixir bucal e um copo para escova de dentes, proporcionando uma solu\u00e7\u00e3o abrangente e pr\u00e1tica. Os materiais cer\u00e2micos de alta qualidade garantem durabilidade e f\u00e1cil limpeza, e o design moderno real\u00e7a a beleza da casa de banho. Com suporte para compras a granel e personaliza\u00e7\u00e3o, \u00e9 a escolha ideal para hot\u00e9is, retalhistas e fam\u00edlias.<\/p>","protected":false},"featured_media":3247,"comment_status":"closed","ping_status":"closed","template":"","meta":{"_acf_changed":false},"product_brand":[],"product_cat":[51],"product_tag":[74],"class_list":{"0":"post-3243","1":"product","2":"type-product","3":"status-publish","4":"has-post-thumbnail","6":"product_cat-bathroom-accessories-wholesale","7":"product_tag-ceramic-bath-accessories-wholesale","9":"first","10":"instock","11":"shipping-taxable","12":"product-type-simple"},"acf":[],"_links":{"self":[{"href":"https:\/\/jinhuaceramic.com\/pt\/wp-json\/wp\/v2\/product\/3243","targetHints":{"allow":["GET"]}}],"collection":[{"href":"https:\/\/jinhuaceramic.com\/pt\/wp-json\/wp\/v2\/product"}],"about":[{"href":"https:\/\/jinhuaceramic.com\/pt\/wp-json\/wp\/v2\/types\/product"}],"replies":[{"embeddable":true,"href":"https:\/\/jinhuaceramic.com\/pt\/wp-json\/wp\/v2\/comments?post=3243"}],"version-history":[{"count":0,"href":"https:\/\/jinhuaceramic.com\/pt\/wp-json\/wp\/v2\/product\/3243\/revisions"}],"wp:featuredmedia":[{"embeddable":true,"href":"https:\/\/jinhuaceramic.com\/pt\/wp-json\/wp\/v2\/media\/3247"}],"wp:attachment":[{"href":"https:\/\/jinhuaceramic.com\/pt\/wp-json\/wp\/v2\/media?parent=3243"}],"wp:term":[{"taxonomy":"product_brand","embeddable":true,"href":"https:\/\/jinhuaceramic.com\/pt\/wp-json\/wp\/v2\/product_brand?post=3243"},{"taxonomy":"product_cat","embeddable":true,"href":"https:\/\/jinhuaceramic.com\/pt\/wp-json\/wp\/v2\/product_cat?post=3243"},{"taxonomy":"product_tag","embeddable":true,"href":"https:\/\/jinhuaceramic.com\/pt\/wp-json\/wp\/v2\/product_tag?post=3243"}],"curies":[{"name":"wp","href":"https:\/\/api.w.org\/{rel}","templated":true}]}}