{"id":3252,"date":"2024-04-10T06:09:35","date_gmt":"2024-04-10T06:09:35","guid":{"rendered":"https:\/\/jinhuaceramic.com\/?post_type=product&#038;p=3252"},"modified":"2025-04-19T09:11:31","modified_gmt":"2025-04-19T09:11:31","slug":"raindrop-candle-jars-wholesale","status":"publish","type":"product","link":"https:\/\/jinhuaceramic.com\/pt\/product\/raindrop-candle-jars-wholesale\/","title":{"rendered":"Frascos de vela de cer\u00e2mica em forma de gota de chuva por atacado, recipientes de vela de ioga a granel"},"content":{"rendered":"<div class=\"wp-block-columns is-layout-flex wp-container-core-columns-is-layout-9d6595d7 wp-block-columns-is-layout-flex\">\n<div class=\"wp-block-column is-layout-flow wp-block-column-is-layout-flow\" style=\"flex-basis:50%\">\n<h3 class=\"wp-block-heading\">Frascos de vela de cer\u00e2mica premium Carater\u00edsticas por atacado:<\/h3>\n\n\n\n<ul class=\"wp-block-list\">\n<li><strong>Design \u00fanico em forma de l\u00e1grima, simples e elegante: <\/strong>Estes frascos para velas em cer\u00e2mica adoptam o design de apar\u00eancia em forma de l\u00e1grima. As linhas deste recipiente de cer\u00e2mica para velas s\u00e3o suaves e mostram uma suavidade natural, que se adapta \u00e0s necessidades de decora\u00e7\u00e3o de v\u00e1rios ambientes dom\u00e9sticos, seja no estilo minimalista moderno ou no estilo retro; pode ser integrado a eles e adicionar eleg\u00e2ncia.<\/li>\n\n\n\n<li><strong>O recipiente para velas ideal para o ioga e a medita\u00e7\u00e3o: <\/strong>Os nossos recipientes para velas a granel n\u00e3o s\u00f3 t\u00eam um aspeto apelativo, como tamb\u00e9m s\u00e3o muito adequados para cenas de relaxamento, como o ioga e a medita\u00e7\u00e3o. Depois de acesa, uma luz suave \u00e9 emitida atrav\u00e9s do frasco, ajudando a criar uma atmosfera calma e relaxante que equilibra o corpo e a mente e melhora a experi\u00eancia de concentra\u00e7\u00e3o e medita\u00e7\u00e3o.<\/li>\n\n\n\n<li><strong>Materiais cer\u00e2micos de alta qualidade, dur\u00e1veis e bonitos: <\/strong>Os produtos de nossos potes de vela de cer\u00e2mica por atacado escolhem cer\u00e2micas queimadas em alta temperatura para garantir que o produto seja dur\u00e1vel e n\u00e3o seja facilmente quebrado ou desbotado, e seu esmalte \u00e9 suave, n\u00e3o apenas suave ao toque, mas tamb\u00e9m resistente ao calor e \u00e0 umidade, adequado para uso a longo prazo e a cor e a textura permanecem exatamente iguais \u00e0s novas.<\/li>\n\n\n\n<li><strong>Personaliza\u00e7\u00e3o em massa, flexibilidade na resposta \u00e0s necessidades: <\/strong>Fornecemos aquisi\u00e7\u00e3o por grosso de recipientes para velas a granel e servi\u00e7os de personaliza\u00e7\u00e3o de frascos para velas. De acordo com as necessidades do cliente, podem ser escolhidos produtos de diferentes cores, tamanhos ou tratamentos de superf\u00edcie.<\/li>\n<\/ul>\n<\/div>\n\n\n\n<div class=\"wp-block-column is-layout-flow wp-block-column-is-layout-flow\" style=\"flex-basis:50%\">\n<figure class=\"wp-block-image size-full\"><img fetchpriority=\"high\" decoding=\"async\" width=\"750\" height=\"750\" src=\"https:\/\/jinhuaceramic.com\/wp-content\/uploads\/2024\/04\/ceramic-manufacturer-custom-canisters-bulk-candle-jars-wholesale-2.webp\" alt=\"Frascos de vela de cer\u00e2mica em forma de gota de chuva por atacado, recipientes de vela de ioga a granel-1\" class=\"wp-image-3253\" srcset=\"https:\/\/jinhuaceramic.com\/wp-content\/uploads\/2024\/04\/ceramic-manufacturer-custom-canisters-bulk-candle-jars-wholesale-2.webp 750w, https:\/\/jinhuaceramic.com\/wp-content\/uploads\/2024\/04\/ceramic-manufacturer-custom-canisters-bulk-candle-jars-wholesale-2-300x300.webp 300w, https:\/\/jinhuaceramic.com\/wp-content\/uploads\/2024\/04\/ceramic-manufacturer-custom-canisters-bulk-candle-jars-wholesale-2-150x150.webp 150w, https:\/\/jinhuaceramic.com\/wp-content\/uploads\/2024\/04\/ceramic-manufacturer-custom-canisters-bulk-candle-jars-wholesale-2-285x285.webp 285w, https:\/\/jinhuaceramic.com\/wp-content\/uploads\/2024\/04\/ceramic-manufacturer-custom-canisters-bulk-candle-jars-wholesale-2-270x270.webp 270w, https:\/\/jinhuaceramic.com\/wp-content\/uploads\/2024\/04\/ceramic-manufacturer-custom-canisters-bulk-candle-jars-wholesale-2-540x540.webp 540w, https:\/\/jinhuaceramic.com\/wp-content\/uploads\/2024\/04\/ceramic-manufacturer-custom-canisters-bulk-candle-jars-wholesale-2-660x660.webp 660w\" sizes=\"(max-width: 750px) 100vw, 750px\" \/><\/figure>\n<\/div>\n<\/div>","protected":false},"excerpt":{"rendered":"<p>Bem-vindo ao comprar recipientes para velas a granel. Nossos potes de vela de cer\u00e2mica em forma de l\u00e1grima por atacado apresentam designs simples e elegantes, adequados para ocasi\u00f5es como ioga e medita\u00e7\u00e3o, ajudando a criar uma atmosfera confort\u00e1vel e pac\u00edfica. Feito de materiais cer\u00e2micos de alta qualidade para garantir beleza e durabilidade, e apoiar a personaliza\u00e7\u00e3o em massa de potes de vela.<\/p>","protected":false},"featured_media":3254,"comment_status":"closed","ping_status":"closed","template":"","meta":{"_acf_changed":false},"product_brand":[],"product_cat":[52],"product_tag":[66],"class_list":{"0":"post-3252","1":"product","2":"type-product","3":"status-publish","4":"has-post-thumbnail","6":"product_cat-wholesale-candle-containers","7":"product_tag-candle-jars-wholesale","9":"first","10":"instock","11":"shipping-taxable","12":"product-type-simple"},"acf":[],"_links":{"self":[{"href":"https:\/\/jinhuaceramic.com\/pt\/wp-json\/wp\/v2\/product\/3252","targetHints":{"allow":["GET"]}}],"collection":[{"href":"https:\/\/jinhuaceramic.com\/pt\/wp-json\/wp\/v2\/product"}],"about":[{"href":"https:\/\/jinhuaceramic.com\/pt\/wp-json\/wp\/v2\/types\/product"}],"replies":[{"embeddable":true,"href":"https:\/\/jinhuaceramic.com\/pt\/wp-json\/wp\/v2\/comments?post=3252"}],"version-history":[{"count":0,"href":"https:\/\/jinhuaceramic.com\/pt\/wp-json\/wp\/v2\/product\/3252\/revisions"}],"wp:featuredmedia":[{"embeddable":true,"href":"https:\/\/jinhuaceramic.com\/pt\/wp-json\/wp\/v2\/media\/3254"}],"wp:attachment":[{"href":"https:\/\/jinhuaceramic.com\/pt\/wp-json\/wp\/v2\/media?parent=3252"}],"wp:term":[{"taxonomy":"product_brand","embeddable":true,"href":"https:\/\/jinhuaceramic.com\/pt\/wp-json\/wp\/v2\/product_brand?post=3252"},{"taxonomy":"product_cat","embeddable":true,"href":"https:\/\/jinhuaceramic.com\/pt\/wp-json\/wp\/v2\/product_cat?post=3252"},{"taxonomy":"product_tag","embeddable":true,"href":"https:\/\/jinhuaceramic.com\/pt\/wp-json\/wp\/v2\/product_tag?post=3252"}],"curies":[{"name":"wp","href":"https:\/\/api.w.org\/{rel}","templated":true}]}}