{"id":3261,"date":"2024-04-10T06:29:40","date_gmt":"2024-04-10T06:29:40","guid":{"rendered":"https:\/\/jinhuaceramic.com\/?post_type=product&#038;p=3261"},"modified":"2025-04-19T09:12:49","modified_gmt":"2025-04-19T09:12:49","slug":"wholesale-candle-jar-with-stand","status":"publish","type":"product","link":"https:\/\/jinhuaceramic.com\/pt\/product\/wholesale-candle-jar-with-stand\/","title":{"rendered":"Frasco de vela com suporte por atacado, Frascos de vela de medita\u00e7\u00e3o a granel"},"content":{"rendered":"<div class=\"wp-block-columns is-layout-flex wp-container-core-columns-is-layout-9d6595d7 wp-block-columns-is-layout-flex\">\n<div class=\"wp-block-column is-layout-flow wp-block-column-is-layout-flow\" style=\"flex-basis:50%\">\n<h3 class=\"wp-block-heading\">Frasco de vela por atacado Premium com suporte Carater\u00edsticas:<\/h3>\n\n\n\n<ul class=\"wp-block-list\">\n<li><strong>Forma requintada: <\/strong>Com um design bonito, este frasco de vela por atacado com suporte apresenta uma apar\u00eancia refinada e elegante, aumentando o apelo visual da vela.<\/li>\n\n\n\n<li><strong>Com suporte:<\/strong> O design do suporte dos nossos frascos de cer\u00e2mica para velas a granel pode elevar a vela, tornando-a mais vis\u00edvel no espa\u00e7o, melhorando os efeitos decorativos e visuais da vela e criando uma atmosfera acolhedora e rom\u00e2ntica para o ambiente.<\/li>\n\n\n\n<li><strong>Seguro e est\u00e1vel: <\/strong>O design do suporte deste frasco de vela por atacado \u00e9 est\u00e1vel e confi\u00e1vel, e pode apoiar firmemente o frasco de vela, garantindo estabilidade e seguran\u00e7a.<\/li>\n\n\n\n<li><strong>Altamente decorativo: <\/strong>Estes frascos de cer\u00e2mica para velas a granel t\u00eam uma forma bonita e podem ser colocados n\u00e3o s\u00f3 como frasco de velas, mas tamb\u00e9m como decora\u00e7\u00e3o, aumentando a beleza e o efeito decorativo do espa\u00e7o.<\/li>\n<\/ul>\n<\/div>\n\n\n\n<div class=\"wp-block-column is-layout-flow wp-block-column-is-layout-flow\" style=\"flex-basis:50%\">\n<figure class=\"wp-block-image size-full\"><img fetchpriority=\"high\" decoding=\"async\" width=\"2306\" height=\"2306\" src=\"https:\/\/jinhuaceramic.com\/wp-content\/uploads\/2024\/04\/ceramic-manufacturer-custom-canisters-bulk-candle-jars-wholesale-candle-container-1-1.webp\" alt=\"cer\u00e2mica-fabricante-canisters-personalizados-bulk-candle-jars-with-stand-wholesale-candle-container-1\" class=\"wp-image-3265\" srcset=\"https:\/\/jinhuaceramic.com\/wp-content\/uploads\/2024\/04\/ceramic-manufacturer-custom-canisters-bulk-candle-jars-wholesale-candle-container-1-1.webp 2306w, https:\/\/jinhuaceramic.com\/wp-content\/uploads\/2024\/04\/ceramic-manufacturer-custom-canisters-bulk-candle-jars-wholesale-candle-container-1-1-300x300.webp 300w, https:\/\/jinhuaceramic.com\/wp-content\/uploads\/2024\/04\/ceramic-manufacturer-custom-canisters-bulk-candle-jars-wholesale-candle-container-1-1-150x150.webp 150w, https:\/\/jinhuaceramic.com\/wp-content\/uploads\/2024\/04\/ceramic-manufacturer-custom-canisters-bulk-candle-jars-wholesale-candle-container-1-1-768x768.webp 768w, https:\/\/jinhuaceramic.com\/wp-content\/uploads\/2024\/04\/ceramic-manufacturer-custom-canisters-bulk-candle-jars-wholesale-candle-container-1-1-285x285.webp 285w, https:\/\/jinhuaceramic.com\/wp-content\/uploads\/2024\/04\/ceramic-manufacturer-custom-canisters-bulk-candle-jars-wholesale-candle-container-1-1-1600x1600.webp 1600w, https:\/\/jinhuaceramic.com\/wp-content\/uploads\/2024\/04\/ceramic-manufacturer-custom-canisters-bulk-candle-jars-wholesale-candle-container-1-1-270x270.webp 270w, https:\/\/jinhuaceramic.com\/wp-content\/uploads\/2024\/04\/ceramic-manufacturer-custom-canisters-bulk-candle-jars-wholesale-candle-container-1-1-540x540.webp 540w, https:\/\/jinhuaceramic.com\/wp-content\/uploads\/2024\/04\/ceramic-manufacturer-custom-canisters-bulk-candle-jars-wholesale-candle-container-1-1-660x660.webp 660w\" sizes=\"(max-width: 2306px) 100vw, 2306px\" \/><\/figure>\n<\/div>\n<\/div>","protected":false},"excerpt":{"rendered":"<p>Bem-vindo ao comprar frascos de vela de cer\u00e2mica a granel. Este frasco de vela por atacado com suporte apresenta uma forma requintada, seguran\u00e7a e estabilidade, e fortes carater\u00edsticas decorativas, trazendo uma apar\u00eancia mais elegante para a vela e criando uma atmosfera calorosa e rom\u00e2ntica para o ambiente.<\/p>","protected":false},"featured_media":3262,"comment_status":"closed","ping_status":"closed","template":"","meta":{"_acf_changed":false},"product_brand":[],"product_cat":[52],"product_tag":[66],"class_list":{"0":"post-3261","1":"product","2":"type-product","3":"status-publish","4":"has-post-thumbnail","6":"product_cat-wholesale-candle-containers","7":"product_tag-candle-jars-wholesale","9":"first","10":"instock","11":"shipping-taxable","12":"product-type-simple"},"acf":[],"_links":{"self":[{"href":"https:\/\/jinhuaceramic.com\/pt\/wp-json\/wp\/v2\/product\/3261","targetHints":{"allow":["GET"]}}],"collection":[{"href":"https:\/\/jinhuaceramic.com\/pt\/wp-json\/wp\/v2\/product"}],"about":[{"href":"https:\/\/jinhuaceramic.com\/pt\/wp-json\/wp\/v2\/types\/product"}],"replies":[{"embeddable":true,"href":"https:\/\/jinhuaceramic.com\/pt\/wp-json\/wp\/v2\/comments?post=3261"}],"version-history":[{"count":0,"href":"https:\/\/jinhuaceramic.com\/pt\/wp-json\/wp\/v2\/product\/3261\/revisions"}],"wp:featuredmedia":[{"embeddable":true,"href":"https:\/\/jinhuaceramic.com\/pt\/wp-json\/wp\/v2\/media\/3262"}],"wp:attachment":[{"href":"https:\/\/jinhuaceramic.com\/pt\/wp-json\/wp\/v2\/media?parent=3261"}],"wp:term":[{"taxonomy":"product_brand","embeddable":true,"href":"https:\/\/jinhuaceramic.com\/pt\/wp-json\/wp\/v2\/product_brand?post=3261"},{"taxonomy":"product_cat","embeddable":true,"href":"https:\/\/jinhuaceramic.com\/pt\/wp-json\/wp\/v2\/product_cat?post=3261"},{"taxonomy":"product_tag","embeddable":true,"href":"https:\/\/jinhuaceramic.com\/pt\/wp-json\/wp\/v2\/product_tag?post=3261"}],"curies":[{"name":"wp","href":"https:\/\/api.w.org\/{rel}","templated":true}]}}