{"id":3269,"date":"2024-04-10T06:58:22","date_gmt":"2024-04-10T06:58:22","guid":{"rendered":"https:\/\/jinhuaceramic.com\/?post_type=product&#038;p=3269"},"modified":"2025-04-19T09:13:34","modified_gmt":"2025-04-19T09:13:34","slug":"ceramic-bulk-candle-containers","status":"publish","type":"product","link":"https:\/\/jinhuaceramic.com\/pt\/product\/ceramic-bulk-candle-containers\/","title":{"rendered":"Recipientes para velas a granel, frascos de velas de luxo personalizados por atacado"},"content":{"rendered":"<div class=\"wp-block-columns is-layout-flex wp-container-core-columns-is-layout-9d6595d7 wp-block-columns-is-layout-flex\">\n<div class=\"wp-block-column is-layout-flow wp-block-column-is-layout-flow\" style=\"flex-basis:50%\">\n<h3 class=\"wp-block-heading\">Recipientes para velas a granel Premium Carater\u00edsticas:<\/h3>\n\n\n\n<ul class=\"wp-block-list\">\n<li><strong>Design luxuoso, real\u00e7a a sensa\u00e7\u00e3o de topo de gama:<\/strong> Estes recipientes para velas a granel adoptam um design de apar\u00eancia requintada, especialmente concebido para clientes que procuram qualidade e moda. O esmalte suave e delicado exala uma atmosfera de luxo de alta qualidade, adequada para o mercado dom\u00e9stico e de presentes de alta qualidade.<\/li>\n\n\n\n<li><strong>V\u00e1rias op\u00e7\u00f5es de cores, adequadas a diferentes estilos: <\/strong>Este frasco de vela de luxo por atacado oferece uma variedade de op\u00e7\u00f5es de cores, e os clientes podem escolher a cor certa de acordo com sua pr\u00f3pria marca ou necessidades de projeto. Isso torna o recipiente de velas mais flex\u00edvel e pode ser perfeitamente integrado em diferentes designs de espa\u00e7o ou estilos de decora\u00e7\u00e3o.<\/li>\n\n\n\n<li><strong>Apoiar a personaliza\u00e7\u00e3o para real\u00e7ar as carater\u00edsticas da marca: <\/strong>Fornecemos aos clientes servi\u00e7os personalizados de frascos de velas, apoiamos a personaliza\u00e7\u00e3o de cores e a impress\u00e3o de log\u00f3tipos nestes recipientes de velas a granel. Quer seja para criar um design \u00fanico ou estilos exclusivos para ocasi\u00f5es especiais, podemos satisfazer as necessidades de personaliza\u00e7\u00e3o.<\/li>\n\n\n\n<li><strong>Materiais cer\u00e2micos de alta qualidade, seguros e duradouros:<\/strong> Estes frascos de velas de luxo para venda por grosso, fabricados em cer\u00e2mica de alta qualidade, garantem a durabilidade do produto. S\u00e3o suficientemente resistentes ao calor para suportar uma utiliza\u00e7\u00e3o prolongada. A superf\u00edcie \u00e9 lisa e limpa facilmente, pode durar um longo per\u00edodo de tempo e manter a sua beleza. Esta \u00e9 a escolha ideal para casas de luxo e como presente.<\/li>\n<\/ul>\n<\/div>\n\n\n\n<div class=\"wp-block-column is-layout-flow wp-block-column-is-layout-flow\" style=\"flex-basis:50%\">\n<figure class=\"wp-block-image size-full\"><img fetchpriority=\"high\" decoding=\"async\" width=\"1500\" height=\"1500\" src=\"https:\/\/jinhuaceramic.com\/wp-content\/uploads\/2024\/04\/ceramic-manufacturer-custom-canisters-bulk-candle-jars-wholesale-2-2.webp\" alt=\"Recipientes para velas a granel, frascos de velas de luxo personalizados por atacado-1\" class=\"wp-image-3270\" srcset=\"https:\/\/jinhuaceramic.com\/wp-content\/uploads\/2024\/04\/ceramic-manufacturer-custom-canisters-bulk-candle-jars-wholesale-2-2.webp 1500w, https:\/\/jinhuaceramic.com\/wp-content\/uploads\/2024\/04\/ceramic-manufacturer-custom-canisters-bulk-candle-jars-wholesale-2-2-300x300.webp 300w, https:\/\/jinhuaceramic.com\/wp-content\/uploads\/2024\/04\/ceramic-manufacturer-custom-canisters-bulk-candle-jars-wholesale-2-2-150x150.webp 150w, https:\/\/jinhuaceramic.com\/wp-content\/uploads\/2024\/04\/ceramic-manufacturer-custom-canisters-bulk-candle-jars-wholesale-2-2-768x768.webp 768w, https:\/\/jinhuaceramic.com\/wp-content\/uploads\/2024\/04\/ceramic-manufacturer-custom-canisters-bulk-candle-jars-wholesale-2-2-285x285.webp 285w, https:\/\/jinhuaceramic.com\/wp-content\/uploads\/2024\/04\/ceramic-manufacturer-custom-canisters-bulk-candle-jars-wholesale-2-2-270x270.webp 270w, https:\/\/jinhuaceramic.com\/wp-content\/uploads\/2024\/04\/ceramic-manufacturer-custom-canisters-bulk-candle-jars-wholesale-2-2-540x540.webp 540w, https:\/\/jinhuaceramic.com\/wp-content\/uploads\/2024\/04\/ceramic-manufacturer-custom-canisters-bulk-candle-jars-wholesale-2-2-660x660.webp 660w\" sizes=\"(max-width: 1500px) 100vw, 1500px\" \/><\/figure>\n<\/div>\n<\/div>","protected":false},"excerpt":{"rendered":"<p>Bem-vindo \u00e0 compra de recipientes de velas a granel. Nossos potes de velas de luxo por atacado s\u00e3o primorosamente projetados e dispon\u00edveis em uma variedade de cores, suportam personaliza\u00e7\u00e3o personalizada de cores e logotipos, mostrando perfeitamente o estilo \u00fanico da marca. Usamos cer\u00e2micas de alta qualidade que s\u00e3o dur\u00e1veis, bonitas e adequadas para v\u00e1rias necessidades de aplica\u00e7\u00e3o no mercado de ponta.<\/p>","protected":false},"featured_media":3273,"comment_status":"closed","ping_status":"closed","template":"","meta":{"_acf_changed":false},"product_brand":[],"product_cat":[52],"product_tag":[66],"class_list":{"0":"post-3269","1":"product","2":"type-product","3":"status-publish","4":"has-post-thumbnail","6":"product_cat-wholesale-candle-containers","7":"product_tag-candle-jars-wholesale","9":"first","10":"instock","11":"shipping-taxable","12":"product-type-simple"},"acf":[],"_links":{"self":[{"href":"https:\/\/jinhuaceramic.com\/pt\/wp-json\/wp\/v2\/product\/3269","targetHints":{"allow":["GET"]}}],"collection":[{"href":"https:\/\/jinhuaceramic.com\/pt\/wp-json\/wp\/v2\/product"}],"about":[{"href":"https:\/\/jinhuaceramic.com\/pt\/wp-json\/wp\/v2\/types\/product"}],"replies":[{"embeddable":true,"href":"https:\/\/jinhuaceramic.com\/pt\/wp-json\/wp\/v2\/comments?post=3269"}],"version-history":[{"count":0,"href":"https:\/\/jinhuaceramic.com\/pt\/wp-json\/wp\/v2\/product\/3269\/revisions"}],"wp:featuredmedia":[{"embeddable":true,"href":"https:\/\/jinhuaceramic.com\/pt\/wp-json\/wp\/v2\/media\/3273"}],"wp:attachment":[{"href":"https:\/\/jinhuaceramic.com\/pt\/wp-json\/wp\/v2\/media?parent=3269"}],"wp:term":[{"taxonomy":"product_brand","embeddable":true,"href":"https:\/\/jinhuaceramic.com\/pt\/wp-json\/wp\/v2\/product_brand?post=3269"},{"taxonomy":"product_cat","embeddable":true,"href":"https:\/\/jinhuaceramic.com\/pt\/wp-json\/wp\/v2\/product_cat?post=3269"},{"taxonomy":"product_tag","embeddable":true,"href":"https:\/\/jinhuaceramic.com\/pt\/wp-json\/wp\/v2\/product_tag?post=3269"}],"curies":[{"name":"wp","href":"https:\/\/api.w.org\/{rel}","templated":true}]}}