{"id":3277,"date":"2024-04-10T07:14:02","date_gmt":"2024-04-10T07:14:02","guid":{"rendered":"https:\/\/jinhuaceramic.com\/?post_type=product&#038;p=3277"},"modified":"2025-04-19T09:14:11","modified_gmt":"2025-04-19T09:14:11","slug":"recipientes-para-velas-de-ceramica-por-atacado","status":"publish","type":"product","link":"https:\/\/jinhuaceramic.com\/pt\/product\/wholesale-ceramic-candle-containers\/","title":{"rendered":"Recipientes de vela de cer\u00e2mica por atacado com al\u00e7as de madeira, frascos de vela simples a granel"},"content":{"rendered":"<div class=\"wp-block-columns is-layout-flex wp-container-core-columns-is-layout-9d6595d7 wp-block-columns-is-layout-flex\">\n<div class=\"wp-block-column is-layout-flow wp-block-column-is-layout-flow\" style=\"flex-basis:50%\">\n<h3 class=\"wp-block-heading\">Recipientes para velas de cer\u00e2mica por atacado Premium Carater\u00edsticas:<\/h3>\n\n\n\n<ul class=\"wp-block-list\">\n<li><strong>Cabo de madeira com design \u00fanico: <\/strong>Os nossos recipientes para velas de cer\u00e2mica por atacado est\u00e3o equipados com requintadas pegas de madeira, que n\u00e3o s\u00f3 melhoram o efeito visual do produto, mas tamb\u00e9m facilitam o manuseamento di\u00e1rio, especialmente adequado para o fabrico de velas artesanais e decora\u00e7\u00e3o de casa.<\/li>\n\n\n\n<li><strong>V\u00e1rias op\u00e7\u00f5es de cores:<\/strong> Estes frascos de velas a granel oferecem uma variedade de op\u00e7\u00f5es de cores, os clientes podem escolher livremente de acordo com diferentes estilos de decora\u00e7\u00e3o ou requisitos da marca de velas. Quer se trate de uma cor neutra simples ou de uma cor brilhante e moderna, este recipiente para velas pode ser perfeitamente integrado.<\/li>\n\n\n\n<li><strong>Dur\u00e1vel e amigo do ambiente: <\/strong>Estes recipientes para velas de cer\u00e2mica por atacado s\u00e3o feitos de materiais cer\u00e2micos de alta qualidade, cozidos a altas temperaturas, dur\u00e1veis e t\u00eam boa resist\u00eancia ao calor e \u00e0 humidade. Os materiais cer\u00e2micos s\u00e3o naturais e n\u00e3o t\u00f3xicos, amigos do ambiente.<\/li>\n\n\n\n<li><strong>Adequado para o fabrico de velas artesanais: <\/strong>Os nossos frascos para velas a granel foram concebidos para os entusiastas do fabrico de velas e para os pequenos est\u00fadios. A capacidade espa\u00e7osa do recipiente e a pega conveniente tornam o processo de derramamento e fabrico de velas mais f\u00e1cil e r\u00e1pido, o que \u00e9 muito adequado para a produ\u00e7\u00e3o em massa ou para a utiliza\u00e7\u00e3o dom\u00e9stica de bricolage.<\/li>\n<\/ul>\n<\/div>\n\n\n\n<div class=\"wp-block-column is-layout-flow wp-block-column-is-layout-flow\" style=\"flex-basis:50%\">\n<figure class=\"wp-block-image size-full\"><img fetchpriority=\"high\" decoding=\"async\" width=\"800\" height=\"800\" src=\"https:\/\/jinhuaceramic.com\/wp-content\/uploads\/2024\/04\/ceramic-manufacturer-custom-canisters-bulk-candle-jars-wholesale-1.webp\" alt=\"Recipientes para velas de cer\u00e2mica por atacado, frascos para velas simples a granel-1\" class=\"wp-image-3278\" srcset=\"https:\/\/jinhuaceramic.com\/wp-content\/uploads\/2024\/04\/ceramic-manufacturer-custom-canisters-bulk-candle-jars-wholesale-1.webp 800w, https:\/\/jinhuaceramic.com\/wp-content\/uploads\/2024\/04\/ceramic-manufacturer-custom-canisters-bulk-candle-jars-wholesale-1-300x300.webp 300w, https:\/\/jinhuaceramic.com\/wp-content\/uploads\/2024\/04\/ceramic-manufacturer-custom-canisters-bulk-candle-jars-wholesale-1-150x150.webp 150w, https:\/\/jinhuaceramic.com\/wp-content\/uploads\/2024\/04\/ceramic-manufacturer-custom-canisters-bulk-candle-jars-wholesale-1-768x768.webp 768w, https:\/\/jinhuaceramic.com\/wp-content\/uploads\/2024\/04\/ceramic-manufacturer-custom-canisters-bulk-candle-jars-wholesale-1-285x285.webp 285w, https:\/\/jinhuaceramic.com\/wp-content\/uploads\/2024\/04\/ceramic-manufacturer-custom-canisters-bulk-candle-jars-wholesale-1-270x270.webp 270w, https:\/\/jinhuaceramic.com\/wp-content\/uploads\/2024\/04\/ceramic-manufacturer-custom-canisters-bulk-candle-jars-wholesale-1-540x540.webp 540w, https:\/\/jinhuaceramic.com\/wp-content\/uploads\/2024\/04\/ceramic-manufacturer-custom-canisters-bulk-candle-jars-wholesale-1-660x660.webp 660w\" sizes=\"(max-width: 800px) 100vw, 800px\" \/><\/figure>\n<\/div>\n<\/div>","protected":false},"excerpt":{"rendered":"<p>Bem-vindo ao comprar frascos de velas a granel. Estes recipientes para velas de cer\u00e2mica por atacado com pegas de madeira t\u00eam um design exclusivo, combinando praticidade e beleza. Uma variedade de cores est\u00e1 dispon\u00edvel para atender a diferentes necessidades de estilo. Feito de materiais cer\u00e2micos de alta qualidade, ecologicamente correto e dur\u00e1vel.<\/p>","protected":false},"featured_media":3279,"comment_status":"closed","ping_status":"closed","template":"","meta":{"_acf_changed":false},"product_brand":[],"product_cat":[52],"product_tag":[66],"class_list":{"0":"post-3277","1":"product","2":"type-product","3":"status-publish","4":"has-post-thumbnail","6":"product_cat-wholesale-candle-containers","7":"product_tag-candle-jars-wholesale","9":"first","10":"instock","11":"shipping-taxable","12":"product-type-simple"},"acf":[],"_links":{"self":[{"href":"https:\/\/jinhuaceramic.com\/pt\/wp-json\/wp\/v2\/product\/3277","targetHints":{"allow":["GET"]}}],"collection":[{"href":"https:\/\/jinhuaceramic.com\/pt\/wp-json\/wp\/v2\/product"}],"about":[{"href":"https:\/\/jinhuaceramic.com\/pt\/wp-json\/wp\/v2\/types\/product"}],"replies":[{"embeddable":true,"href":"https:\/\/jinhuaceramic.com\/pt\/wp-json\/wp\/v2\/comments?post=3277"}],"version-history":[{"count":0,"href":"https:\/\/jinhuaceramic.com\/pt\/wp-json\/wp\/v2\/product\/3277\/revisions"}],"wp:featuredmedia":[{"embeddable":true,"href":"https:\/\/jinhuaceramic.com\/pt\/wp-json\/wp\/v2\/media\/3279"}],"wp:attachment":[{"href":"https:\/\/jinhuaceramic.com\/pt\/wp-json\/wp\/v2\/media?parent=3277"}],"wp:term":[{"taxonomy":"product_brand","embeddable":true,"href":"https:\/\/jinhuaceramic.com\/pt\/wp-json\/wp\/v2\/product_brand?post=3277"},{"taxonomy":"product_cat","embeddable":true,"href":"https:\/\/jinhuaceramic.com\/pt\/wp-json\/wp\/v2\/product_cat?post=3277"},{"taxonomy":"product_tag","embeddable":true,"href":"https:\/\/jinhuaceramic.com\/pt\/wp-json\/wp\/v2\/product_tag?post=3277"}],"curies":[{"name":"wp","href":"https:\/\/api.w.org\/{rel}","templated":true}]}}