{"id":3284,"date":"2024-04-10T07:29:04","date_gmt":"2024-04-10T07:29:04","guid":{"rendered":"https:\/\/jinhuaceramic.com\/?post_type=product&#038;p=3284"},"modified":"2025-04-19T09:15:33","modified_gmt":"2025-04-19T09:15:33","slug":"elegant-wholesale-ceramic-candle-holders","status":"publish","type":"product","link":"https:\/\/jinhuaceramic.com\/pt\/product\/elegant-wholesale-ceramic-candle-holders\/","title":{"rendered":"Casti\u00e7ais de cer\u00e2mica por atacado com forma irregular elegante, casti\u00e7ais de luz de ch\u00e1 a granel"},"content":{"rendered":"<div class=\"wp-block-columns is-layout-flex wp-container-core-columns-is-layout-9d6595d7 wp-block-columns-is-layout-flex\">\n<div class=\"wp-block-column is-layout-flow wp-block-column-is-layout-flow\" style=\"flex-basis:50%\">\n<h3 class=\"wp-block-heading\">Casti\u00e7ais de cer\u00e2mica por atacado Premium Carater\u00edsticas:<\/h3>\n\n\n\n<ul class=\"wp-block-list\">\n<li><strong>Design elegante de forma irregular: <\/strong>Estes casti\u00e7ais de cer\u00e2mica para venda por grosso s\u00e3o concebidos com uma forma irregular e \u00fanica, nunca se cingindo ao estilo sim\u00e9trico tradicional, conferindo a cada espa\u00e7o efeitos decorativos art\u00edsticos e adaptando-se \u00e0s casas modernas com eleg\u00e2ncia e moda.<\/li>\n\n\n\n<li><strong>Concebido para velas tealight:<\/strong> O tamanho dos nossos porta-velas a granel \u00e9 de at\u00e9 velas tealight. Assim, este casti\u00e7al pode adaptar-se a v\u00e1rias ocasi\u00f5es: reuni\u00e3o familiar, decora\u00e7\u00e3o de casamento ou mobili\u00e1rio elegante no hotel - pode acrescentar uma atmosfera acolhedora aos espa\u00e7os.<\/li>\n\n\n\n<li><strong>Material dur\u00e1vel e seguro: <\/strong>Os nossos casti\u00e7ais de cer\u00e2mica por atacado s\u00e3o feitos de cer\u00e2mica de alta qualidade, cozidos a alta temperatura, com boa resist\u00eancia ao calor e s\u00e3o dur\u00e1veis para uso a longo prazo.<\/li>\n\n\n\n<li><strong>Fornecimento a granel para satisfazer as necessidades de aquisi\u00e7\u00f5es comerciais:<\/strong> Fornecemos servi\u00e7os de aquisi\u00e7\u00e3o a granel de suportes de luz de ch\u00e1, especialmente para uso em grande escala por clientes comerciais, como hot\u00e9is, empresas de planeamento de casamentos, lojas de presentes, etc., para garantir um fornecimento est\u00e1vel e apoiar as necessidades de longo prazo dos clientes.<\/li>\n<\/ul>\n<\/div>\n\n\n\n<div class=\"wp-block-column is-layout-flow wp-block-column-is-layout-flow\" style=\"flex-basis:50%\">\n<figure class=\"wp-block-image size-full\"><img fetchpriority=\"high\" decoding=\"async\" width=\"1500\" height=\"1500\" src=\"https:\/\/jinhuaceramic.com\/wp-content\/uploads\/2024\/04\/ceramic-manufacturer-custom-candle-container-wholesale-candle-holders-bulk-6.webp\" alt=\"Casti\u00e7ais de cer\u00e2mica por atacado com forma irregular elegante, casti\u00e7ais de luz de ch\u00e1 a granel-1\" class=\"wp-image-3290\" srcset=\"https:\/\/jinhuaceramic.com\/wp-content\/uploads\/2024\/04\/ceramic-manufacturer-custom-candle-container-wholesale-candle-holders-bulk-6.webp 1500w, https:\/\/jinhuaceramic.com\/wp-content\/uploads\/2024\/04\/ceramic-manufacturer-custom-candle-container-wholesale-candle-holders-bulk-6-300x300.webp 300w, https:\/\/jinhuaceramic.com\/wp-content\/uploads\/2024\/04\/ceramic-manufacturer-custom-candle-container-wholesale-candle-holders-bulk-6-150x150.webp 150w, https:\/\/jinhuaceramic.com\/wp-content\/uploads\/2024\/04\/ceramic-manufacturer-custom-candle-container-wholesale-candle-holders-bulk-6-768x768.webp 768w, https:\/\/jinhuaceramic.com\/wp-content\/uploads\/2024\/04\/ceramic-manufacturer-custom-candle-container-wholesale-candle-holders-bulk-6-285x285.webp 285w, https:\/\/jinhuaceramic.com\/wp-content\/uploads\/2024\/04\/ceramic-manufacturer-custom-candle-container-wholesale-candle-holders-bulk-6-270x270.webp 270w, https:\/\/jinhuaceramic.com\/wp-content\/uploads\/2024\/04\/ceramic-manufacturer-custom-candle-container-wholesale-candle-holders-bulk-6-540x540.webp 540w, https:\/\/jinhuaceramic.com\/wp-content\/uploads\/2024\/04\/ceramic-manufacturer-custom-candle-container-wholesale-candle-holders-bulk-6-660x660.webp 660w\" sizes=\"(max-width: 1500px) 100vw, 1500px\" \/><\/figure>\n<\/div>\n<\/div>","protected":false},"excerpt":{"rendered":"<p>Bem-vindo \u00e0 compra de suportes de luz de ch\u00e1 a granel. Os nossos casti\u00e7ais de cer\u00e2mica por atacado t\u00eam uma forma irregular elegante e um design \u00fanico, feitos de material cer\u00e2mico de alta qualidade. \u00c9 adequado para uma variedade de ocasi\u00f5es, criando uma atmosfera acolhedora com facilidade. Apoie a compra a granel, ideal para decora\u00e7\u00e3o de casa e uso comercial.<\/p>","protected":false},"featured_media":3290,"comment_status":"closed","ping_status":"closed","template":"","meta":{"_acf_changed":false},"product_brand":[],"product_cat":[52],"product_tag":[68,79],"class_list":{"0":"post-3284","1":"product","2":"type-product","3":"status-publish","4":"has-post-thumbnail","6":"product_cat-wholesale-candle-containers","7":"product_tag-ceramic-candlesticks-bulk","8":"product_tag-tea-light-candle-holders-bulk","10":"first","11":"instock","12":"shipping-taxable","13":"product-type-simple"},"acf":[],"_links":{"self":[{"href":"https:\/\/jinhuaceramic.com\/pt\/wp-json\/wp\/v2\/product\/3284","targetHints":{"allow":["GET"]}}],"collection":[{"href":"https:\/\/jinhuaceramic.com\/pt\/wp-json\/wp\/v2\/product"}],"about":[{"href":"https:\/\/jinhuaceramic.com\/pt\/wp-json\/wp\/v2\/types\/product"}],"replies":[{"embeddable":true,"href":"https:\/\/jinhuaceramic.com\/pt\/wp-json\/wp\/v2\/comments?post=3284"}],"version-history":[{"count":0,"href":"https:\/\/jinhuaceramic.com\/pt\/wp-json\/wp\/v2\/product\/3284\/revisions"}],"wp:featuredmedia":[{"embeddable":true,"href":"https:\/\/jinhuaceramic.com\/pt\/wp-json\/wp\/v2\/media\/3290"}],"wp:attachment":[{"href":"https:\/\/jinhuaceramic.com\/pt\/wp-json\/wp\/v2\/media?parent=3284"}],"wp:term":[{"taxonomy":"product_brand","embeddable":true,"href":"https:\/\/jinhuaceramic.com\/pt\/wp-json\/wp\/v2\/product_brand?post=3284"},{"taxonomy":"product_cat","embeddable":true,"href":"https:\/\/jinhuaceramic.com\/pt\/wp-json\/wp\/v2\/product_cat?post=3284"},{"taxonomy":"product_tag","embeddable":true,"href":"https:\/\/jinhuaceramic.com\/pt\/wp-json\/wp\/v2\/product_tag?post=3284"}],"curies":[{"name":"wp","href":"https:\/\/api.w.org\/{rel}","templated":true}]}}