{"id":3294,"date":"2024-04-10T08:00:17","date_gmt":"2024-04-10T08:00:17","guid":{"rendered":"https:\/\/jinhuaceramic.com\/?post_type=product&#038;p=3294"},"modified":"2025-04-19T09:16:10","modified_gmt":"2025-04-19T09:16:10","slug":"wholesale-cute-candle-jars","status":"publish","type":"product","link":"https:\/\/jinhuaceramic.com\/pt\/product\/wholesale-cute-candle-jars\/","title":{"rendered":"Frascos de vela bonitos por atacado, vasos de vela multicoloridos a granel"},"content":{"rendered":"<div class=\"wp-block-columns is-layout-flex wp-container-core-columns-is-layout-9d6595d7 wp-block-columns-is-layout-flex\">\n<div class=\"wp-block-column is-layout-flow wp-block-column-is-layout-flow\" style=\"flex-basis:50%\">\n<h3 class=\"wp-block-heading\">Frascos de vela bonitos por atacado Premium Carater\u00edsticas:<\/h3>\n\n\n\n<ul class=\"wp-block-list\">\n<li><strong>Design giro e l\u00fadico, aumenta a divers\u00e3o do espa\u00e7o: <\/strong>Estes frascos de velas bonitos por atacado apresentam um design de estilo interessante, adequado para decora\u00e7\u00e3o de casa, embalagens de presentes ou decora\u00e7\u00f5es de f\u00e9rias para grupos jovens, acrescentando vivacidade e personalidade ao espa\u00e7o.<\/li>\n\n\n\n<li><strong>V\u00e1rias op\u00e7\u00f5es de cores, adequadas a diferentes estilos: <\/strong>Estes recipientes para velas a granel est\u00e3o dispon\u00edveis numa variedade de cores, e os clientes podem combin\u00e1-los livremente de acordo com as prefer\u00eancias pessoais ou os requisitos da marca. Este recipiente para velas colorido pode ser perfeitamente integrado em v\u00e1rios estilos decorativos e \u00e9 adequado para todas as ocasi\u00f5es.<\/li>\n\n\n\n<li><strong>Materiais de alta qualidade, seguros e amigos do ambiente:<\/strong> Os nossos frascos de velas bonitos por atacado s\u00e3o feitos de materiais cer\u00e2micos de alta qualidade e cozidos a altas temperaturas para garantir que os produtos sejam robustos e dur\u00e1veis, com boa resist\u00eancia ao calor e \u00e0 humidade. Os materiais cer\u00e2micos s\u00e3o naturalmente n\u00e3o t\u00f3xicos, ecol\u00f3gicos e muito adequados para uso a longo prazo e fabrica\u00e7\u00e3o de velas artesanais.<\/li>\n\n\n\n<li><strong>Fornecimento a granel e servi\u00e7os personalizados: <\/strong>Fornecemos servi\u00e7os de aquisi\u00e7\u00e3o a granel de navios de velas a granel para apoiar as necessidades a longo prazo dos clientes comerciais. Ao mesmo tempo, podemos personalizar a cor, o tamanho e o log\u00f3tipo de acordo com os requisitos do cliente para fornecer solu\u00e7\u00f5es personalizadas para as marcas.<\/li>\n<\/ul>\n<\/div>\n\n\n\n<div class=\"wp-block-column is-layout-flow wp-block-column-is-layout-flow\" style=\"flex-basis:50%\">\n<figure class=\"wp-block-image size-full\"><img fetchpriority=\"high\" decoding=\"async\" width=\"997\" height=\"997\" src=\"https:\/\/jinhuaceramic.com\/wp-content\/uploads\/2024\/04\/ceramic-manufacturer-custom-canisters-bulk-candle-jars-wholesale-2-4.webp\" alt=\"Frascos de vela bonitos por atacado, vasos de vela multicoloridos a granel-1\" class=\"wp-image-3296\" srcset=\"https:\/\/jinhuaceramic.com\/wp-content\/uploads\/2024\/04\/ceramic-manufacturer-custom-canisters-bulk-candle-jars-wholesale-2-4.webp 997w, https:\/\/jinhuaceramic.com\/wp-content\/uploads\/2024\/04\/ceramic-manufacturer-custom-canisters-bulk-candle-jars-wholesale-2-4-300x300.webp 300w, https:\/\/jinhuaceramic.com\/wp-content\/uploads\/2024\/04\/ceramic-manufacturer-custom-canisters-bulk-candle-jars-wholesale-2-4-150x150.webp 150w, https:\/\/jinhuaceramic.com\/wp-content\/uploads\/2024\/04\/ceramic-manufacturer-custom-canisters-bulk-candle-jars-wholesale-2-4-768x768.webp 768w, https:\/\/jinhuaceramic.com\/wp-content\/uploads\/2024\/04\/ceramic-manufacturer-custom-canisters-bulk-candle-jars-wholesale-2-4-285x285.webp 285w, https:\/\/jinhuaceramic.com\/wp-content\/uploads\/2024\/04\/ceramic-manufacturer-custom-canisters-bulk-candle-jars-wholesale-2-4-270x270.webp 270w, https:\/\/jinhuaceramic.com\/wp-content\/uploads\/2024\/04\/ceramic-manufacturer-custom-canisters-bulk-candle-jars-wholesale-2-4-540x540.webp 540w, https:\/\/jinhuaceramic.com\/wp-content\/uploads\/2024\/04\/ceramic-manufacturer-custom-canisters-bulk-candle-jars-wholesale-2-4-660x660.webp 660w\" sizes=\"(max-width: 997px) 100vw, 997px\" \/><\/figure>\n<\/div>\n<\/div>","protected":false},"excerpt":{"rendered":"<p>Bem-vindo \u00e0 compra de recipientes para velas a granel. Estes frascos coloridos de velas fofas por atacado n\u00e3o s\u00e3o apenas projetados de forma exclusiva, coloridos, mas tamb\u00e9m ecologicamente corretos e dur\u00e1veis. Adequado para decora\u00e7\u00e3o e fabrica\u00e7\u00e3o de velas artesanais em v\u00e1rias ocasi\u00f5es, ele suporta compras a granel e servi\u00e7os personalizados, e \u00e9 a escolha ideal para decora\u00e7\u00e3o de casa e uso comercial.<\/p>","protected":false},"featured_media":3297,"comment_status":"closed","ping_status":"closed","template":"","meta":{"_acf_changed":false},"product_brand":[],"product_cat":[52],"product_tag":[66],"class_list":{"0":"post-3294","1":"product","2":"type-product","3":"status-publish","4":"has-post-thumbnail","6":"product_cat-wholesale-candle-containers","7":"product_tag-candle-jars-wholesale","9":"first","10":"instock","11":"shipping-taxable","12":"product-type-simple"},"acf":[],"_links":{"self":[{"href":"https:\/\/jinhuaceramic.com\/pt\/wp-json\/wp\/v2\/product\/3294","targetHints":{"allow":["GET"]}}],"collection":[{"href":"https:\/\/jinhuaceramic.com\/pt\/wp-json\/wp\/v2\/product"}],"about":[{"href":"https:\/\/jinhuaceramic.com\/pt\/wp-json\/wp\/v2\/types\/product"}],"replies":[{"embeddable":true,"href":"https:\/\/jinhuaceramic.com\/pt\/wp-json\/wp\/v2\/comments?post=3294"}],"version-history":[{"count":0,"href":"https:\/\/jinhuaceramic.com\/pt\/wp-json\/wp\/v2\/product\/3294\/revisions"}],"wp:featuredmedia":[{"embeddable":true,"href":"https:\/\/jinhuaceramic.com\/pt\/wp-json\/wp\/v2\/media\/3297"}],"wp:attachment":[{"href":"https:\/\/jinhuaceramic.com\/pt\/wp-json\/wp\/v2\/media?parent=3294"}],"wp:term":[{"taxonomy":"product_brand","embeddable":true,"href":"https:\/\/jinhuaceramic.com\/pt\/wp-json\/wp\/v2\/product_brand?post=3294"},{"taxonomy":"product_cat","embeddable":true,"href":"https:\/\/jinhuaceramic.com\/pt\/wp-json\/wp\/v2\/product_cat?post=3294"},{"taxonomy":"product_tag","embeddable":true,"href":"https:\/\/jinhuaceramic.com\/pt\/wp-json\/wp\/v2\/product_tag?post=3294"}],"curies":[{"name":"wp","href":"https:\/\/api.w.org\/{rel}","templated":true}]}}