{"id":3302,"date":"2024-04-10T08:15:01","date_gmt":"2024-04-10T08:15:01","guid":{"rendered":"https:\/\/jinhuaceramic.com\/?post_type=product&#038;p=3302"},"modified":"2025-04-19T09:17:35","modified_gmt":"2025-04-19T09:17:35","slug":"custom-ceramic-bakeware","status":"publish","type":"product","link":"https:\/\/jinhuaceramic.com\/pt\/product\/custom-ceramic-bakeware\/","title":{"rendered":"Assadeiras de cer\u00e2mica personalizadas a granel, panelas dur\u00e1veis por atacado"},"content":{"rendered":"<div class=\"wp-block-columns is-layout-flex wp-container-core-columns-is-layout-9d6595d7 wp-block-columns-is-layout-flex\">\n<div class=\"wp-block-column is-layout-flow wp-block-column-is-layout-flow\" style=\"flex-basis:50%\">\n<h3 class=\"wp-block-heading\">Bakeware de cer\u00e2mica personalizada Premium Carater\u00edsticas a granel:<\/h3>\n\n\n\n<ul class=\"wp-block-list\">\n<li><strong>Cor azul escura cl\u00e1ssica, nobre e duradoura: <\/strong>Este recipiente para bolos em cer\u00e2mica personalizado utiliza um esmalte azul escuro cl\u00e1ssico. A textura discreta e luxuosa ser\u00e1 um acompanhamento adequado para v\u00e1rios estilos de decora\u00e7\u00e3o de cozinha. Real\u00e7a muito n\u00e3o s\u00f3 a beleza dos seus utens\u00edlios de pastelaria, mas tamb\u00e9m apresenta os seus trabalhos de pastelaria de uma forma atraente na mesa.<\/li>\n\n\n\n<li><strong>V\u00e1rios tamanhos para diferentes necessidades: <\/strong>Os nossos tabuleiros de cozedura por grosso s\u00e3o fornecidos numa variedade de tamanhos, adequados para cozer todo o tipo de alimentos, desde pequenas sobremesas para uma pessoa at\u00e9 grandes pratos para a fam\u00edlia. Pode sempre encontrar o tamanho certo para proporcionar mais comodidade para cozinhar.<\/li>\n\n\n\n<li><strong>Elevada durabilidade, utiliza\u00e7\u00e3o a longo prazo: <\/strong>Os nossos bakeware de cer\u00e2mica personalizados s\u00e3o feitos de cer\u00e2mica de alta qualidade com uma durabilidade e resist\u00eancia a riscos excepcionais. Mesmo utilizado muitas vezes, consegue manter o brilho e a fun\u00e7\u00e3o originais, garantindo assim que n\u00e3o existem problemas em caso de utiliza\u00e7\u00e3o a longo prazo.<\/li>\n\n\n\n<li><strong>Adequado para uma variedade de equipamentos de cozinha: <\/strong>Estas formas resistentes ao calor s\u00e3o f\u00e1ceis de limpar. Estes produtos s\u00e3o a sua melhor escolha para cozinhar todo o tipo de tartes, bolos, legumes assados, etc. para melhorar a efici\u00eancia do trabalho na cozinha.<\/li>\n<\/ul>\n<\/div>\n\n\n\n<div class=\"wp-block-column is-layout-flow wp-block-column-is-layout-flow\" style=\"flex-basis:50%\">\n<figure class=\"wp-block-image size-full\"><img fetchpriority=\"high\" decoding=\"async\" width=\"750\" height=\"750\" src=\"https:\/\/jinhuaceramic.com\/wp-content\/uploads\/2024\/04\/Custom-Ceramic-Bakeware-Bulk-Durable-Wholesale-Baking-Pans-5.webp\" alt=\"Assadeiras de cer\u00e2mica personalizadas a granel, dur\u00e1veis por atacado - 5\" class=\"wp-image-6052\" srcset=\"https:\/\/jinhuaceramic.com\/wp-content\/uploads\/2024\/04\/Custom-Ceramic-Bakeware-Bulk-Durable-Wholesale-Baking-Pans-5.webp 750w, https:\/\/jinhuaceramic.com\/wp-content\/uploads\/2024\/04\/Custom-Ceramic-Bakeware-Bulk-Durable-Wholesale-Baking-Pans-5-300x300.webp 300w, https:\/\/jinhuaceramic.com\/wp-content\/uploads\/2024\/04\/Custom-Ceramic-Bakeware-Bulk-Durable-Wholesale-Baking-Pans-5-150x150.webp 150w, https:\/\/jinhuaceramic.com\/wp-content\/uploads\/2024\/04\/Custom-Ceramic-Bakeware-Bulk-Durable-Wholesale-Baking-Pans-5-12x12.webp 12w, https:\/\/jinhuaceramic.com\/wp-content\/uploads\/2024\/04\/Custom-Ceramic-Bakeware-Bulk-Durable-Wholesale-Baking-Pans-5-285x285.webp 285w, https:\/\/jinhuaceramic.com\/wp-content\/uploads\/2024\/04\/Custom-Ceramic-Bakeware-Bulk-Durable-Wholesale-Baking-Pans-5-270x270.webp 270w, https:\/\/jinhuaceramic.com\/wp-content\/uploads\/2024\/04\/Custom-Ceramic-Bakeware-Bulk-Durable-Wholesale-Baking-Pans-5-540x540.webp 540w, https:\/\/jinhuaceramic.com\/wp-content\/uploads\/2024\/04\/Custom-Ceramic-Bakeware-Bulk-Durable-Wholesale-Baking-Pans-5-660x660.webp 660w\" sizes=\"(max-width: 750px) 100vw, 750px\" \/><\/figure>\n<\/div>\n<\/div>\n\n\n\n<p><\/p>","protected":false},"excerpt":{"rendered":"<p>Bem-vindo \u00e0 compra de formas para bolos por grosso. Esta forma de cer\u00e2mica azul escura personalizada tem um design cl\u00e1ssico elegante com diferentes tamanhos para diversos fins de cozedura. \u00c9 altamente dur\u00e1vel porque \u00e9 de cer\u00e2mica, pelo que pode ser utilizado em micro-ondas e fornos. N\u00e3o \u00e9 t\u00f3xico, \u00e9 resistente a altas temperaturas e \u00e9 f\u00e1cil de limpar, pelo que pode ser um bom ajudante durante a cozedura na cozinha.<\/p>","protected":false},"featured_media":6053,"comment_status":"closed","ping_status":"closed","template":"","meta":{"_acf_changed":false},"product_brand":[],"product_cat":[53],"product_tag":[71],"class_list":{"0":"post-3302","1":"product","2":"type-product","3":"status-publish","4":"has-post-thumbnail","6":"product_cat-bakeware-in-bulk","7":"product_tag-wholesale-baking-pans","9":"first","10":"instock","11":"shipping-taxable","12":"product-type-simple"},"acf":[],"_links":{"self":[{"href":"https:\/\/jinhuaceramic.com\/pt\/wp-json\/wp\/v2\/product\/3302","targetHints":{"allow":["GET"]}}],"collection":[{"href":"https:\/\/jinhuaceramic.com\/pt\/wp-json\/wp\/v2\/product"}],"about":[{"href":"https:\/\/jinhuaceramic.com\/pt\/wp-json\/wp\/v2\/types\/product"}],"replies":[{"embeddable":true,"href":"https:\/\/jinhuaceramic.com\/pt\/wp-json\/wp\/v2\/comments?post=3302"}],"version-history":[{"count":0,"href":"https:\/\/jinhuaceramic.com\/pt\/wp-json\/wp\/v2\/product\/3302\/revisions"}],"wp:featuredmedia":[{"embeddable":true,"href":"https:\/\/jinhuaceramic.com\/pt\/wp-json\/wp\/v2\/media\/6053"}],"wp:attachment":[{"href":"https:\/\/jinhuaceramic.com\/pt\/wp-json\/wp\/v2\/media?parent=3302"}],"wp:term":[{"taxonomy":"product_brand","embeddable":true,"href":"https:\/\/jinhuaceramic.com\/pt\/wp-json\/wp\/v2\/product_brand?post=3302"},{"taxonomy":"product_cat","embeddable":true,"href":"https:\/\/jinhuaceramic.com\/pt\/wp-json\/wp\/v2\/product_cat?post=3302"},{"taxonomy":"product_tag","embeddable":true,"href":"https:\/\/jinhuaceramic.com\/pt\/wp-json\/wp\/v2\/product_tag?post=3302"}],"curies":[{"name":"wp","href":"https:\/\/api.w.org\/{rel}","templated":true}]}}