{"id":3312,"date":"2024-04-10T08:34:40","date_gmt":"2024-04-10T08:34:40","guid":{"rendered":"https:\/\/jinhuaceramic.com\/?post_type=product&#038;p=3312"},"modified":"2025-04-19T09:18:17","modified_gmt":"2025-04-19T09:18:17","slug":"custom-baking-pans","status":"publish","type":"product","link":"https:\/\/jinhuaceramic.com\/pt\/product\/custom-baking-pans\/","title":{"rendered":"Formas para bolos personalizadas, Formas para tartes a granel, Formas redondas para bolos por atacado"},"content":{"rendered":"<div class=\"wp-block-columns is-layout-flex wp-container-core-columns-is-layout-9d6595d7 wp-block-columns-is-layout-flex\">\n<div class=\"wp-block-column is-layout-flow wp-block-column-is-layout-flow\" style=\"flex-basis:50%\">\n<h3 class=\"wp-block-heading\">Carater\u00edsticas das formas personalizadas Premium:<\/h3>\n\n\n\n<ul class=\"wp-block-list\">\n<li><strong>Bege elegante:<\/strong> Estas formas personalizadas utilizam um tom bege suave, que \u00e9 simples mas elegante. Combinam na perfei\u00e7\u00e3o com v\u00e1rios estilos de cozinha e s\u00e3o adequadas para utiliza\u00e7\u00e3o di\u00e1ria ou para ocasi\u00f5es especiais.<\/li>\n\n\n\n<li><strong>Design ondulado requintado: <\/strong>Este design de rebordo ondulado das formas para tartes aumenta n\u00e3o s\u00f3 a beleza, mas tamb\u00e9m pode acrescentar uma atmosfera art\u00edstica ao apresentar os alimentos depois de cozinhados, o que \u00e9 excelente para melhorar a experi\u00eancia gastron\u00f3mica.<\/li>\n\n\n\n<li><strong>Assadeira redonda multifuncional:<\/strong> A nossa forma personalizada foi concebida para todos os tipos de alimentos cozinhados, tartes, bolos, etc. Pode ser utilizada em reuni\u00f5es familiares ou celebra\u00e7\u00f5es festivas. \u00c9 pr\u00e1tica e bonita para satisfazer a utiliza\u00e7\u00e3o di\u00e1ria e a utiliza\u00e7\u00e3o especial do festival.<\/li>\n\n\n\n<li><strong>Resist\u00eancia \u00e0 temperatura, sem chumbo:<\/strong> A cer\u00e2mica de alta qualidade e sem chumbo \u00e9 utilizada no fabrico destas formas de tarte a granel para garantir a sa\u00fade e a seguran\u00e7a. S\u00e3o adequadas para fornos de micro-ondas e fornos. Resiste a temperaturas muito elevadas, com um aquecimento uniforme que lhe permite cozinhar facilmente tartes, bolos e outros alimentos deliciosos.<\/li>\n<\/ul>\n<\/div>\n\n\n\n<div class=\"wp-block-column is-layout-flow wp-block-column-is-layout-flow\" style=\"flex-basis:50%\">\n<figure class=\"wp-block-image size-full\"><img fetchpriority=\"high\" decoding=\"async\" width=\"1500\" height=\"1500\" src=\"https:\/\/jinhuaceramic.com\/wp-content\/uploads\/2024\/04\/wholesale-bakeware-custom-baking-pans-2.webp\" alt=\"Formas para bolos personalizadas, Formas para tartes a granel, Formas redondas para bolos por atacado-1\" class=\"wp-image-3318\" srcset=\"https:\/\/jinhuaceramic.com\/wp-content\/uploads\/2024\/04\/wholesale-bakeware-custom-baking-pans-2.webp 1500w, https:\/\/jinhuaceramic.com\/wp-content\/uploads\/2024\/04\/wholesale-bakeware-custom-baking-pans-2-300x300.webp 300w, https:\/\/jinhuaceramic.com\/wp-content\/uploads\/2024\/04\/wholesale-bakeware-custom-baking-pans-2-150x150.webp 150w, https:\/\/jinhuaceramic.com\/wp-content\/uploads\/2024\/04\/wholesale-bakeware-custom-baking-pans-2-768x768.webp 768w, https:\/\/jinhuaceramic.com\/wp-content\/uploads\/2024\/04\/wholesale-bakeware-custom-baking-pans-2-285x285.webp 285w, https:\/\/jinhuaceramic.com\/wp-content\/uploads\/2024\/04\/wholesale-bakeware-custom-baking-pans-2-270x270.webp 270w, https:\/\/jinhuaceramic.com\/wp-content\/uploads\/2024\/04\/wholesale-bakeware-custom-baking-pans-2-540x540.webp 540w, https:\/\/jinhuaceramic.com\/wp-content\/uploads\/2024\/04\/wholesale-bakeware-custom-baking-pans-2-660x660.webp 660w\" sizes=\"(max-width: 1500px) 100vw, 1500px\" \/><\/figure>\n<\/div>\n<\/div>","protected":false},"excerpt":{"rendered":"<p>Bem-vindo ao comprar forminhas de cer\u00e2mica para tartes a granel. Estas formas personalizadas de cor bege t\u00eam um design atraente com bordas onduladas e s\u00e3o elegantes e pr\u00e1ticas. Com um design redondo adequado para muitas outras necessidades de cozedura, \u00e9 fornecido com cer\u00e2mica sem chumbo de alta qualidade, boa para a seguran\u00e7a alimentar. Quer se cozinhe ocasionalmente ou se planeie um banquete festivo, este utens\u00edlio de pastelaria \u00e9 uma adi\u00e7\u00e3o infal\u00edvel a qualquer cozinha.<\/p>","protected":false},"featured_media":3316,"comment_status":"closed","ping_status":"closed","template":"","meta":{"_acf_changed":false},"product_brand":[],"product_cat":[53],"product_tag":[70],"class_list":{"0":"post-3312","1":"product","2":"type-product","3":"status-publish","4":"has-post-thumbnail","6":"product_cat-bakeware-in-bulk","7":"product_tag-custom-pie-pans","9":"first","10":"instock","11":"shipping-taxable","12":"product-type-simple"},"acf":[],"_links":{"self":[{"href":"https:\/\/jinhuaceramic.com\/pt\/wp-json\/wp\/v2\/product\/3312","targetHints":{"allow":["GET"]}}],"collection":[{"href":"https:\/\/jinhuaceramic.com\/pt\/wp-json\/wp\/v2\/product"}],"about":[{"href":"https:\/\/jinhuaceramic.com\/pt\/wp-json\/wp\/v2\/types\/product"}],"replies":[{"embeddable":true,"href":"https:\/\/jinhuaceramic.com\/pt\/wp-json\/wp\/v2\/comments?post=3312"}],"version-history":[{"count":0,"href":"https:\/\/jinhuaceramic.com\/pt\/wp-json\/wp\/v2\/product\/3312\/revisions"}],"wp:featuredmedia":[{"embeddable":true,"href":"https:\/\/jinhuaceramic.com\/pt\/wp-json\/wp\/v2\/media\/3316"}],"wp:attachment":[{"href":"https:\/\/jinhuaceramic.com\/pt\/wp-json\/wp\/v2\/media?parent=3312"}],"wp:term":[{"taxonomy":"product_brand","embeddable":true,"href":"https:\/\/jinhuaceramic.com\/pt\/wp-json\/wp\/v2\/product_brand?post=3312"},{"taxonomy":"product_cat","embeddable":true,"href":"https:\/\/jinhuaceramic.com\/pt\/wp-json\/wp\/v2\/product_cat?post=3312"},{"taxonomy":"product_tag","embeddable":true,"href":"https:\/\/jinhuaceramic.com\/pt\/wp-json\/wp\/v2\/product_tag?post=3312"}],"curies":[{"name":"wp","href":"https:\/\/api.w.org\/{rel}","templated":true}]}}