{"id":3321,"date":"2024-04-10T08:48:52","date_gmt":"2024-04-10T08:48:52","guid":{"rendered":"https:\/\/jinhuaceramic.com\/?post_type=product&#038;p=3321"},"modified":"2025-04-19T09:19:49","modified_gmt":"2025-04-19T09:19:49","slug":"ceramic-bakeware-set-wholesale","status":"publish","type":"product","link":"https:\/\/jinhuaceramic.com\/pt\/product\/ceramic-bakeware-set-wholesale\/","title":{"rendered":"Conjunto de utens\u00edlios para assar em cer\u00e2mica por atacado do fornecedor de assadeiras, sem chumbo e antiaderente"},"content":{"rendered":"<div class=\"wp-block-columns is-layout-flex wp-container-core-columns-is-layout-9d6595d7 wp-block-columns-is-layout-flex\">\n<div class=\"wp-block-column is-layout-flow wp-block-column-is-layout-flow\" style=\"flex-basis:50%\">\n<h3 class=\"wp-block-heading\">Conjunto de utens\u00edlios de pastelaria em cer\u00e2mica Premium Carater\u00edsticas por atacado:<\/h3>\n\n\n\n<ul class=\"wp-block-list\">\n<li><strong>Forte atra\u00e7\u00e3o visual:<\/strong> Este conjunto de utens\u00edlios de cozinha em cer\u00e2mica para venda por grosso utiliza um esmalte vermelho cl\u00e1ssico, de cor brilhante e de grande impacto visual, que confere vitalidade e moda \u00e0 cozinha. \u00c9 adequado para uso di\u00e1rio e para expor pratos em ocasi\u00f5es especiais.<\/li>\n\n\n\n<li><strong>Diferentes op\u00e7\u00f5es de tamanho:<\/strong> O nosso conjunto de utens\u00edlios de cozinha por grosso est\u00e1 dispon\u00edvel em v\u00e1rias op\u00e7\u00f5es de tamanho, que correspondem a diferentes escalas de necessidades de cozedura de alimentos. Quer se trate de pequenas sobremesas ou de grandes pratos principais, pode sempre encontrar o modelo certo de assadeira para aumentar a flexibilidade e a conveni\u00eancia enquanto cozinha.<\/li>\n\n\n\n<li><strong>Material sem chumbo: <\/strong>O nosso conjunto de utens\u00edlios de cozinha de cer\u00e2mica por atacado \u00e9 feito de um tipo de material cer\u00e2mico sem chumbo, que pode garantir que durante a cozedura a alta temperatura, nenhuma subst\u00e2ncia venenosa \u00e9 libertada dos alimentos para necessidades alimentares saud\u00e1veis, dando assim aos utilizadores seguran\u00e7a e prote\u00e7\u00e3o.<\/li>\n\n\n\n<li><strong>Superf\u00edcie antiaderente, f\u00e1cil de limpar:<\/strong> Para o nosso conjunto de utens\u00edlios de cozinha por atacado, o revestimento antiaderente evita que os alimentos se colem efetivamente ap\u00f3s a cozedura; assim, cozinhar \u00e9 f\u00e1cil e conveniente. Este design de superf\u00edcie antiaderente poupa tempo de limpeza e mant\u00e9m a qualidade da assadeira dur\u00e1vel durante muito tempo.<\/li>\n<\/ul>\n<\/div>\n\n\n\n<div class=\"wp-block-column is-layout-flow wp-block-column-is-layout-flow\" style=\"flex-basis:50%\">\n<figure class=\"wp-block-image size-full\"><img fetchpriority=\"high\" decoding=\"async\" width=\"750\" height=\"750\" src=\"https:\/\/jinhuaceramic.com\/wp-content\/uploads\/2024\/04\/custom-baking-pans-wholesale-ceramic-bakeware-set-5.webp\" alt=\"panelas personalizadas - venda por grosso - conjunto de panelas de cer\u00e2mica - 5\" class=\"wp-image-3326\" srcset=\"https:\/\/jinhuaceramic.com\/wp-content\/uploads\/2024\/04\/custom-baking-pans-wholesale-ceramic-bakeware-set-5.webp 750w, https:\/\/jinhuaceramic.com\/wp-content\/uploads\/2024\/04\/custom-baking-pans-wholesale-ceramic-bakeware-set-5-300x300.webp 300w, https:\/\/jinhuaceramic.com\/wp-content\/uploads\/2024\/04\/custom-baking-pans-wholesale-ceramic-bakeware-set-5-150x150.webp 150w, https:\/\/jinhuaceramic.com\/wp-content\/uploads\/2024\/04\/custom-baking-pans-wholesale-ceramic-bakeware-set-5-285x285.webp 285w, https:\/\/jinhuaceramic.com\/wp-content\/uploads\/2024\/04\/custom-baking-pans-wholesale-ceramic-bakeware-set-5-270x270.webp 270w, https:\/\/jinhuaceramic.com\/wp-content\/uploads\/2024\/04\/custom-baking-pans-wholesale-ceramic-bakeware-set-5-540x540.webp 540w, https:\/\/jinhuaceramic.com\/wp-content\/uploads\/2024\/04\/custom-baking-pans-wholesale-ceramic-bakeware-set-5-660x660.webp 660w\" sizes=\"(max-width: 750px) 100vw, 750px\" \/><\/figure>\n<\/div>\n<\/div>","protected":false},"excerpt":{"rendered":"<p>Bem-vindo \u00e0 compra de utens\u00edlios de cozinha por atacado do fornecedor de assadeiras. Este cl\u00e1ssico conjunto de bakeware de cer\u00e2mica vitrificada vermelha por atacado \u00e9 colorido para adicionar cor a qualquer estilo de cozinha e, enquanto isso, tamb\u00e9m tem v\u00e1rias op\u00e7\u00f5es de tamanho que podem atender \u00e0s necessidades diversificadas de diferentes cozinheiros. Seguro e saud\u00e1vel com material cer\u00e2mico sem chumbo, e h\u00e1 um design antiaderente para facilitar a limpeza.<\/p>","protected":false},"featured_media":3322,"comment_status":"closed","ping_status":"closed","template":"","meta":{"_acf_changed":false},"product_brand":[],"product_cat":[53],"product_tag":[71],"class_list":{"0":"post-3321","1":"product","2":"type-product","3":"status-publish","4":"has-post-thumbnail","6":"product_cat-bakeware-in-bulk","7":"product_tag-wholesale-baking-pans","9":"first","10":"instock","11":"shipping-taxable","12":"product-type-simple"},"acf":[],"_links":{"self":[{"href":"https:\/\/jinhuaceramic.com\/pt\/wp-json\/wp\/v2\/product\/3321","targetHints":{"allow":["GET"]}}],"collection":[{"href":"https:\/\/jinhuaceramic.com\/pt\/wp-json\/wp\/v2\/product"}],"about":[{"href":"https:\/\/jinhuaceramic.com\/pt\/wp-json\/wp\/v2\/types\/product"}],"replies":[{"embeddable":true,"href":"https:\/\/jinhuaceramic.com\/pt\/wp-json\/wp\/v2\/comments?post=3321"}],"version-history":[{"count":0,"href":"https:\/\/jinhuaceramic.com\/pt\/wp-json\/wp\/v2\/product\/3321\/revisions"}],"wp:featuredmedia":[{"embeddable":true,"href":"https:\/\/jinhuaceramic.com\/pt\/wp-json\/wp\/v2\/media\/3322"}],"wp:attachment":[{"href":"https:\/\/jinhuaceramic.com\/pt\/wp-json\/wp\/v2\/media?parent=3321"}],"wp:term":[{"taxonomy":"product_brand","embeddable":true,"href":"https:\/\/jinhuaceramic.com\/pt\/wp-json\/wp\/v2\/product_brand?post=3321"},{"taxonomy":"product_cat","embeddable":true,"href":"https:\/\/jinhuaceramic.com\/pt\/wp-json\/wp\/v2\/product_cat?post=3321"},{"taxonomy":"product_tag","embeddable":true,"href":"https:\/\/jinhuaceramic.com\/pt\/wp-json\/wp\/v2\/product_tag?post=3321"}],"curies":[{"name":"wp","href":"https:\/\/api.w.org\/{rel}","templated":true}]}}