{"id":3329,"date":"2024-04-10T09:05:17","date_gmt":"2024-04-10T09:05:17","guid":{"rendered":"https:\/\/jinhuaceramic.com\/?post_type=product&#038;p=3329"},"modified":"2025-04-19T09:20:47","modified_gmt":"2025-04-19T09:20:47","slug":"custom-baking-dish-with-lid","status":"publish","type":"product","link":"https:\/\/jinhuaceramic.com\/pt\/product\/custom-baking-dish-with-lid\/","title":{"rendered":"Assadeira personalizada com tampa, assadeiras de cer\u00e2mica a granel"},"content":{"rendered":"<div class=\"wp-block-columns is-layout-flex wp-container-core-columns-is-layout-9d6595d7 wp-block-columns-is-layout-flex\">\n<div class=\"wp-block-column is-layout-flow wp-block-column-is-layout-flow\" style=\"flex-basis:50%\">\n<h3 class=\"wp-block-heading\">Prato para assar personalizado Premium com tampa Carater\u00edsticas:<\/h3>\n\n\n\n<ul class=\"wp-block-list\">\n<li><strong>V\u00e1rias op\u00e7\u00f5es de cores: <\/strong>Esta assadeira personalizada com tampa est\u00e1 dispon\u00edvel em tr\u00eas cores: laranja, verde e branco, para satisfazer as necessidades de correspond\u00eancia de diferentes estilos de cozinha.<\/li>\n\n\n\n<li><strong>Manter quente e manter fresco: <\/strong>As nossas assadeiras de cer\u00e2mica por atacado s\u00e3o equipadas com tampas de cer\u00e2mica, que podem n\u00e3o s\u00f3 bloquear eficazmente o calor dos alimentos, mas tamb\u00e9m manter os alimentos frescos e perfumados e reduzir a perda de humidade. O design da tampa tamb\u00e9m \u00e9 conveniente para armazenamento ou transporte, adequado para banquetes, reuni\u00f5es familiares e outras ocasi\u00f5es.<\/li>\n\n\n\n<li><strong>Dur\u00e1vel e seguro: <\/strong>Esta assadeira personalizada com tampa \u00e9 feita de material cer\u00e2mico de alta qualidade, com excelente resist\u00eancia ao calor e ao desgaste, adequada para utiliza\u00e7\u00e3o a longo prazo. N\u00e3o t\u00f3xico e inofensivo, garantindo a seguran\u00e7a alimentar, e a superf\u00edcie \u00e9 lisa e f\u00e1cil de limpar, n\u00e3o \u00e9 f\u00e1cil deixar manchas de \u00f3leo e sujidade.<\/li>\n\n\n\n<li><strong>Servi\u00e7o de pastelaria personalizado: <\/strong>Nossas assadeiras de cer\u00e2mica no atacado oferecem suporte a servi\u00e7os personalizados em tamanho, forma e padr\u00e3o para atender \u00e0s necessidades personalizadas de diferentes clientes. Quer se trate de assar em casa, da ind\u00fastria de catering ou da personaliza\u00e7\u00e3o de presentes, esta assadeira pode se adaptar de forma flex\u00edvel para melhorar a experi\u00eancia de assar.<\/li>\n<\/ul>\n<\/div>\n\n\n\n<div class=\"wp-block-column is-layout-flow wp-block-column-is-layout-flow\" style=\"flex-basis:50%\">\n<figure class=\"wp-block-image size-full\"><img fetchpriority=\"high\" decoding=\"async\" width=\"800\" height=\"800\" src=\"https:\/\/jinhuaceramic.com\/wp-content\/uploads\/2024\/04\/custom-baking-dish-with-lid-wholesale-ceramic-bakeware-6.webp\" alt=\"assadeira personalizada com tampa - venda por grosso - cer\u00e2mica - 6\" class=\"wp-image-3334\" srcset=\"https:\/\/jinhuaceramic.com\/wp-content\/uploads\/2024\/04\/custom-baking-dish-with-lid-wholesale-ceramic-bakeware-6.webp 800w, https:\/\/jinhuaceramic.com\/wp-content\/uploads\/2024\/04\/custom-baking-dish-with-lid-wholesale-ceramic-bakeware-6-300x300.webp 300w, https:\/\/jinhuaceramic.com\/wp-content\/uploads\/2024\/04\/custom-baking-dish-with-lid-wholesale-ceramic-bakeware-6-150x150.webp 150w, https:\/\/jinhuaceramic.com\/wp-content\/uploads\/2024\/04\/custom-baking-dish-with-lid-wholesale-ceramic-bakeware-6-768x768.webp 768w, https:\/\/jinhuaceramic.com\/wp-content\/uploads\/2024\/04\/custom-baking-dish-with-lid-wholesale-ceramic-bakeware-6-285x285.webp 285w, https:\/\/jinhuaceramic.com\/wp-content\/uploads\/2024\/04\/custom-baking-dish-with-lid-wholesale-ceramic-bakeware-6-270x270.webp 270w, https:\/\/jinhuaceramic.com\/wp-content\/uploads\/2024\/04\/custom-baking-dish-with-lid-wholesale-ceramic-bakeware-6-540x540.webp 540w, https:\/\/jinhuaceramic.com\/wp-content\/uploads\/2024\/04\/custom-baking-dish-with-lid-wholesale-ceramic-bakeware-6-660x660.webp 660w\" sizes=\"(max-width: 800px) 100vw, 800px\" \/><\/figure>\n<\/div>\n<\/div>","protected":false},"excerpt":{"rendered":"<p>Bem-vindo ao comprar panelas por atacado. Esta assadeira personalizada com tampa est\u00e1 dispon\u00edvel em tr\u00eas cores: laranja, verde e branco, com um aspeto elegante e fun\u00e7\u00f5es pr\u00e1ticas. \u00c9 feito de materiais cer\u00e2micos de alta qualidade, \u00e9 resistente a altas temperaturas, seguro e saud\u00e1vel, e suporta personaliza\u00e7\u00e3o diversificada, tornando-se uma escolha ideal para a cozedura na cozinha.<\/p>","protected":false},"featured_media":3331,"comment_status":"closed","ping_status":"closed","template":"","meta":{"_acf_changed":false},"product_brand":[],"product_cat":[53],"product_tag":[71],"class_list":{"0":"post-3329","1":"product","2":"type-product","3":"status-publish","4":"has-post-thumbnail","6":"product_cat-bakeware-in-bulk","7":"product_tag-wholesale-baking-pans","9":"first","10":"instock","11":"shipping-taxable","12":"product-type-simple"},"acf":[],"_links":{"self":[{"href":"https:\/\/jinhuaceramic.com\/pt\/wp-json\/wp\/v2\/product\/3329","targetHints":{"allow":["GET"]}}],"collection":[{"href":"https:\/\/jinhuaceramic.com\/pt\/wp-json\/wp\/v2\/product"}],"about":[{"href":"https:\/\/jinhuaceramic.com\/pt\/wp-json\/wp\/v2\/types\/product"}],"replies":[{"embeddable":true,"href":"https:\/\/jinhuaceramic.com\/pt\/wp-json\/wp\/v2\/comments?post=3329"}],"version-history":[{"count":0,"href":"https:\/\/jinhuaceramic.com\/pt\/wp-json\/wp\/v2\/product\/3329\/revisions"}],"wp:featuredmedia":[{"embeddable":true,"href":"https:\/\/jinhuaceramic.com\/pt\/wp-json\/wp\/v2\/media\/3331"}],"wp:attachment":[{"href":"https:\/\/jinhuaceramic.com\/pt\/wp-json\/wp\/v2\/media?parent=3329"}],"wp:term":[{"taxonomy":"product_brand","embeddable":true,"href":"https:\/\/jinhuaceramic.com\/pt\/wp-json\/wp\/v2\/product_brand?post=3329"},{"taxonomy":"product_cat","embeddable":true,"href":"https:\/\/jinhuaceramic.com\/pt\/wp-json\/wp\/v2\/product_cat?post=3329"},{"taxonomy":"product_tag","embeddable":true,"href":"https:\/\/jinhuaceramic.com\/pt\/wp-json\/wp\/v2\/product_tag?post=3329"}],"curies":[{"name":"wp","href":"https:\/\/api.w.org\/{rel}","templated":true}]}}