{"id":3338,"date":"2024-04-10T09:16:33","date_gmt":"2024-04-10T09:16:33","guid":{"rendered":"https:\/\/jinhuaceramic.com\/?post_type=product&#038;p=3338"},"modified":"2025-04-19T09:21:34","modified_gmt":"2025-04-19T09:21:34","slug":"wholesale-round-baking-pan","status":"publish","type":"product","link":"https:\/\/jinhuaceramic.com\/pt\/product\/wholesale-round-baking-pan\/","title":{"rendered":"Panelas redondas por atacado, Pratos de ca\u00e7arola vermelhos personalizados com tampa"},"content":{"rendered":"<div class=\"wp-block-columns is-layout-flex wp-container-core-columns-is-layout-9d6595d7 wp-block-columns-is-layout-flex\">\n<div class=\"wp-block-column is-layout-flow wp-block-column-is-layout-flow\" style=\"flex-basis:50%\">\n<h3 class=\"wp-block-heading\">Panelas redondas Premium por atacado Carater\u00edsticas:<\/h3>\n\n\n\n<ul class=\"wp-block-list\">\n<li><strong>Padr\u00e3o cl\u00e1ssico:<\/strong> As nossas formas redondas por atacado t\u00eam padr\u00f5es cl\u00e1ssicos requintados, que combinam o artesanato tradicional com a est\u00e9tica moderna. A apar\u00eancia \u00e9 elegante e generosa, acrescentando um toque de arte retro \u00e0 sua cozinha, adequada para exposi\u00e7\u00e3o na mesa em v\u00e1rias ocasi\u00f5es.<\/li>\n\n\n\n<li><strong>Equipado com uma tampa: <\/strong>As nossas ca\u00e7arolas personalizadas a granel t\u00eam tampas inclu\u00eddas, e o corpo da panela combina com uma tampa para manter eficazmente o calor e o aroma dos alimentos durante mais tempo, preservando a temperatura, para manter o sabor original dos alimentos, reduzir a perda de humidade e garantir o sabor e a qualidade.<\/li>\n\n\n\n<li><strong>Resistente ao calor e dur\u00e1vel: <\/strong>Feitos de materiais cer\u00e2micos de qualidade superior, estes tabuleiros redondos para cozer por atacado t\u00eam uma grande resist\u00eancia a altas temperaturas, podendo ser utilizados para cozer a altas temperaturas em fornos ou fornos micro-ondas. E, entretanto, tem uma condu\u00e7\u00e3o de calor uniforme para garantir a cozedura uniforme dos alimentos.<\/li>\n\n\n\n<li><strong>Servi\u00e7o de assadeiras personalizadas: <\/strong>Os nossos pratos de ca\u00e7arola personalizados a granel apoiam servi\u00e7os personalizados em v\u00e1rios tamanhos e formas, que n\u00e3o s\u00f3 s\u00e3o adequados para a pastelaria dom\u00e9stica e para a ind\u00fastria de catering, como tamb\u00e9m podem fazer estilos especiais \u00e0 medida das necessidades dos clientes e adaptar-se de forma flex\u00edvel \u00e0 procura do mercado.<\/li>\n<\/ul>\n<\/div>\n\n\n\n<div class=\"wp-block-column is-layout-flow wp-block-column-is-layout-flow\" style=\"flex-basis:50%\">\n<figure class=\"wp-block-image size-full\"><img fetchpriority=\"high\" decoding=\"async\" width=\"749\" height=\"749\" src=\"https:\/\/jinhuaceramic.com\/wp-content\/uploads\/2024\/04\/ceramic-manufacturer-wholesale-bakeware-set-custom-casserole-dish-with-lid-4.webp\" alt=\"Panelas redondas por atacado, pratos de ca\u00e7arola personalizados a granel com tampa-1\" class=\"wp-image-3342\" srcset=\"https:\/\/jinhuaceramic.com\/wp-content\/uploads\/2024\/04\/ceramic-manufacturer-wholesale-bakeware-set-custom-casserole-dish-with-lid-4.webp 749w, https:\/\/jinhuaceramic.com\/wp-content\/uploads\/2024\/04\/ceramic-manufacturer-wholesale-bakeware-set-custom-casserole-dish-with-lid-4-300x300.webp 300w, https:\/\/jinhuaceramic.com\/wp-content\/uploads\/2024\/04\/ceramic-manufacturer-wholesale-bakeware-set-custom-casserole-dish-with-lid-4-150x150.webp 150w, https:\/\/jinhuaceramic.com\/wp-content\/uploads\/2024\/04\/ceramic-manufacturer-wholesale-bakeware-set-custom-casserole-dish-with-lid-4-285x285.webp 285w, https:\/\/jinhuaceramic.com\/wp-content\/uploads\/2024\/04\/ceramic-manufacturer-wholesale-bakeware-set-custom-casserole-dish-with-lid-4-270x270.webp 270w, https:\/\/jinhuaceramic.com\/wp-content\/uploads\/2024\/04\/ceramic-manufacturer-wholesale-bakeware-set-custom-casserole-dish-with-lid-4-540x540.webp 540w, https:\/\/jinhuaceramic.com\/wp-content\/uploads\/2024\/04\/ceramic-manufacturer-wholesale-bakeware-set-custom-casserole-dish-with-lid-4-660x660.webp 660w\" sizes=\"(max-width: 749px) 100vw, 749px\" \/><\/figure>\n<\/div>\n<\/div>\n\n\n\n<p><\/p>","protected":false},"excerpt":{"rendered":"<p>Bem-vindo \u00e0 compra de pratos de ca\u00e7arola personalizados a granel. Estas panelas redondas por atacado v\u00eam com tampas para manter a humidade e o sabor no interior, mesmo para sopas e guisados, entre muitos outros. A cer\u00e2mica de boa qualidade e resistente a altas temperaturas utilizada garante um aquecimento uniforme; assim, s\u00e3o escolhas ideais para cozinhar na cozinha, uma vez que existem numa grande variedade de tamanhos e s\u00e3o personaliz\u00e1veis.<\/p>","protected":false},"featured_media":3343,"comment_status":"closed","ping_status":"closed","template":"","meta":{"_acf_changed":false},"product_brand":[],"product_cat":[53],"product_tag":[71],"class_list":{"0":"post-3338","1":"product","2":"type-product","3":"status-publish","4":"has-post-thumbnail","6":"product_cat-bakeware-in-bulk","7":"product_tag-wholesale-baking-pans","9":"first","10":"instock","11":"shipping-taxable","12":"product-type-simple"},"acf":[],"_links":{"self":[{"href":"https:\/\/jinhuaceramic.com\/pt\/wp-json\/wp\/v2\/product\/3338","targetHints":{"allow":["GET"]}}],"collection":[{"href":"https:\/\/jinhuaceramic.com\/pt\/wp-json\/wp\/v2\/product"}],"about":[{"href":"https:\/\/jinhuaceramic.com\/pt\/wp-json\/wp\/v2\/types\/product"}],"replies":[{"embeddable":true,"href":"https:\/\/jinhuaceramic.com\/pt\/wp-json\/wp\/v2\/comments?post=3338"}],"version-history":[{"count":0,"href":"https:\/\/jinhuaceramic.com\/pt\/wp-json\/wp\/v2\/product\/3338\/revisions"}],"wp:featuredmedia":[{"embeddable":true,"href":"https:\/\/jinhuaceramic.com\/pt\/wp-json\/wp\/v2\/media\/3343"}],"wp:attachment":[{"href":"https:\/\/jinhuaceramic.com\/pt\/wp-json\/wp\/v2\/media?parent=3338"}],"wp:term":[{"taxonomy":"product_brand","embeddable":true,"href":"https:\/\/jinhuaceramic.com\/pt\/wp-json\/wp\/v2\/product_brand?post=3338"},{"taxonomy":"product_cat","embeddable":true,"href":"https:\/\/jinhuaceramic.com\/pt\/wp-json\/wp\/v2\/product_cat?post=3338"},{"taxonomy":"product_tag","embeddable":true,"href":"https:\/\/jinhuaceramic.com\/pt\/wp-json\/wp\/v2\/product_tag?post=3338"}],"curies":[{"name":"wp","href":"https:\/\/api.w.org\/{rel}","templated":true}]}}