{"id":3348,"date":"2024-04-10T09:35:56","date_gmt":"2024-04-10T09:35:56","guid":{"rendered":"https:\/\/jinhuaceramic.com\/?post_type=product&#038;p=3348"},"modified":"2025-04-19T09:22:17","modified_gmt":"2025-04-19T09:22:17","slug":"hot-selling-custom-bakeware-bulk","status":"publish","type":"product","link":"https:\/\/jinhuaceramic.com\/pt\/product\/hot-selling-custom-bakeware-bulk\/","title":{"rendered":"Bakeware personalizado de venda quente a granel, pequenas panelas n\u00e3o t\u00f3xicas por atacado"},"content":{"rendered":"<div class=\"wp-block-columns is-layout-flex wp-container-core-columns-is-layout-9d6595d7 wp-block-columns-is-layout-flex\">\n<div class=\"wp-block-column is-layout-flow wp-block-column-is-layout-flow\" style=\"flex-basis:50%\">\n<h3 class=\"wp-block-heading\">Bakeware personalizado Premium Carater\u00edsticas a granel:<\/h3>\n\n\n\n<ul class=\"wp-block-list\">\n<li><strong>Desenho de padr\u00e3o \u00fanico: <\/strong>Este produto de pastelaria personalizado a granel tem v\u00e1rios padr\u00f5es \u00fanicos, desde o estilo super simples ao mais complicado, que podem acrescentar uma decora\u00e7\u00e3o art\u00edstica e personalizada \u00e0s cozinhas. Pode acrescentar a beleza do efeito visual e chamar a aten\u00e7\u00e3o dos outros, quer seja posto ao servi\u00e7o para uso familiar ou para exposi\u00e7\u00e3o comercial em lojas.<\/li>\n\n\n\n<li><strong>Pequeno e pr\u00e1tico:<\/strong> Os nossos tabuleiros por atacado s\u00e3o de tamanho moderado, especialmente adequados para a produ\u00e7\u00e3o de pequenas sobremesas e alimentos pessoais cozinhados, o que \u00e9 r\u00e1pido e conveniente, satisfazendo as necessidades da cozinha di\u00e1ria, especialmente adequado para cozer pequenas iguarias como biscoitos, bolos e tartes.<\/li>\n\n\n\n<li><strong>Material n\u00e3o t\u00f3xico e seguro:<\/strong> O nosso material de pastelaria personalizado a granel \u00e9 produzido com material cer\u00e2mico n\u00e3o t\u00f3xico, isento de quaisquer subst\u00e2ncias nocivas, que mant\u00e9m os alimentos saud\u00e1veis e seguros em fornos de alta temperatura e faz com que os utilizadores cozinhem em seguran\u00e7a. \u00c9 altamente adequado para uso em cozinhas familiares e produ\u00e7\u00e3o de alimentos para crian\u00e7as.<\/li>\n\n\n\n<li><strong>Dur\u00e1vel e adapt\u00e1vel: <\/strong>Estes tabuleiros de cozedura por atacado podem suportar temperaturas extremas para diferentes tipos de m\u00e1quinas de cozedura, desde um forno a um micro-ondas. Fabricado com materiais s\u00f3lidos, duros e dur\u00e1veis, o fundo nunca se risca facilmente; assim, garante uma longa vida \u00fatil e proporciona uma ferramenta fi\u00e1vel na cozinha.<\/li>\n<\/ul>\n<\/div>\n\n\n\n<div class=\"wp-block-column is-layout-flow wp-block-column-is-layout-flow\" style=\"flex-basis:50%\">\n<figure class=\"wp-block-image size-full\"><img fetchpriority=\"high\" decoding=\"async\" width=\"1000\" height=\"1000\" src=\"https:\/\/jinhuaceramic.com\/wp-content\/uploads\/2024\/04\/custom-ceramic-baking-pans-wholesale-bakeware-set.webp\" alt=\"Venda a granel de assadeiras personalizadas, pequenas assadeiras n\u00e3o t\u00f3xicas Atacado-1\" class=\"wp-image-3354\" srcset=\"https:\/\/jinhuaceramic.com\/wp-content\/uploads\/2024\/04\/custom-ceramic-baking-pans-wholesale-bakeware-set.webp 1000w, https:\/\/jinhuaceramic.com\/wp-content\/uploads\/2024\/04\/custom-ceramic-baking-pans-wholesale-bakeware-set-300x300.webp 300w, https:\/\/jinhuaceramic.com\/wp-content\/uploads\/2024\/04\/custom-ceramic-baking-pans-wholesale-bakeware-set-150x150.webp 150w, https:\/\/jinhuaceramic.com\/wp-content\/uploads\/2024\/04\/custom-ceramic-baking-pans-wholesale-bakeware-set-768x768.webp 768w, https:\/\/jinhuaceramic.com\/wp-content\/uploads\/2024\/04\/custom-ceramic-baking-pans-wholesale-bakeware-set-285x285.webp 285w, https:\/\/jinhuaceramic.com\/wp-content\/uploads\/2024\/04\/custom-ceramic-baking-pans-wholesale-bakeware-set-270x270.webp 270w, https:\/\/jinhuaceramic.com\/wp-content\/uploads\/2024\/04\/custom-ceramic-baking-pans-wholesale-bakeware-set-540x540.webp 540w, https:\/\/jinhuaceramic.com\/wp-content\/uploads\/2024\/04\/custom-ceramic-baking-pans-wholesale-bakeware-set-660x660.webp 660w\" sizes=\"(max-width: 1000px) 100vw, 1000px\" \/><\/figure>\n<\/div>\n<\/div>","protected":false},"excerpt":{"rendered":"<p>Bem-vindo \u00e0 compra de formas para bolos por grosso. Esta pequena e pr\u00e1tica forma de cozer personalizada a granel \u00e9 feita de material cer\u00e2mico n\u00e3o t\u00f3xico para garantir a sa\u00fade e seguran\u00e7a dos alimentos, e tem muitas op\u00e7\u00f5es de padr\u00f5es \u00fanicos, bonitos e pr\u00e1ticos. Os produtos podem ser utilizados para cozer todo o tipo de pequenas por\u00e7\u00f5es de alimentos, o que \u00e9 adequado para utiliza\u00e7\u00e3o na cozinha dom\u00e9stica ou para uso comercial.<\/p>","protected":false},"featured_media":3354,"comment_status":"closed","ping_status":"closed","template":"","meta":{"_acf_changed":false},"product_brand":[],"product_cat":[53],"product_tag":[71],"class_list":{"0":"post-3348","1":"product","2":"type-product","3":"status-publish","4":"has-post-thumbnail","6":"product_cat-bakeware-in-bulk","7":"product_tag-wholesale-baking-pans","9":"first","10":"instock","11":"shipping-taxable","12":"product-type-simple"},"acf":[],"_links":{"self":[{"href":"https:\/\/jinhuaceramic.com\/pt\/wp-json\/wp\/v2\/product\/3348","targetHints":{"allow":["GET"]}}],"collection":[{"href":"https:\/\/jinhuaceramic.com\/pt\/wp-json\/wp\/v2\/product"}],"about":[{"href":"https:\/\/jinhuaceramic.com\/pt\/wp-json\/wp\/v2\/types\/product"}],"replies":[{"embeddable":true,"href":"https:\/\/jinhuaceramic.com\/pt\/wp-json\/wp\/v2\/comments?post=3348"}],"version-history":[{"count":0,"href":"https:\/\/jinhuaceramic.com\/pt\/wp-json\/wp\/v2\/product\/3348\/revisions"}],"wp:featuredmedia":[{"embeddable":true,"href":"https:\/\/jinhuaceramic.com\/pt\/wp-json\/wp\/v2\/media\/3354"}],"wp:attachment":[{"href":"https:\/\/jinhuaceramic.com\/pt\/wp-json\/wp\/v2\/media?parent=3348"}],"wp:term":[{"taxonomy":"product_brand","embeddable":true,"href":"https:\/\/jinhuaceramic.com\/pt\/wp-json\/wp\/v2\/product_brand?post=3348"},{"taxonomy":"product_cat","embeddable":true,"href":"https:\/\/jinhuaceramic.com\/pt\/wp-json\/wp\/v2\/product_cat?post=3348"},{"taxonomy":"product_tag","embeddable":true,"href":"https:\/\/jinhuaceramic.com\/pt\/wp-json\/wp\/v2\/product_tag?post=3348"}],"curies":[{"name":"wp","href":"https:\/\/api.w.org\/{rel}","templated":true}]}}