{"id":3357,"date":"2024-04-10T09:47:59","date_gmt":"2024-04-10T09:47:59","guid":{"rendered":"https:\/\/jinhuaceramic.com\/?post_type=product&#038;p=3357"},"modified":"2025-04-19T09:26:32","modified_gmt":"2025-04-19T09:26:32","slug":"wholesale-ceramic-diner-set","status":"publish","type":"product","link":"https:\/\/jinhuaceramic.com\/pt\/product\/wholesale-ceramic-diner-set\/","title":{"rendered":"Conjunto de jantar em cer\u00e2mica personalizada, tigelas em forma de cora\u00e7\u00e3o por atacado"},"content":{"rendered":"<div class=\"wp-block-columns is-layout-flex wp-container-core-columns-is-layout-9d6595d7 wp-block-columns-is-layout-flex\">\n<div class=\"wp-block-column is-layout-flow wp-block-column-is-layout-flow\" style=\"flex-basis:50%\">\n<h3 class=\"wp-block-heading\">Conjunto de jantar em cer\u00e2mica Premium Carater\u00edsticas:<\/h3>\n\n\n\n<ul class=\"wp-block-list\">\n<li><strong>Design rom\u00e2ntico: <\/strong>Este conjunto de jantar em cer\u00e2mica em forma de cora\u00e7\u00e3o acrescenta uma atmosfera rom\u00e2ntica \u00e0 mesa de jantar, atrai a aten\u00e7\u00e3o dos clientes e acrescenta cor emocional \u00e0 experi\u00eancia de jantar.<\/li>\n\n\n\n<li><strong>Materiais de alta qualidade: <\/strong>Fabricadas com materiais cer\u00e2micos de alta qualidade, estas ta\u00e7as em forma de cora\u00e7\u00e3o s\u00e3o seguras, n\u00e3o t\u00f3xicas e dur\u00e1veis, garantindo a qualidade e a vida \u00fatil destas ta\u00e7as.<\/li>\n\n\n\n<li><strong>Utiliza\u00e7\u00e3o multifuncional:<\/strong> Para al\u00e9m de serem utilizadas como utens\u00edlios de mesa, estas ta\u00e7as de cer\u00e2mica por atacado tamb\u00e9m podem ser utilizadas em ocasi\u00f5es ou eventos especiais, como jantares de casais, jantares de f\u00e9rias, etc., para dar destaque ao cen\u00e1rio.<\/li>\n\n\n\n<li><strong>Vantagens do com\u00e9rcio grossista: <\/strong>Como produto grossista, estas ta\u00e7as em forma de cora\u00e7\u00e3o gozam de vantagens em termos de pre\u00e7o, este conjunto de jantar de cer\u00e2mica grossista oferece aos restaurantes ou comerciantes op\u00e7\u00f5es de compra econ\u00f3micas, ajudando a reduzir os custos e a aumentar os lucros.<\/li>\n<\/ul>\n<\/div>\n\n\n\n<div class=\"wp-block-column is-layout-flow wp-block-column-is-layout-flow\" style=\"flex-basis:50%\">\n<figure class=\"wp-block-image size-full\"><img fetchpriority=\"high\" decoding=\"async\" width=\"1212\" height=\"1214\" src=\"https:\/\/jinhuaceramic.com\/wp-content\/uploads\/2024\/04\/heart-shaped-plate-ceramic-tableware-wholesale-diner-set-6.webp\" alt=\"Conjunto de jantar em cer\u00e2mica personalizada, tigelas em forma de cora\u00e7\u00e3o por atacado\" class=\"wp-image-3363\" srcset=\"https:\/\/jinhuaceramic.com\/wp-content\/uploads\/2024\/04\/heart-shaped-plate-ceramic-tableware-wholesale-diner-set-6.webp 1212w, https:\/\/jinhuaceramic.com\/wp-content\/uploads\/2024\/04\/heart-shaped-plate-ceramic-tableware-wholesale-diner-set-6-300x300.webp 300w, https:\/\/jinhuaceramic.com\/wp-content\/uploads\/2024\/04\/heart-shaped-plate-ceramic-tableware-wholesale-diner-set-6-150x150.webp 150w, https:\/\/jinhuaceramic.com\/wp-content\/uploads\/2024\/04\/heart-shaped-plate-ceramic-tableware-wholesale-diner-set-6-768x769.webp 768w, https:\/\/jinhuaceramic.com\/wp-content\/uploads\/2024\/04\/heart-shaped-plate-ceramic-tableware-wholesale-diner-set-6-285x285.webp 285w, https:\/\/jinhuaceramic.com\/wp-content\/uploads\/2024\/04\/heart-shaped-plate-ceramic-tableware-wholesale-diner-set-6-270x270.webp 270w, https:\/\/jinhuaceramic.com\/wp-content\/uploads\/2024\/04\/heart-shaped-plate-ceramic-tableware-wholesale-diner-set-6-540x540.webp 540w, https:\/\/jinhuaceramic.com\/wp-content\/uploads\/2024\/04\/heart-shaped-plate-ceramic-tableware-wholesale-diner-set-6-660x660.webp 660w\" sizes=\"(max-width: 1212px) 100vw, 1212px\" \/><\/figure>\n<\/div>\n<\/div>","protected":false},"excerpt":{"rendered":"<p>Bem-vindo \u00e0 compra por grosso de v\u00e1rios estilos de tigelas de cer\u00e2mica. Este conjunto de jantar de cer\u00e2mica personalizado oferece uma escolha \u00fanica de utens\u00edlios de mesa para restaurantes ou comerciantes com seu design rom\u00e2ntico, materiais de alta qualidade, usos multifuncionais e vantagens de atacado, trazendo uma experi\u00eancia gastron\u00f4mica \u00fanica para os clientes e trazendo mais benef\u00edcios para os comerciantes. Muitas oportunidades de venda.<\/p>","protected":false},"featured_media":3360,"comment_status":"closed","ping_status":"closed","template":"","meta":{"_acf_changed":false},"product_brand":[],"product_cat":[54,85],"product_tag":[78],"class_list":{"0":"post-3357","1":"product","2":"type-product","3":"status-publish","4":"has-post-thumbnail","6":"product_cat-tableware-wholesale","7":"product_cat-wholesale-ceramic-bowls","8":"product_tag-bulk-ceramic-bowls","10":"first","11":"instock","12":"shipping-taxable","13":"product-type-simple"},"acf":[],"_links":{"self":[{"href":"https:\/\/jinhuaceramic.com\/pt\/wp-json\/wp\/v2\/product\/3357","targetHints":{"allow":["GET"]}}],"collection":[{"href":"https:\/\/jinhuaceramic.com\/pt\/wp-json\/wp\/v2\/product"}],"about":[{"href":"https:\/\/jinhuaceramic.com\/pt\/wp-json\/wp\/v2\/types\/product"}],"replies":[{"embeddable":true,"href":"https:\/\/jinhuaceramic.com\/pt\/wp-json\/wp\/v2\/comments?post=3357"}],"version-history":[{"count":0,"href":"https:\/\/jinhuaceramic.com\/pt\/wp-json\/wp\/v2\/product\/3357\/revisions"}],"wp:featuredmedia":[{"embeddable":true,"href":"https:\/\/jinhuaceramic.com\/pt\/wp-json\/wp\/v2\/media\/3360"}],"wp:attachment":[{"href":"https:\/\/jinhuaceramic.com\/pt\/wp-json\/wp\/v2\/media?parent=3357"}],"wp:term":[{"taxonomy":"product_brand","embeddable":true,"href":"https:\/\/jinhuaceramic.com\/pt\/wp-json\/wp\/v2\/product_brand?post=3357"},{"taxonomy":"product_cat","embeddable":true,"href":"https:\/\/jinhuaceramic.com\/pt\/wp-json\/wp\/v2\/product_cat?post=3357"},{"taxonomy":"product_tag","embeddable":true,"href":"https:\/\/jinhuaceramic.com\/pt\/wp-json\/wp\/v2\/product_tag?post=3357"}],"curies":[{"name":"wp","href":"https:\/\/api.w.org\/{rel}","templated":true}]}}