{"id":3368,"date":"2024-04-10T10:07:00","date_gmt":"2024-04-10T10:07:00","guid":{"rendered":"https:\/\/jinhuaceramic.com\/?post_type=product&#038;p=3368"},"modified":"2025-04-19T09:27:23","modified_gmt":"2025-04-19T09:27:23","slug":"wholesale-ceramic-tableware","status":"publish","type":"product","link":"https:\/\/jinhuaceramic.com\/pt\/product\/wholesale-ceramic-tableware\/","title":{"rendered":"Prato com pega em forma de pent\u00e1gono para loi\u00e7a de cer\u00e2mica por atacado"},"content":{"rendered":"<div class=\"wp-block-columns is-layout-flex wp-container-core-columns-is-layout-9d6595d7 wp-block-columns-is-layout-flex\">\n<div class=\"wp-block-column is-layout-flow wp-block-column-is-layout-flow\" style=\"flex-basis:50%\">\n<h3 class=\"wp-block-heading\">Servi\u00e7o de mesa em cer\u00e2mica por grosso de qualidade superior Carater\u00edsticas:<\/h3>\n\n\n\n<ul class=\"wp-block-list\">\n<li><strong>Design inovador em forma de estrela: <\/strong>O fabricante de lou\u00e7a de cer\u00e2mica por atacado Jinhua fornece tigelas de cer\u00e2mica a granel com uma forma de estrela \u00fanica, que \u00e9 elegante e criativa, adequada para a experi\u00eancia de jantar em v\u00e1rias ocasi\u00f5es.<\/li>\n\n\n\n<li><strong>Grande capacidade e car\u00e1cter pr\u00e1tico: <\/strong>Estas tigelas de sopa com pegas t\u00eam uma capacidade suficiente, adequada para uma variedade de alimentos, como sopas, saladas, guisados, etc., para satisfazer as necessidades de reuni\u00f5es familiares ou servi\u00e7os de restaura\u00e7\u00e3o, e s\u00e3o ideais para uso di\u00e1rio.<\/li>\n\n\n\n<li><strong>Design c\u00f3modo da pega: <\/strong>Cada tigela de cer\u00e2mica a granel \u00e9 equipada com uma al\u00e7a pr\u00e1tica, que \u00e9 conveniente para pegar e derramar alimentos, seja sopa quente ou pratos frios, \u00e9 mais confort\u00e1vel e seguro de usar, e nossos utens\u00edlios de mesa de cer\u00e2mica por atacado podem melhorar a experi\u00eancia gastron\u00f4mica dos restaurantes.<\/li>\n\n\n\n<li><strong>Esmalte branco elegante: <\/strong>O elegante esmalte branco torna estas tigelas de sopa com pegas a granel n\u00e3o s\u00f3 f\u00e1ceis de limpar, mas tamb\u00e9m perfeitas para qualquer ambiente de mesa. O seu aspeto cl\u00e1ssico pode adaptar-se a v\u00e1rios estilos de restaurantes ou ambientes dom\u00e9sticos, melhorando a atmosfera geral das refei\u00e7\u00f5es.<\/li>\n<\/ul>\n<\/div>\n\n\n\n<div class=\"wp-block-column is-layout-flow wp-block-column-is-layout-flow\" style=\"flex-basis:50%\">\n<figure class=\"wp-block-image size-full\"><img fetchpriority=\"high\" decoding=\"async\" width=\"1202\" height=\"1206\" src=\"https:\/\/jinhuaceramic.com\/wp-content\/uploads\/2024\/04\/pentagon-shape-plate-ceramic-tableware-wholesale-dinnerware-7.webp\" alt=\"Lou\u00e7a de cer\u00e2mica por atacado, tigelas de sopa com pegas a granel-1\" class=\"wp-image-3374\" srcset=\"https:\/\/jinhuaceramic.com\/wp-content\/uploads\/2024\/04\/pentagon-shape-plate-ceramic-tableware-wholesale-dinnerware-7.webp 1202w, https:\/\/jinhuaceramic.com\/wp-content\/uploads\/2024\/04\/pentagon-shape-plate-ceramic-tableware-wholesale-dinnerware-7-300x300.webp 300w, https:\/\/jinhuaceramic.com\/wp-content\/uploads\/2024\/04\/pentagon-shape-plate-ceramic-tableware-wholesale-dinnerware-7-150x150.webp 150w, https:\/\/jinhuaceramic.com\/wp-content\/uploads\/2024\/04\/pentagon-shape-plate-ceramic-tableware-wholesale-dinnerware-7-768x771.webp 768w, https:\/\/jinhuaceramic.com\/wp-content\/uploads\/2024\/04\/pentagon-shape-plate-ceramic-tableware-wholesale-dinnerware-7-285x286.webp 285w, https:\/\/jinhuaceramic.com\/wp-content\/uploads\/2024\/04\/pentagon-shape-plate-ceramic-tableware-wholesale-dinnerware-7-270x270.webp 270w, https:\/\/jinhuaceramic.com\/wp-content\/uploads\/2024\/04\/pentagon-shape-plate-ceramic-tableware-wholesale-dinnerware-7-658x660.webp 658w\" sizes=\"(max-width: 1202px) 100vw, 1202px\" \/><\/figure>\n<\/div>\n<\/div>","protected":false},"excerpt":{"rendered":"<p>Bem-vindo \u00e0 compra de loi\u00e7a de cer\u00e2mica por grosso. As nossas tigelas de sopa com pegas a granel combinam um design inovador em forma de estrela e uma grande capacidade, adequada para sopas e saladas. As pegas convenientes tornam-na confort\u00e1vel de usar, enquanto o elegante esmalte branco combina facilmente com qualquer estilo de mesa.<\/p>","protected":false},"featured_media":3370,"comment_status":"closed","ping_status":"closed","template":"","meta":{"_acf_changed":false},"product_brand":[],"product_cat":[54,85],"product_tag":[78,77],"class_list":{"0":"post-3368","1":"product","2":"type-product","3":"status-publish","4":"has-post-thumbnail","6":"product_cat-tableware-wholesale","7":"product_cat-wholesale-ceramic-bowls","8":"product_tag-bulk-ceramic-bowls","9":"product_tag-bulk-serving-platters","11":"first","12":"instock","13":"shipping-taxable","14":"product-type-simple"},"acf":[],"_links":{"self":[{"href":"https:\/\/jinhuaceramic.com\/pt\/wp-json\/wp\/v2\/product\/3368","targetHints":{"allow":["GET"]}}],"collection":[{"href":"https:\/\/jinhuaceramic.com\/pt\/wp-json\/wp\/v2\/product"}],"about":[{"href":"https:\/\/jinhuaceramic.com\/pt\/wp-json\/wp\/v2\/types\/product"}],"replies":[{"embeddable":true,"href":"https:\/\/jinhuaceramic.com\/pt\/wp-json\/wp\/v2\/comments?post=3368"}],"version-history":[{"count":0,"href":"https:\/\/jinhuaceramic.com\/pt\/wp-json\/wp\/v2\/product\/3368\/revisions"}],"wp:featuredmedia":[{"embeddable":true,"href":"https:\/\/jinhuaceramic.com\/pt\/wp-json\/wp\/v2\/media\/3370"}],"wp:attachment":[{"href":"https:\/\/jinhuaceramic.com\/pt\/wp-json\/wp\/v2\/media?parent=3368"}],"wp:term":[{"taxonomy":"product_brand","embeddable":true,"href":"https:\/\/jinhuaceramic.com\/pt\/wp-json\/wp\/v2\/product_brand?post=3368"},{"taxonomy":"product_cat","embeddable":true,"href":"https:\/\/jinhuaceramic.com\/pt\/wp-json\/wp\/v2\/product_cat?post=3368"},{"taxonomy":"product_tag","embeddable":true,"href":"https:\/\/jinhuaceramic.com\/pt\/wp-json\/wp\/v2\/product_tag?post=3368"}],"curies":[{"name":"wp","href":"https:\/\/api.w.org\/{rel}","templated":true}]}}