{"id":3391,"date":"2024-04-11T00:46:51","date_gmt":"2024-04-11T00:46:51","guid":{"rendered":"https:\/\/jinhuaceramic.com\/?post_type=product&#038;p=3391"},"modified":"2025-04-19T09:29:08","modified_gmt":"2025-04-19T09:29:08","slug":"ceramic-dishes-wholesale","status":"publish","type":"product","link":"https:\/\/jinhuaceramic.com\/pt\/product\/ceramic-dishes-wholesale\/","title":{"rendered":"Tigela em forma de l\u00f3tus personalizada Pratos de cer\u00e2mica por atacado"},"content":{"rendered":"<div class=\"wp-block-columns is-layout-flex wp-container-core-columns-is-layout-9d6595d7 wp-block-columns-is-layout-flex\">\n<div class=\"wp-block-column is-layout-flow wp-block-column-is-layout-flow\" style=\"flex-basis:50%\">\n<h3 class=\"wp-block-heading\">Pratos de cer\u00e2mica Premium Carater\u00edsticas por atacado:<\/h3>\n\n\n\n<ul class=\"wp-block-list\">\n<li><strong>Design \u00fanico em forma de l\u00f3tus: <\/strong>Estes pratos de cer\u00e2mica por atacado s\u00e3o concebidos numa bela forma de l\u00f3tus, mostrando eleg\u00e2ncia e arte. Quer seja para refei\u00e7\u00f5es di\u00e1rias ou ocasi\u00f5es especiais, podem dar um toque \u00fanico \u00e0 sua mesa e melhorar a experi\u00eancia gastron\u00f3mica em geral.<\/li>\n\n\n\n<li><strong>Op\u00e7\u00f5es de tamanhos m\u00faltiplos: <\/strong>Oferecemos tigelas de cer\u00e2mica personalizadas numa variedade de tamanhos para satisfazer diferentes necessidades de catering. Quer se trate de um pequeno prato de acompanhamento, de um prato principal grande ou de uma sobremesa, estes pratos e ta\u00e7as para venda por grosso podem satisfazer de forma flex\u00edvel as necessidades de servir v\u00e1rios pratos.<\/li>\n\n\n\n<li><strong>Servi\u00e7o de loi\u00e7a personalizada: <\/strong>Fornecemos servi\u00e7os de personaliza\u00e7\u00e3o para pratos de cer\u00e2mica por atacado. Pode escolher a cor, padr\u00e3o e tamanho de acordo com o estilo da sua marca ou tema do restaurante. Os nossos pratos e ta\u00e7as por atacado s\u00e3o \u00fanicos e satisfazem as suas necessidades.<\/li>\n\n\n\n<li><strong>Material cer\u00e2mico de alta qualidade: <\/strong>Estas tigelas de cer\u00e2mica personalizadas s\u00e3o feitas de materiais cer\u00e2micos de alta qualidade, que s\u00e3o dur\u00e1veis e f\u00e1ceis de limpar. Quer se trate de pratos quentes ou frios, podem ser servidos na perfei\u00e7\u00e3o para garantir que se mant\u00eam em boas condi\u00e7\u00f5es durante a utiliza\u00e7\u00e3o di\u00e1ria.<\/li>\n<\/ul>\n<\/div>\n\n\n\n<div class=\"wp-block-column is-layout-flow wp-block-column-is-layout-flow\" style=\"flex-basis:50%\">\n<figure class=\"wp-block-image size-full\"><img fetchpriority=\"high\" decoding=\"async\" width=\"1500\" height=\"1500\" src=\"https:\/\/jinhuaceramic.com\/wp-content\/uploads\/2024\/04\/curved-arc-shaped-bowls-ceramic-tableware-wholesale-lotus-shaped-bowl-10.webp\" alt=\"Pratos de cer\u00e2mica em forma de l\u00f3tus por atacado, tigelas de cer\u00e2mica personalizadas-1\" class=\"wp-image-3396\" srcset=\"https:\/\/jinhuaceramic.com\/wp-content\/uploads\/2024\/04\/curved-arc-shaped-bowls-ceramic-tableware-wholesale-lotus-shaped-bowl-10.webp 1500w, https:\/\/jinhuaceramic.com\/wp-content\/uploads\/2024\/04\/curved-arc-shaped-bowls-ceramic-tableware-wholesale-lotus-shaped-bowl-10-300x300.webp 300w, https:\/\/jinhuaceramic.com\/wp-content\/uploads\/2024\/04\/curved-arc-shaped-bowls-ceramic-tableware-wholesale-lotus-shaped-bowl-10-150x150.webp 150w, https:\/\/jinhuaceramic.com\/wp-content\/uploads\/2024\/04\/curved-arc-shaped-bowls-ceramic-tableware-wholesale-lotus-shaped-bowl-10-768x768.webp 768w, https:\/\/jinhuaceramic.com\/wp-content\/uploads\/2024\/04\/curved-arc-shaped-bowls-ceramic-tableware-wholesale-lotus-shaped-bowl-10-285x285.webp 285w, https:\/\/jinhuaceramic.com\/wp-content\/uploads\/2024\/04\/curved-arc-shaped-bowls-ceramic-tableware-wholesale-lotus-shaped-bowl-10-270x270.webp 270w, https:\/\/jinhuaceramic.com\/wp-content\/uploads\/2024\/04\/curved-arc-shaped-bowls-ceramic-tableware-wholesale-lotus-shaped-bowl-10-540x540.webp 540w, https:\/\/jinhuaceramic.com\/wp-content\/uploads\/2024\/04\/curved-arc-shaped-bowls-ceramic-tableware-wholesale-lotus-shaped-bowl-10-660x660.webp 660w\" sizes=\"(max-width: 1500px) 100vw, 1500px\" \/><\/figure>\n<\/div>\n<\/div>","protected":false},"excerpt":{"rendered":"<p>Bem-vindo \u00e0 compra de pratos e tigelas por atacado. Esta lou\u00e7a de cer\u00e2mica em forma de l\u00f3tus por atacado combina perfeitamente um design \u00fanico com uma variedade de op\u00e7\u00f5es de tamanho, adequadas para v\u00e1rias ocasi\u00f5es de restaura\u00e7\u00e3o. Materiais cer\u00e2micos de alta qualidade garantem durabilidade e servi\u00e7os de lou\u00e7a personalizados atendem \u00e0s suas necessidades personalizadas.<\/p>","protected":false},"featured_media":3396,"comment_status":"closed","ping_status":"closed","template":"","meta":{"_acf_changed":false},"product_brand":[],"product_cat":[54,85],"product_tag":[78,77],"class_list":{"0":"post-3391","1":"product","2":"type-product","3":"status-publish","4":"has-post-thumbnail","6":"product_cat-tableware-wholesale","7":"product_cat-wholesale-ceramic-bowls","8":"product_tag-bulk-ceramic-bowls","9":"product_tag-bulk-serving-platters","11":"first","12":"instock","13":"shipping-taxable","14":"product-type-simple"},"acf":[],"_links":{"self":[{"href":"https:\/\/jinhuaceramic.com\/pt\/wp-json\/wp\/v2\/product\/3391","targetHints":{"allow":["GET"]}}],"collection":[{"href":"https:\/\/jinhuaceramic.com\/pt\/wp-json\/wp\/v2\/product"}],"about":[{"href":"https:\/\/jinhuaceramic.com\/pt\/wp-json\/wp\/v2\/types\/product"}],"replies":[{"embeddable":true,"href":"https:\/\/jinhuaceramic.com\/pt\/wp-json\/wp\/v2\/comments?post=3391"}],"version-history":[{"count":0,"href":"https:\/\/jinhuaceramic.com\/pt\/wp-json\/wp\/v2\/product\/3391\/revisions"}],"wp:featuredmedia":[{"embeddable":true,"href":"https:\/\/jinhuaceramic.com\/pt\/wp-json\/wp\/v2\/media\/3396"}],"wp:attachment":[{"href":"https:\/\/jinhuaceramic.com\/pt\/wp-json\/wp\/v2\/media?parent=3391"}],"wp:term":[{"taxonomy":"product_brand","embeddable":true,"href":"https:\/\/jinhuaceramic.com\/pt\/wp-json\/wp\/v2\/product_brand?post=3391"},{"taxonomy":"product_cat","embeddable":true,"href":"https:\/\/jinhuaceramic.com\/pt\/wp-json\/wp\/v2\/product_cat?post=3391"},{"taxonomy":"product_tag","embeddable":true,"href":"https:\/\/jinhuaceramic.com\/pt\/wp-json\/wp\/v2\/product_tag?post=3391"}],"curies":[{"name":"wp","href":"https:\/\/api.w.org\/{rel}","templated":true}]}}